{"id":1015,"date":"2019-09-20T07:24:51","date_gmt":"2019-09-20T11:24:51","guid":{"rendered":"https:\/\/www.slcs.ca\/?page_id=1015"},"modified":"2026-03-12T14:10:03","modified_gmt":"2026-03-12T18:10:03","slug":"equipe-de-direction","status":"publish","type":"page","link":"https:\/\/www.slcs.ca\/fr\/a-propos\/equipe-de-direction\/","title":{"rendered":"\u00c9quipe de Direction"},"content":{"rendered":"<div class=\"wpb-content-wrapper\"><p>[vc_row][vc_column][basic_container container_size=&#8221;container container-narrow&#8221;][vc_column_text css=&#8221;&#8221;]Si vous avez besoin de contacter un membre de notre \u00e9quipe de direction, appelez notre bureau au 519-850-3777 ou envoyez un courrier \u00e9lectronique \u00e0 <a href=\"mailto:stleonards@slcs.ca\">stleonards@slcs.ca<\/a>. Nous transmettrons votre message \u00e0 la bonne personne. Notre page <a href=\"https:\/\/www.slcs.ca\/fr\/contactez-nous\/\">Contactez-nous<\/a> contient des informations sur tous nos sites et emplacements \u00e0 London.<\/p>\n<p><strong>Gestionnaires des Programmes R\u00e9sidentiels<\/strong><\/p>\n<ul>\n<li>Yasmine Brahimi, Gestionnaire programme, Centre Maison Louise Arbour &amp; r\u00e9int\u00e9gration<\/li>\n<li>Madison Froese, Gestionnaire programme, logement m\u00e9dico-l\u00e9gal et programmes de logement-services<\/li>\n<li>Kristina Morgan, Gestionnaire programme, Centre Cody<\/li>\n<li>Brandon Wilson, Gestionnaire programme, Centre Gallagher<\/li>\n<\/ul>\n<p><strong>Gestionnaires des Programmes Communautaires<\/strong><\/p>\n<ul>\n<li>Marcie Blair, Gestionnaire, Programmes vie Autonome Supervis\u00e9e<\/li>\n<li>Sonja Sonnenberg, Gestionnaire, Project Domicile (Stabilit\u00e9 du Logement)<\/li>\n<li>Erika Sweitzer, Gestionnaire, Programmes de Justice R\u00e9paratrice<\/li>\n<li>Ryan ter Averst, Gestionnaire, Project Domicile (Lien du Longement)<\/li>\n<li>Taylor Yake, Gestionnaire, Programmes vie Autonome Supervis\u00e9e<\/li>\n<\/ul>\n<p><strong>Directrice Principale des Op\u00e9rations<br \/>\n<\/strong><\/p>\n<ul>\n<li>Kerri Cushing-Mitchener<\/li>\n<\/ul>\n<p><strong>Gestionnaires de Services Corporatifs<\/strong><\/p>\n<ul>\n<li>Justine Prawdzik, Directrice des Services d\u2019Entreprises<\/li>\n<li>Jen Ross, Responsable de planification du personnel, <span class=\"HwtZe\" lang=\"fr\"><span class=\"jCAhz ChMk0b\"><span class=\"ryNqvb\">Gestionnaire int\u00e9rimaire des ressources humaines<\/span><\/span><\/span><\/li>\n<\/ul>\n<p><strong>Soutien Administratif<\/strong><\/p>\n<ul>\n<li>Stacy Van Acker, Administrateurice ex\u00e9cutive<\/li>\n<\/ul>\n<p><strong>Directeur Ex\u00e9cutif<\/strong><\/p>\n<ul>\n<li>Michael Oates<\/li>\n<\/ul>\n<p>[\/vc_column_text][\/basic_container][\/vc_column][\/vc_row]<\/p>\n<\/div>","protected":false},"excerpt":{"rendered":"<p>[vc_row][vc_column][basic_container container_size=&#8221;container container-narrow&#8221;][vc_column_text css=&#8221;&#8221;]Si vous avez besoin de contacter un membre de notre \u00e9quipe de direction, appelez notre bureau au 519-850-3777 ou envoyez un courrier \u00e9lectronique \u00e0 <a href=\"mailto:stleonards@slcs.ca\">stleonards@slcs.ca<\/a>. Nous transmettrons votre message \u00e0 la bonne personne. Notre page <a &hellip; [...]<\/p>\n","protected":false},"author":3,"featured_media":0,"parent":831,"menu_order":0,"comment_status":"closed","ping_status":"closed","template":"","meta":{"_acf_changed":false,"footnotes":""},"class_list":["post-1015","page","type-page","status-publish","hentry"],"acf":[],"yoast_head":"<!-- This site is optimized with the Yoast SEO plugin v24.9 - https:\/\/yoast.com\/wordpress\/plugins\/seo\/ -->\n<title>\u00c9quipe de Direction | St. Leonard&#039;s Community Services London and Region<\/title>\n<meta name=\"robots\" content=\"index, follow, max-snippet:-1, max-image-preview:large, max-video-preview:-1\" \/>\n<link rel=\"canonical\" href=\"https:\/\/www.slcs.ca\/fr\/a-propos\/equipe-de-direction\/\" \/>\n<meta property=\"og:locale\" content=\"fr_FR\" \/>\n<meta property=\"og:type\" content=\"article\" \/>\n<meta property=\"og:title\" content=\"\u00c9quipe de Direction | St. Leonard&#039;s Community Services London and Region\" \/>\n<meta property=\"og:description\" content=\"[vc_row][vc_column][basic_container container_size=&#8221;container container-narrow&#8221;][vc_column_text css=&#8221;&#8221;]Si vous avez besoin de contacter un membre de notre \u00e9quipe de direction, appelez notre bureau au 519-850-3777 ou envoyez un courrier \u00e9lectronique \u00e0 stleonards@slcs.ca. Nous transmettrons votre message \u00e0 la bonne personne. Notre page\" \/>\n<meta property=\"og:url\" content=\"https:\/\/www.slcs.ca\/fr\/a-propos\/equipe-de-direction\/\" \/>\n<meta property=\"og:site_name\" content=\"St. Leonard&#039;s Community Services London and Region\" \/>\n<meta property=\"article:publisher\" content=\"https:\/\/www.facebook.com\/SLCSLondon\" \/>\n<meta property=\"article:modified_time\" content=\"2026-03-12T18:10:03+00:00\" \/>\n<meta property=\"og:image\" content=\"https:\/\/www.slcs.ca\/app\/uploads\/2019\/07\/SLCS-Logo-from-TIF.png\" \/>\n\t<meta property=\"og:image:width\" content=\"1262\" \/>\n\t<meta property=\"og:image:height\" content=\"379\" \/>\n\t<meta property=\"og:image:type\" content=\"image\/png\" \/>\n<meta name=\"twitter:card\" content=\"summary_large_image\" \/>\n<meta name=\"twitter:image\" content=\"https:\/\/www.slcs.ca\/app\/uploads\/2019\/07\/SLCS-Logo-from-TIF.png\" \/>\n<meta name=\"twitter:site\" content=\"@SLCS_London\" \/>\n<meta name=\"twitter:label1\" content=\"Est. reading time\" \/>\n\t<meta name=\"twitter:data1\" content=\"1 minute\" \/>\n<script type=\"application\/ld+json\" class=\"yoast-schema-graph\">{\"@context\":\"https:\/\/schema.org\",\"@graph\":[{\"@type\":\"WebPage\",\"@id\":\"https:\/\/www.slcs.ca\/fr\/a-propos\/equipe-de-direction\/\",\"url\":\"https:\/\/www.slcs.ca\/fr\/a-propos\/equipe-de-direction\/\",\"name\":\"\u00c9quipe de Direction | St. Leonard&#039;s Community Services London and Region\",\"isPartOf\":{\"@id\":\"https:\/\/www.slcs.ca\/#website\"},\"datePublished\":\"2019-09-20T11:24:51+00:00\",\"dateModified\":\"2026-03-12T18:10:03+00:00\",\"breadcrumb\":{\"@id\":\"https:\/\/www.slcs.ca\/fr\/a-propos\/equipe-de-direction\/#breadcrumb\"},\"inLanguage\":\"fr-FR\",\"potentialAction\":[{\"@type\":\"ReadAction\",\"target\":[\"https:\/\/www.slcs.ca\/fr\/a-propos\/equipe-de-direction\/\"]}]},{\"@type\":\"BreadcrumbList\",\"@id\":\"https:\/\/www.slcs.ca\/fr\/a-propos\/equipe-de-direction\/#breadcrumb\",\"itemListElement\":[{\"@type\":\"ListItem\",\"position\":1,\"name\":\"Accueil\",\"item\":\"https:\/\/www.slcs.ca\/fr\/\"},{\"@type\":\"ListItem\",\"position\":2,\"name\":\"\u00c0 propos\",\"item\":\"https:\/\/www.slcs.ca\/fr\/a-propos\/\"},{\"@type\":\"ListItem\",\"position\":3,\"name\":\"\u00c9quipe de Direction\"}]},{\"@type\":\"WebSite\",\"@id\":\"https:\/\/www.slcs.ca\/#website\",\"url\":\"https:\/\/www.slcs.ca\/\",\"name\":\"St. Leonard's Community Services - London and Region\",\"description\":\"\",\"publisher\":{\"@id\":\"https:\/\/www.slcs.ca\/#organization\"},\"potentialAction\":[{\"@type\":\"SearchAction\",\"target\":{\"@type\":\"EntryPoint\",\"urlTemplate\":\"https:\/\/www.slcs.ca\/?s={search_term_string}\"},\"query-input\":{\"@type\":\"PropertyValueSpecification\",\"valueRequired\":true,\"valueName\":\"search_term_string\"}}],\"inLanguage\":\"fr-FR\"},{\"@type\":\"Organization\",\"@id\":\"https:\/\/www.slcs.ca\/#organization\",\"name\":\"St. Leonard's Community Services\",\"url\":\"https:\/\/www.slcs.ca\/\",\"logo\":{\"@type\":\"ImageObject\",\"inLanguage\":\"fr-FR\",\"@id\":\"https:\/\/www.slcs.ca\/#\/schema\/logo\/image\/\",\"url\":\"https:\/\/www.slcs.ca\/wp\/wp-admin\/admin-ajax.php?action=resource_download&attachment=979\",\"contentUrl\":\"https:\/\/www.slcs.ca\/wp\/wp-admin\/admin-ajax.php?action=resource_download&attachment=979\",\"width\":1262,\"height\":379,\"caption\":\"St. Leonard's Community Services\"},\"image\":{\"@id\":\"https:\/\/www.slcs.ca\/#\/schema\/logo\/image\/\"},\"sameAs\":[\"https:\/\/www.facebook.com\/SLCSLondon\",\"https:\/\/x.com\/SLCS_London\",\"https:\/\/www.instagram.com\/slcs_london\/\",\"https:\/\/www.linkedin.com\/company\/stleonards\/\",\"https:\/\/www.youtube.com\/channel\/UCt7U9N39GYGV21XP2d9lXUg\"]}]}<\/script>\n<!-- \/ Yoast SEO plugin. -->","yoast_head_json":{"title":"\u00c9quipe de Direction | St. Leonard&#039;s Community Services London and Region","robots":{"index":"index","follow":"follow","max-snippet":"max-snippet:-1","max-image-preview":"max-image-preview:large","max-video-preview":"max-video-preview:-1"},"canonical":"https:\/\/www.slcs.ca\/fr\/a-propos\/equipe-de-direction\/","og_locale":"fr_FR","og_type":"article","og_title":"\u00c9quipe de Direction | St. Leonard&#039;s Community Services London and Region","og_description":"[vc_row][vc_column][basic_container container_size=&#8221;container container-narrow&#8221;][vc_column_text css=&#8221;&#8221;]Si vous avez besoin de contacter un membre de notre \u00e9quipe de direction, appelez notre bureau au 519-850-3777 ou envoyez un courrier \u00e9lectronique \u00e0 stleonards@slcs.ca. Nous transmettrons votre message \u00e0 la bonne personne. Notre page","og_url":"https:\/\/www.slcs.ca\/fr\/a-propos\/equipe-de-direction\/","og_site_name":"St. Leonard&#039;s Community Services London and Region","article_publisher":"https:\/\/www.facebook.com\/SLCSLondon","article_modified_time":"2026-03-12T18:10:03+00:00","og_image":[{"width":1262,"height":379,"url":"https:\/\/www.slcs.ca\/app\/uploads\/2019\/07\/SLCS-Logo-from-TIF.png","type":"image\/png"}],"twitter_card":"summary_large_image","twitter_image":"https:\/\/www.slcs.ca\/app\/uploads\/2019\/07\/SLCS-Logo-from-TIF.png","twitter_site":"@SLCS_London","twitter_misc":{"Est. reading time":"1 minute"},"schema":{"@context":"https:\/\/schema.org","@graph":[{"@type":"WebPage","@id":"https:\/\/www.slcs.ca\/fr\/a-propos\/equipe-de-direction\/","url":"https:\/\/www.slcs.ca\/fr\/a-propos\/equipe-de-direction\/","name":"\u00c9quipe de Direction | St. Leonard&#039;s Community Services London and Region","isPartOf":{"@id":"https:\/\/www.slcs.ca\/#website"},"datePublished":"2019-09-20T11:24:51+00:00","dateModified":"2026-03-12T18:10:03+00:00","breadcrumb":{"@id":"https:\/\/www.slcs.ca\/fr\/a-propos\/equipe-de-direction\/#breadcrumb"},"inLanguage":"fr-FR","potentialAction":[{"@type":"ReadAction","target":["https:\/\/www.slcs.ca\/fr\/a-propos\/equipe-de-direction\/"]}]},{"@type":"BreadcrumbList","@id":"https:\/\/www.slcs.ca\/fr\/a-propos\/equipe-de-direction\/#breadcrumb","itemListElement":[{"@type":"ListItem","position":1,"name":"Accueil","item":"https:\/\/www.slcs.ca\/fr\/"},{"@type":"ListItem","position":2,"name":"\u00c0 propos","item":"https:\/\/www.slcs.ca\/fr\/a-propos\/"},{"@type":"ListItem","position":3,"name":"\u00c9quipe de Direction"}]},{"@type":"WebSite","@id":"https:\/\/www.slcs.ca\/#website","url":"https:\/\/www.slcs.ca\/","name":"St. Leonard's Community Services - London and Region","description":"","publisher":{"@id":"https:\/\/www.slcs.ca\/#organization"},"potentialAction":[{"@type":"SearchAction","target":{"@type":"EntryPoint","urlTemplate":"https:\/\/www.slcs.ca\/?s={search_term_string}"},"query-input":{"@type":"PropertyValueSpecification","valueRequired":true,"valueName":"search_term_string"}}],"inLanguage":"fr-FR"},{"@type":"Organization","@id":"https:\/\/www.slcs.ca\/#organization","name":"St. Leonard's Community Services","url":"https:\/\/www.slcs.ca\/","logo":{"@type":"ImageObject","inLanguage":"fr-FR","@id":"https:\/\/www.slcs.ca\/#\/schema\/logo\/image\/","url":"https:\/\/www.slcs.ca\/wp\/wp-admin\/admin-ajax.php?action=resource_download&attachment=979","contentUrl":"https:\/\/www.slcs.ca\/wp\/wp-admin\/admin-ajax.php?action=resource_download&attachment=979","width":1262,"height":379,"caption":"St. Leonard's Community Services"},"image":{"@id":"https:\/\/www.slcs.ca\/#\/schema\/logo\/image\/"},"sameAs":["https:\/\/www.facebook.com\/SLCSLondon","https:\/\/x.com\/SLCS_London","https:\/\/www.instagram.com\/slcs_london\/","https:\/\/www.linkedin.com\/company\/stleonards\/","https:\/\/www.youtube.com\/channel\/UCt7U9N39GYGV21XP2d9lXUg"]}]}},"_links":{"self":[{"href":"https:\/\/www.slcs.ca\/fr\/wp-json\/wp\/v2\/pages\/1015","targetHints":{"allow":["GET"]}}],"collection":[{"href":"https:\/\/www.slcs.ca\/fr\/wp-json\/wp\/v2\/pages"}],"about":[{"href":"https:\/\/www.slcs.ca\/fr\/wp-json\/wp\/v2\/types\/page"}],"author":[{"embeddable":true,"href":"https:\/\/www.slcs.ca\/fr\/wp-json\/wp\/v2\/users\/3"}],"replies":[{"embeddable":true,"href":"https:\/\/www.slcs.ca\/fr\/wp-json\/wp\/v2\/comments?post=1015"}],"version-history":[{"count":24,"href":"https:\/\/www.slcs.ca\/fr\/wp-json\/wp\/v2\/pages\/1015\/revisions"}],"predecessor-version":[{"id":4588,"href":"https:\/\/www.slcs.ca\/fr\/wp-json\/wp\/v2\/pages\/1015\/revisions\/4588"}],"up":[{"embeddable":true,"href":"https:\/\/www.slcs.ca\/fr\/wp-json\/wp\/v2\/pages\/831"}],"wp:attachment":[{"href":"https:\/\/www.slcs.ca\/fr\/wp-json\/wp\/v2\/media?parent=1015"}],"curies":[{"name":"wp","href":"https:\/\/api.w.org\/{rel}","templated":true}]}}