{"id":3551,"date":"2022-07-21T12:25:04","date_gmt":"2022-07-21T16:25:04","guid":{"rendered":"https:\/\/www.slcs.ca\/?page_id=3551"},"modified":"2024-11-05T11:30:06","modified_gmt":"2024-11-05T16:30:06","slug":"project-home","status":"publish","type":"page","link":"https:\/\/www.slcs.ca\/fr\/project-home\/","title":{"rendered":"Project Home"},"content":{"rendered":"<div class=\"wpb-content-wrapper\"><p>[vc_row][vc_column][basic_container container_size=&#8221;container container-narrow&#8221;][vc_column_text css=&#8221;&#8221;]<img loading=\"lazy\" decoding=\"async\" class=\"size-full wp-image-592 alignright\" src=\"https:\/\/www.slcs.ca\/app\/uploads\/2019\/07\/city-of-london.jpg\" alt=\"\" width=\"134\" height=\"180\" srcset=\"https:\/\/www.slcs.ca\/app\/uploads\/2019\/07\/city-of-london.jpg 134w, https:\/\/www.slcs.ca\/app\/uploads\/2019\/07\/city-of-london-125x168.jpg 125w\" sizes=\"auto, (max-width: 134px) 100vw, 134px\" \/><\/p>\n<p>Project Home est un programme de logement d\u2019abord qui aide les adultes et les jeunes qui sont sans abri, souvent depuis longtemps. Notre \u00e9quipe de travailleurs de soutien les aide \u00e0 trouver un logement \u00e0 London et les soutient pour qu\u2019ils se sentent int\u00e9gr\u00e9s dans leur communaut\u00e9 gr\u00e2ce \u00e0 une gestion de cas intensive.<\/p>\n<p>Nous suivons les principes du Syst\u00e8me de pr\u00e9vention de l\u2019itin\u00e9rance de London et la philosophie du logement d\u2019abord, ce qui signifie que nous croyons que tout le monde m\u00e9rite d\u2019abord un logement, puis nous fournissons le soutien n\u00e9cessaire pour qu\u2019ils puissent y rester. Nous travaillons en \u00e9troite collaboration avec d\u2019autres partenaires communautaires pour aider \u00e0 r\u00e9soudre le probl\u00e8me de l\u2019itin\u00e9rance dans notre ville.<\/p>\n<p>[\/vc_column_text][vc_toggle title=&#8221;Je suis int\u00e9ress\u00e9 par ce programme, comment puis-je m\u2019inscrire?&#8221; css=&#8221;&#8221;]Si vous souhaitez parler directement avec l\u2019\u00e9quipe de pr\u00e9vention de l\u2019itin\u00e9rance de la Ville de London au sujet de la sensibilisation, des refuges et des soutiens en mati\u00e8re de logement, vous pouvez les joindre au 519-661-4663, \u00e0 <a href=\"mailto:homelessprevention@london.ca\">homelessprevention@london.ca<\/a>, ou en personne au 355 Wellington St, Suite 248.[\/vc_toggle][vc_toggle title=&#8221;Comment savoir si je suis un bon candidat pour le programme ?&#8221; css=&#8221;&#8221;]Le projet Home travaille avec des personnes de 16 ans et plus, qui ont connu l\u2019itin\u00e9rance chronique et \u00e9pisodique dans la ville de London. Nous travaillons avec des personnes identifi\u00e9es par le syst\u00e8me de pr\u00e9vention de l\u2019itin\u00e9rance de London comme ayant le plus grand besoin de soutien.[\/vc_toggle][vc_toggle title=&#8221;Je suis propri\u00e9taire. Comment puis-je aider?&#8221; css=&#8221;&#8221;]Le projet Home a un membre d\u2019\u00e9quipe d\u00e9di\u00e9 dont le r\u00f4le est de travailler en \u00e9troite collaboration avec les propri\u00e9taires pour soutenir des locations r\u00e9ussies dans tous les quartiers de London. Nous avons des relations tr\u00e8s r\u00e9ussies et \u00e0 long terme avec de nombreux propri\u00e9taires de la ville. Pour plus d\u2019informations, veuillez remplir le formulaire \u00ab contactez-nous \u00bb ci-dessous et quelqu\u2019un vous contactera.[\/vc_toggle][vc_toggle title=&#8221;J\u2019ai des articles que j\u2019aimerais donner. O\u00f9 puis-je les apporter?&#8221; css=&#8221;&#8221;]Merci de penser \u00e0 nous ! Malheureusement, le projet Home n\u2019a pas d\u2019espace pour stocker les dons en ce moment. Nous vous encourageons \u00e0 contacter certains de nos partenaires communautaires qui acceptent les dons, comme Goodwill ou un refuge local.[\/vc_toggle][vc_single_image image=&#8221;2982&#8243; img_size=&#8221;full&#8221; alignment=&#8221;center&#8221;][\/basic_container][\/vc_column][\/vc_row][vc_row][vc_column][\/vc_column][\/vc_row]<\/p>\n<\/div>","protected":false},"excerpt":{"rendered":"<p>[vc_row][vc_column][basic_container container_size=&#8221;container container-narrow&#8221;][vc_column_text css=&#8221;&#8221;]<\/p>\n<p>Project Home est un programme de logement d\u2019abord qui aide les adultes et les jeunes qui sont sans abri, souvent depuis longtemps. Notre \u00e9quipe de travailleurs de soutien les aide \u00e0 trouver un logement \u00e0 London &hellip; [&#8230;]<\/p>\n","protected":false},"author":3,"featured_media":321,"parent":0,"menu_order":220,"comment_status":"closed","ping_status":"closed","template":"","meta":{"_acf_changed":false,"footnotes":""},"class_list":["post-3551","page","type-page","status-publish","has-post-thumbnail","hentry"],"acf":[],"yoast_head":"<!-- This site is optimized with the Yoast SEO plugin v24.9 - https:\/\/yoast.com\/wordpress\/plugins\/seo\/ -->\n<title>Project Home | St. Leonard&#039;s Community Services London and Region<\/title>\n<meta name=\"robots\" content=\"index, follow, max-snippet:-1, max-image-preview:large, max-video-preview:-1\" \/>\n<link rel=\"canonical\" href=\"https:\/\/www.slcs.ca\/fr\/project-home\/\" \/>\n<meta property=\"og:locale\" content=\"fr_FR\" \/>\n<meta property=\"og:type\" content=\"article\" \/>\n<meta property=\"og:title\" content=\"Project Home | St. Leonard&#039;s Community Services London and Region\" \/>\n<meta property=\"og:description\" content=\"[vc_row][vc_column][basic_container container_size=&#8221;container container-narrow&#8221;][vc_column_text css=&#8221;&#8221;] Project Home est un programme de logement d\u2019abord qui aide les adultes et les jeunes qui sont sans abri, souvent depuis longtemps. Notre \u00e9quipe de travailleurs de soutien les aide \u00e0 trouver un logement \u00e0 London &hellip; [...]\" \/>\n<meta property=\"og:url\" content=\"https:\/\/www.slcs.ca\/fr\/project-home\/\" \/>\n<meta property=\"og:site_name\" content=\"St. Leonard&#039;s Community Services London and Region\" \/>\n<meta property=\"article:publisher\" content=\"https:\/\/www.facebook.com\/SLCSLondon\" \/>\n<meta property=\"article:modified_time\" content=\"2024-11-05T16:30:06+00:00\" \/>\n<meta property=\"og:image\" content=\"https:\/\/www.slcs.ca\/app\/uploads\/2019\/07\/SLCS-Logo-from-TIF.png\" \/>\n\t<meta property=\"og:image:width\" content=\"1440\" \/>\n\t<meta property=\"og:image:height\" content=\"480\" \/>\n\t<meta property=\"og:image:type\" content=\"image\/jpeg\" \/>\n<meta name=\"twitter:card\" content=\"summary_large_image\" \/>\n<meta name=\"twitter:image\" content=\"https:\/\/www.slcs.ca\/app\/uploads\/2019\/07\/SLCS-Logo-from-TIF.png\" \/>\n<meta name=\"twitter:site\" content=\"@SLCS_London\" \/>\n<meta name=\"twitter:label1\" content=\"Est. reading time\" \/>\n\t<meta name=\"twitter:data1\" content=\"3 minutes\" \/>\n<script type=\"application\/ld+json\" class=\"yoast-schema-graph\">{\"@context\":\"https:\/\/schema.org\",\"@graph\":[{\"@type\":\"WebPage\",\"@id\":\"https:\/\/www.slcs.ca\/fr\/project-home\/\",\"url\":\"https:\/\/www.slcs.ca\/fr\/project-home\/\",\"name\":\"Project Home | St. Leonard&#039;s Community Services London and Region\",\"isPartOf\":{\"@id\":\"https:\/\/www.slcs.ca\/#website\"},\"primaryImageOfPage\":{\"@id\":\"https:\/\/www.slcs.ca\/fr\/project-home\/#primaryimage\"},\"image\":{\"@id\":\"https:\/\/www.slcs.ca\/fr\/project-home\/#primaryimage\"},\"thumbnailUrl\":\"https:\/\/www.slcs.ca\/app\/uploads\/2019\/06\/Banner_3_-_grey.jpg\",\"datePublished\":\"2022-07-21T16:25:04+00:00\",\"dateModified\":\"2024-11-05T16:30:06+00:00\",\"breadcrumb\":{\"@id\":\"https:\/\/www.slcs.ca\/fr\/project-home\/#breadcrumb\"},\"inLanguage\":\"fr-FR\",\"potentialAction\":[{\"@type\":\"ReadAction\",\"target\":[\"https:\/\/www.slcs.ca\/fr\/project-home\/\"]}]},{\"@type\":\"ImageObject\",\"inLanguage\":\"fr-FR\",\"@id\":\"https:\/\/www.slcs.ca\/fr\/project-home\/#primaryimage\",\"url\":\"https:\/\/www.slcs.ca\/app\/uploads\/2019\/06\/Banner_3_-_grey.jpg\",\"contentUrl\":\"https:\/\/www.slcs.ca\/app\/uploads\/2019\/06\/Banner_3_-_grey.jpg\",\"width\":1440,\"height\":480,\"caption\":\"Supported independent Living\"},{\"@type\":\"BreadcrumbList\",\"@id\":\"https:\/\/www.slcs.ca\/fr\/project-home\/#breadcrumb\",\"itemListElement\":[{\"@type\":\"ListItem\",\"position\":1,\"name\":\"Accueil\",\"item\":\"https:\/\/www.slcs.ca\/fr\/\"},{\"@type\":\"ListItem\",\"position\":2,\"name\":\"Project Home\"}]},{\"@type\":\"WebSite\",\"@id\":\"https:\/\/www.slcs.ca\/#website\",\"url\":\"https:\/\/www.slcs.ca\/\",\"name\":\"St. Leonard's Community Services - London and Region\",\"description\":\"\",\"publisher\":{\"@id\":\"https:\/\/www.slcs.ca\/#organization\"},\"potentialAction\":[{\"@type\":\"SearchAction\",\"target\":{\"@type\":\"EntryPoint\",\"urlTemplate\":\"https:\/\/www.slcs.ca\/?s={search_term_string}\"},\"query-input\":{\"@type\":\"PropertyValueSpecification\",\"valueRequired\":true,\"valueName\":\"search_term_string\"}}],\"inLanguage\":\"fr-FR\"},{\"@type\":\"Organization\",\"@id\":\"https:\/\/www.slcs.ca\/#organization\",\"name\":\"St. Leonard's Community Services\",\"url\":\"https:\/\/www.slcs.ca\/\",\"logo\":{\"@type\":\"ImageObject\",\"inLanguage\":\"fr-FR\",\"@id\":\"https:\/\/www.slcs.ca\/#\/schema\/logo\/image\/\",\"url\":\"https:\/\/www.slcs.ca\/wp\/wp-admin\/admin-ajax.php?action=resource_download&attachment=979\",\"contentUrl\":\"https:\/\/www.slcs.ca\/wp\/wp-admin\/admin-ajax.php?action=resource_download&attachment=979\",\"width\":1262,\"height\":379,\"caption\":\"St. Leonard's Community Services\"},\"image\":{\"@id\":\"https:\/\/www.slcs.ca\/#\/schema\/logo\/image\/\"},\"sameAs\":[\"https:\/\/www.facebook.com\/SLCSLondon\",\"https:\/\/x.com\/SLCS_London\",\"https:\/\/www.instagram.com\/slcs_london\/\",\"https:\/\/www.linkedin.com\/company\/stleonards\/\",\"https:\/\/www.youtube.com\/channel\/UCt7U9N39GYGV21XP2d9lXUg\"]}]}<\/script>\n<!-- \/ Yoast SEO plugin. -->","yoast_head_json":{"title":"Project Home | St. Leonard&#039;s Community Services London and Region","robots":{"index":"index","follow":"follow","max-snippet":"max-snippet:-1","max-image-preview":"max-image-preview:large","max-video-preview":"max-video-preview:-1"},"canonical":"https:\/\/www.slcs.ca\/fr\/project-home\/","og_locale":"fr_FR","og_type":"article","og_title":"Project Home | St. Leonard&#039;s Community Services London and Region","og_description":"[vc_row][vc_column][basic_container container_size=&#8221;container container-narrow&#8221;][vc_column_text css=&#8221;&#8221;] Project Home est un programme de logement d\u2019abord qui aide les adultes et les jeunes qui sont sans abri, souvent depuis longtemps. Notre \u00e9quipe de travailleurs de soutien les aide \u00e0 trouver un logement \u00e0 London &hellip; [...]","og_url":"https:\/\/www.slcs.ca\/fr\/project-home\/","og_site_name":"St. Leonard&#039;s Community Services London and Region","article_publisher":"https:\/\/www.facebook.com\/SLCSLondon","article_modified_time":"2024-11-05T16:30:06+00:00","og_image":[{"width":1440,"height":480,"url":"https:\/\/www.slcs.ca\/app\/uploads\/2019\/07\/SLCS-Logo-from-TIF.png","type":"image\/jpeg"}],"twitter_card":"summary_large_image","twitter_image":"https:\/\/www.slcs.ca\/app\/uploads\/2019\/07\/SLCS-Logo-from-TIF.png","twitter_site":"@SLCS_London","twitter_misc":{"Est. reading time":"3 minutes"},"schema":{"@context":"https:\/\/schema.org","@graph":[{"@type":"WebPage","@id":"https:\/\/www.slcs.ca\/fr\/project-home\/","url":"https:\/\/www.slcs.ca\/fr\/project-home\/","name":"Project Home | St. Leonard&#039;s Community Services London and Region","isPartOf":{"@id":"https:\/\/www.slcs.ca\/#website"},"primaryImageOfPage":{"@id":"https:\/\/www.slcs.ca\/fr\/project-home\/#primaryimage"},"image":{"@id":"https:\/\/www.slcs.ca\/fr\/project-home\/#primaryimage"},"thumbnailUrl":"https:\/\/www.slcs.ca\/app\/uploads\/2019\/06\/Banner_3_-_grey.jpg","datePublished":"2022-07-21T16:25:04+00:00","dateModified":"2024-11-05T16:30:06+00:00","breadcrumb":{"@id":"https:\/\/www.slcs.ca\/fr\/project-home\/#breadcrumb"},"inLanguage":"fr-FR","potentialAction":[{"@type":"ReadAction","target":["https:\/\/www.slcs.ca\/fr\/project-home\/"]}]},{"@type":"ImageObject","inLanguage":"fr-FR","@id":"https:\/\/www.slcs.ca\/fr\/project-home\/#primaryimage","url":"https:\/\/www.slcs.ca\/app\/uploads\/2019\/06\/Banner_3_-_grey.jpg","contentUrl":"https:\/\/www.slcs.ca\/app\/uploads\/2019\/06\/Banner_3_-_grey.jpg","width":1440,"height":480,"caption":"Supported independent Living"},{"@type":"BreadcrumbList","@id":"https:\/\/www.slcs.ca\/fr\/project-home\/#breadcrumb","itemListElement":[{"@type":"ListItem","position":1,"name":"Accueil","item":"https:\/\/www.slcs.ca\/fr\/"},{"@type":"ListItem","position":2,"name":"Project Home"}]},{"@type":"WebSite","@id":"https:\/\/www.slcs.ca\/#website","url":"https:\/\/www.slcs.ca\/","name":"St. Leonard's Community Services - London and Region","description":"","publisher":{"@id":"https:\/\/www.slcs.ca\/#organization"},"potentialAction":[{"@type":"SearchAction","target":{"@type":"EntryPoint","urlTemplate":"https:\/\/www.slcs.ca\/?s={search_term_string}"},"query-input":{"@type":"PropertyValueSpecification","valueRequired":true,"valueName":"search_term_string"}}],"inLanguage":"fr-FR"},{"@type":"Organization","@id":"https:\/\/www.slcs.ca\/#organization","name":"St. Leonard's Community Services","url":"https:\/\/www.slcs.ca\/","logo":{"@type":"ImageObject","inLanguage":"fr-FR","@id":"https:\/\/www.slcs.ca\/#\/schema\/logo\/image\/","url":"https:\/\/www.slcs.ca\/wp\/wp-admin\/admin-ajax.php?action=resource_download&attachment=979","contentUrl":"https:\/\/www.slcs.ca\/wp\/wp-admin\/admin-ajax.php?action=resource_download&attachment=979","width":1262,"height":379,"caption":"St. Leonard's Community Services"},"image":{"@id":"https:\/\/www.slcs.ca\/#\/schema\/logo\/image\/"},"sameAs":["https:\/\/www.facebook.com\/SLCSLondon","https:\/\/x.com\/SLCS_London","https:\/\/www.instagram.com\/slcs_london\/","https:\/\/www.linkedin.com\/company\/stleonards\/","https:\/\/www.youtube.com\/channel\/UCt7U9N39GYGV21XP2d9lXUg"]}]}},"_links":{"self":[{"href":"https:\/\/www.slcs.ca\/fr\/wp-json\/wp\/v2\/pages\/3551","targetHints":{"allow":["GET"]}}],"collection":[{"href":"https:\/\/www.slcs.ca\/fr\/wp-json\/wp\/v2\/pages"}],"about":[{"href":"https:\/\/www.slcs.ca\/fr\/wp-json\/wp\/v2\/types\/page"}],"author":[{"embeddable":true,"href":"https:\/\/www.slcs.ca\/fr\/wp-json\/wp\/v2\/users\/3"}],"replies":[{"embeddable":true,"href":"https:\/\/www.slcs.ca\/fr\/wp-json\/wp\/v2\/comments?post=3551"}],"version-history":[{"count":4,"href":"https:\/\/www.slcs.ca\/fr\/wp-json\/wp\/v2\/pages\/3551\/revisions"}],"predecessor-version":[{"id":4234,"href":"https:\/\/www.slcs.ca\/fr\/wp-json\/wp\/v2\/pages\/3551\/revisions\/4234"}],"wp:featuredmedia":[{"embeddable":true,"href":"https:\/\/www.slcs.ca\/fr\/wp-json\/wp\/v2\/media\/321"}],"wp:attachment":[{"href":"https:\/\/www.slcs.ca\/fr\/wp-json\/wp\/v2\/media?parent=3551"}],"curies":[{"name":"wp","href":"https:\/\/api.w.org\/{rel}","templated":true}]}}