{"id":4243,"date":"2024-11-06T13:38:56","date_gmt":"2024-11-06T18:38:56","guid":{"rendered":"https:\/\/www.slcs.ca\/?page_id=4243"},"modified":"2024-11-06T13:42:14","modified_gmt":"2024-11-06T18:42:14","slug":"histoire-du-nom-st-leonards","status":"publish","type":"page","link":"https:\/\/www.slcs.ca\/fr\/histoire-du-nom-st-leonards\/","title":{"rendered":"HISTOIRE DU NOM ST. LEONARD\u2019S"},"content":{"rendered":"<div class=\"wpb-content-wrapper\"><p>[vc_row][vc_column][basic_container container_size=&#8221;container container-narrow&#8221;][vc_column_text css=&#8221;&#8221;]St. Leonard\u2019s est nomm\u00e9 d\u2019apr\u00e8s St. Leonard de Noblac, \u00e9galement connu sous le nom de Leonard de Limoges. Leonard \u00e9tait un noble franc qui a v\u00e9cu au 6\u00e8me si\u00e8cle. Il est \u00e9troitement associ\u00e9 \u00e0 la ville et \u00e0 l\u2019abbaye de Saint-L\u00e9onard-de-Noblat en France. Leonard a choisi une vie d\u2019aust\u00e9rit\u00e9 et est devenu ermite dans la for\u00eat du Limousin. Il est particuli\u00e8rement connu pour sa compassion envers les prisonniers, obtenant souvent leur lib\u00e9ration par son intercession. Cela lui a valu le titre de saint patron des prisonniers, des prisonniers politiques et des captifs.<\/p>\n<p>St. Leonard\u2019s a \u00e9t\u00e9 fond\u00e9 en 1969 gr\u00e2ce aux efforts et au leadership de la congr\u00e9gation \u00e9v\u00eaque Cronyn Memorial Church et ses membres fondateurs Allan Henderson, Jeffery Flinn et Hume Cronyn.<\/p>\n<p>D&#8217;autres personnes influentes comprennent le maire Jane Bigelow et l\u2019archidiacre Kenneth Bolton, qui a plus tard chroniqu\u00e9 le mouvement dans son livre \u00ab Halfway Home \u00bb.<\/p>\n<p>La Soci\u00e9t\u00e9 St. Leonard\u2019s du Canada a nomm\u00e9 plusieurs prix en l&#8217;honneur des Londoniens qui ont consacr\u00e9 de grands efforts \u00e0 St. Leonard\u2019s et le mouvement de la maison de transition au Canada. L\u2019\u00e9v\u00eaque catholique John Cody, l\u2019\u00e9v\u00eaque anglican George Luxton et l\u2019ancien directeur ex\u00e9cutif Ray Gallagher occupent tous une place importante dans l&#8217;histoire de la filiale de London et la Soci\u00e9t\u00e9 nationale.<\/p>\n<p>Bien que St. Leonard\u2019s Society of London est notre nom l\u00e9gal, aujourd&#8217;hui, St. Leonard\u2019s est connu sous le nom de Services communautaires St. Leonard\u2019s, London et R\u00e9gion (SCSL). SCSL offre des programmes de soutien communautaire et des centres r\u00e9sidentiels qui :<\/p>\n<ul>\n<li>Aident les personnes en conflit, ou \u00e0 risque de conflit, avec le syst\u00e8me de justice<\/li>\n<li>D\u00e9veloppent, mettent en \u0153uvre et promeuvent l&#8217;am\u00e9lioration des politiques, des proc\u00e9dures et de la prestation de services au sein du syst\u00e8me de justice pour aider \u00e0 la pr\u00e9vention de la criminalit\u00e9<\/li>\n<li>Promeuvent l&#8217;acceptation de la responsabilit\u00e9 et la responsabilit\u00e9 des personnes en conflit avec la loi pour aider \u00e0 changer les comportements qui contribuent \u00e0 la criminalit\u00e9<\/li>\n<li>Promouvoir la compr\u00e9hension et enseigner aux communaut\u00e9s sur leur responsabilit\u00e9 relative \u00e0 l&#8217;incidence de la criminalit\u00e9 et la mani\u00e8re dont la soci\u00e9t\u00e9 y r\u00e9pond<\/li>\n<\/ul>\n<p>Alors que SCSL continue \u00e0 \u00e9valuer et r\u00e9pondre aux besoins des communaut\u00e9s qu&#8217;elle dessert, l&#8217;esprit de SCSL demeure compatible avec les valeurs fondamentales que partageaient ses membres fondateurs.[\/vc_column_text][\/basic_container][basic_container][vc_empty_space][\/basic_container][\/vc_column][\/vc_row][vc_row][vc_column]<div class=\"templatera_shortcode\"><div class=\"vc_row wpb_row vc_row-fluid\"><div class=\"wpb_column vc_column_container vc_col-sm-12\"><div class=\"vc_column-inner\"><div class=\"wpb_wrapper\"><div class=\"row   solid bg-primary\" >\n\t<div class=\"career-perks career-perks-always-expanded\">\n\t\t\t\t\t<div class=\"container\">\n\t\t\t\t\t\t\t\t\t<h2 class=\"career-perks-heading\">Programmes et services<\/h2>\n\t\t\t\t\t\t\t\t\t\t\t<\/div>\n\t\t\t\t<div class=\"perks-row\">\n\t\t\t<div class=\"perks\">\n\t\t\t\t<ul class=\"perks-list\">\n\t\t\t\t\t<li class=\"perks-item\">\n\t<button class=\"perk-item-button\" >\n\t\t<div class=\"content perk-item-content\">\n\t\t\t\t\t\t\t<span class=\"perk-item-logo\"> <img decoding=\"async\" class=\"img-responsive no-resp-img\" src=\"https:\/\/www.slcs.ca\/app\/uploads\/2019\/05\/Residential-Programs.png\" data-src=\">:https:\/\/www.slcs.ca\/app\/uploads\/2019\/05\/Residential-Programs.png\" alt=\"Residential Programs\"title=\"Residential Programs\"\/>\n\t\t\t\t<div id=\"longdesc-177\" class=\"sr-only\"><\/div><\/span>\n\t\t\t\t\t\t\t\t\t\t<span class=\"perk-item-text text-center\">Programmes r\u00e9sidentiels<\/span>\n\t\t\t\t\t<\/div>\n\t<\/button>\n\t\t\t<div class=\"perk-information\">\n\t\t\t<div class=\"content perk-item-content\">\n\t\t\t\t\t\t\t\t<span class=\"perk-item-text\"><p>\u00c9tablissements r\u00e9sidentiels communautaires pour hommes et femmes adultes<\/p>\n<\/span>\n\t\t\t\t\t\t\t\t\t<div class=\"perk-button\">\n\t\t\t\t\t\t<a href=\"https:\/\/www.slcs.ca\/programs-services\/residential-programs\/\" target=\"\" class=\"btn btn-link \" title=\"Residential Programs\">\n\t\t\t\t\t\t\tvoir les programmes\t\t\t\t\t\t<\/a>\n\t\t\t\t\t<\/div>\n\t\t\t\t\t\t\t<\/div>\n\t\t<\/div>\n\t<\/li>\n<li class=\"perks-item\">\n\t<button class=\"perk-item-button\" >\n\t\t<div class=\"content perk-item-content\">\n\t\t\t\t\t\t\t<span class=\"perk-item-logo\"> <img decoding=\"async\" class=\"img-responsive no-resp-img\" src=\"https:\/\/www.slcs.ca\/app\/uploads\/2019\/05\/Youth-Diversion-Programs.png\" data-src=\">:https:\/\/www.slcs.ca\/app\/uploads\/2019\/05\/Youth-Diversion-Programs.png\" alt=\"Youth Diversion Programs\"title=\"Youth Diversion Programs\"\/>\n\t\t\t\t<div id=\"longdesc-181\" class=\"sr-only\"><\/div><\/span>\n\t\t\t\t\t\t\t\t\t\t<span class=\"perk-item-text text-center\">Programmes de d\u00e9judiciarisation scolaires pour les jeunes<\/span>\n\t\t\t\t\t<\/div>\n\t<\/button>\n\t\t\t<div class=\"perk-information\">\n\t\t\t<div class=\"content perk-item-content\">\n\t\t\t\t\t\t\t\t<span class=\"perk-item-text\"><p>Programmes et services en milieu scolaire pour les \u00e9tudiants bas\u00e9s sur des pratiques r\u00e9paratrices<\/p>\n<\/span>\n\t\t\t\t\t\t\t\t\t<div class=\"perk-button\">\n\t\t\t\t\t\t<a href=\"https:\/\/www.slcs.ca\/programs-services\/school-based-youth-diversion-programs\/\" target=\"\" class=\"btn btn-link \" title=\"Residential Programs\">\n\t\t\t\t\t\t\tvoir les programmes\t\t\t\t\t\t<\/a>\n\t\t\t\t\t<\/div>\n\t\t\t\t\t\t\t<\/div>\n\t\t<\/div>\n\t<\/li>\n<li class=\"perks-item\">\n\t<button class=\"perk-item-button\" >\n\t\t<div class=\"content perk-item-content\">\n\t\t\t\t\t\t\t<span class=\"perk-item-logo\"> <img decoding=\"async\" class=\"img-responsive no-resp-img\" src=\"https:\/\/www.slcs.ca\/app\/uploads\/2019\/05\/Adult-Community-Programs.png\" data-src=\">:https:\/\/www.slcs.ca\/app\/uploads\/2019\/05\/Adult-Community-Programs.png\" alt=\"Adult Community Programs\"title=\"Adult Community Programs\"\/>\n\t\t\t\t<div id=\"longdesc-174\" class=\"sr-only\"><\/div><\/span>\n\t\t\t\t\t\t\t\t\t\t<span class=\"perk-item-text text-center\">Programmes adultes communautaires<\/span>\n\t\t\t\t\t<\/div>\n\t<\/button>\n\t\t\t<div class=\"perk-information\">\n\t\t\t<div class=\"content perk-item-content\">\n\t\t\t\t\t\t\t\t<span class=\"perk-item-text\"><p>Programmes et services communautaires pour adultes<\/p>\n<\/span>\n\t\t\t\t\t\t\t\t\t<div class=\"perk-button\">\n\t\t\t\t\t\t<a href=\"https:\/\/www.slcs.ca\/programs-services\/adult-community-programs\/\" target=\"\" class=\"btn btn-link \" title=\"Residential Programs\">\n\t\t\t\t\t\t\tvoir les programmes\t\t\t\t\t\t<\/a>\n\t\t\t\t\t<\/div>\n\t\t\t\t\t\t\t<\/div>\n\t\t<\/div>\n\t<\/li>\n<li class=\"perks-item\">\n\t<button class=\"perk-item-button\" >\n\t\t<div class=\"content perk-item-content\">\n\t\t\t\t\t\t\t<span class=\"perk-item-logo\"> <img decoding=\"async\" class=\"img-responsive no-resp-img\" src=\"https:\/\/www.slcs.ca\/app\/uploads\/2019\/05\/Youth-Community-Programs.png\" data-src=\">:https:\/\/www.slcs.ca\/app\/uploads\/2019\/05\/Youth-Community-Programs.png\" alt=\"Youth Community Programs\"title=\"Youth Community Programs\"\/>\n\t\t\t\t<div id=\"longdesc-179\" class=\"sr-only\"><\/div><\/span>\n\t\t\t\t\t\t\t\t\t\t<span class=\"perk-item-text text-center\">Programmes communautaires pour les jeunes<\/span>\n\t\t\t\t\t<\/div>\n\t<\/button>\n\t\t\t<div class=\"perk-information\">\n\t\t\t<div class=\"content perk-item-content\">\n\t\t\t\t\t\t\t\t<span class=\"perk-item-text\"><p>Programmes et services communautaires destin\u00e9s aux jeunes<\/p>\n<\/span>\n\t\t\t\t\t\t\t\t\t<div class=\"perk-button\">\n\t\t\t\t\t\t<a href=\"https:\/\/www.slcs.ca\/programs-services\/youth-community-programs\/\" target=\"\" class=\"btn btn-link \" title=\"Youth Community Programs\">\n\t\t\t\t\t\t\tvoir les programmes\t\t\t\t\t\t<\/a>\n\t\t\t\t\t<\/div>\n\t\t\t\t\t\t\t<\/div>\n\t\t<\/div>\n\t<\/li>\n\n\t\t\t\t<\/ul>\n\t\t\t<\/div>\n\t\t<\/div>\n\t<\/div>\n<\/div>\n<div class=\"decorative-illustration \">\n\t<span class=\"decoration brush-and-stroke decoration-hr align-bottom-right bg-green\"><\/span>\n<\/div>\n<\/div><\/div><\/div><\/div><\/div><div class=\"templatera_shortcode\"><div class=\"vc_row wpb_row vc_row-fluid\"><div class=\"wpb_column vc_column_container vc_col-sm-12\"><div class=\"vc_column-inner\"><div class=\"wpb_wrapper\">\t<div class=\"general-cta background-image-loading    image  text-white\" style=\"background-image: url('https:\/\/www.slcs.ca\/app\/uploads\/2019\/06\/Banner-5-blue-1440x479.jpg');\">\n\t\t\t\t<div class=\"general-cta-overlay none\"><\/div>\n\t\t<div class=\"container\">\n\t\t\t<div class=\"row\">\n\t\t\t\t<div class=\"general-cta-box\">\n\t\t\t\t\t\t\t\t\t\t\t\t\t\t\t\t\t\t\t\t\t<div class=\"general-cta-content\">\n\t\t\t\t\t\t\t<h2 id=\"KnM9nf\">En savoir plus sur Saint-L\u00e9onard<\/h2>\n\t\t\t\t\t\t<\/div>\n\t\t\t\t\t\t\t\t\t\t\t\t\t\t\t\t<div class=\"general-cta-button\">\n\t\t\t\t\t\t\t<a href=\"https:\/\/www.slcs.ca\/fr\/contactez-nous\/\" target=\"\" class=\"btn btn-info btn-solid\" title=\"Contactez-nous\">\n\t\t\t\t\t\t\t\tContactez-nous\t\t\t\t\t\t\t<\/a>\n\t\t\t\t\t\t<\/div>\n\t\t\t\t    \t\t\t\t<\/div>\n\t\t\t<\/div>\n\t\t<\/div>\n\t<\/div>\n<\/div><\/div><\/div><\/div><\/div>[\/vc_column][\/vc_row]<\/p>\n<\/div>","protected":false},"excerpt":{"rendered":"St. Leonard\u2019s est nomm\u00e9 d\u2019apr\u00e8s St. Leonard de Noblac, \u00e9galement connu sous le nom de Leonard de Limoges. Leonard \u00e9tait un noble franc qui a v\u00e9cu au 6\u00e8me si\u00e8cle. Il est \u00e9troitement associ\u00e9 \u00e0 la ville et \u00e0 l\u2019abbaye de Saint-L\u00e9onard-de-Noblat en France. Leonard a choisi une vie d\u2019aust\u00e9rit\u00e9 et est devenu ermite dans la [...]","protected":false},"author":3,"featured_media":0,"parent":0,"menu_order":20,"comment_status":"closed","ping_status":"closed","template":"","meta":{"_acf_changed":false,"footnotes":""},"class_list":["post-4243","page","type-page","status-publish","hentry"],"acf":[],"yoast_head":"<!-- This site is optimized with the Yoast SEO plugin v24.9 - https:\/\/yoast.com\/wordpress\/plugins\/seo\/ -->\n<title>HISTOIRE DU NOM ST. LEONARD\u2019S | St. Leonard&#039;s Community Services London and Region<\/title>\n<meta name=\"robots\" content=\"index, follow, max-snippet:-1, max-image-preview:large, max-video-preview:-1\" \/>\n<link rel=\"canonical\" href=\"https:\/\/www.slcs.ca\/fr\/histoire-du-nom-st-leonards\/\" \/>\n<meta property=\"og:locale\" content=\"fr_FR\" \/>\n<meta property=\"og:type\" content=\"article\" \/>\n<meta property=\"og:title\" content=\"HISTOIRE DU NOM ST. LEONARD\u2019S | St. Leonard&#039;s Community Services London and Region\" \/>\n<meta property=\"og:url\" content=\"https:\/\/www.slcs.ca\/fr\/histoire-du-nom-st-leonards\/\" \/>\n<meta property=\"og:site_name\" content=\"St. Leonard&#039;s Community Services London and Region\" \/>\n<meta property=\"article:publisher\" content=\"https:\/\/www.facebook.com\/SLCSLondon\" \/>\n<meta property=\"article:modified_time\" content=\"2024-11-06T18:42:14+00:00\" \/>\n<meta property=\"og:image\" content=\"https:\/\/www.slcs.ca\/app\/uploads\/2019\/07\/SLCS-Logo-from-TIF.png\" \/>\n\t<meta property=\"og:image:width\" content=\"1262\" \/>\n\t<meta property=\"og:image:height\" content=\"379\" \/>\n\t<meta property=\"og:image:type\" content=\"image\/png\" \/>\n<meta name=\"twitter:card\" content=\"summary_large_image\" \/>\n<meta name=\"twitter:image\" content=\"https:\/\/www.slcs.ca\/app\/uploads\/2019\/07\/SLCS-Logo-from-TIF.png\" \/>\n<meta name=\"twitter:site\" content=\"@SLCS_London\" \/>\n<meta name=\"twitter:label1\" content=\"Est. reading time\" \/>\n\t<meta name=\"twitter:data1\" content=\"2 minutes\" \/>\n<script type=\"application\/ld+json\" class=\"yoast-schema-graph\">{\"@context\":\"https:\/\/schema.org\",\"@graph\":[{\"@type\":\"WebPage\",\"@id\":\"https:\/\/www.slcs.ca\/fr\/histoire-du-nom-st-leonards\/\",\"url\":\"https:\/\/www.slcs.ca\/fr\/histoire-du-nom-st-leonards\/\",\"name\":\"HISTOIRE DU NOM ST. LEONARD\u2019S | St. Leonard&#039;s Community Services London and Region\",\"isPartOf\":{\"@id\":\"https:\/\/www.slcs.ca\/#website\"},\"datePublished\":\"2024-11-06T18:38:56+00:00\",\"dateModified\":\"2024-11-06T18:42:14+00:00\",\"breadcrumb\":{\"@id\":\"https:\/\/www.slcs.ca\/fr\/histoire-du-nom-st-leonards\/#breadcrumb\"},\"inLanguage\":\"fr-FR\",\"potentialAction\":[{\"@type\":\"ReadAction\",\"target\":[\"https:\/\/www.slcs.ca\/fr\/histoire-du-nom-st-leonards\/\"]}]},{\"@type\":\"BreadcrumbList\",\"@id\":\"https:\/\/www.slcs.ca\/fr\/histoire-du-nom-st-leonards\/#breadcrumb\",\"itemListElement\":[{\"@type\":\"ListItem\",\"position\":1,\"name\":\"Accueil\",\"item\":\"https:\/\/www.slcs.ca\/fr\/\"},{\"@type\":\"ListItem\",\"position\":2,\"name\":\"HISTOIRE DU NOM ST. LEONARD\u2019S\"}]},{\"@type\":\"WebSite\",\"@id\":\"https:\/\/www.slcs.ca\/#website\",\"url\":\"https:\/\/www.slcs.ca\/\",\"name\":\"St. Leonard's Community Services - London and Region\",\"description\":\"\",\"publisher\":{\"@id\":\"https:\/\/www.slcs.ca\/#organization\"},\"potentialAction\":[{\"@type\":\"SearchAction\",\"target\":{\"@type\":\"EntryPoint\",\"urlTemplate\":\"https:\/\/www.slcs.ca\/?s={search_term_string}\"},\"query-input\":{\"@type\":\"PropertyValueSpecification\",\"valueRequired\":true,\"valueName\":\"search_term_string\"}}],\"inLanguage\":\"fr-FR\"},{\"@type\":\"Organization\",\"@id\":\"https:\/\/www.slcs.ca\/#organization\",\"name\":\"St. Leonard's Community Services\",\"url\":\"https:\/\/www.slcs.ca\/\",\"logo\":{\"@type\":\"ImageObject\",\"inLanguage\":\"fr-FR\",\"@id\":\"https:\/\/www.slcs.ca\/#\/schema\/logo\/image\/\",\"url\":\"https:\/\/www.slcs.ca\/wp\/wp-admin\/admin-ajax.php?action=resource_download&attachment=979\",\"contentUrl\":\"https:\/\/www.slcs.ca\/wp\/wp-admin\/admin-ajax.php?action=resource_download&attachment=979\",\"width\":1262,\"height\":379,\"caption\":\"St. Leonard's Community Services\"},\"image\":{\"@id\":\"https:\/\/www.slcs.ca\/#\/schema\/logo\/image\/\"},\"sameAs\":[\"https:\/\/www.facebook.com\/SLCSLondon\",\"https:\/\/x.com\/SLCS_London\",\"https:\/\/www.instagram.com\/slcs_london\/\",\"https:\/\/www.linkedin.com\/company\/stleonards\/\",\"https:\/\/www.youtube.com\/channel\/UCt7U9N39GYGV21XP2d9lXUg\"]}]}<\/script>\n<!-- \/ Yoast SEO plugin. -->","yoast_head_json":{"title":"HISTOIRE DU NOM ST. LEONARD\u2019S | St. Leonard&#039;s Community Services London and Region","robots":{"index":"index","follow":"follow","max-snippet":"max-snippet:-1","max-image-preview":"max-image-preview:large","max-video-preview":"max-video-preview:-1"},"canonical":"https:\/\/www.slcs.ca\/fr\/histoire-du-nom-st-leonards\/","og_locale":"fr_FR","og_type":"article","og_title":"HISTOIRE DU NOM ST. LEONARD\u2019S | St. Leonard&#039;s Community Services London and Region","og_url":"https:\/\/www.slcs.ca\/fr\/histoire-du-nom-st-leonards\/","og_site_name":"St. Leonard&#039;s Community Services London and Region","article_publisher":"https:\/\/www.facebook.com\/SLCSLondon","article_modified_time":"2024-11-06T18:42:14+00:00","og_image":[{"width":1262,"height":379,"url":"https:\/\/www.slcs.ca\/app\/uploads\/2019\/07\/SLCS-Logo-from-TIF.png","type":"image\/png"}],"twitter_card":"summary_large_image","twitter_image":"https:\/\/www.slcs.ca\/app\/uploads\/2019\/07\/SLCS-Logo-from-TIF.png","twitter_site":"@SLCS_London","twitter_misc":{"Est. reading time":"2 minutes"},"schema":{"@context":"https:\/\/schema.org","@graph":[{"@type":"WebPage","@id":"https:\/\/www.slcs.ca\/fr\/histoire-du-nom-st-leonards\/","url":"https:\/\/www.slcs.ca\/fr\/histoire-du-nom-st-leonards\/","name":"HISTOIRE DU NOM ST. LEONARD\u2019S | St. Leonard&#039;s Community Services London and Region","isPartOf":{"@id":"https:\/\/www.slcs.ca\/#website"},"datePublished":"2024-11-06T18:38:56+00:00","dateModified":"2024-11-06T18:42:14+00:00","breadcrumb":{"@id":"https:\/\/www.slcs.ca\/fr\/histoire-du-nom-st-leonards\/#breadcrumb"},"inLanguage":"fr-FR","potentialAction":[{"@type":"ReadAction","target":["https:\/\/www.slcs.ca\/fr\/histoire-du-nom-st-leonards\/"]}]},{"@type":"BreadcrumbList","@id":"https:\/\/www.slcs.ca\/fr\/histoire-du-nom-st-leonards\/#breadcrumb","itemListElement":[{"@type":"ListItem","position":1,"name":"Accueil","item":"https:\/\/www.slcs.ca\/fr\/"},{"@type":"ListItem","position":2,"name":"HISTOIRE DU NOM ST. LEONARD\u2019S"}]},{"@type":"WebSite","@id":"https:\/\/www.slcs.ca\/#website","url":"https:\/\/www.slcs.ca\/","name":"St. Leonard's Community Services - London and Region","description":"","publisher":{"@id":"https:\/\/www.slcs.ca\/#organization"},"potentialAction":[{"@type":"SearchAction","target":{"@type":"EntryPoint","urlTemplate":"https:\/\/www.slcs.ca\/?s={search_term_string}"},"query-input":{"@type":"PropertyValueSpecification","valueRequired":true,"valueName":"search_term_string"}}],"inLanguage":"fr-FR"},{"@type":"Organization","@id":"https:\/\/www.slcs.ca\/#organization","name":"St. Leonard's Community Services","url":"https:\/\/www.slcs.ca\/","logo":{"@type":"ImageObject","inLanguage":"fr-FR","@id":"https:\/\/www.slcs.ca\/#\/schema\/logo\/image\/","url":"https:\/\/www.slcs.ca\/wp\/wp-admin\/admin-ajax.php?action=resource_download&attachment=979","contentUrl":"https:\/\/www.slcs.ca\/wp\/wp-admin\/admin-ajax.php?action=resource_download&attachment=979","width":1262,"height":379,"caption":"St. Leonard's Community Services"},"image":{"@id":"https:\/\/www.slcs.ca\/#\/schema\/logo\/image\/"},"sameAs":["https:\/\/www.facebook.com\/SLCSLondon","https:\/\/x.com\/SLCS_London","https:\/\/www.instagram.com\/slcs_london\/","https:\/\/www.linkedin.com\/company\/stleonards\/","https:\/\/www.youtube.com\/channel\/UCt7U9N39GYGV21XP2d9lXUg"]}]}},"_links":{"self":[{"href":"https:\/\/www.slcs.ca\/fr\/wp-json\/wp\/v2\/pages\/4243","targetHints":{"allow":["GET"]}}],"collection":[{"href":"https:\/\/www.slcs.ca\/fr\/wp-json\/wp\/v2\/pages"}],"about":[{"href":"https:\/\/www.slcs.ca\/fr\/wp-json\/wp\/v2\/types\/page"}],"author":[{"embeddable":true,"href":"https:\/\/www.slcs.ca\/fr\/wp-json\/wp\/v2\/users\/3"}],"replies":[{"embeddable":true,"href":"https:\/\/www.slcs.ca\/fr\/wp-json\/wp\/v2\/comments?post=4243"}],"version-history":[{"count":3,"href":"https:\/\/www.slcs.ca\/fr\/wp-json\/wp\/v2\/pages\/4243\/revisions"}],"predecessor-version":[{"id":4252,"href":"https:\/\/www.slcs.ca\/fr\/wp-json\/wp\/v2\/pages\/4243\/revisions\/4252"}],"wp:attachment":[{"href":"https:\/\/www.slcs.ca\/fr\/wp-json\/wp\/v2\/media?parent=4243"}],"curies":[{"name":"wp","href":"https:\/\/api.w.org\/{rel}","templated":true}]}}