{"id":683,"date":"2019-08-15T16:32:55","date_gmt":"2019-08-15T16:32:55","guid":{"rendered":"https:\/\/www.slcs.ca\/?page_id=683"},"modified":"2025-06-25T14:39:53","modified_gmt":"2025-06-25T18:39:53","slug":"notre-responsabilite","status":"publish","type":"page","link":"https:\/\/www.slcs.ca\/fr\/notre-responsabilite\/","title":{"rendered":"Notre responsabilit\u00e9"},"content":{"rendered":"<div class=\"wpb-content-wrapper\"><p>[vc_row][vc_column][basic_container container_size=&#8221;container container-narrow&#8221;][vc_column_text]Les services communautaires de St. Leonard s\u2019engagent \u00e0 atteindre le plus haut niveau de performance, de transparence et de responsabilit\u00e9 dans tout ce que nous faisons. Nous croyons que nous sommes responsables de nos d\u00e9cisions, actions et r\u00e9sultats. Cette responsabilit\u00e9 repose sur la n\u00e9cessit\u00e9 d\u2019utiliser judicieusement et efficacement les ressources fournies par les bailleurs de fonds et la communaut\u00e9, afin de garantir que les d\u00e9cisions sont saines et responsables, afin que tout notre travail et nos efforts aident les membres de la communaut\u00e9 \u00e0 r\u00e9aliser et \u00e0 b\u00e9n\u00e9ficier des changements positifs.[\/vc_column_text][\/basic_container][\/vc_column][\/vc_row][vc_row][vc_column][pretty_pdf_link_container]\t<div class=\"text-center\">\n\t\t<div class=\"pretty-pdf-link-container\">\n\t\t\t<a class=\"pretty-pdf-link-inner pdf\" href=\"https:\/\/www.slcs.ca\/app\/uploads\/2023\/06\/SLCS-Strategic-Plan-2023-2026-FR.pdf\" target=\"_blank\" title=\"Plan Strategique 2023-26\">\n\t\t\t\t<h4 class=\"pretty-pdf-text\">Plan Strat\u00e9gique 2023-26<\/h4>\n\t\t\t\t<div class=\"pretty-pdf-download-container\">\n\t\t\t\t\t<span class=\"pretty-pdf-download btn-link\">T\u00e9l\u00e9charger le PDF<\/span>\n\t\t\t\t\t\t\t\t\t\t\t\t\t\t\t\t<span class=\"pretty-pdf-file-size\">82.35 Kb<\/span>\n\t\t\t\t\t\t\t\t\t<\/div>\n\t\t\t<\/a>\n\t\t<\/div>\n\t<\/div>\n\t<div class=\"text-center\">\n\t\t<div class=\"pretty-pdf-link-container\">\n\t\t\t<a class=\"pretty-pdf-link-inner pdf\" href=\"https:\/\/www.slcs.ca\/app\/uploads\/2025\/06\/2024-2025-Annual-Report.pdf\" target=\"_blank\" title=\"Rapport annuel 2024-25 (anglais)\">\n\t\t\t\t<h4 class=\"pretty-pdf-text\">Rapport annuel 2024-25 (anglais)<\/h4>\n\t\t\t\t<div class=\"pretty-pdf-download-container\">\n\t\t\t\t\t<span class=\"pretty-pdf-download btn-link\">T\u00e9l\u00e9charger le PDF<\/span>\n\t\t\t\t\t\t\t\t\t\t\t\t\t\t\t\t<span class=\"pretty-pdf-file-size\">26.1 Mb<\/span>\n\t\t\t\t\t\t\t\t\t<\/div>\n\t\t\t<\/a>\n\t\t<\/div>\n\t<\/div>\n\t<div class=\"text-center\">\n\t\t<div class=\"pretty-pdf-link-container\">\n\t\t\t<a class=\"pretty-pdf-link-inner pdf\" href=\"https:\/\/www.slcs.ca\/app\/uploads\/2024\/06\/2023-2024-Annual-Report.pdf\" target=\"_blank\" title=\"Rapport annuel 2023-24 (anglais)\">\n\t\t\t\t<h4 class=\"pretty-pdf-text\">Rapport annuel 2023-24 (anglais)<\/h4>\n\t\t\t\t<div class=\"pretty-pdf-download-container\">\n\t\t\t\t\t<span class=\"pretty-pdf-download btn-link\">T\u00e9l\u00e9charger le PDF<\/span>\n\t\t\t\t\t\t\t\t\t\t\t\t\t\t\t\t<span class=\"pretty-pdf-file-size\">27.24 Mb<\/span>\n\t\t\t\t\t\t\t\t\t<\/div>\n\t\t\t<\/a>\n\t\t<\/div>\n\t<\/div>\n\t<div class=\"text-center\">\n\t\t<div class=\"pretty-pdf-link-container\">\n\t\t\t<a class=\"pretty-pdf-link-inner pdf\" href=\"https:\/\/www.slcs.ca\/app\/uploads\/2023\/06\/2022-2023-Annual-Report.pdf\" target=\"_blank\" title=\"Rapport annuel 2022-23 (anglais)\">\n\t\t\t\t<h4 class=\"pretty-pdf-text\">Rapport annuel 2022-23 (anglais)<\/h4>\n\t\t\t\t<div class=\"pretty-pdf-download-container\">\n\t\t\t\t\t<span class=\"pretty-pdf-download btn-link\">T\u00e9l\u00e9charger le PDF<\/span>\n\t\t\t\t\t\t\t\t\t\t\t\t\t\t\t\t<span class=\"pretty-pdf-file-size\">11.54 Mb<\/span>\n\t\t\t\t\t\t\t\t\t<\/div>\n\t\t\t<\/a>\n\t\t<\/div>\n\t<\/div>\n\t<div class=\"text-center\">\n\t\t<div class=\"pretty-pdf-link-container\">\n\t\t\t<a class=\"pretty-pdf-link-inner pdf\" href=\"https:\/\/www.slcs.ca\/app\/uploads\/2023\/11\/Multisector-Service-Accountability-Agreement-2023-24.pdf\" target=\"_blank\" title=\"2023-24 Multi-Sector Service Accountability Agreement\">\n\t\t\t\t<h4 class=\"pretty-pdf-text\">Entente de responsabilisation sur les services multisectoriels 2023-2024 (anglais)<\/h4>\n\t\t\t\t<div class=\"pretty-pdf-download-container\">\n\t\t\t\t\t<span class=\"pretty-pdf-download btn-link\">T\u00e9l\u00e9charger le PDF<\/span>\n\t\t\t\t\t\t\t\t\t\t\t\t\t\t\t\t<span class=\"pretty-pdf-file-size\">605.57 Kb<\/span>\n\t\t\t\t\t\t\t\t\t<\/div>\n\t\t\t<\/a>\n\t\t<\/div>\n\t<\/div>\n\t<div class=\"text-center\">\n\t\t<div class=\"pretty-pdf-link-container\">\n\t\t\t<a class=\"pretty-pdf-link-inner pdf\" href=\"https:\/\/www.slcs.ca\/app\/uploads\/2022\/06\/2021-22-SLCS-Annual-Report.pdf\" target=\"_blank\" title=\"2021-22 Rapport annuel (anglais)\">\n\t\t\t\t<h4 class=\"pretty-pdf-text\">Rapport annuel 2021-2022 (anglais)<\/h4>\n\t\t\t\t<div class=\"pretty-pdf-download-container\">\n\t\t\t\t\t<span class=\"pretty-pdf-download btn-link\">T\u00e9l\u00e9charger le PDF<\/span>\n\t\t\t\t\t\t\t\t\t\t\t\t\t\t\t\t<span class=\"pretty-pdf-file-size\">8.6 Mb<\/span>\n\t\t\t\t\t\t\t\t\t<\/div>\n\t\t\t<\/a>\n\t\t<\/div>\n\t<\/div>\n\t<div class=\"text-center\">\n\t\t<div class=\"pretty-pdf-link-container\">\n\t\t\t<a class=\"pretty-pdf-link-inner pdf\" href=\"https:\/\/www.slcs.ca\/app\/uploads\/2021\/06\/SLCS-2020-21-Annual-Report.pdf\" target=\"_blank\" title=\"2020-21 Rapport annuel (anglais)\">\n\t\t\t\t<h4 class=\"pretty-pdf-text\">Rapport annuel 2020-2021 (anglais)<\/h4>\n\t\t\t\t<div class=\"pretty-pdf-download-container\">\n\t\t\t\t\t<span class=\"pretty-pdf-download btn-link\">T\u00e9l\u00e9charger le PDF<\/span>\n\t\t\t\t\t\t\t\t\t\t\t\t\t\t\t\t<span class=\"pretty-pdf-file-size\">3.61 Mb<\/span>\n\t\t\t\t\t\t\t\t\t<\/div>\n\t\t\t<\/a>\n\t\t<\/div>\n\t<\/div>\n\t<div class=\"text-center\">\n\t\t<div class=\"pretty-pdf-link-container\">\n\t\t\t<a class=\"pretty-pdf-link-inner pdf\" href=\"https:\/\/www.slcs.ca\/app\/uploads\/2020\/06\/Annual-Report-2019-20.pdf\" target=\"_blank\" title=\"2019-20 Rapport annuel (anglais)\">\n\t\t\t\t<h4 class=\"pretty-pdf-text\">Rapport annuel 2019-2020 (anglais)<\/h4>\n\t\t\t\t<div class=\"pretty-pdf-download-container\">\n\t\t\t\t\t<span class=\"pretty-pdf-download btn-link\">T\u00e9l\u00e9charger le PDF<\/span>\n\t\t\t\t\t\t\t\t\t\t\t\t\t\t\t\t<span class=\"pretty-pdf-file-size\">1.03 Mb<\/span>\n\t\t\t\t\t\t\t\t\t<\/div>\n\t\t\t<\/a>\n\t\t<\/div>\n\t<\/div>\n\t<div class=\"text-center\">\n\t\t<div class=\"pretty-pdf-link-container\">\n\t\t\t<a class=\"pretty-pdf-link-inner pdf\" href=\"https:\/\/www.slcs.ca\/app\/uploads\/2019\/07\/Annual-Report-2018-2019.pdf\" target=\"_blank\" title=\"2018-19 Annual Report\">\n\t\t\t\t<h4 class=\"pretty-pdf-text\">Rapport annuel 2018-2019 (anglais)<\/h4>\n\t\t\t\t<div class=\"pretty-pdf-download-container\">\n\t\t\t\t\t<span class=\"pretty-pdf-download btn-link\">T\u00e9l\u00e9charger le PDF<\/span>\n\t\t\t\t\t\t\t\t\t\t\t\t\t\t\t\t<span class=\"pretty-pdf-file-size\">744.15 Kb<\/span>\n\t\t\t\t\t\t\t\t\t<\/div>\n\t\t\t<\/a>\n\t\t<\/div>\n\t<\/div>\n\t<div class=\"text-center\">\n\t\t<div class=\"pretty-pdf-link-container\">\n\t\t\t<a class=\"pretty-pdf-link-inner pdf\" href=\"https:\/\/www.slcs.ca\/app\/uploads\/2019\/07\/Audited-Financial-Statements-2018-19.pdf\" target=\"_blank\" title=\"2018-19 Audited Financial Statements\">\n\t\t\t\t<h4 class=\"pretty-pdf-text\">\u00c9tats financiers v\u00e9rifi\u00e9s 2018-2019 (anglais)<\/h4>\n\t\t\t\t<div class=\"pretty-pdf-download-container\">\n\t\t\t\t\t<span class=\"pretty-pdf-download btn-link\">T\u00e9l\u00e9charger le PDF<\/span>\n\t\t\t\t\t\t\t\t\t\t\t\t\t\t\t\t<span class=\"pretty-pdf-file-size\">2.3 Mb<\/span>\n\t\t\t\t\t\t\t\t\t<\/div>\n\t\t\t<\/a>\n\t\t<\/div>\n\t<\/div>\n\t<div class=\"text-center\">\n\t\t<div class=\"pretty-pdf-link-container\">\n\t\t\t<a class=\"pretty-pdf-link-inner pdf\" href=\"https:\/\/www.slcs.ca\/app\/uploads\/2020\/08\/St.-Leonards-Society-of-London-2020-Financial-Statements.pdf\" target=\"_blank\" title=\"2090-20 Audited Financial Statements\">\n\t\t\t\t<h4 class=\"pretty-pdf-text\">\u00c9tats financiers v\u00e9rifi\u00e9s 2019-2020 (anglais)<\/h4>\n\t\t\t\t<div class=\"pretty-pdf-download-container\">\n\t\t\t\t\t<span class=\"pretty-pdf-download btn-link\">T\u00e9l\u00e9charger le PDF<\/span>\n\t\t\t\t\t\t\t\t\t\t\t\t\t\t\t\t<span class=\"pretty-pdf-file-size\">296.41 Kb<\/span>\n\t\t\t\t\t\t\t\t\t<\/div>\n\t\t\t<\/a>\n\t\t<\/div>\n\t<\/div>\n\t<div class=\"text-center\">\n\t\t<div class=\"pretty-pdf-link-container\">\n\t\t\t<a class=\"pretty-pdf-link-inner pdf\" href=\"https:\/\/www.slcs.ca\/app\/uploads\/2021\/06\/2020-21-Audited-Financial-Statements-2.pdf\" target=\"_blank\" title=\"2020-21 Audited Financial Statements\">\n\t\t\t\t<h4 class=\"pretty-pdf-text\">\u00c9tats financiers v\u00e9rifi\u00e9s 2020-21 (anglais)<\/h4>\n\t\t\t\t<div class=\"pretty-pdf-download-container\">\n\t\t\t\t\t<span class=\"pretty-pdf-download btn-link\">T\u00e9l\u00e9charger le PDF<\/span>\n\t\t\t\t\t\t\t\t\t\t\t\t\t\t<\/div>\n\t\t\t<\/a>\n\t\t<\/div>\n\t<\/div>\n\t<div class=\"text-center\">\n\t\t<div class=\"pretty-pdf-link-container\">\n\t\t\t<a class=\"pretty-pdf-link-inner pdf\" href=\"https:\/\/www.slcs.ca\/app\/uploads\/2022\/06\/2021-22-Audited-Financial-Statements.pdf\" target=\"_blank\" title=\"2021-22 Audited Financial Statements\">\n\t\t\t\t<h4 class=\"pretty-pdf-text\">\u00c9tats financiers v\u00e9rifi\u00e9s 2021-22 (anglais)<\/h4>\n\t\t\t\t<div class=\"pretty-pdf-download-container\">\n\t\t\t\t\t<span class=\"pretty-pdf-download btn-link\">T\u00e9l\u00e9charger le PDF<\/span>\n\t\t\t\t\t\t\t\t\t\t\t\t\t\t\t\t<span class=\"pretty-pdf-file-size\">290.32 Kb<\/span>\n\t\t\t\t\t\t\t\t\t<\/div>\n\t\t\t<\/a>\n\t\t<\/div>\n\t<\/div>\n\t<div class=\"text-center\">\n\t\t<div class=\"pretty-pdf-link-container\">\n\t\t\t<a class=\"pretty-pdf-link-inner pdf\" href=\"https:\/\/www.slcs.ca\/app\/uploads\/2023\/06\/2022-2023-St.-Leonards-Audited-Financial-Statements.pdf\" target=\"_blank\" title=\"2022-23 Audited Financial Statements\">\n\t\t\t\t<h4 class=\"pretty-pdf-text\">\u00c9tats financiers v\u00e9rifi\u00e9s 2022-23 (anglais)<\/h4>\n\t\t\t\t<div class=\"pretty-pdf-download-container\">\n\t\t\t\t\t<span class=\"pretty-pdf-download btn-link\">T\u00e9l\u00e9charger le PDF<\/span>\n\t\t\t\t\t\t\t\t\t\t\t\t\t\t\t\t<span class=\"pretty-pdf-file-size\">328.92 Kb<\/span>\n\t\t\t\t\t\t\t\t\t<\/div>\n\t\t\t<\/a>\n\t\t<\/div>\n\t<\/div>\n\t<div class=\"text-center\">\n\t\t<div class=\"pretty-pdf-link-container\">\n\t\t\t<a class=\"pretty-pdf-link-inner pdf\" href=\"https:\/\/www.slcs.ca\/app\/uploads\/2024\/06\/2024-Financial-Statements.pdf\" target=\"_blank\" title=\"2023-24 Audited Financial Statements\">\n\t\t\t\t<h4 class=\"pretty-pdf-text\">\u00c9tats financiers v\u00e9rifi\u00e9s 2023-24 (anglais)<\/h4>\n\t\t\t\t<div class=\"pretty-pdf-download-container\">\n\t\t\t\t\t<span class=\"pretty-pdf-download btn-link\">T\u00e9l\u00e9charger le PDF<\/span>\n\t\t\t\t\t\t\t\t\t\t\t\t\t\t\t\t<span class=\"pretty-pdf-file-size\">187.73 Kb<\/span>\n\t\t\t\t\t\t\t\t\t<\/div>\n\t\t\t<\/a>\n\t\t<\/div>\n\t<\/div>\n\t<div class=\"text-center\">\n\t\t<div class=\"pretty-pdf-link-container\">\n\t\t\t<a class=\"pretty-pdf-link-inner pdf\" href=\"https:\/\/www.slcs.ca\/app\/uploads\/2025\/06\/2024-2025-St.-Leonards-Audited-Financial-Statements.pdf\" target=\"_blank\" title=\"2024-25 Audited Financial Statements\">\n\t\t\t\t<h4 class=\"pretty-pdf-text\">\u00c9tats financiers v\u00e9rifi\u00e9s 2024-25 (anglais)<\/h4>\n\t\t\t\t<div class=\"pretty-pdf-download-container\">\n\t\t\t\t\t<span class=\"pretty-pdf-download btn-link\">T\u00e9l\u00e9charger le PDF<\/span>\n\t\t\t\t\t\t\t\t\t\t\t\t\t\t\t\t<span class=\"pretty-pdf-file-size\">398.85 Kb<\/span>\n\t\t\t\t\t\t\t\t\t<\/div>\n\t\t\t<\/a>\n\t\t<\/div>\n\t<\/div>\n\t<div class=\"text-center\">\n\t\t<div class=\"pretty-pdf-link-container\">\n\t\t\t<a class=\"pretty-pdf-link-inner pdf\" href=\"https:\/\/www.slcs.ca\/app\/uploads\/2023\/12\/2023-12-19-Multi-Year-Accessibility-Plan-1.pdf\" target=\"_blank\" title=\"Plan d\u2019accessibilit\u00e9 pluriannuel\">\n\t\t\t\t<h4 class=\"pretty-pdf-text\">2023 plan d\u2019accessibilit\u00e9 pluriannuel<\/h4>\n\t\t\t\t<div class=\"pretty-pdf-download-container\">\n\t\t\t\t\t<span class=\"pretty-pdf-download btn-link\">T\u00e9l\u00e9charger le PDF<\/span>\n\t\t\t\t\t\t\t\t\t\t\t\t\t\t\t\t<span class=\"pretty-pdf-file-size\">126.42 Kb<\/span>\n\t\t\t\t\t\t\t\t\t<\/div>\n\t\t\t<\/a>\n\t\t<\/div>\n\t<\/div>\n[\/pretty_pdf_link_container][\/vc_column][\/vc_row]<\/p>\n<\/div>","protected":false},"excerpt":{"rendered":"<p>[vc_row][vc_column][basic_container container_size=&#8221;container container-narrow&#8221;][vc_column_text]Les services communautaires de St. Leonard s\u2019engagent \u00e0 atteindre le plus haut niveau de performance, de transparence et de responsabilit\u00e9 dans tout ce que nous faisons. Nous croyons que nous sommes responsables de nos d\u00e9cisions, actions et r\u00e9sultats. &hellip; [&#8230;]<\/p>\n","protected":false},"author":1,"featured_media":413,"parent":0,"menu_order":0,"comment_status":"closed","ping_status":"closed","template":"","meta":{"_acf_changed":false,"footnotes":""},"class_list":["post-683","page","type-page","status-publish","has-post-thumbnail","hentry"],"acf":[],"yoast_head":"<!-- This site is optimized with the Yoast SEO plugin v24.9 - https:\/\/yoast.com\/wordpress\/plugins\/seo\/ -->\n<title>Notre responsabilit\u00e9 | St. Leonard&#039;s Community Services London and Region<\/title>\n<meta name=\"robots\" content=\"index, follow, max-snippet:-1, max-image-preview:large, max-video-preview:-1\" \/>\n<link rel=\"canonical\" href=\"https:\/\/www.slcs.ca\/fr\/notre-responsabilite\/\" \/>\n<meta property=\"og:locale\" content=\"fr_FR\" \/>\n<meta property=\"og:type\" content=\"article\" \/>\n<meta property=\"og:title\" content=\"Notre responsabilit\u00e9 | St. Leonard&#039;s Community Services London and Region\" \/>\n<meta property=\"og:description\" content=\"[vc_row][vc_column][basic_container container_size=&#8221;container container-narrow&#8221;][vc_column_text]Les services communautaires de St. Leonard s\u2019engagent \u00e0 atteindre le plus haut niveau de performance, de transparence et de responsabilit\u00e9 dans tout ce que nous faisons. Nous croyons que nous sommes responsables de nos d\u00e9cisions, actions et r\u00e9sultats. &hellip; [...]\" \/>\n<meta property=\"og:url\" content=\"https:\/\/www.slcs.ca\/fr\/notre-responsabilite\/\" \/>\n<meta property=\"og:site_name\" content=\"St. Leonard&#039;s Community Services London and Region\" \/>\n<meta property=\"article:publisher\" content=\"https:\/\/www.facebook.com\/SLCSLondon\" \/>\n<meta property=\"article:modified_time\" content=\"2025-06-25T18:39:53+00:00\" \/>\n<meta property=\"og:image\" content=\"https:\/\/www.slcs.ca\/app\/uploads\/2019\/07\/SLCS-Logo-from-TIF.png\" \/>\n\t<meta property=\"og:image:width\" content=\"1440\" \/>\n\t<meta property=\"og:image:height\" content=\"480\" \/>\n\t<meta property=\"og:image:type\" content=\"image\/jpeg\" \/>\n<meta name=\"twitter:card\" content=\"summary_large_image\" \/>\n<meta name=\"twitter:image\" content=\"https:\/\/www.slcs.ca\/app\/uploads\/2019\/07\/SLCS-Logo-from-TIF.png\" \/>\n<meta name=\"twitter:site\" content=\"@SLCS_London\" \/>\n<meta name=\"twitter:label1\" content=\"Est. reading time\" \/>\n\t<meta name=\"twitter:data1\" content=\"2 minutes\" \/>\n<script type=\"application\/ld+json\" class=\"yoast-schema-graph\">{\"@context\":\"https:\/\/schema.org\",\"@graph\":[{\"@type\":\"WebPage\",\"@id\":\"https:\/\/www.slcs.ca\/fr\/notre-responsabilite\/\",\"url\":\"https:\/\/www.slcs.ca\/fr\/notre-responsabilite\/\",\"name\":\"Notre responsabilit\u00e9 | St. Leonard&#039;s Community Services London and Region\",\"isPartOf\":{\"@id\":\"https:\/\/www.slcs.ca\/#website\"},\"primaryImageOfPage\":{\"@id\":\"https:\/\/www.slcs.ca\/fr\/notre-responsabilite\/#primaryimage\"},\"image\":{\"@id\":\"https:\/\/www.slcs.ca\/fr\/notre-responsabilite\/#primaryimage\"},\"thumbnailUrl\":\"https:\/\/www.slcs.ca\/app\/uploads\/2019\/06\/Banner_5_-_grey.jpg\",\"datePublished\":\"2019-08-15T16:32:55+00:00\",\"dateModified\":\"2025-06-25T18:39:53+00:00\",\"breadcrumb\":{\"@id\":\"https:\/\/www.slcs.ca\/fr\/notre-responsabilite\/#breadcrumb\"},\"inLanguage\":\"fr-FR\",\"potentialAction\":[{\"@type\":\"ReadAction\",\"target\":[\"https:\/\/www.slcs.ca\/fr\/notre-responsabilite\/\"]}]},{\"@type\":\"ImageObject\",\"inLanguage\":\"fr-FR\",\"@id\":\"https:\/\/www.slcs.ca\/fr\/notre-responsabilite\/#primaryimage\",\"url\":\"https:\/\/www.slcs.ca\/app\/uploads\/2019\/06\/Banner_5_-_grey.jpg\",\"contentUrl\":\"https:\/\/www.slcs.ca\/app\/uploads\/2019\/06\/Banner_5_-_grey.jpg\",\"width\":1440,\"height\":480},{\"@type\":\"BreadcrumbList\",\"@id\":\"https:\/\/www.slcs.ca\/fr\/notre-responsabilite\/#breadcrumb\",\"itemListElement\":[{\"@type\":\"ListItem\",\"position\":1,\"name\":\"Accueil\",\"item\":\"https:\/\/www.slcs.ca\/fr\/\"},{\"@type\":\"ListItem\",\"position\":2,\"name\":\"Notre responsabilit\u00e9\"}]},{\"@type\":\"WebSite\",\"@id\":\"https:\/\/www.slcs.ca\/#website\",\"url\":\"https:\/\/www.slcs.ca\/\",\"name\":\"St. Leonard's Community Services - London and Region\",\"description\":\"\",\"publisher\":{\"@id\":\"https:\/\/www.slcs.ca\/#organization\"},\"potentialAction\":[{\"@type\":\"SearchAction\",\"target\":{\"@type\":\"EntryPoint\",\"urlTemplate\":\"https:\/\/www.slcs.ca\/?s={search_term_string}\"},\"query-input\":{\"@type\":\"PropertyValueSpecification\",\"valueRequired\":true,\"valueName\":\"search_term_string\"}}],\"inLanguage\":\"fr-FR\"},{\"@type\":\"Organization\",\"@id\":\"https:\/\/www.slcs.ca\/#organization\",\"name\":\"St. Leonard's Community Services\",\"url\":\"https:\/\/www.slcs.ca\/\",\"logo\":{\"@type\":\"ImageObject\",\"inLanguage\":\"fr-FR\",\"@id\":\"https:\/\/www.slcs.ca\/#\/schema\/logo\/image\/\",\"url\":\"https:\/\/www.slcs.ca\/wp\/wp-admin\/admin-ajax.php?action=resource_download&attachment=979\",\"contentUrl\":\"https:\/\/www.slcs.ca\/wp\/wp-admin\/admin-ajax.php?action=resource_download&attachment=979\",\"width\":1262,\"height\":379,\"caption\":\"St. Leonard's Community Services\"},\"image\":{\"@id\":\"https:\/\/www.slcs.ca\/#\/schema\/logo\/image\/\"},\"sameAs\":[\"https:\/\/www.facebook.com\/SLCSLondon\",\"https:\/\/x.com\/SLCS_London\",\"https:\/\/www.instagram.com\/slcs_london\/\",\"https:\/\/www.linkedin.com\/company\/stleonards\/\",\"https:\/\/www.youtube.com\/channel\/UCt7U9N39GYGV21XP2d9lXUg\"]}]}<\/script>\n<!-- \/ Yoast SEO plugin. -->","yoast_head_json":{"title":"Notre responsabilit\u00e9 | St. Leonard&#039;s Community Services London and Region","robots":{"index":"index","follow":"follow","max-snippet":"max-snippet:-1","max-image-preview":"max-image-preview:large","max-video-preview":"max-video-preview:-1"},"canonical":"https:\/\/www.slcs.ca\/fr\/notre-responsabilite\/","og_locale":"fr_FR","og_type":"article","og_title":"Notre responsabilit\u00e9 | St. Leonard&#039;s Community Services London and Region","og_description":"[vc_row][vc_column][basic_container container_size=&#8221;container container-narrow&#8221;][vc_column_text]Les services communautaires de St. Leonard s\u2019engagent \u00e0 atteindre le plus haut niveau de performance, de transparence et de responsabilit\u00e9 dans tout ce que nous faisons. Nous croyons que nous sommes responsables de nos d\u00e9cisions, actions et r\u00e9sultats. &hellip; [...]","og_url":"https:\/\/www.slcs.ca\/fr\/notre-responsabilite\/","og_site_name":"St. Leonard&#039;s Community Services London and Region","article_publisher":"https:\/\/www.facebook.com\/SLCSLondon","article_modified_time":"2025-06-25T18:39:53+00:00","og_image":[{"width":1440,"height":480,"url":"https:\/\/www.slcs.ca\/app\/uploads\/2019\/07\/SLCS-Logo-from-TIF.png","type":"image\/jpeg"}],"twitter_card":"summary_large_image","twitter_image":"https:\/\/www.slcs.ca\/app\/uploads\/2019\/07\/SLCS-Logo-from-TIF.png","twitter_site":"@SLCS_London","twitter_misc":{"Est. reading time":"2 minutes"},"schema":{"@context":"https:\/\/schema.org","@graph":[{"@type":"WebPage","@id":"https:\/\/www.slcs.ca\/fr\/notre-responsabilite\/","url":"https:\/\/www.slcs.ca\/fr\/notre-responsabilite\/","name":"Notre responsabilit\u00e9 | St. Leonard&#039;s Community Services London and Region","isPartOf":{"@id":"https:\/\/www.slcs.ca\/#website"},"primaryImageOfPage":{"@id":"https:\/\/www.slcs.ca\/fr\/notre-responsabilite\/#primaryimage"},"image":{"@id":"https:\/\/www.slcs.ca\/fr\/notre-responsabilite\/#primaryimage"},"thumbnailUrl":"https:\/\/www.slcs.ca\/app\/uploads\/2019\/06\/Banner_5_-_grey.jpg","datePublished":"2019-08-15T16:32:55+00:00","dateModified":"2025-06-25T18:39:53+00:00","breadcrumb":{"@id":"https:\/\/www.slcs.ca\/fr\/notre-responsabilite\/#breadcrumb"},"inLanguage":"fr-FR","potentialAction":[{"@type":"ReadAction","target":["https:\/\/www.slcs.ca\/fr\/notre-responsabilite\/"]}]},{"@type":"ImageObject","inLanguage":"fr-FR","@id":"https:\/\/www.slcs.ca\/fr\/notre-responsabilite\/#primaryimage","url":"https:\/\/www.slcs.ca\/app\/uploads\/2019\/06\/Banner_5_-_grey.jpg","contentUrl":"https:\/\/www.slcs.ca\/app\/uploads\/2019\/06\/Banner_5_-_grey.jpg","width":1440,"height":480},{"@type":"BreadcrumbList","@id":"https:\/\/www.slcs.ca\/fr\/notre-responsabilite\/#breadcrumb","itemListElement":[{"@type":"ListItem","position":1,"name":"Accueil","item":"https:\/\/www.slcs.ca\/fr\/"},{"@type":"ListItem","position":2,"name":"Notre responsabilit\u00e9"}]},{"@type":"WebSite","@id":"https:\/\/www.slcs.ca\/#website","url":"https:\/\/www.slcs.ca\/","name":"St. Leonard's Community Services - London and Region","description":"","publisher":{"@id":"https:\/\/www.slcs.ca\/#organization"},"potentialAction":[{"@type":"SearchAction","target":{"@type":"EntryPoint","urlTemplate":"https:\/\/www.slcs.ca\/?s={search_term_string}"},"query-input":{"@type":"PropertyValueSpecification","valueRequired":true,"valueName":"search_term_string"}}],"inLanguage":"fr-FR"},{"@type":"Organization","@id":"https:\/\/www.slcs.ca\/#organization","name":"St. Leonard's Community Services","url":"https:\/\/www.slcs.ca\/","logo":{"@type":"ImageObject","inLanguage":"fr-FR","@id":"https:\/\/www.slcs.ca\/#\/schema\/logo\/image\/","url":"https:\/\/www.slcs.ca\/wp\/wp-admin\/admin-ajax.php?action=resource_download&attachment=979","contentUrl":"https:\/\/www.slcs.ca\/wp\/wp-admin\/admin-ajax.php?action=resource_download&attachment=979","width":1262,"height":379,"caption":"St. Leonard's Community Services"},"image":{"@id":"https:\/\/www.slcs.ca\/#\/schema\/logo\/image\/"},"sameAs":["https:\/\/www.facebook.com\/SLCSLondon","https:\/\/x.com\/SLCS_London","https:\/\/www.instagram.com\/slcs_london\/","https:\/\/www.linkedin.com\/company\/stleonards\/","https:\/\/www.youtube.com\/channel\/UCt7U9N39GYGV21XP2d9lXUg"]}]}},"_links":{"self":[{"href":"https:\/\/www.slcs.ca\/fr\/wp-json\/wp\/v2\/pages\/683","targetHints":{"allow":["GET"]}}],"collection":[{"href":"https:\/\/www.slcs.ca\/fr\/wp-json\/wp\/v2\/pages"}],"about":[{"href":"https:\/\/www.slcs.ca\/fr\/wp-json\/wp\/v2\/types\/page"}],"author":[{"embeddable":true,"href":"https:\/\/www.slcs.ca\/fr\/wp-json\/wp\/v2\/users\/1"}],"replies":[{"embeddable":true,"href":"https:\/\/www.slcs.ca\/fr\/wp-json\/wp\/v2\/comments?post=683"}],"version-history":[{"count":26,"href":"https:\/\/www.slcs.ca\/fr\/wp-json\/wp\/v2\/pages\/683\/revisions"}],"predecessor-version":[{"id":4391,"href":"https:\/\/www.slcs.ca\/fr\/wp-json\/wp\/v2\/pages\/683\/revisions\/4391"}],"wp:featuredmedia":[{"embeddable":true,"href":"https:\/\/www.slcs.ca\/fr\/wp-json\/wp\/v2\/media\/413"}],"wp:attachment":[{"href":"https:\/\/www.slcs.ca\/fr\/wp-json\/wp\/v2\/media?parent=683"}],"curies":[{"name":"wp","href":"https:\/\/api.w.org\/{rel}","templated":true}]}}