{"id":750,"date":"2019-09-05T19:09:01","date_gmt":"2019-09-05T19:09:01","guid":{"rendered":"https:\/\/www.slcs.ca\/nouvelles\/"},"modified":"2019-09-05T19:09:01","modified_gmt":"2019-09-05T19:09:01","slug":"nouvelles","status":"publish","type":"page","link":"https:\/\/www.slcs.ca\/fr\/nouvelles\/","title":{"rendered":"Nouvelles"},"content":{"rendered":"<div class=\"wpb-content-wrapper\"><p>[vc_row][vc_column][basic_container container_size=&#8221;container container-narrow&#8221;][vc_column_text css=&#8221;.vc_custom_1565614705269{border-top-width: -50px !important;padding-top: -50px !important}&#8221;]Saint-L\u00e9onard f\u00eate son 50\u00e8me anniversaire ![\/vc_column_text][\/basic_container][\/vc_column][\/vc_row][vc_row][vc_column][basic_container]<div class=\"templatera_shortcode\"><div class=\"vc_row wpb_row vc_row-fluid\"><div class=\"wpb_column vc_column_container vc_col-sm-12\"><div class=\"vc_column-inner\"><div class=\"wpb_wrapper\"><div class=\"row\">\n\t<div class=\"stats-container background-image-loading center  transparent \" >\n\t\t<div class=\"gradient-bg\"><\/div>\n\t\t<div class=\"stats-overlay none\"><\/div>\n\t\t<div class=\"stats-inner\">\n\t\t\t<div class=\"stats-container-content container\">\n\t\t\t\t\t\t\t\t\t<h2 class=\"stats-heading\">St. Leonard\u2019s Community Impact<\/h2>\n\t\t\t\t\t\t\t\t\t\t\t<\/div>\n\t\t\t<div class=\"stats-row\">\n\t\t\t\t<div class=\"stats\">\n\t\t\t\t\t<ul class=\"stats-list\">\n\t\t\t\t\t\t<li class=\"stats-item align-cener\">\n\t<div class=\"content stat-item-content\">\n\t\t\t\t\t<span class=\"stat-item-icon icon icon-people\"><\/span>\n\t\t\t\t\t\t\t<div class=\"stat-item-text\"><p>Over<strong> 6,500<\/strong> people helped in the last year<\/p><\/div>\n\t\t\t<\/div>\n<\/li>\n<li class=\"stats-item align-cener\">\n\t<div class=\"content stat-item-content\">\n\t\t\t\t\t<span class=\"stat-item-icon icon icon-helping-people\"><\/span>\n\t\t\t\t\t\t\t<div class=\"stat-item-text\"><p>Over <strong>55 years<\/strong> serving our community<\/p><\/div>\n\t\t\t<\/div>\n<\/li>\n<li class=\"stats-item align-cener\">\n\t<div class=\"content stat-item-content\">\n\t\t\t\t\t<span class=\"stat-item-icon icon icon-homes\"><\/span>\n\t\t\t\t\t\t\t<div class=\"stat-item-text\"><p><strong>4<\/strong> Residential Homes for Adults<\/p><\/div>\n\t\t\t<\/div>\n<\/li>\n<li class=\"stats-item align-cener\">\n\t<div class=\"content stat-item-content\">\n\t\t\t\t\t<span class=\"stat-item-icon icon icon-programs\"><\/span>\n\t\t\t\t\t\t\t<div class=\"stat-item-text\"><p>More than <strong>20<\/strong> Programs for Youth and Adults<\/p><\/div>\n\t\t\t<\/div>\n<\/li>\n<li class=\"stats-item align-cener\">\n\t<div class=\"content stat-item-content\">\n\t\t\t\t\t<span class=\"stat-item-icon icon icon-funds\"><\/span>\n\t\t\t\t\t\t\t<div class=\"stat-item-text\"><p>Over<strong> 90%<\/strong> of funds go to direct program delivery<\/p><\/div>\n\t\t\t<\/div>\n<\/li>\n\n\t\t\t\t\t<\/ul>\n\t\t\t\t<\/div>\n\t\t\t<\/div>\n\t\t<\/div>\n\t<\/div>\n<\/div>\n<div class=\"decorative-illustration \">\n\t<span class=\"decoration decoration-hr align-top-left bg-green\"><\/span>\n<\/div>\n<\/div><\/div><\/div><\/div><\/div>[\/basic_container][\/vc_column][\/vc_row]<\/p>\n<\/div>","protected":false},"excerpt":{"rendered":"Saint-L\u00e9onard f\u00eate son 50\u00e8me anniversaire ! St. Leonard\u2019s Community Impact Over 6,500 people helped in the last year Over 55 years serving our community 4 Residential Homes for Adults More than 20 Programs for Youth and Adults Over 90% of funds go to direct program delivery","protected":false},"author":1,"featured_media":413,"parent":0,"menu_order":380,"comment_status":"closed","ping_status":"closed","template":"","meta":{"_acf_changed":false,"footnotes":""},"class_list":["post-750","page","type-page","status-publish","has-post-thumbnail","hentry"],"acf":[],"yoast_head":"<!-- This site is optimized with the Yoast SEO plugin v24.9 - https:\/\/yoast.com\/wordpress\/plugins\/seo\/ -->\n<title>Nouvelles | St. Leonard&#039;s Community Services London and Region<\/title>\n<meta name=\"robots\" content=\"index, follow, max-snippet:-1, max-image-preview:large, max-video-preview:-1\" \/>\n<link rel=\"canonical\" href=\"https:\/\/www.slcs.ca\/news\/\" \/>\n<meta property=\"og:locale\" content=\"fr_FR\" \/>\n<meta property=\"og:type\" content=\"article\" \/>\n<meta property=\"og:title\" content=\"Nouvelles | St. Leonard&#039;s Community Services London and Region\" \/>\n<meta property=\"og:url\" content=\"https:\/\/www.slcs.ca\/news\/\" \/>\n<meta property=\"og:site_name\" content=\"St. Leonard&#039;s Community Services London and Region\" \/>\n<meta property=\"article:publisher\" content=\"https:\/\/www.facebook.com\/SLCSLondon\" \/>\n<meta property=\"og:image\" content=\"https:\/\/www.slcs.ca\/app\/uploads\/2019\/07\/SLCS-Logo-from-TIF.png\" \/>\n\t<meta property=\"og:image:width\" content=\"1440\" \/>\n\t<meta property=\"og:image:height\" content=\"480\" \/>\n\t<meta property=\"og:image:type\" content=\"image\/jpeg\" \/>\n<meta name=\"twitter:card\" content=\"summary_large_image\" \/>\n<meta name=\"twitter:image\" content=\"https:\/\/www.slcs.ca\/app\/uploads\/2019\/07\/SLCS-Logo-from-TIF.png\" \/>\n<meta name=\"twitter:site\" content=\"@SLCS_London\" \/>\n<script type=\"application\/ld+json\" class=\"yoast-schema-graph\">{\"@context\":\"https:\/\/schema.org\",\"@graph\":[{\"@type\":\"WebPage\",\"@id\":\"https:\/\/www.slcs.ca\/news\/\",\"url\":\"https:\/\/www.slcs.ca\/news\/\",\"name\":\"Nouvelles | St. Leonard&#039;s Community Services London and Region\",\"isPartOf\":{\"@id\":\"https:\/\/www.slcs.ca\/#website\"},\"primaryImageOfPage\":{\"@id\":\"https:\/\/www.slcs.ca\/news\/#primaryimage\"},\"image\":{\"@id\":\"https:\/\/www.slcs.ca\/news\/#primaryimage\"},\"thumbnailUrl\":\"https:\/\/www.slcs.ca\/app\/uploads\/2019\/06\/Banner_5_-_grey.jpg\",\"datePublished\":\"2019-09-05T19:09:01+00:00\",\"breadcrumb\":{\"@id\":\"https:\/\/www.slcs.ca\/news\/#breadcrumb\"},\"inLanguage\":\"fr-FR\",\"potentialAction\":[{\"@type\":\"ReadAction\",\"target\":[\"https:\/\/www.slcs.ca\/news\/\"]}]},{\"@type\":\"ImageObject\",\"inLanguage\":\"fr-FR\",\"@id\":\"https:\/\/www.slcs.ca\/news\/#primaryimage\",\"url\":\"https:\/\/www.slcs.ca\/app\/uploads\/2019\/06\/Banner_5_-_grey.jpg\",\"contentUrl\":\"https:\/\/www.slcs.ca\/app\/uploads\/2019\/06\/Banner_5_-_grey.jpg\",\"width\":1440,\"height\":480},{\"@type\":\"BreadcrumbList\",\"@id\":\"https:\/\/www.slcs.ca\/news\/#breadcrumb\",\"itemListElement\":[{\"@type\":\"ListItem\",\"position\":1,\"name\":\"Accueil\",\"item\":\"https:\/\/www.slcs.ca\/fr\/\"},{\"@type\":\"ListItem\",\"position\":2,\"name\":\"Nouvelles\"}]},{\"@type\":\"WebSite\",\"@id\":\"https:\/\/www.slcs.ca\/#website\",\"url\":\"https:\/\/www.slcs.ca\/\",\"name\":\"St. Leonard's Community Services - London and Region\",\"description\":\"\",\"publisher\":{\"@id\":\"https:\/\/www.slcs.ca\/#organization\"},\"potentialAction\":[{\"@type\":\"SearchAction\",\"target\":{\"@type\":\"EntryPoint\",\"urlTemplate\":\"https:\/\/www.slcs.ca\/?s={search_term_string}\"},\"query-input\":{\"@type\":\"PropertyValueSpecification\",\"valueRequired\":true,\"valueName\":\"search_term_string\"}}],\"inLanguage\":\"fr-FR\"},{\"@type\":\"Organization\",\"@id\":\"https:\/\/www.slcs.ca\/#organization\",\"name\":\"St. Leonard's Community Services\",\"url\":\"https:\/\/www.slcs.ca\/\",\"logo\":{\"@type\":\"ImageObject\",\"inLanguage\":\"fr-FR\",\"@id\":\"https:\/\/www.slcs.ca\/#\/schema\/logo\/image\/\",\"url\":\"https:\/\/www.slcs.ca\/wp\/wp-admin\/admin-ajax.php?action=resource_download&attachment=979\",\"contentUrl\":\"https:\/\/www.slcs.ca\/wp\/wp-admin\/admin-ajax.php?action=resource_download&attachment=979\",\"width\":1262,\"height\":379,\"caption\":\"St. Leonard's Community Services\"},\"image\":{\"@id\":\"https:\/\/www.slcs.ca\/#\/schema\/logo\/image\/\"},\"sameAs\":[\"https:\/\/www.facebook.com\/SLCSLondon\",\"https:\/\/x.com\/SLCS_London\",\"https:\/\/www.instagram.com\/slcs_london\/\",\"https:\/\/www.linkedin.com\/company\/stleonards\/\",\"https:\/\/www.youtube.com\/channel\/UCt7U9N39GYGV21XP2d9lXUg\"]}]}<\/script>\n<!-- \/ Yoast SEO plugin. -->","yoast_head_json":{"title":"Nouvelles | St. Leonard&#039;s Community Services London and Region","robots":{"index":"index","follow":"follow","max-snippet":"max-snippet:-1","max-image-preview":"max-image-preview:large","max-video-preview":"max-video-preview:-1"},"canonical":"https:\/\/www.slcs.ca\/news\/","og_locale":"fr_FR","og_type":"article","og_title":"Nouvelles | St. Leonard&#039;s Community Services London and Region","og_url":"https:\/\/www.slcs.ca\/news\/","og_site_name":"St. Leonard&#039;s Community Services London and Region","article_publisher":"https:\/\/www.facebook.com\/SLCSLondon","og_image":[{"width":1440,"height":480,"url":"https:\/\/www.slcs.ca\/app\/uploads\/2019\/07\/SLCS-Logo-from-TIF.png","type":"image\/jpeg"}],"twitter_card":"summary_large_image","twitter_image":"https:\/\/www.slcs.ca\/app\/uploads\/2019\/07\/SLCS-Logo-from-TIF.png","twitter_site":"@SLCS_London","schema":{"@context":"https:\/\/schema.org","@graph":[{"@type":"WebPage","@id":"https:\/\/www.slcs.ca\/news\/","url":"https:\/\/www.slcs.ca\/news\/","name":"Nouvelles | St. Leonard&#039;s Community Services London and Region","isPartOf":{"@id":"https:\/\/www.slcs.ca\/#website"},"primaryImageOfPage":{"@id":"https:\/\/www.slcs.ca\/news\/#primaryimage"},"image":{"@id":"https:\/\/www.slcs.ca\/news\/#primaryimage"},"thumbnailUrl":"https:\/\/www.slcs.ca\/app\/uploads\/2019\/06\/Banner_5_-_grey.jpg","datePublished":"2019-09-05T19:09:01+00:00","breadcrumb":{"@id":"https:\/\/www.slcs.ca\/news\/#breadcrumb"},"inLanguage":"fr-FR","potentialAction":[{"@type":"ReadAction","target":["https:\/\/www.slcs.ca\/news\/"]}]},{"@type":"ImageObject","inLanguage":"fr-FR","@id":"https:\/\/www.slcs.ca\/news\/#primaryimage","url":"https:\/\/www.slcs.ca\/app\/uploads\/2019\/06\/Banner_5_-_grey.jpg","contentUrl":"https:\/\/www.slcs.ca\/app\/uploads\/2019\/06\/Banner_5_-_grey.jpg","width":1440,"height":480},{"@type":"BreadcrumbList","@id":"https:\/\/www.slcs.ca\/news\/#breadcrumb","itemListElement":[{"@type":"ListItem","position":1,"name":"Accueil","item":"https:\/\/www.slcs.ca\/fr\/"},{"@type":"ListItem","position":2,"name":"Nouvelles"}]},{"@type":"WebSite","@id":"https:\/\/www.slcs.ca\/#website","url":"https:\/\/www.slcs.ca\/","name":"St. Leonard's Community Services - London and Region","description":"","publisher":{"@id":"https:\/\/www.slcs.ca\/#organization"},"potentialAction":[{"@type":"SearchAction","target":{"@type":"EntryPoint","urlTemplate":"https:\/\/www.slcs.ca\/?s={search_term_string}"},"query-input":{"@type":"PropertyValueSpecification","valueRequired":true,"valueName":"search_term_string"}}],"inLanguage":"fr-FR"},{"@type":"Organization","@id":"https:\/\/www.slcs.ca\/#organization","name":"St. Leonard's Community Services","url":"https:\/\/www.slcs.ca\/","logo":{"@type":"ImageObject","inLanguage":"fr-FR","@id":"https:\/\/www.slcs.ca\/#\/schema\/logo\/image\/","url":"https:\/\/www.slcs.ca\/wp\/wp-admin\/admin-ajax.php?action=resource_download&attachment=979","contentUrl":"https:\/\/www.slcs.ca\/wp\/wp-admin\/admin-ajax.php?action=resource_download&attachment=979","width":1262,"height":379,"caption":"St. Leonard's Community Services"},"image":{"@id":"https:\/\/www.slcs.ca\/#\/schema\/logo\/image\/"},"sameAs":["https:\/\/www.facebook.com\/SLCSLondon","https:\/\/x.com\/SLCS_London","https:\/\/www.instagram.com\/slcs_london\/","https:\/\/www.linkedin.com\/company\/stleonards\/","https:\/\/www.youtube.com\/channel\/UCt7U9N39GYGV21XP2d9lXUg"]}]}},"_links":{"self":[{"href":"https:\/\/www.slcs.ca\/fr\/wp-json\/wp\/v2\/pages\/750","targetHints":{"allow":["GET"]}}],"collection":[{"href":"https:\/\/www.slcs.ca\/fr\/wp-json\/wp\/v2\/pages"}],"about":[{"href":"https:\/\/www.slcs.ca\/fr\/wp-json\/wp\/v2\/types\/page"}],"author":[{"embeddable":true,"href":"https:\/\/www.slcs.ca\/fr\/wp-json\/wp\/v2\/users\/1"}],"replies":[{"embeddable":true,"href":"https:\/\/www.slcs.ca\/fr\/wp-json\/wp\/v2\/comments?post=750"}],"version-history":[{"count":0,"href":"https:\/\/www.slcs.ca\/fr\/wp-json\/wp\/v2\/pages\/750\/revisions"}],"wp:featuredmedia":[{"embeddable":true,"href":"https:\/\/www.slcs.ca\/fr\/wp-json\/wp\/v2\/media\/413"}],"wp:attachment":[{"href":"https:\/\/www.slcs.ca\/fr\/wp-json\/wp\/v2\/media?parent=750"}],"curies":[{"name":"wp","href":"https:\/\/api.w.org\/{rel}","templated":true}]}}