{"id":754,"date":"2019-09-06T11:15:51","date_gmt":"2019-09-06T11:15:51","guid":{"rendered":"https:\/\/www.slcs.ca\/logement-supervise-medico-legal\/"},"modified":"2021-05-12T11:06:26","modified_gmt":"2021-05-12T15:06:26","slug":"logement-supervise-medico-legal","status":"publish","type":"page","link":"https:\/\/www.slcs.ca\/fr\/logement-supervise-medico-legal\/","title":{"rendered":"Logement avec services de soutien"},"content":{"rendered":"<div class=\"wpb-content-wrapper\"><p>[vc_row][vc_column][basic_container container_size=&#8221;container container-narrow&#8221;][vc_column_text]St. Leonard&#8217;s offre deux programmes de logement avec services de soutien qui assurent la stabilit\u00e9 du logement et des soutiens sp\u00e9cialis\u00e9s pour favoriser le bien-\u00eatre et la s\u00e9curit\u00e9 dans et pour la communaut\u00e9, ainsi que des suppl\u00e9ments de loyer pour relever les d\u00e9fis li\u00e9s au march\u00e9 du logement. Les deux programmes propos\u00e9s sont :<\/p>\n<p><strong>LOGEMENT DE SOUTIEN M\u00c9DICO-L\u00c9GAL<\/strong><\/p>\n<p>Ce programme est con\u00e7u pour fournir un soutien aux personnes impliqu\u00e9es dans le syst\u00e8me de soins de sant\u00e9 mentale m\u00e9dico-l\u00e9gal.\u00a0 L&#8217;objectif est de les r\u00e9int\u00e9grer dans la communaut\u00e9 et de maintenir leur bien-\u00eatre et la stabilit\u00e9 de leur logement. Les soutiens offerts par ce programme comprennent :<\/p>\n<ul>\n<li>r\u00e9adaptation psychosociale<\/li>\n<li>soutien au logement<\/li>\n<li>plaidoyer, et<\/li>\n<li>suppl\u00e9ments de loyer.<\/li>\n<\/ul>\n<p>Les participants sont orient\u00e9s \u00e0 partir de programmes de logement de r\u00e9adaptation transitoire (TRHP), comme notre propre <a href=\"https:\/\/www.slcs.ca\/programs-services\/residential-programs\/ck-clarke\/\"><strong>CK Clarke Centre<\/strong><\/a>, ou le Southwest Center for Forensic Mental Health Care.<\/p>\n<p><strong>LOGEMENT AVEC SERVICES DE SOUTIEN M\u00c9DICO-L\u00c9GAL<\/strong><\/p>\n<p>Ce programme offre un soutien aux personnes aux prises avec des probl\u00e8mes de sant\u00e9 mentale et\/ou de toxicomanie et qui sont actuellement impliqu\u00e9s dans le syst\u00e8me judiciaire. L&#8217;objectif du programme est de stabiliser les participants dans la communaut\u00e9 de leur choix, en<\/p>\n<ul>\n<li>fournir un soutien \u00e0 la stabilit\u00e9 du logement<\/li>\n<li>plaidoyer<\/li>\n<li>orientation vers des partenaires communautaires, et<\/li>\n<li>un suppl\u00e9ment de loyer pour aider au paiement du loyer.<\/li>\n<\/ul>\n<p>Les orientations peuvent provenir directement de personnes \u00e9ligibles ou de partenaires communautaires soutenant des personnes qu&#8217;ils consid\u00e8rent \u00e9ligibles, y compris le tribunal de la sant\u00e9 mentale (tribunal th\u00e9rapeutique pour adultes), les programmes de mise en libert\u00e9, les agents de probation, les avocats et les programmes offrant la surveillance de la mise en libert\u00e9 sous caution.<\/p>\n<h3>CONTACTEZ-NOUS<\/h3>\n<p>Veuillez noter que les courriels sont surveill\u00e9s uniquement pendant les heures ouvrables.[\/vc_column_text][\/basic_container][\/vc_column][\/vc_row]<\/p>\n<\/div>","protected":false},"excerpt":{"rendered":"<p>[vc_row][vc_column][basic_container container_size=&#8221;container container-narrow&#8221;][vc_column_text]St. Leonard&#8217;s offre deux programmes de logement avec services de soutien qui assurent la stabilit\u00e9 du logement et des soutiens sp\u00e9cialis\u00e9s pour favoriser le bien-\u00eatre et la s\u00e9curit\u00e9 dans et pour la communaut\u00e9, ainsi que des suppl\u00e9ments de &hellip; [&#8230;]<\/p>\n","protected":false},"author":1,"featured_media":0,"parent":0,"menu_order":230,"comment_status":"closed","ping_status":"closed","template":"","meta":{"_acf_changed":false,"footnotes":""},"class_list":["post-754","page","type-page","status-publish","hentry"],"acf":[],"yoast_head":"<!-- This site is optimized with the Yoast SEO plugin v24.9 - https:\/\/yoast.com\/wordpress\/plugins\/seo\/ -->\n<title>Logement avec services de soutien | St. Leonard&#039;s Community Services London and Region<\/title>\n<meta name=\"robots\" content=\"index, follow, max-snippet:-1, max-image-preview:large, max-video-preview:-1\" \/>\n<link rel=\"canonical\" href=\"https:\/\/www.slcs.ca\/supportive-housing\/\" \/>\n<meta property=\"og:locale\" content=\"fr_FR\" \/>\n<meta property=\"og:type\" content=\"article\" \/>\n<meta property=\"og:title\" content=\"Logement avec services de soutien | St. Leonard&#039;s Community Services London and Region\" \/>\n<meta property=\"og:description\" content=\"[vc_row][vc_column][basic_container container_size=&#8221;container container-narrow&#8221;][vc_column_text]St. Leonard&#8217;s offre deux programmes de logement avec services de soutien qui assurent la stabilit\u00e9 du logement et des soutiens sp\u00e9cialis\u00e9s pour favoriser le bien-\u00eatre et la s\u00e9curit\u00e9 dans et pour la communaut\u00e9, ainsi que des suppl\u00e9ments de &hellip; [...]\" \/>\n<meta property=\"og:url\" content=\"https:\/\/www.slcs.ca\/supportive-housing\/\" \/>\n<meta property=\"og:site_name\" content=\"St. Leonard&#039;s Community Services London and Region\" \/>\n<meta property=\"article:publisher\" content=\"https:\/\/www.facebook.com\/SLCSLondon\" \/>\n<meta property=\"article:modified_time\" content=\"2021-05-12T15:06:26+00:00\" \/>\n<meta property=\"og:image\" content=\"https:\/\/www.slcs.ca\/app\/uploads\/2019\/07\/SLCS-Logo-from-TIF.png\" \/>\n\t<meta property=\"og:image:width\" content=\"1262\" \/>\n\t<meta property=\"og:image:height\" content=\"379\" \/>\n\t<meta property=\"og:image:type\" content=\"image\/png\" \/>\n<meta name=\"twitter:card\" content=\"summary_large_image\" \/>\n<meta name=\"twitter:image\" content=\"https:\/\/www.slcs.ca\/app\/uploads\/2019\/07\/SLCS-Logo-from-TIF.png\" \/>\n<meta name=\"twitter:site\" content=\"@SLCS_London\" \/>\n<meta name=\"twitter:label1\" content=\"Est. reading time\" \/>\n\t<meta name=\"twitter:data1\" content=\"2 minutes\" \/>\n<script type=\"application\/ld+json\" class=\"yoast-schema-graph\">{\"@context\":\"https:\/\/schema.org\",\"@graph\":[{\"@type\":\"WebPage\",\"@id\":\"https:\/\/www.slcs.ca\/supportive-housing\/\",\"url\":\"https:\/\/www.slcs.ca\/supportive-housing\/\",\"name\":\"Logement avec services de soutien | St. Leonard&#039;s Community Services London and Region\",\"isPartOf\":{\"@id\":\"https:\/\/www.slcs.ca\/#website\"},\"datePublished\":\"2019-09-06T11:15:51+00:00\",\"dateModified\":\"2021-05-12T15:06:26+00:00\",\"breadcrumb\":{\"@id\":\"https:\/\/www.slcs.ca\/supportive-housing\/#breadcrumb\"},\"inLanguage\":\"fr-FR\",\"potentialAction\":[{\"@type\":\"ReadAction\",\"target\":[\"https:\/\/www.slcs.ca\/supportive-housing\/\"]}]},{\"@type\":\"BreadcrumbList\",\"@id\":\"https:\/\/www.slcs.ca\/supportive-housing\/#breadcrumb\",\"itemListElement\":[{\"@type\":\"ListItem\",\"position\":1,\"name\":\"Accueil\",\"item\":\"https:\/\/www.slcs.ca\/fr\/\"},{\"@type\":\"ListItem\",\"position\":2,\"name\":\"Logement avec services de soutien\"}]},{\"@type\":\"WebSite\",\"@id\":\"https:\/\/www.slcs.ca\/#website\",\"url\":\"https:\/\/www.slcs.ca\/\",\"name\":\"St. Leonard's Community Services - London and Region\",\"description\":\"\",\"publisher\":{\"@id\":\"https:\/\/www.slcs.ca\/#organization\"},\"potentialAction\":[{\"@type\":\"SearchAction\",\"target\":{\"@type\":\"EntryPoint\",\"urlTemplate\":\"https:\/\/www.slcs.ca\/?s={search_term_string}\"},\"query-input\":{\"@type\":\"PropertyValueSpecification\",\"valueRequired\":true,\"valueName\":\"search_term_string\"}}],\"inLanguage\":\"fr-FR\"},{\"@type\":\"Organization\",\"@id\":\"https:\/\/www.slcs.ca\/#organization\",\"name\":\"St. Leonard's Community Services\",\"url\":\"https:\/\/www.slcs.ca\/\",\"logo\":{\"@type\":\"ImageObject\",\"inLanguage\":\"fr-FR\",\"@id\":\"https:\/\/www.slcs.ca\/#\/schema\/logo\/image\/\",\"url\":\"https:\/\/www.slcs.ca\/wp\/wp-admin\/admin-ajax.php?action=resource_download&attachment=979\",\"contentUrl\":\"https:\/\/www.slcs.ca\/wp\/wp-admin\/admin-ajax.php?action=resource_download&attachment=979\",\"width\":1262,\"height\":379,\"caption\":\"St. Leonard's Community Services\"},\"image\":{\"@id\":\"https:\/\/www.slcs.ca\/#\/schema\/logo\/image\/\"},\"sameAs\":[\"https:\/\/www.facebook.com\/SLCSLondon\",\"https:\/\/x.com\/SLCS_London\",\"https:\/\/www.instagram.com\/slcs_london\/\",\"https:\/\/www.linkedin.com\/company\/stleonards\/\",\"https:\/\/www.youtube.com\/channel\/UCt7U9N39GYGV21XP2d9lXUg\"]}]}<\/script>\n<!-- \/ Yoast SEO plugin. -->","yoast_head_json":{"title":"Logement avec services de soutien | St. Leonard&#039;s Community Services London and Region","robots":{"index":"index","follow":"follow","max-snippet":"max-snippet:-1","max-image-preview":"max-image-preview:large","max-video-preview":"max-video-preview:-1"},"canonical":"https:\/\/www.slcs.ca\/supportive-housing\/","og_locale":"fr_FR","og_type":"article","og_title":"Logement avec services de soutien | St. Leonard&#039;s Community Services London and Region","og_description":"[vc_row][vc_column][basic_container container_size=&#8221;container container-narrow&#8221;][vc_column_text]St. Leonard&#8217;s offre deux programmes de logement avec services de soutien qui assurent la stabilit\u00e9 du logement et des soutiens sp\u00e9cialis\u00e9s pour favoriser le bien-\u00eatre et la s\u00e9curit\u00e9 dans et pour la communaut\u00e9, ainsi que des suppl\u00e9ments de &hellip; [...]","og_url":"https:\/\/www.slcs.ca\/supportive-housing\/","og_site_name":"St. Leonard&#039;s Community Services London and Region","article_publisher":"https:\/\/www.facebook.com\/SLCSLondon","article_modified_time":"2021-05-12T15:06:26+00:00","og_image":[{"width":1262,"height":379,"url":"https:\/\/www.slcs.ca\/app\/uploads\/2019\/07\/SLCS-Logo-from-TIF.png","type":"image\/png"}],"twitter_card":"summary_large_image","twitter_image":"https:\/\/www.slcs.ca\/app\/uploads\/2019\/07\/SLCS-Logo-from-TIF.png","twitter_site":"@SLCS_London","twitter_misc":{"Est. reading time":"2 minutes"},"schema":{"@context":"https:\/\/schema.org","@graph":[{"@type":"WebPage","@id":"https:\/\/www.slcs.ca\/supportive-housing\/","url":"https:\/\/www.slcs.ca\/supportive-housing\/","name":"Logement avec services de soutien | St. Leonard&#039;s Community Services London and Region","isPartOf":{"@id":"https:\/\/www.slcs.ca\/#website"},"datePublished":"2019-09-06T11:15:51+00:00","dateModified":"2021-05-12T15:06:26+00:00","breadcrumb":{"@id":"https:\/\/www.slcs.ca\/supportive-housing\/#breadcrumb"},"inLanguage":"fr-FR","potentialAction":[{"@type":"ReadAction","target":["https:\/\/www.slcs.ca\/supportive-housing\/"]}]},{"@type":"BreadcrumbList","@id":"https:\/\/www.slcs.ca\/supportive-housing\/#breadcrumb","itemListElement":[{"@type":"ListItem","position":1,"name":"Accueil","item":"https:\/\/www.slcs.ca\/fr\/"},{"@type":"ListItem","position":2,"name":"Logement avec services de soutien"}]},{"@type":"WebSite","@id":"https:\/\/www.slcs.ca\/#website","url":"https:\/\/www.slcs.ca\/","name":"St. Leonard's Community Services - London and Region","description":"","publisher":{"@id":"https:\/\/www.slcs.ca\/#organization"},"potentialAction":[{"@type":"SearchAction","target":{"@type":"EntryPoint","urlTemplate":"https:\/\/www.slcs.ca\/?s={search_term_string}"},"query-input":{"@type":"PropertyValueSpecification","valueRequired":true,"valueName":"search_term_string"}}],"inLanguage":"fr-FR"},{"@type":"Organization","@id":"https:\/\/www.slcs.ca\/#organization","name":"St. Leonard's Community Services","url":"https:\/\/www.slcs.ca\/","logo":{"@type":"ImageObject","inLanguage":"fr-FR","@id":"https:\/\/www.slcs.ca\/#\/schema\/logo\/image\/","url":"https:\/\/www.slcs.ca\/wp\/wp-admin\/admin-ajax.php?action=resource_download&attachment=979","contentUrl":"https:\/\/www.slcs.ca\/wp\/wp-admin\/admin-ajax.php?action=resource_download&attachment=979","width":1262,"height":379,"caption":"St. Leonard's Community Services"},"image":{"@id":"https:\/\/www.slcs.ca\/#\/schema\/logo\/image\/"},"sameAs":["https:\/\/www.facebook.com\/SLCSLondon","https:\/\/x.com\/SLCS_London","https:\/\/www.instagram.com\/slcs_london\/","https:\/\/www.linkedin.com\/company\/stleonards\/","https:\/\/www.youtube.com\/channel\/UCt7U9N39GYGV21XP2d9lXUg"]}]}},"_links":{"self":[{"href":"https:\/\/www.slcs.ca\/fr\/wp-json\/wp\/v2\/pages\/754","targetHints":{"allow":["GET"]}}],"collection":[{"href":"https:\/\/www.slcs.ca\/fr\/wp-json\/wp\/v2\/pages"}],"about":[{"href":"https:\/\/www.slcs.ca\/fr\/wp-json\/wp\/v2\/types\/page"}],"author":[{"embeddable":true,"href":"https:\/\/www.slcs.ca\/fr\/wp-json\/wp\/v2\/users\/1"}],"replies":[{"embeddable":true,"href":"https:\/\/www.slcs.ca\/fr\/wp-json\/wp\/v2\/comments?post=754"}],"version-history":[{"count":2,"href":"https:\/\/www.slcs.ca\/fr\/wp-json\/wp\/v2\/pages\/754\/revisions"}],"predecessor-version":[{"id":2571,"href":"https:\/\/www.slcs.ca\/fr\/wp-json\/wp\/v2\/pages\/754\/revisions\/2571"}],"wp:attachment":[{"href":"https:\/\/www.slcs.ca\/fr\/wp-json\/wp\/v2\/media?parent=754"}],"curies":[{"name":"wp","href":"https:\/\/api.w.org\/{rel}","templated":true}]}}