{"id":757,"date":"2019-09-08T21:44:10","date_gmt":"2019-09-08T21:44:10","guid":{"rendered":"https:\/\/www.slcs.ca\/etablissement-residentiel-du-centre-communautaire-gallagher\/"},"modified":"2024-10-29T13:21:25","modified_gmt":"2024-10-29T17:21:25","slug":"etablissement-residentiel-du-centre-communautaire-gallagher","status":"publish","type":"page","link":"https:\/\/www.slcs.ca\/fr\/programmes-et-services\/programmes-residentiels\/etablissement-residentiel-du-centre-communautaire-gallagher\/","title":{"rendered":"\u00c9tablissement r\u00e9sidentiel du Centre communautaire Gallagher"},"content":{"rendered":"<div class=\"wpb-content-wrapper\"><p>[vc_row][vc_column][basic_container][alternating_content_container]\t<div class=\"alternating-content-item-wrapper transparent\">\n\t\t\t\t\t<div class=\"alternating-content-item-image start-bg-center\" style=\"background-image: url('https:\/\/www.slcs.ca\/app\/uploads\/2019\/06\/Gallagher-Centre-900x675.jpg');\"><\/div>\n\t\t\t\t<div class=\"alternating-content-item-content-container\">\n\t\t\t<div class=\"alternating-content-item-inner\">\n\t\t\t\t\t\t\t\t\t<h2 class=\"alternating-content-item-heading\">\n\t\t\t\t\t\tProgram Overview\t\t\t\t\t<\/h2>\n\t\t\t\t\t\t\t\t\t\t\t\t\t\t\t\t\t<div class=\"alternating-content-item-content\">\n\t\t\t\t\t\t<p>Le Centre Gallagher est une installation de 16 lits pour les personnes ayant des besoins \u00e9lev\u00e9s et des d\u00e9fis complexes. Nous soutenons les individus qui passent des institutions f\u00e9d\u00e9rales \u00e0 la communaut\u00e9 et ceux ayant des probl\u00e8mes de sant\u00e9 mentale.<\/p>\n\t\t\t\t\t<\/div>\n\t\t\t\t\t\t\t\t\t\t\t<\/div>\n\t\t<\/div>\n\t<\/div>\n[\/alternating_content_container][vc_empty_space height=&#8221;100px&#8221;][\/basic_container][\/vc_column][\/vc_row][vc_row][vc_column]\t<div class=\"simple-image-bar count-4\">\n\t\t<ul class=\"simple-image-bar-list\">\n\t\t\t\t\t\t\t<li>\n\t\t\t\t\t\t\t\t\t\t<img decoding=\"async\" src=\"https:\/\/www.slcs.ca\/app\/uploads\/2019\/06\/iStock-967283668-834x834.jpg\" alt=\"\"\/>\n\t\t\t\t<\/li>\n\t\t\t\t\t\t\t<li>\n\t\t\t\t\t\t\t\t\t\t<img decoding=\"async\" src=\"https:\/\/www.slcs.ca\/app\/uploads\/2019\/05\/alter-03-806x806.jpg\" alt=\"\"\/>\n\t\t\t\t<\/li>\n\t\t\t\t\t\t\t<li>\n\t\t\t\t\t\t\t\t\t\t<img decoding=\"async\" src=\"https:\/\/www.slcs.ca\/app\/uploads\/2019\/06\/iStock-936924172-1-836x836.jpg\" alt=\"\"\/>\n\t\t\t\t<\/li>\n\t\t\t\t\t\t\t<li>\n\t\t\t\t\t\t\t\t\t\t<img decoding=\"async\" src=\"https:\/\/www.slcs.ca\/app\/uploads\/2019\/06\/iStock-506846100-836x836.jpg\" alt=\"\"\/>\n\t\t\t\t<\/li>\n\t\t\t\t\t<\/ul>\n\t<\/div>\n[\/vc_column][\/vc_row][vc_row][vc_column][basic_container container_size=&#8221;container container-narrow&#8221;][vc_column_text css=&#8221;&#8221;]<\/p>\n<h3><strong>Quels sont les programmes offerts au Centre Gallagher ?<\/strong><\/h3>\n<h4>Lib\u00e9ration conditionnelle f\u00e9d\u00e9rale<\/h4>\n<p>Le Centre Gallagher aide les personnes qui passent des institutions f\u00e9d\u00e9rales \u00e0 la communaut\u00e9. Notre personnel et les agents de lib\u00e9ration conditionnelle cr\u00e9ent des plans de soutien personnalis\u00e9s pour aider ces individus \u00e0 se r\u00e9int\u00e9grer avec succ\u00e8s et \u00e0 s\u2019adapter \u00e0 la vie communautaire.<\/p>\n<h4>Lits de soutien de sant\u00e9 mentale<\/h4>\n<p>Le Centre Gallagher aide \u00e9galement les personnes qui ont \u00e9t\u00e9 diagnostiqu\u00e9es avec une maladie mentale ou qui sont soup\u00e7onn\u00e9es d\u2019avoir des probl\u00e8mes de sant\u00e9 mentale. Nous acceptons les r\u00e9f\u00e9rences de nombreux partenaires communautaires, y compris les h\u00f4pitaux, les institutions, les agences communautaires et la police. Les r\u00e9f\u00e9rences peuvent \u00e9galement venir de la famille, des amis ou des individus eux-m\u00eames. Les participants \u00e9ligibles peuvent rester jusqu\u2019\u00e0 30 jours.<\/p>\n<p>Les participants travaillent avec un Travailleur de Cas Transitionnel pour cr\u00e9er un plan de soutien personnalis\u00e9. Ce plan se concentre sur des domaines tels que le logement, les finances, l\u2019emploi, le soutien en mati\u00e8re de d\u00e9pendance et de sant\u00e9 mentale, et les connexions avec d\u2019autres ressources communautaires. L\u2019admission d\u00e9pend de la disponibilit\u00e9 des lits.<\/p>\n<h4>Lits de probation<\/h4>\n<p>Le Centre Gallagher aide les personnes en probation qui font face \u00e0 des d\u00e9fis complexes, y compris des probl\u00e8mes de sant\u00e9 mentale et l\u2019itin\u00e9rance. Les r\u00e9f\u00e9rences proviennent des institutions provinciales, des avocats et des agents de probation. Les participants \u00e9ligibles peuvent rester jusqu\u2019\u00e0 60 jours.<\/p>\n<p>Les participants travaillent avec un Travailleur de Cas Transitionnel pour cr\u00e9er un plan de soutien personnalis\u00e9. Ce plan se concentre sur les options de logement, les ressources financi\u00e8res, le soutien en mati\u00e8re de d\u00e9pendance et de sant\u00e9 mentale, les opportunit\u00e9s d\u2019emploi et les connexions avec d\u2019autres ressources communautaires. L\u2019admission d\u00e9pend de la disponibilit\u00e9 des lits et sera prioris\u00e9e en fonction des besoins.[\/vc_column_text][\/basic_container][\/vc_column][\/vc_row][vc_row][vc_column][basic_container][vc_column_text]<\/p>\n<h2 style=\"text-align: center;\">FAQ<\/h2>\n<p>[\/vc_column_text][vc_toggle title=&#8221;Comment puis-je faire un renvoi \u00e0 un lit de soutien en sant\u00e9 mentale ?&#8221;]Un renvoi peut \u00eatre fait en communiquant avec le gestionnaire de l&#8217;\u00e9valuation et l&#8217;admission au 519-636-1980.[\/vc_toggle][vc_toggle title=&#8221;Comment puis-je v\u00e9rifier l&#8217;\u00e9tat du lit ou confirmer l&#8217;admissibilit\u00e9 ?&#8221;]Contactez le Centre Gallagher au 519-451-7707 et parlez avec le personnel directement.[\/vc_toggle][vc_toggle title=&#8221;Quel est le d\u00e9lai d&#8217;attente pour acc\u00e9der \u00e0 un lit de soutien en sant\u00e9 mentale ?&#8221;]Les d\u00e9lais d&#8217;attente peuvent varier en fonction du taux d\u2019occupation actuel, les num\u00e9ros de liste d\u2019attente et la dynamique de la r\u00e9sidence. Si un lit vous a \u00e9t\u00e9 offert et vous \u00eates actuellement sur la liste d&#8217;attente, il est recommand\u00e9 de continuer \u00e0 communiquer avec le Centre Gallagher pour d\u00e9montrer votre int\u00e9r\u00eat et votre motivation.[\/vc_toggle][\/basic_container][vc_empty_space height=&#8221;100px&#8221;][\/vc_column][\/vc_row][vc_row][vc_column]<div class=\"templatera_shortcode\"><div class=\"vc_row wpb_row vc_row-fluid\"><div class=\"wpb_column vc_column_container vc_col-sm-12\"><div class=\"vc_column-inner\"><div class=\"wpb_wrapper\">\t<div class=\"general-cta background-image-loading    image  text-white\" style=\"background-image: url('https:\/\/www.slcs.ca\/app\/uploads\/2019\/06\/Banner-5-blue-1440x479.jpg');\">\n\t\t\t\t<div class=\"general-cta-overlay none\"><\/div>\n\t\t<div class=\"container\">\n\t\t\t<div class=\"row\">\n\t\t\t\t<div class=\"general-cta-box\">\n\t\t\t\t\t\t\t\t\t\t\t\t\t\t\t\t\t\t\t\t\t<div class=\"general-cta-content\">\n\t\t\t\t\t\t\t<h2 style=\"text-align: center;\">Learn More About St. Leonard's<\/h2>\n\t\t\t\t\t\t<\/div>\n\t\t\t\t\t\t\t\t\t\t\t\t\t\t\t\t<div class=\"general-cta-button\">\n\t\t\t\t\t\t\t<a href=\"https:\/\/www.slcs.ca\/contact\/\" target=\"\" class=\"btn btn-info btn-solid\" title=\"Contact us to find out more\">\n\t\t\t\t\t\t\t\tContact Us\t\t\t\t\t\t\t<\/a>\n\t\t\t\t\t\t<\/div>\n\t\t\t\t    \t\t\t\t<\/div>\n\t\t\t<\/div>\n\t\t<\/div>\n\t<\/div>\n<\/div><\/div><\/div><\/div><\/div>[\/vc_column][\/vc_row]<\/p>\n<\/div>","protected":false},"excerpt":{"rendered":"Program Overview Le Centre Gallagher est une installation de 16 lits pour les personnes ayant des besoins \u00e9lev\u00e9s et des d\u00e9fis complexes. Nous soutenons les individus qui passent des institutions f\u00e9d\u00e9rales \u00e0 la communaut\u00e9 et ceux ayant des probl\u00e8mes de sant\u00e9 mentale. Quels sont les programmes offerts au Centre Gallagher ? Lib\u00e9ration conditionnelle f\u00e9d\u00e9rale Le [...]","protected":false},"author":1,"featured_media":0,"parent":787,"menu_order":100,"comment_status":"closed","ping_status":"closed","template":"","meta":{"_acf_changed":false,"footnotes":""},"class_list":["post-757","page","type-page","status-publish","hentry"],"acf":[],"yoast_head":"<!-- This site is optimized with the Yoast SEO plugin v24.9 - https:\/\/yoast.com\/wordpress\/plugins\/seo\/ -->\n<title>\u00c9tablissement r\u00e9sidentiel du Centre communautaire Gallagher | St. Leonard&#039;s Community Services London and Region<\/title>\n<meta name=\"robots\" content=\"index, follow, max-snippet:-1, max-image-preview:large, max-video-preview:-1\" \/>\n<link rel=\"canonical\" href=\"https:\/\/www.slcs.ca\/fr\/programmes-et-services\/programmes-residentiels\/etablissement-residentiel-du-centre-communautaire-gallagher\/\" \/>\n<meta property=\"og:locale\" content=\"fr_FR\" \/>\n<meta property=\"og:type\" content=\"article\" \/>\n<meta property=\"og:title\" content=\"\u00c9tablissement r\u00e9sidentiel du Centre communautaire Gallagher | St. Leonard&#039;s Community Services London and Region\" \/>\n<meta property=\"og:url\" content=\"https:\/\/www.slcs.ca\/fr\/programmes-et-services\/programmes-residentiels\/etablissement-residentiel-du-centre-communautaire-gallagher\/\" \/>\n<meta property=\"og:site_name\" content=\"St. Leonard&#039;s Community Services London and Region\" \/>\n<meta property=\"article:publisher\" content=\"https:\/\/www.facebook.com\/SLCSLondon\" \/>\n<meta property=\"article:modified_time\" content=\"2024-10-29T17:21:25+00:00\" \/>\n<meta property=\"og:image\" content=\"https:\/\/www.slcs.ca\/app\/uploads\/2019\/07\/SLCS-Logo-from-TIF.png\" \/>\n\t<meta property=\"og:image:width\" content=\"1262\" \/>\n\t<meta property=\"og:image:height\" content=\"379\" \/>\n\t<meta property=\"og:image:type\" content=\"image\/png\" \/>\n<meta name=\"twitter:card\" content=\"summary_large_image\" \/>\n<meta name=\"twitter:image\" content=\"https:\/\/www.slcs.ca\/app\/uploads\/2019\/07\/SLCS-Logo-from-TIF.png\" \/>\n<meta name=\"twitter:site\" content=\"@SLCS_London\" \/>\n<meta name=\"twitter:label1\" content=\"Est. reading time\" \/>\n\t<meta name=\"twitter:data1\" content=\"3 minutes\" \/>\n<script type=\"application\/ld+json\" class=\"yoast-schema-graph\">{\"@context\":\"https:\/\/schema.org\",\"@graph\":[{\"@type\":\"WebPage\",\"@id\":\"https:\/\/www.slcs.ca\/fr\/programmes-et-services\/programmes-residentiels\/etablissement-residentiel-du-centre-communautaire-gallagher\/\",\"url\":\"https:\/\/www.slcs.ca\/fr\/programmes-et-services\/programmes-residentiels\/etablissement-residentiel-du-centre-communautaire-gallagher\/\",\"name\":\"\u00c9tablissement r\u00e9sidentiel du Centre communautaire Gallagher | St. Leonard&#039;s Community Services London and Region\",\"isPartOf\":{\"@id\":\"https:\/\/www.slcs.ca\/#website\"},\"datePublished\":\"2019-09-08T21:44:10+00:00\",\"dateModified\":\"2024-10-29T17:21:25+00:00\",\"breadcrumb\":{\"@id\":\"https:\/\/www.slcs.ca\/fr\/programmes-et-services\/programmes-residentiels\/etablissement-residentiel-du-centre-communautaire-gallagher\/#breadcrumb\"},\"inLanguage\":\"fr-FR\",\"potentialAction\":[{\"@type\":\"ReadAction\",\"target\":[\"https:\/\/www.slcs.ca\/fr\/programmes-et-services\/programmes-residentiels\/etablissement-residentiel-du-centre-communautaire-gallagher\/\"]}]},{\"@type\":\"BreadcrumbList\",\"@id\":\"https:\/\/www.slcs.ca\/fr\/programmes-et-services\/programmes-residentiels\/etablissement-residentiel-du-centre-communautaire-gallagher\/#breadcrumb\",\"itemListElement\":[{\"@type\":\"ListItem\",\"position\":1,\"name\":\"Accueil\",\"item\":\"https:\/\/www.slcs.ca\/fr\/\"},{\"@type\":\"ListItem\",\"position\":2,\"name\":\"Programmes et services\",\"item\":\"https:\/\/www.slcs.ca\/fr\/programmes-et-services\/\"},{\"@type\":\"ListItem\",\"position\":3,\"name\":\"Programmes r\u00e9sidentiels\",\"item\":\"https:\/\/www.slcs.ca\/fr\/programmes-et-services\/programmes-residentiels\/\"},{\"@type\":\"ListItem\",\"position\":4,\"name\":\"\u00c9tablissement r\u00e9sidentiel du Centre communautaire Gallagher\"}]},{\"@type\":\"WebSite\",\"@id\":\"https:\/\/www.slcs.ca\/#website\",\"url\":\"https:\/\/www.slcs.ca\/\",\"name\":\"St. Leonard's Community Services - London and Region\",\"description\":\"\",\"publisher\":{\"@id\":\"https:\/\/www.slcs.ca\/#organization\"},\"potentialAction\":[{\"@type\":\"SearchAction\",\"target\":{\"@type\":\"EntryPoint\",\"urlTemplate\":\"https:\/\/www.slcs.ca\/?s={search_term_string}\"},\"query-input\":{\"@type\":\"PropertyValueSpecification\",\"valueRequired\":true,\"valueName\":\"search_term_string\"}}],\"inLanguage\":\"fr-FR\"},{\"@type\":\"Organization\",\"@id\":\"https:\/\/www.slcs.ca\/#organization\",\"name\":\"St. Leonard's Community Services\",\"url\":\"https:\/\/www.slcs.ca\/\",\"logo\":{\"@type\":\"ImageObject\",\"inLanguage\":\"fr-FR\",\"@id\":\"https:\/\/www.slcs.ca\/#\/schema\/logo\/image\/\",\"url\":\"https:\/\/www.slcs.ca\/wp\/wp-admin\/admin-ajax.php?action=resource_download&attachment=979\",\"contentUrl\":\"https:\/\/www.slcs.ca\/wp\/wp-admin\/admin-ajax.php?action=resource_download&attachment=979\",\"width\":1262,\"height\":379,\"caption\":\"St. Leonard's Community Services\"},\"image\":{\"@id\":\"https:\/\/www.slcs.ca\/#\/schema\/logo\/image\/\"},\"sameAs\":[\"https:\/\/www.facebook.com\/SLCSLondon\",\"https:\/\/x.com\/SLCS_London\",\"https:\/\/www.instagram.com\/slcs_london\/\",\"https:\/\/www.linkedin.com\/company\/stleonards\/\",\"https:\/\/www.youtube.com\/channel\/UCt7U9N39GYGV21XP2d9lXUg\"]}]}<\/script>\n<!-- \/ Yoast SEO plugin. -->","yoast_head_json":{"title":"\u00c9tablissement r\u00e9sidentiel du Centre communautaire Gallagher | St. Leonard&#039;s Community Services London and Region","robots":{"index":"index","follow":"follow","max-snippet":"max-snippet:-1","max-image-preview":"max-image-preview:large","max-video-preview":"max-video-preview:-1"},"canonical":"https:\/\/www.slcs.ca\/fr\/programmes-et-services\/programmes-residentiels\/etablissement-residentiel-du-centre-communautaire-gallagher\/","og_locale":"fr_FR","og_type":"article","og_title":"\u00c9tablissement r\u00e9sidentiel du Centre communautaire Gallagher | St. Leonard&#039;s Community Services London and Region","og_url":"https:\/\/www.slcs.ca\/fr\/programmes-et-services\/programmes-residentiels\/etablissement-residentiel-du-centre-communautaire-gallagher\/","og_site_name":"St. Leonard&#039;s Community Services London and Region","article_publisher":"https:\/\/www.facebook.com\/SLCSLondon","article_modified_time":"2024-10-29T17:21:25+00:00","og_image":[{"width":1262,"height":379,"url":"https:\/\/www.slcs.ca\/app\/uploads\/2019\/07\/SLCS-Logo-from-TIF.png","type":"image\/png"}],"twitter_card":"summary_large_image","twitter_image":"https:\/\/www.slcs.ca\/app\/uploads\/2019\/07\/SLCS-Logo-from-TIF.png","twitter_site":"@SLCS_London","twitter_misc":{"Est. reading time":"3 minutes"},"schema":{"@context":"https:\/\/schema.org","@graph":[{"@type":"WebPage","@id":"https:\/\/www.slcs.ca\/fr\/programmes-et-services\/programmes-residentiels\/etablissement-residentiel-du-centre-communautaire-gallagher\/","url":"https:\/\/www.slcs.ca\/fr\/programmes-et-services\/programmes-residentiels\/etablissement-residentiel-du-centre-communautaire-gallagher\/","name":"\u00c9tablissement r\u00e9sidentiel du Centre communautaire Gallagher | St. Leonard&#039;s Community Services London and Region","isPartOf":{"@id":"https:\/\/www.slcs.ca\/#website"},"datePublished":"2019-09-08T21:44:10+00:00","dateModified":"2024-10-29T17:21:25+00:00","breadcrumb":{"@id":"https:\/\/www.slcs.ca\/fr\/programmes-et-services\/programmes-residentiels\/etablissement-residentiel-du-centre-communautaire-gallagher\/#breadcrumb"},"inLanguage":"fr-FR","potentialAction":[{"@type":"ReadAction","target":["https:\/\/www.slcs.ca\/fr\/programmes-et-services\/programmes-residentiels\/etablissement-residentiel-du-centre-communautaire-gallagher\/"]}]},{"@type":"BreadcrumbList","@id":"https:\/\/www.slcs.ca\/fr\/programmes-et-services\/programmes-residentiels\/etablissement-residentiel-du-centre-communautaire-gallagher\/#breadcrumb","itemListElement":[{"@type":"ListItem","position":1,"name":"Accueil","item":"https:\/\/www.slcs.ca\/fr\/"},{"@type":"ListItem","position":2,"name":"Programmes et services","item":"https:\/\/www.slcs.ca\/fr\/programmes-et-services\/"},{"@type":"ListItem","position":3,"name":"Programmes r\u00e9sidentiels","item":"https:\/\/www.slcs.ca\/fr\/programmes-et-services\/programmes-residentiels\/"},{"@type":"ListItem","position":4,"name":"\u00c9tablissement r\u00e9sidentiel du Centre communautaire Gallagher"}]},{"@type":"WebSite","@id":"https:\/\/www.slcs.ca\/#website","url":"https:\/\/www.slcs.ca\/","name":"St. Leonard's Community Services - London and Region","description":"","publisher":{"@id":"https:\/\/www.slcs.ca\/#organization"},"potentialAction":[{"@type":"SearchAction","target":{"@type":"EntryPoint","urlTemplate":"https:\/\/www.slcs.ca\/?s={search_term_string}"},"query-input":{"@type":"PropertyValueSpecification","valueRequired":true,"valueName":"search_term_string"}}],"inLanguage":"fr-FR"},{"@type":"Organization","@id":"https:\/\/www.slcs.ca\/#organization","name":"St. Leonard's Community Services","url":"https:\/\/www.slcs.ca\/","logo":{"@type":"ImageObject","inLanguage":"fr-FR","@id":"https:\/\/www.slcs.ca\/#\/schema\/logo\/image\/","url":"https:\/\/www.slcs.ca\/wp\/wp-admin\/admin-ajax.php?action=resource_download&attachment=979","contentUrl":"https:\/\/www.slcs.ca\/wp\/wp-admin\/admin-ajax.php?action=resource_download&attachment=979","width":1262,"height":379,"caption":"St. Leonard's Community Services"},"image":{"@id":"https:\/\/www.slcs.ca\/#\/schema\/logo\/image\/"},"sameAs":["https:\/\/www.facebook.com\/SLCSLondon","https:\/\/x.com\/SLCS_London","https:\/\/www.instagram.com\/slcs_london\/","https:\/\/www.linkedin.com\/company\/stleonards\/","https:\/\/www.youtube.com\/channel\/UCt7U9N39GYGV21XP2d9lXUg"]}]}},"_links":{"self":[{"href":"https:\/\/www.slcs.ca\/fr\/wp-json\/wp\/v2\/pages\/757","targetHints":{"allow":["GET"]}}],"collection":[{"href":"https:\/\/www.slcs.ca\/fr\/wp-json\/wp\/v2\/pages"}],"about":[{"href":"https:\/\/www.slcs.ca\/fr\/wp-json\/wp\/v2\/types\/page"}],"author":[{"embeddable":true,"href":"https:\/\/www.slcs.ca\/fr\/wp-json\/wp\/v2\/users\/1"}],"replies":[{"embeddable":true,"href":"https:\/\/www.slcs.ca\/fr\/wp-json\/wp\/v2\/comments?post=757"}],"version-history":[{"count":1,"href":"https:\/\/www.slcs.ca\/fr\/wp-json\/wp\/v2\/pages\/757\/revisions"}],"predecessor-version":[{"id":4181,"href":"https:\/\/www.slcs.ca\/fr\/wp-json\/wp\/v2\/pages\/757\/revisions\/4181"}],"up":[{"embeddable":true,"href":"https:\/\/www.slcs.ca\/fr\/wp-json\/wp\/v2\/pages\/787"}],"wp:attachment":[{"href":"https:\/\/www.slcs.ca\/fr\/wp-json\/wp\/v2\/media?parent=757"}],"curies":[{"name":"wp","href":"https:\/\/api.w.org\/{rel}","templated":true}]}}