{"id":759,"date":"2019-09-08T21:45:04","date_gmt":"2019-09-08T21:45:04","guid":{"rendered":"https:\/\/www.slcs.ca\/service-de-reintegration-intensive-etcaf\/"},"modified":"2024-10-30T08:35:07","modified_gmt":"2024-10-30T12:35:07","slug":"service-de-reintegration-intensive-etcaf","status":"publish","type":"page","link":"https:\/\/www.slcs.ca\/fr\/programmes-et-services\/programmes-communautaires-pour-les-jeunes\/service-de-reintegration-intensive-etcaf\/","title":{"rendered":"Service de r\u00e9int\u00e9gration intensive TSAF"},"content":{"rendered":"<div class=\"wpb-content-wrapper\"><p>[vc_row][vc_column][basic_container container_size=&#8221;container container-narrow&#8221;][vc_column_text css=&#8221;&#8221;]Le Service Intensif de R\u00e9int\u00e9gration pour les jeunes atteints du TSAF aide les jeunes qui ont \u00e9t\u00e9 diagnostiqu\u00e9s ou sont soup\u00e7onn\u00e9s d\u2019avoir un Trouble du Spectre de l\u2019Alcoolisation F\u0153tale (TSAF) et qui ont \u00e9t\u00e9 reconnus coupables d\u2019une infraction en vertu de la Loi sur le syst\u00e8me de justice p\u00e9nale pour les adolescents. La participation est volontaire et personnalis\u00e9e. Le programme utilise une approche bas\u00e9e sur les relations pour soutenir les jeunes dans tous les aspects de leur vie, en se concentrant sur la conscience sociale et \u00e9motionnelle.<\/p>\n<p>Le Mod\u00e8le Neurod\u00e9veloppemental de Gestion du Comportement est utilis\u00e9 pour \u00e9duquer les jeunes et leurs soignants sur leurs besoins sp\u00e9cifiques afin d\u2019obtenir de meilleurs r\u00e9sultats. Le service est centr\u00e9 sur les besoins du client, en mettant l\u2019accent sur ses forces et ses capacit\u00e9s. Le soutien peut varier en intensit\u00e9 et en focus, et peut inclure de l\u2019aide pour les activit\u00e9s quotidiennes, le logement, l\u2019engagement communautaire et les connexions avec le secteur des services de d\u00e9veloppement. Le transport est \u00e9galement fourni pour soutenir les participants.[\/vc_column_text][\/basic_container][\/vc_column][\/vc_row]<\/p>\n<\/div>","protected":false},"excerpt":{"rendered":"<p>[vc_row][vc_column][basic_container container_size=&#8221;container container-narrow&#8221;][vc_column_text css=&#8221;&#8221;]Le Service Intensif de R\u00e9int\u00e9gration pour les jeunes atteints du TSAF aide les jeunes qui ont \u00e9t\u00e9 diagnostiqu\u00e9s ou sont soup\u00e7onn\u00e9s d\u2019avoir un Trouble du Spectre de l\u2019Alcoolisation F\u0153tale (TSAF) et qui ont \u00e9t\u00e9 reconnus coupables d\u2019une &hellip; [&#8230;]<\/p>\n","protected":false},"author":1,"featured_media":0,"parent":767,"menu_order":370,"comment_status":"closed","ping_status":"closed","template":"","meta":{"_acf_changed":false,"footnotes":""},"class_list":["post-759","page","type-page","status-publish","hentry"],"acf":[],"yoast_head":"<!-- This site is optimized with the Yoast SEO plugin v24.9 - https:\/\/yoast.com\/wordpress\/plugins\/seo\/ -->\n<title>Service de r\u00e9int\u00e9gration intensive TSAF | St. Leonard&#039;s Community Services London and Region<\/title>\n<meta name=\"robots\" content=\"index, follow, max-snippet:-1, max-image-preview:large, max-video-preview:-1\" \/>\n<link rel=\"canonical\" href=\"https:\/\/www.slcs.ca\/fr\/programmes-et-services\/programmes-communautaires-pour-les-jeunes\/service-de-reintegration-intensive-etcaf\/\" \/>\n<meta property=\"og:locale\" content=\"fr_FR\" \/>\n<meta property=\"og:type\" content=\"article\" \/>\n<meta property=\"og:title\" content=\"Service de r\u00e9int\u00e9gration intensive TSAF | St. Leonard&#039;s Community Services London and Region\" \/>\n<meta property=\"og:description\" content=\"[vc_row][vc_column][basic_container container_size=&#8221;container container-narrow&#8221;][vc_column_text css=&#8221;&#8221;]Le Service Intensif de R\u00e9int\u00e9gration pour les jeunes atteints du TSAF aide les jeunes qui ont \u00e9t\u00e9 diagnostiqu\u00e9s ou sont soup\u00e7onn\u00e9s d\u2019avoir un Trouble du Spectre de l\u2019Alcoolisation F\u0153tale (TSAF) et qui ont \u00e9t\u00e9 reconnus coupables d\u2019une &hellip; [...]\" \/>\n<meta property=\"og:url\" content=\"https:\/\/www.slcs.ca\/fr\/programmes-et-services\/programmes-communautaires-pour-les-jeunes\/service-de-reintegration-intensive-etcaf\/\" \/>\n<meta property=\"og:site_name\" content=\"St. Leonard&#039;s Community Services London and Region\" \/>\n<meta property=\"article:publisher\" content=\"https:\/\/www.facebook.com\/SLCSLondon\" \/>\n<meta property=\"article:modified_time\" content=\"2024-10-30T12:35:07+00:00\" \/>\n<meta property=\"og:image\" content=\"https:\/\/www.slcs.ca\/app\/uploads\/2019\/07\/SLCS-Logo-from-TIF.png\" \/>\n\t<meta property=\"og:image:width\" content=\"1262\" \/>\n\t<meta property=\"og:image:height\" content=\"379\" \/>\n\t<meta property=\"og:image:type\" content=\"image\/png\" \/>\n<meta name=\"twitter:card\" content=\"summary_large_image\" \/>\n<meta name=\"twitter:image\" content=\"https:\/\/www.slcs.ca\/app\/uploads\/2019\/07\/SLCS-Logo-from-TIF.png\" \/>\n<meta name=\"twitter:site\" content=\"@SLCS_London\" \/>\n<meta name=\"twitter:label1\" content=\"Est. reading time\" \/>\n\t<meta name=\"twitter:data1\" content=\"1 minute\" \/>\n<script type=\"application\/ld+json\" class=\"yoast-schema-graph\">{\"@context\":\"https:\/\/schema.org\",\"@graph\":[{\"@type\":\"WebPage\",\"@id\":\"https:\/\/www.slcs.ca\/fr\/programmes-et-services\/programmes-communautaires-pour-les-jeunes\/service-de-reintegration-intensive-etcaf\/\",\"url\":\"https:\/\/www.slcs.ca\/fr\/programmes-et-services\/programmes-communautaires-pour-les-jeunes\/service-de-reintegration-intensive-etcaf\/\",\"name\":\"Service de r\u00e9int\u00e9gration intensive TSAF | St. Leonard&#039;s Community Services London and Region\",\"isPartOf\":{\"@id\":\"https:\/\/www.slcs.ca\/#website\"},\"datePublished\":\"2019-09-08T21:45:04+00:00\",\"dateModified\":\"2024-10-30T12:35:07+00:00\",\"breadcrumb\":{\"@id\":\"https:\/\/www.slcs.ca\/fr\/programmes-et-services\/programmes-communautaires-pour-les-jeunes\/service-de-reintegration-intensive-etcaf\/#breadcrumb\"},\"inLanguage\":\"fr-FR\",\"potentialAction\":[{\"@type\":\"ReadAction\",\"target\":[\"https:\/\/www.slcs.ca\/fr\/programmes-et-services\/programmes-communautaires-pour-les-jeunes\/service-de-reintegration-intensive-etcaf\/\"]}]},{\"@type\":\"BreadcrumbList\",\"@id\":\"https:\/\/www.slcs.ca\/fr\/programmes-et-services\/programmes-communautaires-pour-les-jeunes\/service-de-reintegration-intensive-etcaf\/#breadcrumb\",\"itemListElement\":[{\"@type\":\"ListItem\",\"position\":1,\"name\":\"Accueil\",\"item\":\"https:\/\/www.slcs.ca\/fr\/\"},{\"@type\":\"ListItem\",\"position\":2,\"name\":\"Programmes et services\",\"item\":\"https:\/\/www.slcs.ca\/fr\/programmes-et-services\/\"},{\"@type\":\"ListItem\",\"position\":3,\"name\":\"Programmes communautaires pour les jeunes\",\"item\":\"https:\/\/www.slcs.ca\/programs-services\/youth-community-programs\/\"},{\"@type\":\"ListItem\",\"position\":4,\"name\":\"Service de r\u00e9int\u00e9gration intensive TSAF\"}]},{\"@type\":\"WebSite\",\"@id\":\"https:\/\/www.slcs.ca\/#website\",\"url\":\"https:\/\/www.slcs.ca\/\",\"name\":\"St. Leonard's Community Services - London and Region\",\"description\":\"\",\"publisher\":{\"@id\":\"https:\/\/www.slcs.ca\/#organization\"},\"potentialAction\":[{\"@type\":\"SearchAction\",\"target\":{\"@type\":\"EntryPoint\",\"urlTemplate\":\"https:\/\/www.slcs.ca\/?s={search_term_string}\"},\"query-input\":{\"@type\":\"PropertyValueSpecification\",\"valueRequired\":true,\"valueName\":\"search_term_string\"}}],\"inLanguage\":\"fr-FR\"},{\"@type\":\"Organization\",\"@id\":\"https:\/\/www.slcs.ca\/#organization\",\"name\":\"St. Leonard's Community Services\",\"url\":\"https:\/\/www.slcs.ca\/\",\"logo\":{\"@type\":\"ImageObject\",\"inLanguage\":\"fr-FR\",\"@id\":\"https:\/\/www.slcs.ca\/#\/schema\/logo\/image\/\",\"url\":\"https:\/\/www.slcs.ca\/wp\/wp-admin\/admin-ajax.php?action=resource_download&attachment=979\",\"contentUrl\":\"https:\/\/www.slcs.ca\/wp\/wp-admin\/admin-ajax.php?action=resource_download&attachment=979\",\"width\":1262,\"height\":379,\"caption\":\"St. Leonard's Community Services\"},\"image\":{\"@id\":\"https:\/\/www.slcs.ca\/#\/schema\/logo\/image\/\"},\"sameAs\":[\"https:\/\/www.facebook.com\/SLCSLondon\",\"https:\/\/x.com\/SLCS_London\",\"https:\/\/www.instagram.com\/slcs_london\/\",\"https:\/\/www.linkedin.com\/company\/stleonards\/\",\"https:\/\/www.youtube.com\/channel\/UCt7U9N39GYGV21XP2d9lXUg\"]}]}<\/script>\n<!-- \/ Yoast SEO plugin. -->","yoast_head_json":{"title":"Service de r\u00e9int\u00e9gration intensive TSAF | St. Leonard&#039;s Community Services London and Region","robots":{"index":"index","follow":"follow","max-snippet":"max-snippet:-1","max-image-preview":"max-image-preview:large","max-video-preview":"max-video-preview:-1"},"canonical":"https:\/\/www.slcs.ca\/fr\/programmes-et-services\/programmes-communautaires-pour-les-jeunes\/service-de-reintegration-intensive-etcaf\/","og_locale":"fr_FR","og_type":"article","og_title":"Service de r\u00e9int\u00e9gration intensive TSAF | St. Leonard&#039;s Community Services London and Region","og_description":"[vc_row][vc_column][basic_container container_size=&#8221;container container-narrow&#8221;][vc_column_text css=&#8221;&#8221;]Le Service Intensif de R\u00e9int\u00e9gration pour les jeunes atteints du TSAF aide les jeunes qui ont \u00e9t\u00e9 diagnostiqu\u00e9s ou sont soup\u00e7onn\u00e9s d\u2019avoir un Trouble du Spectre de l\u2019Alcoolisation F\u0153tale (TSAF) et qui ont \u00e9t\u00e9 reconnus coupables d\u2019une &hellip; [...]","og_url":"https:\/\/www.slcs.ca\/fr\/programmes-et-services\/programmes-communautaires-pour-les-jeunes\/service-de-reintegration-intensive-etcaf\/","og_site_name":"St. Leonard&#039;s Community Services London and Region","article_publisher":"https:\/\/www.facebook.com\/SLCSLondon","article_modified_time":"2024-10-30T12:35:07+00:00","og_image":[{"width":1262,"height":379,"url":"https:\/\/www.slcs.ca\/app\/uploads\/2019\/07\/SLCS-Logo-from-TIF.png","type":"image\/png"}],"twitter_card":"summary_large_image","twitter_image":"https:\/\/www.slcs.ca\/app\/uploads\/2019\/07\/SLCS-Logo-from-TIF.png","twitter_site":"@SLCS_London","twitter_misc":{"Est. reading time":"1 minute"},"schema":{"@context":"https:\/\/schema.org","@graph":[{"@type":"WebPage","@id":"https:\/\/www.slcs.ca\/fr\/programmes-et-services\/programmes-communautaires-pour-les-jeunes\/service-de-reintegration-intensive-etcaf\/","url":"https:\/\/www.slcs.ca\/fr\/programmes-et-services\/programmes-communautaires-pour-les-jeunes\/service-de-reintegration-intensive-etcaf\/","name":"Service de r\u00e9int\u00e9gration intensive TSAF | St. Leonard&#039;s Community Services London and Region","isPartOf":{"@id":"https:\/\/www.slcs.ca\/#website"},"datePublished":"2019-09-08T21:45:04+00:00","dateModified":"2024-10-30T12:35:07+00:00","breadcrumb":{"@id":"https:\/\/www.slcs.ca\/fr\/programmes-et-services\/programmes-communautaires-pour-les-jeunes\/service-de-reintegration-intensive-etcaf\/#breadcrumb"},"inLanguage":"fr-FR","potentialAction":[{"@type":"ReadAction","target":["https:\/\/www.slcs.ca\/fr\/programmes-et-services\/programmes-communautaires-pour-les-jeunes\/service-de-reintegration-intensive-etcaf\/"]}]},{"@type":"BreadcrumbList","@id":"https:\/\/www.slcs.ca\/fr\/programmes-et-services\/programmes-communautaires-pour-les-jeunes\/service-de-reintegration-intensive-etcaf\/#breadcrumb","itemListElement":[{"@type":"ListItem","position":1,"name":"Accueil","item":"https:\/\/www.slcs.ca\/fr\/"},{"@type":"ListItem","position":2,"name":"Programmes et services","item":"https:\/\/www.slcs.ca\/fr\/programmes-et-services\/"},{"@type":"ListItem","position":3,"name":"Programmes communautaires pour les jeunes","item":"https:\/\/www.slcs.ca\/programs-services\/youth-community-programs\/"},{"@type":"ListItem","position":4,"name":"Service de r\u00e9int\u00e9gration intensive TSAF"}]},{"@type":"WebSite","@id":"https:\/\/www.slcs.ca\/#website","url":"https:\/\/www.slcs.ca\/","name":"St. Leonard's Community Services - London and Region","description":"","publisher":{"@id":"https:\/\/www.slcs.ca\/#organization"},"potentialAction":[{"@type":"SearchAction","target":{"@type":"EntryPoint","urlTemplate":"https:\/\/www.slcs.ca\/?s={search_term_string}"},"query-input":{"@type":"PropertyValueSpecification","valueRequired":true,"valueName":"search_term_string"}}],"inLanguage":"fr-FR"},{"@type":"Organization","@id":"https:\/\/www.slcs.ca\/#organization","name":"St. Leonard's Community Services","url":"https:\/\/www.slcs.ca\/","logo":{"@type":"ImageObject","inLanguage":"fr-FR","@id":"https:\/\/www.slcs.ca\/#\/schema\/logo\/image\/","url":"https:\/\/www.slcs.ca\/wp\/wp-admin\/admin-ajax.php?action=resource_download&attachment=979","contentUrl":"https:\/\/www.slcs.ca\/wp\/wp-admin\/admin-ajax.php?action=resource_download&attachment=979","width":1262,"height":379,"caption":"St. Leonard's Community Services"},"image":{"@id":"https:\/\/www.slcs.ca\/#\/schema\/logo\/image\/"},"sameAs":["https:\/\/www.facebook.com\/SLCSLondon","https:\/\/x.com\/SLCS_London","https:\/\/www.instagram.com\/slcs_london\/","https:\/\/www.linkedin.com\/company\/stleonards\/","https:\/\/www.youtube.com\/channel\/UCt7U9N39GYGV21XP2d9lXUg"]}]}},"_links":{"self":[{"href":"https:\/\/www.slcs.ca\/fr\/wp-json\/wp\/v2\/pages\/759","targetHints":{"allow":["GET"]}}],"collection":[{"href":"https:\/\/www.slcs.ca\/fr\/wp-json\/wp\/v2\/pages"}],"about":[{"href":"https:\/\/www.slcs.ca\/fr\/wp-json\/wp\/v2\/types\/page"}],"author":[{"embeddable":true,"href":"https:\/\/www.slcs.ca\/fr\/wp-json\/wp\/v2\/users\/1"}],"replies":[{"embeddable":true,"href":"https:\/\/www.slcs.ca\/fr\/wp-json\/wp\/v2\/comments?post=759"}],"version-history":[{"count":2,"href":"https:\/\/www.slcs.ca\/fr\/wp-json\/wp\/v2\/pages\/759\/revisions"}],"predecessor-version":[{"id":4214,"href":"https:\/\/www.slcs.ca\/fr\/wp-json\/wp\/v2\/pages\/759\/revisions\/4214"}],"up":[{"embeddable":true,"href":"https:\/\/www.slcs.ca\/fr\/wp-json\/wp\/v2\/pages\/767"}],"wp:attachment":[{"href":"https:\/\/www.slcs.ca\/fr\/wp-json\/wp\/v2\/media?parent=759"}],"curies":[{"name":"wp","href":"https:\/\/api.w.org\/{rel}","templated":true}]}}