{"id":761,"date":"2019-09-09T01:18:20","date_gmt":"2019-09-09T01:18:20","guid":{"rendered":"https:\/\/www.slcs.ca\/contactez-nous\/"},"modified":"2024-11-05T11:11:55","modified_gmt":"2024-11-05T16:11:55","slug":"contactez-nous","status":"publish","type":"page","link":"https:\/\/www.slcs.ca\/fr\/contactez-nous\/","title":{"rendered":"Contactez-nous"},"content":{"rendered":"<div class=\"wpb-content-wrapper\"><p>[vc_row][vc_column]<div class=\"hero-wrapper full-height   \"   data-src=\"<149:https:\/\/www.slcs.ca\/app\/uploads\/2019\/06\/405-266x150.jpg,<319:https:\/\/www.slcs.ca\/app\/uploads\/2019\/06\/405-569x320.jpg,<479:https:\/\/www.slcs.ca\/app\/uploads\/2019\/06\/405-853x480.jpg,<767:https:\/\/www.slcs.ca\/app\/uploads\/2019\/06\/405-1289x725.jpg,<991:https:\/\/www.slcs.ca\/app\/uploads\/2019\/06\/405-1289x725.jpg,<1199:https:\/\/www.slcs.ca\/app\/uploads\/2019\/06\/405-1289x725.jpg,<1399:https:\/\/www.slcs.ca\/app\/uploads\/2019\/06\/405-1289x725.jpg,>1400:https:\/\/www.slcs.ca\/app\/uploads\/2019\/06\/405-1289x725.jpg\">\n\t\t\t\t<div class=\"hero-banner-overlay overlay-light\"><\/div>\n\t\t<div class=\"hero-content-container container\">\n\t\t<div class=\"hero-content-inner center\">\n\t\t\t\t\t\t\t\t\t\t\t\t\t<div class=\"hero-content-description\"><h2 style=\"text-align: center;\">Nos bureaux d\u2019administration et nos programmes communautaires sont situ\u00e9s \u00e0 :<\/h2>\n<p style=\"text-align: center;\">405 Dundas Street<br \/>\nLondon, ON<br \/>\nN6B 1V9<br \/>\nT\u00e9l\u00e9phone : <a href=\"tel:519-850-3777\">519-850-3777<\/a><br \/>\nFax : <a href=\"tel:519-850-1396\">519-850-1396<\/a><\/p><\/div>\n\t\t\t\t\t\t\t\t\t\t\t<\/div>\n\t<\/div>\n\t\t\t\t<\/div>\n[\/vc_column][\/vc_row][vc_row][vc_column][basic_container container_size=&#8221;container container-narrow&#8221;][vc_empty_space][vc_text_separator title=&#8221;Nos centres r\u00e9sidentiels&#8221;][vc_row_inner][vc_column_inner width=&#8221;1\/4&#8243;][vc_column_text]<\/p>\n<h4 style=\"text-align: center;\">Centre Cody<\/h4>\n<p style=\"text-align: center;\">108 King Edward Avenue<br \/>\nLondon, ON N5Z 3T1<br \/>\nT\u00e9l\u00e9phone : <a href=\"tel:519-668-2701\">519-668-2701<\/a><br \/>\nFax : <a href=\"tel:519-668-7549\">519-668-7549<\/a><\/p>\n<p>[\/vc_column_text][\/vc_column_inner][vc_column_inner width=&#8221;1\/4&#8243;][vc_column_text]<\/p>\n<h4 style=\"text-align: center;\">Centre Gallagher<\/h4>\n<p style=\"text-align: center;\">266 Egerton Street<br \/>\nLondon, ON N5Z 2G7<br \/>\nT\u00e9l\u00e9phone : <a href=\"tel:519-451-7707\">519-451-7707<\/a><br \/>\nFax : <a href=\"tel:519-451-1066\">519-451-1066<\/a><\/p>\n<p>[\/vc_column_text][\/vc_column_inner][vc_column_inner width=&#8221;1\/4&#8243;][vc_column_text]<\/p>\n<h4 style=\"text-align: center;\">Centre C.K. Clarke<\/h4>\n<p style=\"text-align: center;\">313 Clarke Road<br \/>\nLondon, ON N5W 5G2<br \/>\nT\u00e9l\u00e9phone : <a href=\"tel:519-451-0333\">519-451-0333<\/a><br \/>\nFax : <a href=\"tel:519-451-0006\">519-451-0006<\/a><\/p>\n<p>[\/vc_column_text][\/vc_column_inner][vc_column_inner width=&#8221;1\/4&#8243;][vc_column_text]<\/p>\n<h4 style=\"text-align: center;\">Maison Louise Arbour<\/h4>\n<p style=\"text-align: center;\">658 Little Grey Street<br \/>\nLondon, ON N5Z 5E9<br \/>\nT\u00e9l\u00e9phone : <a href=\"tel:519-850-1975\">519-850-1975<\/a><br \/>\nFax : <a href=\"tel:519-850-4952\">519-850-4952<\/a><\/p>\n<p>[\/vc_column_text][\/vc_column_inner][\/vc_row_inner][vc_text_separator title=&#8221;Nos centres communautaires&#8221; css=&#8221;&#8221;][vc_row_inner][vc_column_inner width=&#8221;1\/4&#8243;][\/vc_column_inner][vc_column_inner width=&#8221;1\/4&#8243;][vc_column_text css=&#8221;&#8221;]<\/p>\n<h4 style=\"text-align: center;\">Administration et programmes communautaires<\/h4>\n<p style=\"text-align: center;\">405 Dundas Street<br \/>\nLondon, ON N6B 1V9<br \/>\nT\u00e9l\u00e9phone : <a href=\"tel:519-850-3777\">519-850-3777<\/a><br \/>\nFax : <a href=\"tel:519-850-1396\">519-850-1396<\/a><\/p>\n<p>[\/vc_column_text][\/vc_column_inner][vc_column_inner width=&#8221;1\/4&#8243;][vc_column_text css=&#8221;&#8221;]<\/p>\n<h4 style=\"text-align: center;\">Project Home (PH) et Vie <strong>ind\u00e9pendante assist\u00e9e<\/strong> (VIA)<\/h4>\n<p style=\"text-align: center;\">371 King Street<br \/>\nLondon, ON N6B 1S4<br \/>\nT\u00e9l\u00e9phone : <a href=\"tel:519-914-3183\">519-914-3183<\/a> (VIA) \/ <a href=\"tel:519-914-3161\">519-914-3161<\/a> (PH)<br \/>\nFax : <a href=\"tel:226-884-5520\">226-884-5520<\/a> (VIA) \/ <a href=\"tel:519-850-4877\">519-850-4877<\/a> (PH)<\/p>\n<p>[\/vc_column_text][\/vc_column_inner][vc_column_inner width=&#8221;1\/4&#8243;][\/vc_column_inner][\/vc_row_inner][\/basic_container][\/vc_column][\/vc_row][vc_row][vc_column][basic_container container_size=&#8221;container container-narrow&#8221;][vc_column_text css=&#8221;&#8221;]<\/p>\n<h3>Vous avez des questions, un commentaire ou une plainte ?<\/h3>\n<p>Si vous avez des commentaires, des compliments ou des pr\u00e9occupations concernant notre personnel ou les services que vous avez re\u00e7us, nous voulons vous entendre. Voici quelques fa\u00e7ons de nous contacter :<\/p>\n<ul>\n<li>Remplir le formulaire ci-dessous<\/li>\n<li>Nous appeler au 519-850-3777 poste 261<\/li>\n<li>Nous \u00e9crire \u00e0\u00a0<a href=\"mailto:communications@slcs.ca\">communications@slcs.ca<\/a><\/li>\n<\/ul>\n<p>Si vous souhaitez obtenir une copie de notre Politique de plainte, vous la trouverez <a href=\"https:\/\/www.slcs.ca\/app\/uploads\/2019\/08\/Complaint-Policy.pdf\" target=\"_blank\" rel=\"noopener noreferrer\">ici<\/a>.\u00a0 Pour soumettre une plainte, vous pouvez utiliser le formulaire \u00e9lectronique \u00ab Contactez-nous \u00bb ci-dessous ou t\u00e9l\u00e9charger<a href=\"https:\/\/www.slcs.ca\/app\/uploads\/2024\/11\/Complaint-Feedback-Form.pdf\" target=\"_blank\" rel=\"noopener\"> la version PDF<\/a> du formulaire de plainte et de r\u00e9troaction et l\u2019envoyer \u00e0 l\u2019adresse courriel indiqu\u00e9e ci-dessus.<\/p>\n<p>Veuillez prendre un moment pour passer en revue notre <a href=\"https:\/\/www.slcs.ca\/app\/uploads\/2023\/07\/BC-111-Statement-of-Rights-and-Responsibilities-FR.pdf\" target=\"_blank\" rel=\"noopener\">\u00c9nonc\u00e9 des droits et responsabilit\u00e9s<\/a> pour les participants \u00e0 nos programmes et services.[\/vc_column_text][\/basic_container][\/vc_column][\/vc_row]<\/p>\n<\/div>","protected":false},"excerpt":{"rendered":"<p>[vc_row][vc_column][\/vc_column][\/vc_row][vc_row][vc_column][basic_container container_size=&#8221;container container-narrow&#8221;][vc_empty_space][vc_text_separator title=&#8221;Nos centres r\u00e9sidentiels&#8221;][vc_row_inner][vc_column_inner width=&#8221;1\/4&#8243;][vc_column_text]<\/p>\n<p> Centre Cody <\/p>\n<p style=\"text-align: center;\">108 King Edward Avenue<br \/> London, ON N5Z 3T1<br \/> T\u00e9l\u00e9phone : <a href=\"tel:519-668-2701\">519-668-2701<\/a><br \/> Fax : <a href=\"tel:519-668-7549\">519-668-7549<\/a><\/p>\n<p>[\/vc_column_text][\/vc_column_inner][vc_column_inner width=&#8221;1\/4&#8243;][vc_column_text]<\/p>\n<p> Centre Gallagher <\/p>\n<p style=\"text-align: center;\">266 Egerton Street<br \/> &hellip; [&#8230;]<\/p>\n","protected":false},"author":1,"featured_media":0,"parent":0,"menu_order":390,"comment_status":"closed","ping_status":"closed","template":"","meta":{"_acf_changed":false,"footnotes":""},"class_list":["post-761","page","type-page","status-publish","hentry"],"acf":[],"yoast_head":"<!-- This site is optimized with the Yoast SEO plugin v24.9 - https:\/\/yoast.com\/wordpress\/plugins\/seo\/ -->\n<title>Contactez-nous | St. Leonard&#039;s Community Services London and Region<\/title>\n<meta name=\"robots\" content=\"index, follow, max-snippet:-1, max-image-preview:large, max-video-preview:-1\" \/>\n<link rel=\"canonical\" href=\"https:\/\/www.slcs.ca\/fr\/contactez-nous\/\" \/>\n<meta property=\"og:locale\" content=\"fr_FR\" \/>\n<meta property=\"og:type\" content=\"article\" \/>\n<meta property=\"og:title\" content=\"Contactez-nous | St. Leonard&#039;s Community Services London and Region\" \/>\n<meta property=\"og:description\" content=\"[vc_row][vc_column][\/vc_column][\/vc_row][vc_row][vc_column][basic_container container_size=&#8221;container container-narrow&#8221;][vc_empty_space][vc_text_separator title=&#8221;Nos centres r\u00e9sidentiels&#8221;][vc_row_inner][vc_column_inner width=&#8221;1\/4&#8243;][vc_column_text] Centre Cody 108 King Edward Avenue London, ON N5Z 3T1 T\u00e9l\u00e9phone : 519-668-2701 Fax : 519-668-7549 [\/vc_column_text][\/vc_column_inner][vc_column_inner width=&#8221;1\/4&#8243;][vc_column_text] Centre Gallagher 266 Egerton Street &hellip; [...]\" \/>\n<meta property=\"og:url\" content=\"https:\/\/www.slcs.ca\/fr\/contactez-nous\/\" \/>\n<meta property=\"og:site_name\" content=\"St. Leonard&#039;s Community Services London and Region\" \/>\n<meta property=\"article:publisher\" content=\"https:\/\/www.facebook.com\/SLCSLondon\" \/>\n<meta property=\"article:modified_time\" content=\"2024-11-05T16:11:55+00:00\" \/>\n<meta property=\"og:image\" content=\"https:\/\/www.slcs.ca\/app\/uploads\/2019\/07\/SLCS-Logo-from-TIF.png\" \/>\n\t<meta property=\"og:image:width\" content=\"1262\" \/>\n\t<meta property=\"og:image:height\" content=\"379\" \/>\n\t<meta property=\"og:image:type\" content=\"image\/png\" \/>\n<meta name=\"twitter:card\" content=\"summary_large_image\" \/>\n<meta name=\"twitter:image\" content=\"https:\/\/www.slcs.ca\/app\/uploads\/2019\/07\/SLCS-Logo-from-TIF.png\" \/>\n<meta name=\"twitter:site\" content=\"@SLCS_London\" \/>\n<meta name=\"twitter:label1\" content=\"Est. reading time\" \/>\n\t<meta name=\"twitter:data1\" content=\"2 minutes\" \/>\n<script type=\"application\/ld+json\" class=\"yoast-schema-graph\">{\"@context\":\"https:\/\/schema.org\",\"@graph\":[{\"@type\":\"WebPage\",\"@id\":\"https:\/\/www.slcs.ca\/fr\/contactez-nous\/\",\"url\":\"https:\/\/www.slcs.ca\/fr\/contactez-nous\/\",\"name\":\"Contactez-nous | St. Leonard&#039;s Community Services London and Region\",\"isPartOf\":{\"@id\":\"https:\/\/www.slcs.ca\/#website\"},\"datePublished\":\"2019-09-09T01:18:20+00:00\",\"dateModified\":\"2024-11-05T16:11:55+00:00\",\"breadcrumb\":{\"@id\":\"https:\/\/www.slcs.ca\/fr\/contactez-nous\/#breadcrumb\"},\"inLanguage\":\"fr-FR\",\"potentialAction\":[{\"@type\":\"ReadAction\",\"target\":[\"https:\/\/www.slcs.ca\/fr\/contactez-nous\/\"]}]},{\"@type\":\"BreadcrumbList\",\"@id\":\"https:\/\/www.slcs.ca\/fr\/contactez-nous\/#breadcrumb\",\"itemListElement\":[{\"@type\":\"ListItem\",\"position\":1,\"name\":\"Accueil\",\"item\":\"https:\/\/www.slcs.ca\/fr\/\"},{\"@type\":\"ListItem\",\"position\":2,\"name\":\"Contactez-nous\"}]},{\"@type\":\"WebSite\",\"@id\":\"https:\/\/www.slcs.ca\/#website\",\"url\":\"https:\/\/www.slcs.ca\/\",\"name\":\"St. Leonard's Community Services - London and Region\",\"description\":\"\",\"publisher\":{\"@id\":\"https:\/\/www.slcs.ca\/#organization\"},\"potentialAction\":[{\"@type\":\"SearchAction\",\"target\":{\"@type\":\"EntryPoint\",\"urlTemplate\":\"https:\/\/www.slcs.ca\/?s={search_term_string}\"},\"query-input\":{\"@type\":\"PropertyValueSpecification\",\"valueRequired\":true,\"valueName\":\"search_term_string\"}}],\"inLanguage\":\"fr-FR\"},{\"@type\":\"Organization\",\"@id\":\"https:\/\/www.slcs.ca\/#organization\",\"name\":\"St. Leonard's Community Services\",\"url\":\"https:\/\/www.slcs.ca\/\",\"logo\":{\"@type\":\"ImageObject\",\"inLanguage\":\"fr-FR\",\"@id\":\"https:\/\/www.slcs.ca\/#\/schema\/logo\/image\/\",\"url\":\"https:\/\/www.slcs.ca\/wp\/wp-admin\/admin-ajax.php?action=resource_download&attachment=979\",\"contentUrl\":\"https:\/\/www.slcs.ca\/wp\/wp-admin\/admin-ajax.php?action=resource_download&attachment=979\",\"width\":1262,\"height\":379,\"caption\":\"St. Leonard's Community Services\"},\"image\":{\"@id\":\"https:\/\/www.slcs.ca\/#\/schema\/logo\/image\/\"},\"sameAs\":[\"https:\/\/www.facebook.com\/SLCSLondon\",\"https:\/\/x.com\/SLCS_London\",\"https:\/\/www.instagram.com\/slcs_london\/\",\"https:\/\/www.linkedin.com\/company\/stleonards\/\",\"https:\/\/www.youtube.com\/channel\/UCt7U9N39GYGV21XP2d9lXUg\"]}]}<\/script>\n<!-- \/ Yoast SEO plugin. -->","yoast_head_json":{"title":"Contactez-nous | St. Leonard&#039;s Community Services London and Region","robots":{"index":"index","follow":"follow","max-snippet":"max-snippet:-1","max-image-preview":"max-image-preview:large","max-video-preview":"max-video-preview:-1"},"canonical":"https:\/\/www.slcs.ca\/fr\/contactez-nous\/","og_locale":"fr_FR","og_type":"article","og_title":"Contactez-nous | St. Leonard&#039;s Community Services London and Region","og_description":"[vc_row][vc_column][\/vc_column][\/vc_row][vc_row][vc_column][basic_container container_size=&#8221;container container-narrow&#8221;][vc_empty_space][vc_text_separator title=&#8221;Nos centres r\u00e9sidentiels&#8221;][vc_row_inner][vc_column_inner width=&#8221;1\/4&#8243;][vc_column_text] Centre Cody 108 King Edward Avenue London, ON N5Z 3T1 T\u00e9l\u00e9phone : 519-668-2701 Fax : 519-668-7549 [\/vc_column_text][\/vc_column_inner][vc_column_inner width=&#8221;1\/4&#8243;][vc_column_text] Centre Gallagher 266 Egerton Street &hellip; [...]","og_url":"https:\/\/www.slcs.ca\/fr\/contactez-nous\/","og_site_name":"St. Leonard&#039;s Community Services London and Region","article_publisher":"https:\/\/www.facebook.com\/SLCSLondon","article_modified_time":"2024-11-05T16:11:55+00:00","og_image":[{"width":1262,"height":379,"url":"https:\/\/www.slcs.ca\/app\/uploads\/2019\/07\/SLCS-Logo-from-TIF.png","type":"image\/png"}],"twitter_card":"summary_large_image","twitter_image":"https:\/\/www.slcs.ca\/app\/uploads\/2019\/07\/SLCS-Logo-from-TIF.png","twitter_site":"@SLCS_London","twitter_misc":{"Est. reading time":"2 minutes"},"schema":{"@context":"https:\/\/schema.org","@graph":[{"@type":"WebPage","@id":"https:\/\/www.slcs.ca\/fr\/contactez-nous\/","url":"https:\/\/www.slcs.ca\/fr\/contactez-nous\/","name":"Contactez-nous | St. Leonard&#039;s Community Services London and Region","isPartOf":{"@id":"https:\/\/www.slcs.ca\/#website"},"datePublished":"2019-09-09T01:18:20+00:00","dateModified":"2024-11-05T16:11:55+00:00","breadcrumb":{"@id":"https:\/\/www.slcs.ca\/fr\/contactez-nous\/#breadcrumb"},"inLanguage":"fr-FR","potentialAction":[{"@type":"ReadAction","target":["https:\/\/www.slcs.ca\/fr\/contactez-nous\/"]}]},{"@type":"BreadcrumbList","@id":"https:\/\/www.slcs.ca\/fr\/contactez-nous\/#breadcrumb","itemListElement":[{"@type":"ListItem","position":1,"name":"Accueil","item":"https:\/\/www.slcs.ca\/fr\/"},{"@type":"ListItem","position":2,"name":"Contactez-nous"}]},{"@type":"WebSite","@id":"https:\/\/www.slcs.ca\/#website","url":"https:\/\/www.slcs.ca\/","name":"St. Leonard's Community Services - London and Region","description":"","publisher":{"@id":"https:\/\/www.slcs.ca\/#organization"},"potentialAction":[{"@type":"SearchAction","target":{"@type":"EntryPoint","urlTemplate":"https:\/\/www.slcs.ca\/?s={search_term_string}"},"query-input":{"@type":"PropertyValueSpecification","valueRequired":true,"valueName":"search_term_string"}}],"inLanguage":"fr-FR"},{"@type":"Organization","@id":"https:\/\/www.slcs.ca\/#organization","name":"St. Leonard's Community Services","url":"https:\/\/www.slcs.ca\/","logo":{"@type":"ImageObject","inLanguage":"fr-FR","@id":"https:\/\/www.slcs.ca\/#\/schema\/logo\/image\/","url":"https:\/\/www.slcs.ca\/wp\/wp-admin\/admin-ajax.php?action=resource_download&attachment=979","contentUrl":"https:\/\/www.slcs.ca\/wp\/wp-admin\/admin-ajax.php?action=resource_download&attachment=979","width":1262,"height":379,"caption":"St. Leonard's Community Services"},"image":{"@id":"https:\/\/www.slcs.ca\/#\/schema\/logo\/image\/"},"sameAs":["https:\/\/www.facebook.com\/SLCSLondon","https:\/\/x.com\/SLCS_London","https:\/\/www.instagram.com\/slcs_london\/","https:\/\/www.linkedin.com\/company\/stleonards\/","https:\/\/www.youtube.com\/channel\/UCt7U9N39GYGV21XP2d9lXUg"]}]}},"_links":{"self":[{"href":"https:\/\/www.slcs.ca\/fr\/wp-json\/wp\/v2\/pages\/761","targetHints":{"allow":["GET"]}}],"collection":[{"href":"https:\/\/www.slcs.ca\/fr\/wp-json\/wp\/v2\/pages"}],"about":[{"href":"https:\/\/www.slcs.ca\/fr\/wp-json\/wp\/v2\/types\/page"}],"author":[{"embeddable":true,"href":"https:\/\/www.slcs.ca\/fr\/wp-json\/wp\/v2\/users\/1"}],"replies":[{"embeddable":true,"href":"https:\/\/www.slcs.ca\/fr\/wp-json\/wp\/v2\/comments?post=761"}],"version-history":[{"count":7,"href":"https:\/\/www.slcs.ca\/fr\/wp-json\/wp\/v2\/pages\/761\/revisions"}],"predecessor-version":[{"id":4231,"href":"https:\/\/www.slcs.ca\/fr\/wp-json\/wp\/v2\/pages\/761\/revisions\/4231"}],"wp:attachment":[{"href":"https:\/\/www.slcs.ca\/fr\/wp-json\/wp\/v2\/media?parent=761"}],"curies":[{"name":"wp","href":"https:\/\/api.w.org\/{rel}","templated":true}]}}