{"id":762,"date":"2019-09-09T01:19:25","date_gmt":"2019-09-09T01:19:25","guid":{"rendered":"https:\/\/www.slcs.ca\/mission-vision-valeurs\/"},"modified":"2023-06-30T10:48:25","modified_gmt":"2023-06-30T14:48:25","slug":"mission-vision-valeurs","status":"publish","type":"page","link":"https:\/\/www.slcs.ca\/fr\/a-propos\/mission-vision-valeurs\/","title":{"rendered":"Mission, Vision, Valeurs"},"content":{"rendered":"<div class=\"wpb-content-wrapper\"><p>[vc_row][vc_column][basic_container container_size=&#8221;container container-narrow&#8221;][vc_column_text]<\/p>\n<h3 style=\"margin-top: 0;\">Mission<\/h3>\n<p>Soutenir er d\u00e9fendre les personnes impliqu\u00e9es dans le syst\u00e8me de justice, ou qui risquent de l&#8217;\u00eatre.<\/p>\n<h3>Vision<\/h3>\n<p>Une communaut\u00e9 o\u00f9 chacun se sent en s\u00e9curit\u00e9, valoris\u00e9 et soutenu.<\/p>\n<h3>Valeurs<\/h3>\n<p><strong>Inclusion<\/strong> &#8211; Notre fondation est un esprit non critique et ouvert qui reconna\u00eet et honore le caract\u00e8re unique et la dignit\u00e9 de chaque personne et de son exp\u00e9rience.<\/p>\n<p><strong>Collaboration<\/strong> &#8211; Les relations sont au c\u0153ur de qui nous sommes et de ce que nous faisons. Nous entretenons des relations utiles avec nos clients et participants, nos coll\u00e8gues, nos partenaires, nos alli\u00e9s et notre communaut\u00e9.<\/p>\n<p><strong>Compassion<\/strong> &#8211; Nous sommes honor\u00e9s de faire partie du parcours des autres. Nous accompagnons les autres avec empathie, flexibilit\u00e9, engagement et respect.<\/p>\n<p><strong>Responsabilit\u00e9<\/strong> &#8211; Nous sommes un partenaire fiable qui fournit des soutiens compatissants. Nous g\u00e9rons bien les ressources qui nous sont confi\u00e9es en faisant de notre mieux avec et pour les clients et les participants, les coll\u00e8gues, les b\u00e9n\u00e9voles, les \u00e9tudiants, les partenaires, les alli\u00e9s et notre communaut\u00e9. La prise de responsabilit\u00e9 est une invitation \u00e0 s\u2019\u00e9panouir \u00e0 mesure que nous apprenons et grandissons.[\/vc_column_text][\/basic_container][vc_empty_space height=&#8221;60px&#8221;][\/vc_column][\/vc_row][vc_row][vc_column]<div class=\"templatera_shortcode\"><div class=\"vc_row wpb_row vc_row-fluid\"><div class=\"wpb_column vc_column_container vc_col-sm-12\"><div class=\"vc_column-inner\"><div class=\"wpb_wrapper\">\t<div class=\"general-cta background-image-loading    image  text-white\" style=\"background-image: url('https:\/\/www.slcs.ca\/app\/uploads\/2019\/06\/Banner_1_-_blue-1440x479.jpg');\">\n\t\t\t\t<div class=\"general-cta-overlay none\"><\/div>\n\t\t<div class=\"container\">\n\t\t\t<div class=\"row\">\n\t\t\t\t<div class=\"general-cta-box\">\n\t\t\t\t\t\t\t\t\t\t\t\t\t\t\t\t\t\t\t\t\t<div class=\"general-cta-content\">\n\t\t\t\t\t\t\t<div id=\"tw-target-text-container\" class=\"tw-ta-container tw-nfl\">\n<h2 id=\"tw-target-text\" class=\"tw-data-text tw-text-large tw-ta\" dir=\"ltr\" data-placeholder=\"Translation\"><span lang=\"fr\" tabindex=\"0\">En savoir plus sur les services communautaires de St. Leonard<\/span><\/h2>\n<\/div>\n\t\t\t\t\t\t<\/div>\n\t\t\t\t\t\t\t\t\t\t\t\t\t\t\t\t<div class=\"general-cta-button\">\n\t\t\t\t\t\t\t<a href=\"https:\/\/www.slcs.ca\/fr\/programmes-et-services\/\" target=\"\" class=\"btn btn-info \" title=\"Programmes et services\">\n\t\t\t\t\t\t\t\t Trouver un programme\t\t\t\t\t\t\t<\/a>\n\t\t\t\t\t\t<\/div>\n\t\t\t\t    \t\t\t\t<\/div>\n\t\t\t<\/div>\n\t\t<\/div>\n\t<\/div>\n<\/div><\/div><\/div><\/div><\/div>[\/vc_column][\/vc_row]<\/p>\n<\/div>","protected":false},"excerpt":{"rendered":"Mission Soutenir er d\u00e9fendre les personnes impliqu\u00e9es dans le syst\u00e8me de justice, ou qui risquent de l'\u00eatre. Vision Une communaut\u00e9 o\u00f9 chacun se sent en s\u00e9curit\u00e9, valoris\u00e9 et soutenu. Valeurs Inclusion - Notre fondation est un esprit non critique et ouvert qui reconna\u00eet et honore le caract\u00e8re unique et la dignit\u00e9 de chaque personne et [...]","protected":false},"author":1,"featured_media":0,"parent":831,"menu_order":0,"comment_status":"closed","ping_status":"closed","template":"","meta":{"_acf_changed":false,"footnotes":""},"class_list":["post-762","page","type-page","status-publish","hentry"],"acf":[],"yoast_head":"<!-- This site is optimized with the Yoast SEO plugin v24.9 - https:\/\/yoast.com\/wordpress\/plugins\/seo\/ -->\n<title>Mission, Vision, Valeurs | St. Leonard&#039;s Community Services London and Region<\/title>\n<meta name=\"robots\" content=\"index, follow, max-snippet:-1, max-image-preview:large, max-video-preview:-1\" \/>\n<link rel=\"canonical\" href=\"https:\/\/www.slcs.ca\/fr\/a-propos\/mission-vision-valeurs\/\" \/>\n<meta property=\"og:locale\" content=\"fr_FR\" \/>\n<meta property=\"og:type\" content=\"article\" \/>\n<meta property=\"og:title\" content=\"Mission, Vision, Valeurs | St. Leonard&#039;s Community Services London and Region\" \/>\n<meta property=\"og:url\" content=\"https:\/\/www.slcs.ca\/fr\/a-propos\/mission-vision-valeurs\/\" \/>\n<meta property=\"og:site_name\" content=\"St. Leonard&#039;s Community Services London and Region\" \/>\n<meta property=\"article:publisher\" content=\"https:\/\/www.facebook.com\/SLCSLondon\" \/>\n<meta property=\"article:modified_time\" content=\"2023-06-30T14:48:25+00:00\" \/>\n<meta property=\"og:image\" content=\"https:\/\/www.slcs.ca\/app\/uploads\/2019\/07\/SLCS-Logo-from-TIF.png\" \/>\n\t<meta property=\"og:image:width\" content=\"1262\" \/>\n\t<meta property=\"og:image:height\" content=\"379\" \/>\n\t<meta property=\"og:image:type\" content=\"image\/png\" \/>\n<meta name=\"twitter:card\" content=\"summary_large_image\" \/>\n<meta name=\"twitter:image\" content=\"https:\/\/www.slcs.ca\/app\/uploads\/2019\/07\/SLCS-Logo-from-TIF.png\" \/>\n<meta name=\"twitter:site\" content=\"@SLCS_London\" \/>\n<meta name=\"twitter:label1\" content=\"Est. reading time\" \/>\n\t<meta name=\"twitter:data1\" content=\"1 minute\" \/>\n<script type=\"application\/ld+json\" class=\"yoast-schema-graph\">{\"@context\":\"https:\/\/schema.org\",\"@graph\":[{\"@type\":\"WebPage\",\"@id\":\"https:\/\/www.slcs.ca\/fr\/a-propos\/mission-vision-valeurs\/\",\"url\":\"https:\/\/www.slcs.ca\/fr\/a-propos\/mission-vision-valeurs\/\",\"name\":\"Mission, Vision, Valeurs | St. Leonard&#039;s Community Services London and Region\",\"isPartOf\":{\"@id\":\"https:\/\/www.slcs.ca\/#website\"},\"datePublished\":\"2019-09-09T01:19:25+00:00\",\"dateModified\":\"2023-06-30T14:48:25+00:00\",\"breadcrumb\":{\"@id\":\"https:\/\/www.slcs.ca\/fr\/a-propos\/mission-vision-valeurs\/#breadcrumb\"},\"inLanguage\":\"fr-FR\",\"potentialAction\":[{\"@type\":\"ReadAction\",\"target\":[\"https:\/\/www.slcs.ca\/fr\/a-propos\/mission-vision-valeurs\/\"]}]},{\"@type\":\"BreadcrumbList\",\"@id\":\"https:\/\/www.slcs.ca\/fr\/a-propos\/mission-vision-valeurs\/#breadcrumb\",\"itemListElement\":[{\"@type\":\"ListItem\",\"position\":1,\"name\":\"Accueil\",\"item\":\"https:\/\/www.slcs.ca\/fr\/\"},{\"@type\":\"ListItem\",\"position\":2,\"name\":\"\u00c0 propos\",\"item\":\"https:\/\/www.slcs.ca\/fr\/a-propos\/\"},{\"@type\":\"ListItem\",\"position\":3,\"name\":\"Mission, Vision, Valeurs\"}]},{\"@type\":\"WebSite\",\"@id\":\"https:\/\/www.slcs.ca\/#website\",\"url\":\"https:\/\/www.slcs.ca\/\",\"name\":\"St. Leonard's Community Services - London and Region\",\"description\":\"\",\"publisher\":{\"@id\":\"https:\/\/www.slcs.ca\/#organization\"},\"potentialAction\":[{\"@type\":\"SearchAction\",\"target\":{\"@type\":\"EntryPoint\",\"urlTemplate\":\"https:\/\/www.slcs.ca\/?s={search_term_string}\"},\"query-input\":{\"@type\":\"PropertyValueSpecification\",\"valueRequired\":true,\"valueName\":\"search_term_string\"}}],\"inLanguage\":\"fr-FR\"},{\"@type\":\"Organization\",\"@id\":\"https:\/\/www.slcs.ca\/#organization\",\"name\":\"St. Leonard's Community Services\",\"url\":\"https:\/\/www.slcs.ca\/\",\"logo\":{\"@type\":\"ImageObject\",\"inLanguage\":\"fr-FR\",\"@id\":\"https:\/\/www.slcs.ca\/#\/schema\/logo\/image\/\",\"url\":\"https:\/\/www.slcs.ca\/wp\/wp-admin\/admin-ajax.php?action=resource_download&attachment=979\",\"contentUrl\":\"https:\/\/www.slcs.ca\/wp\/wp-admin\/admin-ajax.php?action=resource_download&attachment=979\",\"width\":1262,\"height\":379,\"caption\":\"St. Leonard's Community Services\"},\"image\":{\"@id\":\"https:\/\/www.slcs.ca\/#\/schema\/logo\/image\/\"},\"sameAs\":[\"https:\/\/www.facebook.com\/SLCSLondon\",\"https:\/\/x.com\/SLCS_London\",\"https:\/\/www.instagram.com\/slcs_london\/\",\"https:\/\/www.linkedin.com\/company\/stleonards\/\",\"https:\/\/www.youtube.com\/channel\/UCt7U9N39GYGV21XP2d9lXUg\"]}]}<\/script>\n<!-- \/ Yoast SEO plugin. -->","yoast_head_json":{"title":"Mission, Vision, Valeurs | St. Leonard&#039;s Community Services London and Region","robots":{"index":"index","follow":"follow","max-snippet":"max-snippet:-1","max-image-preview":"max-image-preview:large","max-video-preview":"max-video-preview:-1"},"canonical":"https:\/\/www.slcs.ca\/fr\/a-propos\/mission-vision-valeurs\/","og_locale":"fr_FR","og_type":"article","og_title":"Mission, Vision, Valeurs | St. Leonard&#039;s Community Services London and Region","og_url":"https:\/\/www.slcs.ca\/fr\/a-propos\/mission-vision-valeurs\/","og_site_name":"St. Leonard&#039;s Community Services London and Region","article_publisher":"https:\/\/www.facebook.com\/SLCSLondon","article_modified_time":"2023-06-30T14:48:25+00:00","og_image":[{"width":1262,"height":379,"url":"https:\/\/www.slcs.ca\/app\/uploads\/2019\/07\/SLCS-Logo-from-TIF.png","type":"image\/png"}],"twitter_card":"summary_large_image","twitter_image":"https:\/\/www.slcs.ca\/app\/uploads\/2019\/07\/SLCS-Logo-from-TIF.png","twitter_site":"@SLCS_London","twitter_misc":{"Est. reading time":"1 minute"},"schema":{"@context":"https:\/\/schema.org","@graph":[{"@type":"WebPage","@id":"https:\/\/www.slcs.ca\/fr\/a-propos\/mission-vision-valeurs\/","url":"https:\/\/www.slcs.ca\/fr\/a-propos\/mission-vision-valeurs\/","name":"Mission, Vision, Valeurs | St. Leonard&#039;s Community Services London and Region","isPartOf":{"@id":"https:\/\/www.slcs.ca\/#website"},"datePublished":"2019-09-09T01:19:25+00:00","dateModified":"2023-06-30T14:48:25+00:00","breadcrumb":{"@id":"https:\/\/www.slcs.ca\/fr\/a-propos\/mission-vision-valeurs\/#breadcrumb"},"inLanguage":"fr-FR","potentialAction":[{"@type":"ReadAction","target":["https:\/\/www.slcs.ca\/fr\/a-propos\/mission-vision-valeurs\/"]}]},{"@type":"BreadcrumbList","@id":"https:\/\/www.slcs.ca\/fr\/a-propos\/mission-vision-valeurs\/#breadcrumb","itemListElement":[{"@type":"ListItem","position":1,"name":"Accueil","item":"https:\/\/www.slcs.ca\/fr\/"},{"@type":"ListItem","position":2,"name":"\u00c0 propos","item":"https:\/\/www.slcs.ca\/fr\/a-propos\/"},{"@type":"ListItem","position":3,"name":"Mission, Vision, Valeurs"}]},{"@type":"WebSite","@id":"https:\/\/www.slcs.ca\/#website","url":"https:\/\/www.slcs.ca\/","name":"St. Leonard's Community Services - London and Region","description":"","publisher":{"@id":"https:\/\/www.slcs.ca\/#organization"},"potentialAction":[{"@type":"SearchAction","target":{"@type":"EntryPoint","urlTemplate":"https:\/\/www.slcs.ca\/?s={search_term_string}"},"query-input":{"@type":"PropertyValueSpecification","valueRequired":true,"valueName":"search_term_string"}}],"inLanguage":"fr-FR"},{"@type":"Organization","@id":"https:\/\/www.slcs.ca\/#organization","name":"St. Leonard's Community Services","url":"https:\/\/www.slcs.ca\/","logo":{"@type":"ImageObject","inLanguage":"fr-FR","@id":"https:\/\/www.slcs.ca\/#\/schema\/logo\/image\/","url":"https:\/\/www.slcs.ca\/wp\/wp-admin\/admin-ajax.php?action=resource_download&attachment=979","contentUrl":"https:\/\/www.slcs.ca\/wp\/wp-admin\/admin-ajax.php?action=resource_download&attachment=979","width":1262,"height":379,"caption":"St. Leonard's Community Services"},"image":{"@id":"https:\/\/www.slcs.ca\/#\/schema\/logo\/image\/"},"sameAs":["https:\/\/www.facebook.com\/SLCSLondon","https:\/\/x.com\/SLCS_London","https:\/\/www.instagram.com\/slcs_london\/","https:\/\/www.linkedin.com\/company\/stleonards\/","https:\/\/www.youtube.com\/channel\/UCt7U9N39GYGV21XP2d9lXUg"]}]}},"_links":{"self":[{"href":"https:\/\/www.slcs.ca\/fr\/wp-json\/wp\/v2\/pages\/762","targetHints":{"allow":["GET"]}}],"collection":[{"href":"https:\/\/www.slcs.ca\/fr\/wp-json\/wp\/v2\/pages"}],"about":[{"href":"https:\/\/www.slcs.ca\/fr\/wp-json\/wp\/v2\/types\/page"}],"author":[{"embeddable":true,"href":"https:\/\/www.slcs.ca\/fr\/wp-json\/wp\/v2\/users\/1"}],"replies":[{"embeddable":true,"href":"https:\/\/www.slcs.ca\/fr\/wp-json\/wp\/v2\/comments?post=762"}],"version-history":[{"count":5,"href":"https:\/\/www.slcs.ca\/fr\/wp-json\/wp\/v2\/pages\/762\/revisions"}],"predecessor-version":[{"id":3877,"href":"https:\/\/www.slcs.ca\/fr\/wp-json\/wp\/v2\/pages\/762\/revisions\/3877"}],"up":[{"embeddable":true,"href":"https:\/\/www.slcs.ca\/fr\/wp-json\/wp\/v2\/pages\/831"}],"wp:attachment":[{"href":"https:\/\/www.slcs.ca\/fr\/wp-json\/wp\/v2\/media?parent=762"}],"curies":[{"name":"wp","href":"https:\/\/api.w.org\/{rel}","templated":true}]}}