{"id":764,"date":"2019-09-09T11:10:25","date_gmt":"2019-09-09T11:10:25","guid":{"rendered":"https:\/\/www.slcs.ca\/centre-de-rapports-de-london\/"},"modified":"2024-10-29T13:29:19","modified_gmt":"2024-10-29T17:29:19","slug":"centre-de-rapports-de-london","status":"publish","type":"page","link":"https:\/\/www.slcs.ca\/fr\/programmes-et-services\/programmes-residentiels\/centre-de-rapports-de-london\/","title":{"rendered":"Centre de rapports de London"},"content":{"rendered":"<div class=\"wpb-content-wrapper\"><p>[vc_row][vc_column][basic_container container_size=&#8221;container container-narrow&#8221;][vc_column_text css=&#8221;&#8221;]Le Centre de Rapport de London (LRC) re\u00e7oit des r\u00e9f\u00e9rences du Service correctionnel du Canada. Il fournit un soutien et une supervision suppl\u00e9mentaires aux hommes ou aux femmes \u00e0 risque \u00e9lev\u00e9 qui sont dans notre communaut\u00e9 mais qui n\u2019ont pas besoin de vivre dans un \u00c9tablissement R\u00e9sidentiel Communautaire (ERC ou maison de transition). Nous cr\u00e9ons des plans personnalis\u00e9s pour les aider \u00e0 se r\u00e9int\u00e9grer en toute s\u00e9curit\u00e9 dans la communaut\u00e9, y compris la planification des objectifs et les r\u00e9f\u00e9rences aux ressources communautaires.[\/vc_column_text][\/basic_container][\/vc_column][\/vc_row]<\/p>\n<\/div>","protected":false},"excerpt":{"rendered":"<p>[vc_row][vc_column][basic_container container_size=&#8221;container container-narrow&#8221;][vc_column_text css=&#8221;&#8221;]Le Centre de Rapport de London (LRC) re\u00e7oit des r\u00e9f\u00e9rences du Service correctionnel du Canada. Il fournit un soutien et une supervision suppl\u00e9mentaires aux hommes ou aux femmes \u00e0 risque \u00e9lev\u00e9 qui sont dans notre communaut\u00e9 mais &hellip; [&#8230;]<\/p>\n","protected":false},"author":1,"featured_media":0,"parent":787,"menu_order":120,"comment_status":"closed","ping_status":"closed","template":"","meta":{"_acf_changed":false,"footnotes":""},"class_list":["post-764","page","type-page","status-publish","hentry"],"acf":[],"yoast_head":"<!-- This site is optimized with the Yoast SEO plugin v24.9 - https:\/\/yoast.com\/wordpress\/plugins\/seo\/ -->\n<title>Centre de rapports de London | St. Leonard&#039;s Community Services London and Region<\/title>\n<meta name=\"robots\" content=\"index, follow, max-snippet:-1, max-image-preview:large, max-video-preview:-1\" \/>\n<link rel=\"canonical\" href=\"https:\/\/www.slcs.ca\/fr\/programmes-et-services\/programmes-residentiels\/centre-de-rapports-de-london\/\" \/>\n<meta property=\"og:locale\" content=\"fr_FR\" \/>\n<meta property=\"og:type\" content=\"article\" \/>\n<meta property=\"og:title\" content=\"Centre de rapports de London | St. Leonard&#039;s Community Services London and Region\" \/>\n<meta property=\"og:description\" content=\"[vc_row][vc_column][basic_container container_size=&#8221;container container-narrow&#8221;][vc_column_text css=&#8221;&#8221;]Le Centre de Rapport de London (LRC) re\u00e7oit des r\u00e9f\u00e9rences du Service correctionnel du Canada. Il fournit un soutien et une supervision suppl\u00e9mentaires aux hommes ou aux femmes \u00e0 risque \u00e9lev\u00e9 qui sont dans notre communaut\u00e9 mais &hellip; [...]\" \/>\n<meta property=\"og:url\" content=\"https:\/\/www.slcs.ca\/fr\/programmes-et-services\/programmes-residentiels\/centre-de-rapports-de-london\/\" \/>\n<meta property=\"og:site_name\" content=\"St. Leonard&#039;s Community Services London and Region\" \/>\n<meta property=\"article:publisher\" content=\"https:\/\/www.facebook.com\/SLCSLondon\" \/>\n<meta property=\"article:modified_time\" content=\"2024-10-29T17:29:19+00:00\" \/>\n<meta property=\"og:image\" content=\"https:\/\/www.slcs.ca\/app\/uploads\/2019\/07\/SLCS-Logo-from-TIF.png\" \/>\n\t<meta property=\"og:image:width\" content=\"1262\" \/>\n\t<meta property=\"og:image:height\" content=\"379\" \/>\n\t<meta property=\"og:image:type\" content=\"image\/png\" \/>\n<meta name=\"twitter:card\" content=\"summary_large_image\" \/>\n<meta name=\"twitter:image\" content=\"https:\/\/www.slcs.ca\/app\/uploads\/2019\/07\/SLCS-Logo-from-TIF.png\" \/>\n<meta name=\"twitter:site\" content=\"@SLCS_London\" \/>\n<meta name=\"twitter:label1\" content=\"Est. reading time\" \/>\n\t<meta name=\"twitter:data1\" content=\"1 minute\" \/>\n<script type=\"application\/ld+json\" class=\"yoast-schema-graph\">{\"@context\":\"https:\/\/schema.org\",\"@graph\":[{\"@type\":\"WebPage\",\"@id\":\"https:\/\/www.slcs.ca\/fr\/programmes-et-services\/programmes-residentiels\/centre-de-rapports-de-london\/\",\"url\":\"https:\/\/www.slcs.ca\/fr\/programmes-et-services\/programmes-residentiels\/centre-de-rapports-de-london\/\",\"name\":\"Centre de rapports de London | St. Leonard&#039;s Community Services London and Region\",\"isPartOf\":{\"@id\":\"https:\/\/www.slcs.ca\/#website\"},\"datePublished\":\"2019-09-09T11:10:25+00:00\",\"dateModified\":\"2024-10-29T17:29:19+00:00\",\"breadcrumb\":{\"@id\":\"https:\/\/www.slcs.ca\/fr\/programmes-et-services\/programmes-residentiels\/centre-de-rapports-de-london\/#breadcrumb\"},\"inLanguage\":\"fr-FR\",\"potentialAction\":[{\"@type\":\"ReadAction\",\"target\":[\"https:\/\/www.slcs.ca\/fr\/programmes-et-services\/programmes-residentiels\/centre-de-rapports-de-london\/\"]}]},{\"@type\":\"BreadcrumbList\",\"@id\":\"https:\/\/www.slcs.ca\/fr\/programmes-et-services\/programmes-residentiels\/centre-de-rapports-de-london\/#breadcrumb\",\"itemListElement\":[{\"@type\":\"ListItem\",\"position\":1,\"name\":\"Accueil\",\"item\":\"https:\/\/www.slcs.ca\/fr\/\"},{\"@type\":\"ListItem\",\"position\":2,\"name\":\"Programmes et services\",\"item\":\"https:\/\/www.slcs.ca\/fr\/programmes-et-services\/\"},{\"@type\":\"ListItem\",\"position\":3,\"name\":\"Programmes r\u00e9sidentiels\",\"item\":\"https:\/\/www.slcs.ca\/fr\/programmes-et-services\/programmes-residentiels\/\"},{\"@type\":\"ListItem\",\"position\":4,\"name\":\"Centre de rapports de London\"}]},{\"@type\":\"WebSite\",\"@id\":\"https:\/\/www.slcs.ca\/#website\",\"url\":\"https:\/\/www.slcs.ca\/\",\"name\":\"St. Leonard's Community Services - London and Region\",\"description\":\"\",\"publisher\":{\"@id\":\"https:\/\/www.slcs.ca\/#organization\"},\"potentialAction\":[{\"@type\":\"SearchAction\",\"target\":{\"@type\":\"EntryPoint\",\"urlTemplate\":\"https:\/\/www.slcs.ca\/?s={search_term_string}\"},\"query-input\":{\"@type\":\"PropertyValueSpecification\",\"valueRequired\":true,\"valueName\":\"search_term_string\"}}],\"inLanguage\":\"fr-FR\"},{\"@type\":\"Organization\",\"@id\":\"https:\/\/www.slcs.ca\/#organization\",\"name\":\"St. Leonard's Community Services\",\"url\":\"https:\/\/www.slcs.ca\/\",\"logo\":{\"@type\":\"ImageObject\",\"inLanguage\":\"fr-FR\",\"@id\":\"https:\/\/www.slcs.ca\/#\/schema\/logo\/image\/\",\"url\":\"https:\/\/www.slcs.ca\/wp\/wp-admin\/admin-ajax.php?action=resource_download&attachment=979\",\"contentUrl\":\"https:\/\/www.slcs.ca\/wp\/wp-admin\/admin-ajax.php?action=resource_download&attachment=979\",\"width\":1262,\"height\":379,\"caption\":\"St. Leonard's Community Services\"},\"image\":{\"@id\":\"https:\/\/www.slcs.ca\/#\/schema\/logo\/image\/\"},\"sameAs\":[\"https:\/\/www.facebook.com\/SLCSLondon\",\"https:\/\/x.com\/SLCS_London\",\"https:\/\/www.instagram.com\/slcs_london\/\",\"https:\/\/www.linkedin.com\/company\/stleonards\/\",\"https:\/\/www.youtube.com\/channel\/UCt7U9N39GYGV21XP2d9lXUg\"]}]}<\/script>\n<!-- \/ Yoast SEO plugin. -->","yoast_head_json":{"title":"Centre de rapports de London | St. Leonard&#039;s Community Services London and Region","robots":{"index":"index","follow":"follow","max-snippet":"max-snippet:-1","max-image-preview":"max-image-preview:large","max-video-preview":"max-video-preview:-1"},"canonical":"https:\/\/www.slcs.ca\/fr\/programmes-et-services\/programmes-residentiels\/centre-de-rapports-de-london\/","og_locale":"fr_FR","og_type":"article","og_title":"Centre de rapports de London | St. Leonard&#039;s Community Services London and Region","og_description":"[vc_row][vc_column][basic_container container_size=&#8221;container container-narrow&#8221;][vc_column_text css=&#8221;&#8221;]Le Centre de Rapport de London (LRC) re\u00e7oit des r\u00e9f\u00e9rences du Service correctionnel du Canada. Il fournit un soutien et une supervision suppl\u00e9mentaires aux hommes ou aux femmes \u00e0 risque \u00e9lev\u00e9 qui sont dans notre communaut\u00e9 mais &hellip; [...]","og_url":"https:\/\/www.slcs.ca\/fr\/programmes-et-services\/programmes-residentiels\/centre-de-rapports-de-london\/","og_site_name":"St. Leonard&#039;s Community Services London and Region","article_publisher":"https:\/\/www.facebook.com\/SLCSLondon","article_modified_time":"2024-10-29T17:29:19+00:00","og_image":[{"width":1262,"height":379,"url":"https:\/\/www.slcs.ca\/app\/uploads\/2019\/07\/SLCS-Logo-from-TIF.png","type":"image\/png"}],"twitter_card":"summary_large_image","twitter_image":"https:\/\/www.slcs.ca\/app\/uploads\/2019\/07\/SLCS-Logo-from-TIF.png","twitter_site":"@SLCS_London","twitter_misc":{"Est. reading time":"1 minute"},"schema":{"@context":"https:\/\/schema.org","@graph":[{"@type":"WebPage","@id":"https:\/\/www.slcs.ca\/fr\/programmes-et-services\/programmes-residentiels\/centre-de-rapports-de-london\/","url":"https:\/\/www.slcs.ca\/fr\/programmes-et-services\/programmes-residentiels\/centre-de-rapports-de-london\/","name":"Centre de rapports de London | St. Leonard&#039;s Community Services London and Region","isPartOf":{"@id":"https:\/\/www.slcs.ca\/#website"},"datePublished":"2019-09-09T11:10:25+00:00","dateModified":"2024-10-29T17:29:19+00:00","breadcrumb":{"@id":"https:\/\/www.slcs.ca\/fr\/programmes-et-services\/programmes-residentiels\/centre-de-rapports-de-london\/#breadcrumb"},"inLanguage":"fr-FR","potentialAction":[{"@type":"ReadAction","target":["https:\/\/www.slcs.ca\/fr\/programmes-et-services\/programmes-residentiels\/centre-de-rapports-de-london\/"]}]},{"@type":"BreadcrumbList","@id":"https:\/\/www.slcs.ca\/fr\/programmes-et-services\/programmes-residentiels\/centre-de-rapports-de-london\/#breadcrumb","itemListElement":[{"@type":"ListItem","position":1,"name":"Accueil","item":"https:\/\/www.slcs.ca\/fr\/"},{"@type":"ListItem","position":2,"name":"Programmes et services","item":"https:\/\/www.slcs.ca\/fr\/programmes-et-services\/"},{"@type":"ListItem","position":3,"name":"Programmes r\u00e9sidentiels","item":"https:\/\/www.slcs.ca\/fr\/programmes-et-services\/programmes-residentiels\/"},{"@type":"ListItem","position":4,"name":"Centre de rapports de London"}]},{"@type":"WebSite","@id":"https:\/\/www.slcs.ca\/#website","url":"https:\/\/www.slcs.ca\/","name":"St. Leonard's Community Services - London and Region","description":"","publisher":{"@id":"https:\/\/www.slcs.ca\/#organization"},"potentialAction":[{"@type":"SearchAction","target":{"@type":"EntryPoint","urlTemplate":"https:\/\/www.slcs.ca\/?s={search_term_string}"},"query-input":{"@type":"PropertyValueSpecification","valueRequired":true,"valueName":"search_term_string"}}],"inLanguage":"fr-FR"},{"@type":"Organization","@id":"https:\/\/www.slcs.ca\/#organization","name":"St. Leonard's Community Services","url":"https:\/\/www.slcs.ca\/","logo":{"@type":"ImageObject","inLanguage":"fr-FR","@id":"https:\/\/www.slcs.ca\/#\/schema\/logo\/image\/","url":"https:\/\/www.slcs.ca\/wp\/wp-admin\/admin-ajax.php?action=resource_download&attachment=979","contentUrl":"https:\/\/www.slcs.ca\/wp\/wp-admin\/admin-ajax.php?action=resource_download&attachment=979","width":1262,"height":379,"caption":"St. Leonard's Community Services"},"image":{"@id":"https:\/\/www.slcs.ca\/#\/schema\/logo\/image\/"},"sameAs":["https:\/\/www.facebook.com\/SLCSLondon","https:\/\/x.com\/SLCS_London","https:\/\/www.instagram.com\/slcs_london\/","https:\/\/www.linkedin.com\/company\/stleonards\/","https:\/\/www.youtube.com\/channel\/UCt7U9N39GYGV21XP2d9lXUg"]}]}},"_links":{"self":[{"href":"https:\/\/www.slcs.ca\/fr\/wp-json\/wp\/v2\/pages\/764","targetHints":{"allow":["GET"]}}],"collection":[{"href":"https:\/\/www.slcs.ca\/fr\/wp-json\/wp\/v2\/pages"}],"about":[{"href":"https:\/\/www.slcs.ca\/fr\/wp-json\/wp\/v2\/types\/page"}],"author":[{"embeddable":true,"href":"https:\/\/www.slcs.ca\/fr\/wp-json\/wp\/v2\/users\/1"}],"replies":[{"embeddable":true,"href":"https:\/\/www.slcs.ca\/fr\/wp-json\/wp\/v2\/comments?post=764"}],"version-history":[{"count":1,"href":"https:\/\/www.slcs.ca\/fr\/wp-json\/wp\/v2\/pages\/764\/revisions"}],"predecessor-version":[{"id":4183,"href":"https:\/\/www.slcs.ca\/fr\/wp-json\/wp\/v2\/pages\/764\/revisions\/4183"}],"up":[{"embeddable":true,"href":"https:\/\/www.slcs.ca\/fr\/wp-json\/wp\/v2\/pages\/787"}],"wp:attachment":[{"href":"https:\/\/www.slcs.ca\/fr\/wp-json\/wp\/v2\/media?parent=764"}],"curies":[{"name":"wp","href":"https:\/\/api.w.org\/{rel}","templated":true}]}}