{"id":765,"date":"2019-09-09T11:10:49","date_gmt":"2019-09-09T11:10:49","guid":{"rendered":"https:\/\/www.slcs.ca\/programmes-de-dejudiciarisation-scolaires-pour-les-jeunes\/programmes-de-groupe-jeunesse\/"},"modified":"2024-10-29T14:53:40","modified_gmt":"2024-10-29T18:53:40","slug":"programmes-de-groupe-jeunesse","status":"publish","type":"page","link":"https:\/\/www.slcs.ca\/fr\/programmes-et-services\/programmes-de-dejudiciarisation-scolaires-pour-les-jeunes\/programmes-de-groupe-jeunesse\/","title":{"rendered":"Programmes de groupe jeunesse"},"content":{"rendered":"<div class=\"wpb-content-wrapper\"><p>[vc_row][vc_column][basic_container container_size=&#8221;container container-narrow&#8221;][vc_column_text css=&#8221;&#8221;]<\/p>\n<h3>Les Choix<\/h3>\n<p>Il s\u2019agit d\u2019un programme de huit sessions qui enseigne des comp\u00e9tences de vie telles que la prise de d\u00e9cision, les valeurs, la communication et l\u2019empathie.<\/p>\n<h3>Avoir une emprise<\/h3>\n<p>Il s\u2019agit d\u2019un programme de gestion de la col\u00e8re qui aide les jeunes \u00e0 comprendre et \u00e0 g\u00e9rer leur col\u00e8re gr\u00e2ce \u00e0 des discussions, des jeux de r\u00f4le et des activit\u00e9s.[\/vc_column_text][vc_toggle title=&#8221;Quels sujets sont abord\u00e9s?&#8221;]<\/p>\n<ul>\n<li>Les sujets abord\u00e9s dans le programme Choices incluent les valeurs et l&#8217;estime de soi, les faits vs. les opinions, la communication et la r\u00e9solution de probl\u00e8mes, les besoins personnels, la gestion des \u00e9motions, la r\u00e9solution des conflits, la pression des pairs, la victimisation<\/li>\n<li>Les sujets abord\u00e9s dans le programme Get a Grip comprennent la reconnaissance et la compr\u00e9hension de la col\u00e8re, l&#8217;affirmation de soi, la cr\u00e9ativit\u00e9 et le raisonnement critique, la gestion du stress, l&#8217;auto-responsabilit\u00e9, la communication efficace, et la r\u00e9solution de probl\u00e8mes<\/li>\n<\/ul>\n<p>[\/vc_toggle][vc_toggle title=&#8221;Combien co\u00fbtent ces programmes ?&#8221;]Les programmes de groupe sont offerts gratuitement. Ces groupes sont anim\u00e9s dans notre bureau principal situ\u00e9 au 405 Dundas Street \u00e0 London, et peuvent \u00e9galement \u00eatre offerts \u00e0 divers endroits au sein de la communaut\u00e9.[\/vc_toggle][\/basic_container][\/vc_column][\/vc_row]<\/p>\n<\/div>","protected":false},"excerpt":{"rendered":"<p>[vc_row][vc_column][basic_container container_size=&#8221;container container-narrow&#8221;][vc_column_text css=&#8221;&#8221;]<\/p>\n<p> Les Choix <\/p>\n<p>Il s\u2019agit d\u2019un programme de huit sessions qui enseigne des comp\u00e9tences de vie telles que la prise de d\u00e9cision, les valeurs, la communication et l\u2019empathie.<\/p>\n<p> Avoir une emprise <\/p>\n<p>Il s\u2019agit d\u2019un programme de gestion &hellip; [&#8230;]<\/p>\n","protected":false},"author":1,"featured_media":0,"parent":758,"menu_order":270,"comment_status":"closed","ping_status":"closed","template":"","meta":{"_acf_changed":false,"footnotes":""},"class_list":["post-765","page","type-page","status-publish","hentry"],"acf":[],"yoast_head":"<!-- This site is optimized with the Yoast SEO plugin v24.9 - https:\/\/yoast.com\/wordpress\/plugins\/seo\/ -->\n<title>Programmes de groupe jeunesse | St. Leonard&#039;s Community Services London and Region<\/title>\n<meta name=\"robots\" content=\"index, follow, max-snippet:-1, max-image-preview:large, max-video-preview:-1\" \/>\n<link rel=\"canonical\" href=\"https:\/\/www.slcs.ca\/fr\/programmes-et-services\/programmes-de-dejudiciarisation-scolaires-pour-les-jeunes\/programmes-de-groupe-jeunesse\/\" \/>\n<meta property=\"og:locale\" content=\"fr_FR\" \/>\n<meta property=\"og:type\" content=\"article\" \/>\n<meta property=\"og:title\" content=\"Programmes de groupe jeunesse | St. Leonard&#039;s Community Services London and Region\" \/>\n<meta property=\"og:description\" content=\"[vc_row][vc_column][basic_container container_size=&#8221;container container-narrow&#8221;][vc_column_text css=&#8221;&#8221;] Les Choix Il s\u2019agit d\u2019un programme de huit sessions qui enseigne des comp\u00e9tences de vie telles que la prise de d\u00e9cision, les valeurs, la communication et l\u2019empathie. Avoir une emprise Il s\u2019agit d\u2019un programme de gestion &hellip; [...]\" \/>\n<meta property=\"og:url\" content=\"https:\/\/www.slcs.ca\/fr\/programmes-et-services\/programmes-de-dejudiciarisation-scolaires-pour-les-jeunes\/programmes-de-groupe-jeunesse\/\" \/>\n<meta property=\"og:site_name\" content=\"St. Leonard&#039;s Community Services London and Region\" \/>\n<meta property=\"article:publisher\" content=\"https:\/\/www.facebook.com\/SLCSLondon\" \/>\n<meta property=\"article:modified_time\" content=\"2024-10-29T18:53:40+00:00\" \/>\n<meta property=\"og:image\" content=\"https:\/\/www.slcs.ca\/app\/uploads\/2019\/07\/SLCS-Logo-from-TIF.png\" \/>\n\t<meta property=\"og:image:width\" content=\"1262\" \/>\n\t<meta property=\"og:image:height\" content=\"379\" \/>\n\t<meta property=\"og:image:type\" content=\"image\/png\" \/>\n<meta name=\"twitter:card\" content=\"summary_large_image\" \/>\n<meta name=\"twitter:image\" content=\"https:\/\/www.slcs.ca\/app\/uploads\/2019\/07\/SLCS-Logo-from-TIF.png\" \/>\n<meta name=\"twitter:site\" content=\"@SLCS_London\" \/>\n<meta name=\"twitter:label1\" content=\"Est. reading time\" \/>\n\t<meta name=\"twitter:data1\" content=\"1 minute\" \/>\n<script type=\"application\/ld+json\" class=\"yoast-schema-graph\">{\"@context\":\"https:\/\/schema.org\",\"@graph\":[{\"@type\":\"WebPage\",\"@id\":\"https:\/\/www.slcs.ca\/fr\/programmes-et-services\/programmes-de-dejudiciarisation-scolaires-pour-les-jeunes\/programmes-de-groupe-jeunesse\/\",\"url\":\"https:\/\/www.slcs.ca\/fr\/programmes-et-services\/programmes-de-dejudiciarisation-scolaires-pour-les-jeunes\/programmes-de-groupe-jeunesse\/\",\"name\":\"Programmes de groupe jeunesse | St. Leonard&#039;s Community Services London and Region\",\"isPartOf\":{\"@id\":\"https:\/\/www.slcs.ca\/#website\"},\"datePublished\":\"2019-09-09T11:10:49+00:00\",\"dateModified\":\"2024-10-29T18:53:40+00:00\",\"breadcrumb\":{\"@id\":\"https:\/\/www.slcs.ca\/fr\/programmes-et-services\/programmes-de-dejudiciarisation-scolaires-pour-les-jeunes\/programmes-de-groupe-jeunesse\/#breadcrumb\"},\"inLanguage\":\"fr-FR\",\"potentialAction\":[{\"@type\":\"ReadAction\",\"target\":[\"https:\/\/www.slcs.ca\/fr\/programmes-et-services\/programmes-de-dejudiciarisation-scolaires-pour-les-jeunes\/programmes-de-groupe-jeunesse\/\"]}]},{\"@type\":\"BreadcrumbList\",\"@id\":\"https:\/\/www.slcs.ca\/fr\/programmes-et-services\/programmes-de-dejudiciarisation-scolaires-pour-les-jeunes\/programmes-de-groupe-jeunesse\/#breadcrumb\",\"itemListElement\":[{\"@type\":\"ListItem\",\"position\":1,\"name\":\"Accueil\",\"item\":\"https:\/\/www.slcs.ca\/fr\/\"},{\"@type\":\"ListItem\",\"position\":2,\"name\":\"Programmes et services\",\"item\":\"https:\/\/www.slcs.ca\/fr\/programmes-et-services\/\"},{\"@type\":\"ListItem\",\"position\":3,\"name\":\"Programmes de d\u00e9judiciarisation scolaires pour les jeunes\",\"item\":\"https:\/\/www.slcs.ca\/fr\/programmes-et-services\/programmes-de-dejudiciarisation-scolaires-pour-les-jeunes\/\"},{\"@type\":\"ListItem\",\"position\":4,\"name\":\"Programmes de groupe jeunesse\"}]},{\"@type\":\"WebSite\",\"@id\":\"https:\/\/www.slcs.ca\/#website\",\"url\":\"https:\/\/www.slcs.ca\/\",\"name\":\"St. Leonard's Community Services - London and Region\",\"description\":\"\",\"publisher\":{\"@id\":\"https:\/\/www.slcs.ca\/#organization\"},\"potentialAction\":[{\"@type\":\"SearchAction\",\"target\":{\"@type\":\"EntryPoint\",\"urlTemplate\":\"https:\/\/www.slcs.ca\/?s={search_term_string}\"},\"query-input\":{\"@type\":\"PropertyValueSpecification\",\"valueRequired\":true,\"valueName\":\"search_term_string\"}}],\"inLanguage\":\"fr-FR\"},{\"@type\":\"Organization\",\"@id\":\"https:\/\/www.slcs.ca\/#organization\",\"name\":\"St. Leonard's Community Services\",\"url\":\"https:\/\/www.slcs.ca\/\",\"logo\":{\"@type\":\"ImageObject\",\"inLanguage\":\"fr-FR\",\"@id\":\"https:\/\/www.slcs.ca\/#\/schema\/logo\/image\/\",\"url\":\"https:\/\/www.slcs.ca\/wp\/wp-admin\/admin-ajax.php?action=resource_download&attachment=979\",\"contentUrl\":\"https:\/\/www.slcs.ca\/wp\/wp-admin\/admin-ajax.php?action=resource_download&attachment=979\",\"width\":1262,\"height\":379,\"caption\":\"St. Leonard's Community Services\"},\"image\":{\"@id\":\"https:\/\/www.slcs.ca\/#\/schema\/logo\/image\/\"},\"sameAs\":[\"https:\/\/www.facebook.com\/SLCSLondon\",\"https:\/\/x.com\/SLCS_London\",\"https:\/\/www.instagram.com\/slcs_london\/\",\"https:\/\/www.linkedin.com\/company\/stleonards\/\",\"https:\/\/www.youtube.com\/channel\/UCt7U9N39GYGV21XP2d9lXUg\"]}]}<\/script>\n<!-- \/ Yoast SEO plugin. -->","yoast_head_json":{"title":"Programmes de groupe jeunesse | St. Leonard&#039;s Community Services London and Region","robots":{"index":"index","follow":"follow","max-snippet":"max-snippet:-1","max-image-preview":"max-image-preview:large","max-video-preview":"max-video-preview:-1"},"canonical":"https:\/\/www.slcs.ca\/fr\/programmes-et-services\/programmes-de-dejudiciarisation-scolaires-pour-les-jeunes\/programmes-de-groupe-jeunesse\/","og_locale":"fr_FR","og_type":"article","og_title":"Programmes de groupe jeunesse | St. Leonard&#039;s Community Services London and Region","og_description":"[vc_row][vc_column][basic_container container_size=&#8221;container container-narrow&#8221;][vc_column_text css=&#8221;&#8221;] Les Choix Il s\u2019agit d\u2019un programme de huit sessions qui enseigne des comp\u00e9tences de vie telles que la prise de d\u00e9cision, les valeurs, la communication et l\u2019empathie. Avoir une emprise Il s\u2019agit d\u2019un programme de gestion &hellip; [...]","og_url":"https:\/\/www.slcs.ca\/fr\/programmes-et-services\/programmes-de-dejudiciarisation-scolaires-pour-les-jeunes\/programmes-de-groupe-jeunesse\/","og_site_name":"St. Leonard&#039;s Community Services London and Region","article_publisher":"https:\/\/www.facebook.com\/SLCSLondon","article_modified_time":"2024-10-29T18:53:40+00:00","og_image":[{"width":1262,"height":379,"url":"https:\/\/www.slcs.ca\/app\/uploads\/2019\/07\/SLCS-Logo-from-TIF.png","type":"image\/png"}],"twitter_card":"summary_large_image","twitter_image":"https:\/\/www.slcs.ca\/app\/uploads\/2019\/07\/SLCS-Logo-from-TIF.png","twitter_site":"@SLCS_London","twitter_misc":{"Est. reading time":"1 minute"},"schema":{"@context":"https:\/\/schema.org","@graph":[{"@type":"WebPage","@id":"https:\/\/www.slcs.ca\/fr\/programmes-et-services\/programmes-de-dejudiciarisation-scolaires-pour-les-jeunes\/programmes-de-groupe-jeunesse\/","url":"https:\/\/www.slcs.ca\/fr\/programmes-et-services\/programmes-de-dejudiciarisation-scolaires-pour-les-jeunes\/programmes-de-groupe-jeunesse\/","name":"Programmes de groupe jeunesse | St. Leonard&#039;s Community Services London and Region","isPartOf":{"@id":"https:\/\/www.slcs.ca\/#website"},"datePublished":"2019-09-09T11:10:49+00:00","dateModified":"2024-10-29T18:53:40+00:00","breadcrumb":{"@id":"https:\/\/www.slcs.ca\/fr\/programmes-et-services\/programmes-de-dejudiciarisation-scolaires-pour-les-jeunes\/programmes-de-groupe-jeunesse\/#breadcrumb"},"inLanguage":"fr-FR","potentialAction":[{"@type":"ReadAction","target":["https:\/\/www.slcs.ca\/fr\/programmes-et-services\/programmes-de-dejudiciarisation-scolaires-pour-les-jeunes\/programmes-de-groupe-jeunesse\/"]}]},{"@type":"BreadcrumbList","@id":"https:\/\/www.slcs.ca\/fr\/programmes-et-services\/programmes-de-dejudiciarisation-scolaires-pour-les-jeunes\/programmes-de-groupe-jeunesse\/#breadcrumb","itemListElement":[{"@type":"ListItem","position":1,"name":"Accueil","item":"https:\/\/www.slcs.ca\/fr\/"},{"@type":"ListItem","position":2,"name":"Programmes et services","item":"https:\/\/www.slcs.ca\/fr\/programmes-et-services\/"},{"@type":"ListItem","position":3,"name":"Programmes de d\u00e9judiciarisation scolaires pour les jeunes","item":"https:\/\/www.slcs.ca\/fr\/programmes-et-services\/programmes-de-dejudiciarisation-scolaires-pour-les-jeunes\/"},{"@type":"ListItem","position":4,"name":"Programmes de groupe jeunesse"}]},{"@type":"WebSite","@id":"https:\/\/www.slcs.ca\/#website","url":"https:\/\/www.slcs.ca\/","name":"St. Leonard's Community Services - London and Region","description":"","publisher":{"@id":"https:\/\/www.slcs.ca\/#organization"},"potentialAction":[{"@type":"SearchAction","target":{"@type":"EntryPoint","urlTemplate":"https:\/\/www.slcs.ca\/?s={search_term_string}"},"query-input":{"@type":"PropertyValueSpecification","valueRequired":true,"valueName":"search_term_string"}}],"inLanguage":"fr-FR"},{"@type":"Organization","@id":"https:\/\/www.slcs.ca\/#organization","name":"St. Leonard's Community Services","url":"https:\/\/www.slcs.ca\/","logo":{"@type":"ImageObject","inLanguage":"fr-FR","@id":"https:\/\/www.slcs.ca\/#\/schema\/logo\/image\/","url":"https:\/\/www.slcs.ca\/wp\/wp-admin\/admin-ajax.php?action=resource_download&attachment=979","contentUrl":"https:\/\/www.slcs.ca\/wp\/wp-admin\/admin-ajax.php?action=resource_download&attachment=979","width":1262,"height":379,"caption":"St. Leonard's Community Services"},"image":{"@id":"https:\/\/www.slcs.ca\/#\/schema\/logo\/image\/"},"sameAs":["https:\/\/www.facebook.com\/SLCSLondon","https:\/\/x.com\/SLCS_London","https:\/\/www.instagram.com\/slcs_london\/","https:\/\/www.linkedin.com\/company\/stleonards\/","https:\/\/www.youtube.com\/channel\/UCt7U9N39GYGV21XP2d9lXUg"]}]}},"_links":{"self":[{"href":"https:\/\/www.slcs.ca\/fr\/wp-json\/wp\/v2\/pages\/765","targetHints":{"allow":["GET"]}}],"collection":[{"href":"https:\/\/www.slcs.ca\/fr\/wp-json\/wp\/v2\/pages"}],"about":[{"href":"https:\/\/www.slcs.ca\/fr\/wp-json\/wp\/v2\/types\/page"}],"author":[{"embeddable":true,"href":"https:\/\/www.slcs.ca\/fr\/wp-json\/wp\/v2\/users\/1"}],"replies":[{"embeddable":true,"href":"https:\/\/www.slcs.ca\/fr\/wp-json\/wp\/v2\/comments?post=765"}],"version-history":[{"count":4,"href":"https:\/\/www.slcs.ca\/fr\/wp-json\/wp\/v2\/pages\/765\/revisions"}],"predecessor-version":[{"id":4206,"href":"https:\/\/www.slcs.ca\/fr\/wp-json\/wp\/v2\/pages\/765\/revisions\/4206"}],"up":[{"embeddable":true,"href":"https:\/\/www.slcs.ca\/fr\/wp-json\/wp\/v2\/pages\/758"}],"wp:attachment":[{"href":"https:\/\/www.slcs.ca\/fr\/wp-json\/wp\/v2\/media?parent=765"}],"curies":[{"name":"wp","href":"https:\/\/api.w.org\/{rel}","templated":true}]}}