{"id":767,"date":"2019-09-09T11:11:26","date_gmt":"2019-09-09T11:11:26","guid":{"rendered":"https:\/\/www.slcs.ca\/programmes-communautaires-pour-les-jeunes\/"},"modified":"2019-09-09T11:11:26","modified_gmt":"2019-09-09T11:11:26","slug":"programmes-communautaires-pour-les-jeunes","status":"publish","type":"page","link":"https:\/\/www.slcs.ca\/fr\/programmes-et-services\/programmes-communautaires-pour-les-jeunes\/","title":{"rendered":"Programmes communautaires pour les jeunes"},"content":{"rendered":"<div class=\"wpb-content-wrapper\"><p>[vc_row][vc_column][basic_container container_size=&#8221;container container-narrow&#8221;][vc_column_text]Les programmes communautaires pour les jeunes sont offerts par SCSL aux jeunes sous probation ou ceux qui peuvent \u00eatre aux prises avec le sans-abrisme. <\/p>\n<ul>\n<li>Le <a href=\"https:\/\/www.slcs.ca\/fr\/programmes-communautaires-pour-les-jeunes\/programme-de-centres-de-frequentation-obligatoire\/\">Centre de fr\u00e9quentation obligatoire<\/a>offre un programme structur\u00e9 et supervis\u00e9 qui met l&#8217;accent sur un certain nombre de facteurs de risque criminog\u00e8nes dans le but de r\u00e9duire la r\u00e9cidive<\/li>\n<li>Le programme de<a href=\"https:\/\/www.slcs.ca\/fr\/service-de-reintegration-intensive\/\">services de r\u00e9int\u00e9gration intensive<\/a> individuel, y compris un programme sp\u00e9cifique aux personnes ayant re\u00e7u un diagnostic confirm\u00e9 ou potentiel de <a href=\"https:\/\/www.slcs.ca\/fr\/service-de-reintegration-intensive-etcaf\/\">ETCAF<\/a>, se concentre de fa\u00e7on similaire sur la gestion des facteurs criminog\u00e8nes pour les jeunes qui sont \u00e0 risque \u00e9lev\u00e9 de r\u00e9cidiver au sein de la communaut\u00e9 lors de la transition du syst\u00e8me de d\u00e9tention pour jeunes.<\/li>\n<li><a href=\"https:\/\/www.slcs.ca\/fr\/project-home\/\">Project Home<\/a> se concentre sur l\u2019obtention du logement pour les jeunes confront\u00e9s au sans-abrisme chronique<\/li>\n<\/ul>\n<p>[\/vc_column_text]\t<div class=\"simple-image-bar count-3\">\n\t\t<ul class=\"simple-image-bar-list\">\n\t\t\t\t\t\t\t<li>\n\t\t\t\t\t\t\t\t\t\t<img decoding=\"async\" src=\"https:\/\/www.slcs.ca\/app\/uploads\/2019\/06\/iStock-967283668-834x834.jpg\" alt=\"\"\/>\n\t\t\t\t<\/li>\n\t\t\t\t\t\t\t<li>\n\t\t\t\t\t\t\t\t\t\t<img decoding=\"async\" src=\"https:\/\/www.slcs.ca\/app\/uploads\/2019\/06\/iStock-936924172-1-836x836.jpg\" alt=\"\"\/>\n\t\t\t\t<\/li>\n\t\t\t\t\t\t\t<li>\n\t\t\t\t\t\t\t\t\t\t<img decoding=\"async\" src=\"https:\/\/www.slcs.ca\/app\/uploads\/2019\/05\/alter-01-806x806.jpg\" alt=\"\"\/>\n\t\t\t\t<\/li>\n\t\t\t\t\t<\/ul>\n\t<\/div>\n[\/basic_container][\/vc_column][\/vc_row]<\/p>\n<\/div>","protected":false},"excerpt":{"rendered":"<p>[vc_row][vc_column][basic_container container_size=&#8221;container container-narrow&#8221;][vc_column_text]Les programmes communautaires pour les jeunes sont offerts par SCSL aux jeunes sous probation ou ceux qui peuvent \u00eatre aux prises avec le sans-abrisme. <\/p>\n<ul>\n<li>Le <a href=\"https:\/\/www.slcs.ca\/fr\/programmes-communautaires-pour-les-jeunes\/programme-de-centres-de-frequentation-obligatoire\/\">Centre de fr\u00e9quentation obligatoire<\/a>offre un programme structur\u00e9 et supervis\u00e9 qui &hellip; [&#8230;]<\/li>\n<\/ul>\n","protected":false},"author":1,"featured_media":0,"parent":776,"menu_order":340,"comment_status":"closed","ping_status":"closed","template":"","meta":{"_acf_changed":false,"footnotes":""},"class_list":["post-767","page","type-page","status-publish","hentry"],"acf":[],"yoast_head":"<!-- This site is optimized with the Yoast SEO plugin v24.9 - https:\/\/yoast.com\/wordpress\/plugins\/seo\/ -->\n<title>Programmes communautaires pour les jeunes | St. Leonard&#039;s Community Services London and Region<\/title>\n<meta name=\"robots\" content=\"index, follow, max-snippet:-1, max-image-preview:large, max-video-preview:-1\" \/>\n<link rel=\"canonical\" href=\"https:\/\/www.slcs.ca\/programs-services\/youth-community-programs\/\" \/>\n<meta property=\"og:locale\" content=\"fr_FR\" \/>\n<meta property=\"og:type\" content=\"article\" \/>\n<meta property=\"og:title\" content=\"Programmes communautaires pour les jeunes | St. Leonard&#039;s Community Services London and Region\" \/>\n<meta property=\"og:description\" content=\"[vc_row][vc_column][basic_container container_size=&#8221;container container-narrow&#8221;][vc_column_text]Les programmes communautaires pour les jeunes sont offerts par SCSL aux jeunes sous probation ou ceux qui peuvent \u00eatre aux prises avec le sans-abrisme.  Le Centre de fr\u00e9quentation obligatoireoffre un programme structur\u00e9 et supervis\u00e9 qui &hellip; [...]\" \/>\n<meta property=\"og:url\" content=\"https:\/\/www.slcs.ca\/programs-services\/youth-community-programs\/\" \/>\n<meta property=\"og:site_name\" content=\"St. Leonard&#039;s Community Services London and Region\" \/>\n<meta property=\"article:publisher\" content=\"https:\/\/www.facebook.com\/SLCSLondon\" \/>\n<meta property=\"og:image\" content=\"https:\/\/www.slcs.ca\/app\/uploads\/2019\/07\/SLCS-Logo-from-TIF.png\" \/>\n\t<meta property=\"og:image:width\" content=\"1262\" \/>\n\t<meta property=\"og:image:height\" content=\"379\" \/>\n\t<meta property=\"og:image:type\" content=\"image\/png\" \/>\n<meta name=\"twitter:card\" content=\"summary_large_image\" \/>\n<meta name=\"twitter:image\" content=\"https:\/\/www.slcs.ca\/app\/uploads\/2019\/07\/SLCS-Logo-from-TIF.png\" \/>\n<meta name=\"twitter:site\" content=\"@SLCS_London\" \/>\n<meta name=\"twitter:label1\" content=\"Est. reading time\" \/>\n\t<meta name=\"twitter:data1\" content=\"1 minute\" \/>\n<script type=\"application\/ld+json\" class=\"yoast-schema-graph\">{\"@context\":\"https:\/\/schema.org\",\"@graph\":[{\"@type\":\"WebPage\",\"@id\":\"https:\/\/www.slcs.ca\/programs-services\/youth-community-programs\/\",\"url\":\"https:\/\/www.slcs.ca\/programs-services\/youth-community-programs\/\",\"name\":\"Programmes communautaires pour les jeunes | St. Leonard&#039;s Community Services London and Region\",\"isPartOf\":{\"@id\":\"https:\/\/www.slcs.ca\/#website\"},\"datePublished\":\"2019-09-09T11:11:26+00:00\",\"breadcrumb\":{\"@id\":\"https:\/\/www.slcs.ca\/programs-services\/youth-community-programs\/#breadcrumb\"},\"inLanguage\":\"fr-FR\",\"potentialAction\":[{\"@type\":\"ReadAction\",\"target\":[\"https:\/\/www.slcs.ca\/programs-services\/youth-community-programs\/\"]}]},{\"@type\":\"BreadcrumbList\",\"@id\":\"https:\/\/www.slcs.ca\/programs-services\/youth-community-programs\/#breadcrumb\",\"itemListElement\":[{\"@type\":\"ListItem\",\"position\":1,\"name\":\"Accueil\",\"item\":\"https:\/\/www.slcs.ca\/fr\/\"},{\"@type\":\"ListItem\",\"position\":2,\"name\":\"Programmes et services\",\"item\":\"https:\/\/www.slcs.ca\/fr\/programmes-et-services\/\"},{\"@type\":\"ListItem\",\"position\":3,\"name\":\"Programmes communautaires pour les jeunes\"}]},{\"@type\":\"WebSite\",\"@id\":\"https:\/\/www.slcs.ca\/#website\",\"url\":\"https:\/\/www.slcs.ca\/\",\"name\":\"St. Leonard's Community Services - London and Region\",\"description\":\"\",\"publisher\":{\"@id\":\"https:\/\/www.slcs.ca\/#organization\"},\"potentialAction\":[{\"@type\":\"SearchAction\",\"target\":{\"@type\":\"EntryPoint\",\"urlTemplate\":\"https:\/\/www.slcs.ca\/?s={search_term_string}\"},\"query-input\":{\"@type\":\"PropertyValueSpecification\",\"valueRequired\":true,\"valueName\":\"search_term_string\"}}],\"inLanguage\":\"fr-FR\"},{\"@type\":\"Organization\",\"@id\":\"https:\/\/www.slcs.ca\/#organization\",\"name\":\"St. Leonard's Community Services\",\"url\":\"https:\/\/www.slcs.ca\/\",\"logo\":{\"@type\":\"ImageObject\",\"inLanguage\":\"fr-FR\",\"@id\":\"https:\/\/www.slcs.ca\/#\/schema\/logo\/image\/\",\"url\":\"https:\/\/www.slcs.ca\/wp\/wp-admin\/admin-ajax.php?action=resource_download&attachment=979\",\"contentUrl\":\"https:\/\/www.slcs.ca\/wp\/wp-admin\/admin-ajax.php?action=resource_download&attachment=979\",\"width\":1262,\"height\":379,\"caption\":\"St. Leonard's Community Services\"},\"image\":{\"@id\":\"https:\/\/www.slcs.ca\/#\/schema\/logo\/image\/\"},\"sameAs\":[\"https:\/\/www.facebook.com\/SLCSLondon\",\"https:\/\/x.com\/SLCS_London\",\"https:\/\/www.instagram.com\/slcs_london\/\",\"https:\/\/www.linkedin.com\/company\/stleonards\/\",\"https:\/\/www.youtube.com\/channel\/UCt7U9N39GYGV21XP2d9lXUg\"]}]}<\/script>\n<!-- \/ Yoast SEO plugin. -->","yoast_head_json":{"title":"Programmes communautaires pour les jeunes | St. Leonard&#039;s Community Services London and Region","robots":{"index":"index","follow":"follow","max-snippet":"max-snippet:-1","max-image-preview":"max-image-preview:large","max-video-preview":"max-video-preview:-1"},"canonical":"https:\/\/www.slcs.ca\/programs-services\/youth-community-programs\/","og_locale":"fr_FR","og_type":"article","og_title":"Programmes communautaires pour les jeunes | St. Leonard&#039;s Community Services London and Region","og_description":"[vc_row][vc_column][basic_container container_size=&#8221;container container-narrow&#8221;][vc_column_text]Les programmes communautaires pour les jeunes sont offerts par SCSL aux jeunes sous probation ou ceux qui peuvent \u00eatre aux prises avec le sans-abrisme.  Le Centre de fr\u00e9quentation obligatoireoffre un programme structur\u00e9 et supervis\u00e9 qui &hellip; [...]","og_url":"https:\/\/www.slcs.ca\/programs-services\/youth-community-programs\/","og_site_name":"St. Leonard&#039;s Community Services London and Region","article_publisher":"https:\/\/www.facebook.com\/SLCSLondon","og_image":[{"width":1262,"height":379,"url":"https:\/\/www.slcs.ca\/app\/uploads\/2019\/07\/SLCS-Logo-from-TIF.png","type":"image\/png"}],"twitter_card":"summary_large_image","twitter_image":"https:\/\/www.slcs.ca\/app\/uploads\/2019\/07\/SLCS-Logo-from-TIF.png","twitter_site":"@SLCS_London","twitter_misc":{"Est. reading time":"1 minute"},"schema":{"@context":"https:\/\/schema.org","@graph":[{"@type":"WebPage","@id":"https:\/\/www.slcs.ca\/programs-services\/youth-community-programs\/","url":"https:\/\/www.slcs.ca\/programs-services\/youth-community-programs\/","name":"Programmes communautaires pour les jeunes | St. Leonard&#039;s Community Services London and Region","isPartOf":{"@id":"https:\/\/www.slcs.ca\/#website"},"datePublished":"2019-09-09T11:11:26+00:00","breadcrumb":{"@id":"https:\/\/www.slcs.ca\/programs-services\/youth-community-programs\/#breadcrumb"},"inLanguage":"fr-FR","potentialAction":[{"@type":"ReadAction","target":["https:\/\/www.slcs.ca\/programs-services\/youth-community-programs\/"]}]},{"@type":"BreadcrumbList","@id":"https:\/\/www.slcs.ca\/programs-services\/youth-community-programs\/#breadcrumb","itemListElement":[{"@type":"ListItem","position":1,"name":"Accueil","item":"https:\/\/www.slcs.ca\/fr\/"},{"@type":"ListItem","position":2,"name":"Programmes et services","item":"https:\/\/www.slcs.ca\/fr\/programmes-et-services\/"},{"@type":"ListItem","position":3,"name":"Programmes communautaires pour les jeunes"}]},{"@type":"WebSite","@id":"https:\/\/www.slcs.ca\/#website","url":"https:\/\/www.slcs.ca\/","name":"St. Leonard's Community Services - London and Region","description":"","publisher":{"@id":"https:\/\/www.slcs.ca\/#organization"},"potentialAction":[{"@type":"SearchAction","target":{"@type":"EntryPoint","urlTemplate":"https:\/\/www.slcs.ca\/?s={search_term_string}"},"query-input":{"@type":"PropertyValueSpecification","valueRequired":true,"valueName":"search_term_string"}}],"inLanguage":"fr-FR"},{"@type":"Organization","@id":"https:\/\/www.slcs.ca\/#organization","name":"St. Leonard's Community Services","url":"https:\/\/www.slcs.ca\/","logo":{"@type":"ImageObject","inLanguage":"fr-FR","@id":"https:\/\/www.slcs.ca\/#\/schema\/logo\/image\/","url":"https:\/\/www.slcs.ca\/wp\/wp-admin\/admin-ajax.php?action=resource_download&attachment=979","contentUrl":"https:\/\/www.slcs.ca\/wp\/wp-admin\/admin-ajax.php?action=resource_download&attachment=979","width":1262,"height":379,"caption":"St. Leonard's Community Services"},"image":{"@id":"https:\/\/www.slcs.ca\/#\/schema\/logo\/image\/"},"sameAs":["https:\/\/www.facebook.com\/SLCSLondon","https:\/\/x.com\/SLCS_London","https:\/\/www.instagram.com\/slcs_london\/","https:\/\/www.linkedin.com\/company\/stleonards\/","https:\/\/www.youtube.com\/channel\/UCt7U9N39GYGV21XP2d9lXUg"]}]}},"_links":{"self":[{"href":"https:\/\/www.slcs.ca\/fr\/wp-json\/wp\/v2\/pages\/767","targetHints":{"allow":["GET"]}}],"collection":[{"href":"https:\/\/www.slcs.ca\/fr\/wp-json\/wp\/v2\/pages"}],"about":[{"href":"https:\/\/www.slcs.ca\/fr\/wp-json\/wp\/v2\/types\/page"}],"author":[{"embeddable":true,"href":"https:\/\/www.slcs.ca\/fr\/wp-json\/wp\/v2\/users\/1"}],"replies":[{"embeddable":true,"href":"https:\/\/www.slcs.ca\/fr\/wp-json\/wp\/v2\/comments?post=767"}],"version-history":[{"count":0,"href":"https:\/\/www.slcs.ca\/fr\/wp-json\/wp\/v2\/pages\/767\/revisions"}],"up":[{"embeddable":true,"href":"https:\/\/www.slcs.ca\/fr\/wp-json\/wp\/v2\/pages\/776"}],"wp:attachment":[{"href":"https:\/\/www.slcs.ca\/fr\/wp-json\/wp\/v2\/media?parent=767"}],"curies":[{"name":"wp","href":"https:\/\/api.w.org\/{rel}","templated":true}]}}