{"id":773,"date":"2019-09-09T13:35:16","date_gmt":"2019-09-09T13:35:16","guid":{"rendered":"https:\/\/www.slcs.ca\/accueil\/"},"modified":"2023-11-10T12:02:10","modified_gmt":"2023-11-10T17:02:10","slug":"accueil","status":"publish","type":"page","link":"https:\/\/www.slcs.ca\/fr\/","title":{"rendered":"Accueil"},"content":{"rendered":"<div class=\"wpb-content-wrapper\"><p>[vc_row][vc_column]<div class=\"hero-wrapper full-height gradient-background  \"   data-src=\"<149:https:\/\/www.slcs.ca\/app\/uploads\/2019\/08\/iStock-1048189202-1-266x150.jpg,<319:https:\/\/www.slcs.ca\/app\/uploads\/2019\/08\/iStock-1048189202-1-569x320.jpg,<479:https:\/\/www.slcs.ca\/app\/uploads\/2019\/08\/iStock-1048189202-1-853x480.jpg,<767:https:\/\/www.slcs.ca\/app\/uploads\/2019\/08\/iStock-1048189202-1-1254x705.jpg,<991:https:\/\/www.slcs.ca\/app\/uploads\/2019\/08\/iStock-1048189202-1-1254x705.jpg,<1199:https:\/\/www.slcs.ca\/app\/uploads\/2019\/08\/iStock-1048189202-1-1254x705.jpg,>1200:https:\/\/www.slcs.ca\/app\/uploads\/2019\/08\/iStock-1048189202-1-1254x705.jpg\">\n\t\t\t<div class=\"general-cta-gradient-bg\"><\/div>\n\t\t\t\t<div class=\"hero-banner-overlay overlay-light\"><\/div>\n\t\t<div class=\"hero-content-container container\">\n\t\t<div class=\"hero-content-inner bottom-left\">\n\t\t\t\t\t\t\t<h1 class=\"hero-banner-main-heading\">Des programmes significatifs pour les adultes et les jeunes qui pourraient \u00eatre en conflit avec la loi<\/h1>\n\t\t\t\t\t\t\t\t\t\t\t\t\t\t\t\t<a href=\"https:\/\/www.slcs.ca\/fr\/programmes-et-services\/\" target=\"\" class=\"general-button btn btn-info \" title=\"Programmes et services\">\n\t\t\t\t\tTous les programmes\t\t\t\t<\/a>\n\t\t\t\t\t\t\t\t\t\t<a href=\"https:\/\/www.slcs.ca\/fr\/a-propos\/\" target=\"\" class=\"general-button btn btn-link \" title=\"\u00c0 propos\">\n\t\t\t\t\t\u00c0 propos\t\t\t\t<\/a>\n\t\t\t\t\t<\/div>\n\t<\/div>\n\t\t\t\t<img loading=\"lazy\" decoding=\"async\" width=\"234\" height=\"193\" src=\"https:\/\/www.slcs.ca\/app\/uploads\/2019\/05\/white-logo-234x193.png\" class=\"hero-logo\" alt=\"\" srcset=\"https:\/\/www.slcs.ca\/app\/uploads\/2019\/05\/white-logo-234x193.png 234w, https:\/\/www.slcs.ca\/app\/uploads\/2019\/05\/white-logo-204x168.png 204w, https:\/\/www.slcs.ca\/app\/uploads\/2019\/05\/white-logo.png 284w\" sizes=\"auto, (max-width: 234px) 100vw, 234px\" \/><\/div>\n[\/vc_column][\/vc_row][vc_row][vc_column]<div class=\"intro-content\">\n\t<div class=\"container\">\n\t\t<div class=\"intro-content-inner\">\n\t\t\t<h4 class=\"intro-content-heading\">NOTRE MISSION<\/h4>\n\t\t\t<blockquote class=\"intro-content-text\"><p>Nous sommes un organisme communautaire vou\u00e9 \u00e0 la promotion des changements positifs chez toutes les personnes qui sont ou pourraient \u00eatre en conflit avec la loi afin de r\u00e9aliser leur potentiel, ce qui contribue \u00e0 la cr\u00e9ation d\u2019une communaut\u00e9 plus s\u00fbre et plus saine.<\/p><\/blockquote>\n\t\t<\/div>\n\t<\/div>\n<\/div>\n<div class=\"decorative-illustration \">\n\t<span class=\"decoration decoration-brush align-bottom-left\"><\/span>\n<\/div>\n[\/vc_column][\/vc_row][vc_row][vc_column]<div class=\"templatera_shortcode\"><div class=\"vc_row wpb_row vc_row-fluid\"><div class=\"wpb_column vc_column_container vc_col-sm-12\"><div class=\"vc_column-inner\"><div class=\"wpb_wrapper\"><div class=\"row\">\n\t<div class=\"stats-container background-image-loading center  transparent \" >\n\t\t<div class=\"gradient-bg\"><\/div>\n\t\t<div class=\"stats-overlay none\"><\/div>\n\t\t<div class=\"stats-inner\">\n\t\t\t<div class=\"stats-container-content container\">\n\t\t\t\t\t\t\t\t\t<h2 class=\"stats-heading\">L\u2019impact de St. Leonard\u2019s sur la communaut\u00e9<\/h2>\n\t\t\t\t\t\t\t\t\t\t\t<\/div>\n\t\t\t<div class=\"stats-row\">\n\t\t\t\t<div class=\"stats\">\n\t\t\t\t\t<ul class=\"stats-list\">\n\t\t\t\t\t\t<li class=\"stats-item align-cener\">\n\t<div class=\"content stat-item-content\">\n\t\t\t\t\t<span class=\"stat-item-icon icon icon-people\"><\/span>\n\t\t\t\t\t\t\t<div class=\"stat-item-text\"><p><strong>7 000<\/strong> personnes aid\u00e9es au cours de la derni\u00e8re ann\u00e9e<\/p><\/div>\n\t\t\t<\/div>\n<\/li>\n<li class=\"stats-item align-cener\">\n\t<div class=\"content stat-item-content\">\n\t\t\t\t\t<span class=\"stat-item-icon icon icon-helping-people\"><\/span>\n\t\t\t\t\t\t\t<div class=\"stat-item-text\"><p>Nous servons notre communaut\u00e9 depuis\u00a0<strong>50 ans<\/strong><\/p><\/div>\n\t\t\t<\/div>\n<\/li>\n<li class=\"stats-item align-cener\">\n\t<div class=\"content stat-item-content\">\n\t\t\t\t\t<span class=\"stat-item-icon icon icon-homes\"><\/span>\n\t\t\t\t\t\t\t<div class=\"stat-item-text\"><p><strong>4<\/strong>\u00a0\u00c9tablissements r\u00e9sidentiels pour les adultes<\/p><\/div>\n\t\t\t<\/div>\n<\/li>\n<li class=\"stats-item align-cener\">\n\t<div class=\"content stat-item-content\">\n\t\t\t\t\t<span class=\"stat-item-icon icon icon-programs\"><\/span>\n\t\t\t\t\t\t\t<div class=\"stat-item-text\"><p>Plus de\u00a0<strong>20<\/strong>\u00a0programmes pour les jeunes et les adultes<\/p><\/div>\n\t\t\t<\/div>\n<\/li>\n<li class=\"stats-item align-cener\">\n\t<div class=\"content stat-item-content\">\n\t\t\t\t\t<span class=\"stat-item-icon icon icon-funds\"><\/span>\n\t\t\t\t\t\t\t<div class=\"stat-item-text\"><p>Plus de\u00a0<strong>90 %<\/strong>\u00a0des fonds sont affect\u00e9s \u00e0 la prestation de programmes<\/p><\/div>\n\t\t\t<\/div>\n<\/li>\n\n\t\t\t\t\t<\/ul>\n\t\t\t\t<\/div>\n\t\t\t<\/div>\n\t\t<\/div>\n\t<\/div>\n<\/div>\n<div class=\"decorative-illustration \">\n\t<span class=\"decoration decoration-hr align-top-left bg-green\"><\/span>\n<\/div>\n<\/div><\/div><\/div><\/div><\/div>[\/vc_column][\/vc_row][vc_row][vc_column]<div class=\"templatera_shortcode\"><div class=\"vc_row wpb_row vc_row-fluid\"><div class=\"wpb_column vc_column_container vc_col-sm-12\"><div class=\"vc_column-inner\"><div class=\"wpb_wrapper\"><div class=\"row   solid bg-primary\" >\n\t<div class=\"career-perks career-perks-always-expanded\">\n\t\t\t\t\t<div class=\"container\">\n\t\t\t\t\t\t\t\t\t<h2 class=\"career-perks-heading\">Programmes et services<\/h2>\n\t\t\t\t\t\t\t\t\t\t\t<\/div>\n\t\t\t\t<div class=\"perks-row\">\n\t\t\t<div class=\"perks\">\n\t\t\t\t<ul class=\"perks-list\">\n\t\t\t\t\t<li class=\"perks-item\">\n\t<button class=\"perk-item-button\" >\n\t\t<div class=\"content perk-item-content\">\n\t\t\t\t\t\t\t<span class=\"perk-item-logo\"> <img decoding=\"async\" class=\"img-responsive no-resp-img\" src=\"https:\/\/www.slcs.ca\/app\/uploads\/2019\/05\/Residential-Programs.png\" data-src=\">:https:\/\/www.slcs.ca\/app\/uploads\/2019\/05\/Residential-Programs.png\" alt=\"Residential Programs\"title=\"Residential Programs\"\/>\n\t\t\t\t<div id=\"longdesc-177\" class=\"sr-only\"><\/div><\/span>\n\t\t\t\t\t\t\t\t\t\t<span class=\"perk-item-text text-center\">Programmes r\u00e9sidentiels<\/span>\n\t\t\t\t\t<\/div>\n\t<\/button>\n\t\t\t<div class=\"perk-information\">\n\t\t\t<div class=\"content perk-item-content\">\n\t\t\t\t\t\t\t\t<span class=\"perk-item-text\"><p>\u00c9tablissements r\u00e9sidentiels communautaires pour hommes et femmes adultes<\/p>\n<\/span>\n\t\t\t\t\t\t\t\t\t<div class=\"perk-button\">\n\t\t\t\t\t\t<a href=\"https:\/\/www.slcs.ca\/programs-services\/residential-programs\/\" target=\"\" class=\"btn btn-link \" title=\"Residential Programs\">\n\t\t\t\t\t\t\tvoir les programmes\t\t\t\t\t\t<\/a>\n\t\t\t\t\t<\/div>\n\t\t\t\t\t\t\t<\/div>\n\t\t<\/div>\n\t<\/li>\n<li class=\"perks-item\">\n\t<button class=\"perk-item-button\" >\n\t\t<div class=\"content perk-item-content\">\n\t\t\t\t\t\t\t<span class=\"perk-item-logo\"> <img decoding=\"async\" class=\"img-responsive no-resp-img\" src=\"https:\/\/www.slcs.ca\/app\/uploads\/2019\/05\/Youth-Diversion-Programs.png\" data-src=\">:https:\/\/www.slcs.ca\/app\/uploads\/2019\/05\/Youth-Diversion-Programs.png\" alt=\"Youth Diversion Programs\"title=\"Youth Diversion Programs\"\/>\n\t\t\t\t<div id=\"longdesc-181\" class=\"sr-only\"><\/div><\/span>\n\t\t\t\t\t\t\t\t\t\t<span class=\"perk-item-text text-center\">Programmes de d\u00e9judiciarisation scolaires pour les jeunes<\/span>\n\t\t\t\t\t<\/div>\n\t<\/button>\n\t\t\t<div class=\"perk-information\">\n\t\t\t<div class=\"content perk-item-content\">\n\t\t\t\t\t\t\t\t<span class=\"perk-item-text\"><p>Programmes et services en milieu scolaire pour les \u00e9tudiants bas\u00e9s sur des pratiques r\u00e9paratrices<\/p>\n<\/span>\n\t\t\t\t\t\t\t\t\t<div class=\"perk-button\">\n\t\t\t\t\t\t<a href=\"https:\/\/www.slcs.ca\/programs-services\/school-based-youth-diversion-programs\/\" target=\"\" class=\"btn btn-link \" title=\"Residential Programs\">\n\t\t\t\t\t\t\tvoir les programmes\t\t\t\t\t\t<\/a>\n\t\t\t\t\t<\/div>\n\t\t\t\t\t\t\t<\/div>\n\t\t<\/div>\n\t<\/li>\n<li class=\"perks-item\">\n\t<button class=\"perk-item-button\" >\n\t\t<div class=\"content perk-item-content\">\n\t\t\t\t\t\t\t<span class=\"perk-item-logo\"> <img decoding=\"async\" class=\"img-responsive no-resp-img\" src=\"https:\/\/www.slcs.ca\/app\/uploads\/2019\/05\/Adult-Community-Programs.png\" data-src=\">:https:\/\/www.slcs.ca\/app\/uploads\/2019\/05\/Adult-Community-Programs.png\" alt=\"Adult Community Programs\"title=\"Adult Community Programs\"\/>\n\t\t\t\t<div id=\"longdesc-174\" class=\"sr-only\"><\/div><\/span>\n\t\t\t\t\t\t\t\t\t\t<span class=\"perk-item-text text-center\">Programmes adultes communautaires<\/span>\n\t\t\t\t\t<\/div>\n\t<\/button>\n\t\t\t<div class=\"perk-information\">\n\t\t\t<div class=\"content perk-item-content\">\n\t\t\t\t\t\t\t\t<span class=\"perk-item-text\"><p>Programmes et services communautaires pour adultes<\/p>\n<\/span>\n\t\t\t\t\t\t\t\t\t<div class=\"perk-button\">\n\t\t\t\t\t\t<a href=\"https:\/\/www.slcs.ca\/programs-services\/adult-community-programs\/\" target=\"\" class=\"btn btn-link \" title=\"Residential Programs\">\n\t\t\t\t\t\t\tvoir les programmes\t\t\t\t\t\t<\/a>\n\t\t\t\t\t<\/div>\n\t\t\t\t\t\t\t<\/div>\n\t\t<\/div>\n\t<\/li>\n<li class=\"perks-item\">\n\t<button class=\"perk-item-button\" >\n\t\t<div class=\"content perk-item-content\">\n\t\t\t\t\t\t\t<span class=\"perk-item-logo\"> <img decoding=\"async\" class=\"img-responsive no-resp-img\" src=\"https:\/\/www.slcs.ca\/app\/uploads\/2019\/05\/Youth-Community-Programs.png\" data-src=\">:https:\/\/www.slcs.ca\/app\/uploads\/2019\/05\/Youth-Community-Programs.png\" alt=\"Youth Community Programs\"title=\"Youth Community Programs\"\/>\n\t\t\t\t<div id=\"longdesc-179\" class=\"sr-only\"><\/div><\/span>\n\t\t\t\t\t\t\t\t\t\t<span class=\"perk-item-text text-center\">Programmes communautaires pour les jeunes<\/span>\n\t\t\t\t\t<\/div>\n\t<\/button>\n\t\t\t<div class=\"perk-information\">\n\t\t\t<div class=\"content perk-item-content\">\n\t\t\t\t\t\t\t\t<span class=\"perk-item-text\"><p>Programmes et services communautaires destin\u00e9s aux jeunes<\/p>\n<\/span>\n\t\t\t\t\t\t\t\t\t<div class=\"perk-button\">\n\t\t\t\t\t\t<a href=\"https:\/\/www.slcs.ca\/programs-services\/youth-community-programs\/\" target=\"\" class=\"btn btn-link \" title=\"Youth Community Programs\">\n\t\t\t\t\t\t\tvoir les programmes\t\t\t\t\t\t<\/a>\n\t\t\t\t\t<\/div>\n\t\t\t\t\t\t\t<\/div>\n\t\t<\/div>\n\t<\/li>\n\n\t\t\t\t<\/ul>\n\t\t\t<\/div>\n\t\t<\/div>\n\t<\/div>\n<\/div>\n<div class=\"decorative-illustration \">\n\t<span class=\"decoration brush-and-stroke decoration-hr align-bottom-right bg-green\"><\/span>\n<\/div>\n<\/div><\/div><\/div><\/div><\/div>[\/vc_column][\/vc_row][vc_row][vc_column][basic_container][vc_column_text]<\/p>\n<p style=\"text-align: center;\">Vous recherchez des services en francais? <a href=\"https:\/\/www.southwesthealthline.ca\/libraryContent.aspx?id=20443\" target=\"_blank\" rel=\"noopener noreferrer\">Cliquez ici<\/a>.<\/p>\n<p>[\/vc_column_text][\/basic_container][\/vc_column][\/vc_row]<\/p>\n<\/div>","protected":false},"excerpt":{"rendered":"Des programmes significatifs pour les adultes et les jeunes qui pourraient \u00eatre en conflit avec la loi Tous les programmes \u00c0 propos NOTRE MISSION Nous sommes un organisme communautaire vou\u00e9 \u00e0 la promotion des changements positifs chez toutes les personnes qui sont ou pourraient \u00eatre en conflit avec la loi afin de r\u00e9aliser leur potentiel, [...]","protected":false},"author":1,"featured_media":0,"parent":0,"menu_order":10,"comment_status":"closed","ping_status":"closed","template":"","meta":{"_acf_changed":false,"footnotes":""},"class_list":["post-773","page","type-page","status-publish","hentry"],"acf":[],"yoast_head":"<!-- This site is optimized with the Yoast SEO plugin v24.9 - https:\/\/yoast.com\/wordpress\/plugins\/seo\/ -->\n<title>Accueil | St. Leonard&#039;s Community Services London and Region<\/title>\n<meta name=\"robots\" content=\"index, follow, max-snippet:-1, max-image-preview:large, max-video-preview:-1\" \/>\n<link rel=\"canonical\" href=\"https:\/\/www.slcs.ca\/fr\/\" \/>\n<meta property=\"og:locale\" content=\"fr_FR\" \/>\n<meta property=\"og:type\" content=\"article\" \/>\n<meta property=\"og:title\" content=\"Accueil | St. Leonard&#039;s Community Services London and Region\" \/>\n<meta property=\"og:url\" content=\"https:\/\/www.slcs.ca\/fr\/\" \/>\n<meta property=\"og:site_name\" content=\"St. Leonard&#039;s Community Services London and Region\" \/>\n<meta property=\"article:publisher\" content=\"https:\/\/www.facebook.com\/SLCSLondon\" \/>\n<meta property=\"article:modified_time\" content=\"2023-11-10T17:02:10+00:00\" \/>\n<meta property=\"og:image\" content=\"https:\/\/www.slcs.ca\/app\/uploads\/2019\/07\/SLCS-Logo-from-TIF.png\" \/>\n\t<meta property=\"og:image:width\" content=\"1262\" \/>\n\t<meta property=\"og:image:height\" content=\"379\" \/>\n\t<meta property=\"og:image:type\" content=\"image\/png\" \/>\n<meta name=\"twitter:card\" content=\"summary_large_image\" \/>\n<meta name=\"twitter:image\" content=\"https:\/\/www.slcs.ca\/app\/uploads\/2019\/07\/SLCS-Logo-from-TIF.png\" \/>\n<meta name=\"twitter:site\" content=\"@SLCS_London\" \/>\n<meta name=\"twitter:label1\" content=\"Est. reading time\" \/>\n\t<meta name=\"twitter:data1\" content=\"1 minute\" \/>\n<script type=\"application\/ld+json\" class=\"yoast-schema-graph\">{\"@context\":\"https:\/\/schema.org\",\"@graph\":[{\"@type\":\"WebPage\",\"@id\":\"https:\/\/www.slcs.ca\/fr\/\",\"url\":\"https:\/\/www.slcs.ca\/fr\/\",\"name\":\"Accueil | St. Leonard&#039;s Community Services London and Region\",\"isPartOf\":{\"@id\":\"https:\/\/www.slcs.ca\/#website\"},\"datePublished\":\"2019-09-09T13:35:16+00:00\",\"dateModified\":\"2023-11-10T17:02:10+00:00\",\"breadcrumb\":{\"@id\":\"https:\/\/www.slcs.ca\/fr\/#breadcrumb\"},\"inLanguage\":\"fr-FR\",\"potentialAction\":[{\"@type\":\"ReadAction\",\"target\":[\"https:\/\/www.slcs.ca\/fr\/\"]}]},{\"@type\":\"BreadcrumbList\",\"@id\":\"https:\/\/www.slcs.ca\/fr\/#breadcrumb\",\"itemListElement\":[{\"@type\":\"ListItem\",\"position\":1,\"name\":\"Accueil\",\"item\":\"https:\/\/www.slcs.ca\/fr\/\"},{\"@type\":\"ListItem\",\"position\":2,\"name\":\"Accueil\"}]},{\"@type\":\"WebSite\",\"@id\":\"https:\/\/www.slcs.ca\/#website\",\"url\":\"https:\/\/www.slcs.ca\/\",\"name\":\"St. Leonard's Community Services - London and Region\",\"description\":\"\",\"publisher\":{\"@id\":\"https:\/\/www.slcs.ca\/#organization\"},\"potentialAction\":[{\"@type\":\"SearchAction\",\"target\":{\"@type\":\"EntryPoint\",\"urlTemplate\":\"https:\/\/www.slcs.ca\/?s={search_term_string}\"},\"query-input\":{\"@type\":\"PropertyValueSpecification\",\"valueRequired\":true,\"valueName\":\"search_term_string\"}}],\"inLanguage\":\"fr-FR\"},{\"@type\":\"Organization\",\"@id\":\"https:\/\/www.slcs.ca\/#organization\",\"name\":\"St. Leonard's Community Services\",\"url\":\"https:\/\/www.slcs.ca\/\",\"logo\":{\"@type\":\"ImageObject\",\"inLanguage\":\"fr-FR\",\"@id\":\"https:\/\/www.slcs.ca\/#\/schema\/logo\/image\/\",\"url\":\"https:\/\/www.slcs.ca\/wp\/wp-admin\/admin-ajax.php?action=resource_download&attachment=979\",\"contentUrl\":\"https:\/\/www.slcs.ca\/wp\/wp-admin\/admin-ajax.php?action=resource_download&attachment=979\",\"width\":1262,\"height\":379,\"caption\":\"St. Leonard's Community Services\"},\"image\":{\"@id\":\"https:\/\/www.slcs.ca\/#\/schema\/logo\/image\/\"},\"sameAs\":[\"https:\/\/www.facebook.com\/SLCSLondon\",\"https:\/\/x.com\/SLCS_London\",\"https:\/\/www.instagram.com\/slcs_london\/\",\"https:\/\/www.linkedin.com\/company\/stleonards\/\",\"https:\/\/www.youtube.com\/channel\/UCt7U9N39GYGV21XP2d9lXUg\"]}]}<\/script>\n<!-- \/ Yoast SEO plugin. -->","yoast_head_json":{"title":"Accueil | St. Leonard&#039;s Community Services London and Region","robots":{"index":"index","follow":"follow","max-snippet":"max-snippet:-1","max-image-preview":"max-image-preview:large","max-video-preview":"max-video-preview:-1"},"canonical":"https:\/\/www.slcs.ca\/fr\/","og_locale":"fr_FR","og_type":"article","og_title":"Accueil | St. Leonard&#039;s Community Services London and Region","og_url":"https:\/\/www.slcs.ca\/fr\/","og_site_name":"St. Leonard&#039;s Community Services London and Region","article_publisher":"https:\/\/www.facebook.com\/SLCSLondon","article_modified_time":"2023-11-10T17:02:10+00:00","og_image":[{"width":1262,"height":379,"url":"https:\/\/www.slcs.ca\/app\/uploads\/2019\/07\/SLCS-Logo-from-TIF.png","type":"image\/png"}],"twitter_card":"summary_large_image","twitter_image":"https:\/\/www.slcs.ca\/app\/uploads\/2019\/07\/SLCS-Logo-from-TIF.png","twitter_site":"@SLCS_London","twitter_misc":{"Est. reading time":"1 minute"},"schema":{"@context":"https:\/\/schema.org","@graph":[{"@type":"WebPage","@id":"https:\/\/www.slcs.ca\/fr\/","url":"https:\/\/www.slcs.ca\/fr\/","name":"Accueil | St. Leonard&#039;s Community Services London and Region","isPartOf":{"@id":"https:\/\/www.slcs.ca\/#website"},"datePublished":"2019-09-09T13:35:16+00:00","dateModified":"2023-11-10T17:02:10+00:00","breadcrumb":{"@id":"https:\/\/www.slcs.ca\/fr\/#breadcrumb"},"inLanguage":"fr-FR","potentialAction":[{"@type":"ReadAction","target":["https:\/\/www.slcs.ca\/fr\/"]}]},{"@type":"BreadcrumbList","@id":"https:\/\/www.slcs.ca\/fr\/#breadcrumb","itemListElement":[{"@type":"ListItem","position":1,"name":"Accueil","item":"https:\/\/www.slcs.ca\/fr\/"},{"@type":"ListItem","position":2,"name":"Accueil"}]},{"@type":"WebSite","@id":"https:\/\/www.slcs.ca\/#website","url":"https:\/\/www.slcs.ca\/","name":"St. Leonard's Community Services - London and Region","description":"","publisher":{"@id":"https:\/\/www.slcs.ca\/#organization"},"potentialAction":[{"@type":"SearchAction","target":{"@type":"EntryPoint","urlTemplate":"https:\/\/www.slcs.ca\/?s={search_term_string}"},"query-input":{"@type":"PropertyValueSpecification","valueRequired":true,"valueName":"search_term_string"}}],"inLanguage":"fr-FR"},{"@type":"Organization","@id":"https:\/\/www.slcs.ca\/#organization","name":"St. Leonard's Community Services","url":"https:\/\/www.slcs.ca\/","logo":{"@type":"ImageObject","inLanguage":"fr-FR","@id":"https:\/\/www.slcs.ca\/#\/schema\/logo\/image\/","url":"https:\/\/www.slcs.ca\/wp\/wp-admin\/admin-ajax.php?action=resource_download&attachment=979","contentUrl":"https:\/\/www.slcs.ca\/wp\/wp-admin\/admin-ajax.php?action=resource_download&attachment=979","width":1262,"height":379,"caption":"St. Leonard's Community Services"},"image":{"@id":"https:\/\/www.slcs.ca\/#\/schema\/logo\/image\/"},"sameAs":["https:\/\/www.facebook.com\/SLCSLondon","https:\/\/x.com\/SLCS_London","https:\/\/www.instagram.com\/slcs_london\/","https:\/\/www.linkedin.com\/company\/stleonards\/","https:\/\/www.youtube.com\/channel\/UCt7U9N39GYGV21XP2d9lXUg"]}]}},"_links":{"self":[{"href":"https:\/\/www.slcs.ca\/fr\/wp-json\/wp\/v2\/pages\/773","targetHints":{"allow":["GET"]}}],"collection":[{"href":"https:\/\/www.slcs.ca\/fr\/wp-json\/wp\/v2\/pages"}],"about":[{"href":"https:\/\/www.slcs.ca\/fr\/wp-json\/wp\/v2\/types\/page"}],"author":[{"embeddable":true,"href":"https:\/\/www.slcs.ca\/fr\/wp-json\/wp\/v2\/users\/1"}],"replies":[{"embeddable":true,"href":"https:\/\/www.slcs.ca\/fr\/wp-json\/wp\/v2\/comments?post=773"}],"version-history":[{"count":6,"href":"https:\/\/www.slcs.ca\/fr\/wp-json\/wp\/v2\/pages\/773\/revisions"}],"predecessor-version":[{"id":3969,"href":"https:\/\/www.slcs.ca\/fr\/wp-json\/wp\/v2\/pages\/773\/revisions\/3969"}],"wp:attachment":[{"href":"https:\/\/www.slcs.ca\/fr\/wp-json\/wp\/v2\/media?parent=773"}],"curies":[{"name":"wp","href":"https:\/\/api.w.org\/{rel}","templated":true}]}}