{"id":774,"date":"2019-09-09T13:39:12","date_gmt":"2019-09-09T13:39:12","guid":{"rendered":"https:\/\/www.slcs.ca\/donateurs-et-partenaires\/"},"modified":"2022-10-28T08:34:45","modified_gmt":"2022-10-28T12:34:45","slug":"donateurs-et-partenaires","status":"publish","type":"page","link":"https:\/\/www.slcs.ca\/fr\/a-propos\/donateurs-et-partenaires\/","title":{"rendered":"Donateurs et partenaires"},"content":{"rendered":"<div class=\"wpb-content-wrapper\"><p>[vc_row][vc_column][basic_container container_size=&#8221;container container-narrow&#8221;][vc_column_text]Les programmes et les services de l&#8217;agence sont financ\u00e9s par les trois paliers de gouvernement et diff\u00e9rents partenaires du syst\u00e8me, y compris<\/p>\n<ul>\n<li>Minist\u00e8re de la Sant\u00e9<\/li>\n<li>Sant\u00e9 Ontario<\/li>\n<li>Ville de Londres<\/li>\n<li>Conseil Thames Valley District scolaire<\/li>\n<li>London District Catholic School Board<\/li>\n<li>St. Soins de sant\u00e9 de Joseph London<\/li>\n<li>Minist\u00e8re du procureur g\u00e9n\u00e9ral<\/li>\n<li>Minist\u00e8re des enfants et services sociaux et communautaires<\/li>\n<li>Minist\u00e8re du solliciteur g\u00e9n\u00e9ral<\/li>\n<li>Services correctionnels Canada<\/li>\n<\/ul>\n<p>St. Leonard\u2019s est heureux de travailler en collaboration avec divers partenaires de la communaut\u00e9, dont le soutien permet \u00e0 SCSL de remplir notre engagement et notre mandat de r\u00e9pondre aux besoins de chacun de nos clients.<\/p>\n<p>[\/vc_column_text][\/basic_container][vc_empty_space height=&#8221;60px&#8221;][\/vc_column][\/vc_row][vc_row][vc_column]<div class=\"templatera_shortcode\"><div class=\"vc_row wpb_row vc_row-fluid\"><div class=\"wpb_column vc_column_container vc_col-sm-12\"><div class=\"vc_column-inner\"><div class=\"wpb_wrapper\">\t<div class=\"general-cta background-image-loading    image  text-white\" style=\"background-image: url('https:\/\/www.slcs.ca\/app\/uploads\/2019\/06\/Banner_1_-_blue-1440x479.jpg');\">\n\t\t\t\t<div class=\"general-cta-overlay none\"><\/div>\n\t\t<div class=\"container\">\n\t\t\t<div class=\"row\">\n\t\t\t\t<div class=\"general-cta-box\">\n\t\t\t\t\t\t\t\t\t\t\t\t\t\t\t\t\t\t\t\t\t<div class=\"general-cta-content\">\n\t\t\t\t\t\t\t<div id=\"tw-target-text-container\" class=\"tw-ta-container tw-nfl\">\n<h2 id=\"tw-target-text\" class=\"tw-data-text tw-text-large tw-ta\" dir=\"ltr\" data-placeholder=\"Translation\"><span lang=\"fr\" tabindex=\"0\">En savoir plus sur les services communautaires de St. Leonard<\/span><\/h2>\n<\/div>\n\t\t\t\t\t\t<\/div>\n\t\t\t\t\t\t\t\t\t\t\t\t\t\t\t\t<div class=\"general-cta-button\">\n\t\t\t\t\t\t\t<a href=\"https:\/\/www.slcs.ca\/fr\/programmes-et-services\/\" target=\"\" class=\"btn btn-info \" title=\"Programmes et services\">\n\t\t\t\t\t\t\t\t Trouver un programme\t\t\t\t\t\t\t<\/a>\n\t\t\t\t\t\t<\/div>\n\t\t\t\t    \t\t\t\t<\/div>\n\t\t\t<\/div>\n\t\t<\/div>\n\t<\/div>\n<\/div><\/div><\/div><\/div><\/div>[\/vc_column][\/vc_row]<\/p>\n<\/div>","protected":false},"excerpt":{"rendered":"Les programmes et les services de l'agence sont financ\u00e9s par les trois paliers de gouvernement et diff\u00e9rents partenaires du syst\u00e8me, y compris Minist\u00e8re de la Sant\u00e9 Sant\u00e9 Ontario Ville de Londres Conseil Thames Valley District scolaire London District Catholic School Board St. Soins de sant\u00e9 de Joseph London Minist\u00e8re du procureur g\u00e9n\u00e9ral Minist\u00e8re des enfants [...]","protected":false},"author":1,"featured_media":0,"parent":831,"menu_order":40,"comment_status":"closed","ping_status":"closed","template":"","meta":{"_acf_changed":false,"footnotes":""},"class_list":["post-774","page","type-page","status-publish","hentry"],"acf":[],"yoast_head":"<!-- This site is optimized with the Yoast SEO plugin v24.9 - https:\/\/yoast.com\/wordpress\/plugins\/seo\/ -->\n<title>Donateurs et partenaires | St. Leonard&#039;s Community Services London and Region<\/title>\n<meta name=\"robots\" content=\"index, follow, max-snippet:-1, max-image-preview:large, max-video-preview:-1\" \/>\n<link rel=\"canonical\" href=\"https:\/\/www.slcs.ca\/fr\/a-propos\/donateurs-et-partenaires\/\" \/>\n<meta property=\"og:locale\" content=\"fr_FR\" \/>\n<meta property=\"og:type\" content=\"article\" \/>\n<meta property=\"og:title\" content=\"Donateurs et partenaires | St. Leonard&#039;s Community Services London and Region\" \/>\n<meta property=\"og:url\" content=\"https:\/\/www.slcs.ca\/fr\/a-propos\/donateurs-et-partenaires\/\" \/>\n<meta property=\"og:site_name\" content=\"St. Leonard&#039;s Community Services London and Region\" \/>\n<meta property=\"article:publisher\" content=\"https:\/\/www.facebook.com\/SLCSLondon\" \/>\n<meta property=\"article:modified_time\" content=\"2022-10-28T12:34:45+00:00\" \/>\n<meta property=\"og:image\" content=\"https:\/\/www.slcs.ca\/app\/uploads\/2019\/07\/SLCS-Logo-from-TIF.png\" \/>\n\t<meta property=\"og:image:width\" content=\"1262\" \/>\n\t<meta property=\"og:image:height\" content=\"379\" \/>\n\t<meta property=\"og:image:type\" content=\"image\/png\" \/>\n<meta name=\"twitter:card\" content=\"summary_large_image\" \/>\n<meta name=\"twitter:image\" content=\"https:\/\/www.slcs.ca\/app\/uploads\/2019\/07\/SLCS-Logo-from-TIF.png\" \/>\n<meta name=\"twitter:site\" content=\"@SLCS_London\" \/>\n<meta name=\"twitter:label1\" content=\"Est. reading time\" \/>\n\t<meta name=\"twitter:data1\" content=\"1 minute\" \/>\n<script type=\"application\/ld+json\" class=\"yoast-schema-graph\">{\"@context\":\"https:\/\/schema.org\",\"@graph\":[{\"@type\":\"WebPage\",\"@id\":\"https:\/\/www.slcs.ca\/fr\/a-propos\/donateurs-et-partenaires\/\",\"url\":\"https:\/\/www.slcs.ca\/fr\/a-propos\/donateurs-et-partenaires\/\",\"name\":\"Donateurs et partenaires | St. Leonard&#039;s Community Services London and Region\",\"isPartOf\":{\"@id\":\"https:\/\/www.slcs.ca\/#website\"},\"datePublished\":\"2019-09-09T13:39:12+00:00\",\"dateModified\":\"2022-10-28T12:34:45+00:00\",\"breadcrumb\":{\"@id\":\"https:\/\/www.slcs.ca\/fr\/a-propos\/donateurs-et-partenaires\/#breadcrumb\"},\"inLanguage\":\"fr-FR\",\"potentialAction\":[{\"@type\":\"ReadAction\",\"target\":[\"https:\/\/www.slcs.ca\/fr\/a-propos\/donateurs-et-partenaires\/\"]}]},{\"@type\":\"BreadcrumbList\",\"@id\":\"https:\/\/www.slcs.ca\/fr\/a-propos\/donateurs-et-partenaires\/#breadcrumb\",\"itemListElement\":[{\"@type\":\"ListItem\",\"position\":1,\"name\":\"Accueil\",\"item\":\"https:\/\/www.slcs.ca\/fr\/\"},{\"@type\":\"ListItem\",\"position\":2,\"name\":\"\u00c0 propos\",\"item\":\"https:\/\/www.slcs.ca\/fr\/a-propos\/\"},{\"@type\":\"ListItem\",\"position\":3,\"name\":\"Donateurs et partenaires\"}]},{\"@type\":\"WebSite\",\"@id\":\"https:\/\/www.slcs.ca\/#website\",\"url\":\"https:\/\/www.slcs.ca\/\",\"name\":\"St. Leonard's Community Services - London and Region\",\"description\":\"\",\"publisher\":{\"@id\":\"https:\/\/www.slcs.ca\/#organization\"},\"potentialAction\":[{\"@type\":\"SearchAction\",\"target\":{\"@type\":\"EntryPoint\",\"urlTemplate\":\"https:\/\/www.slcs.ca\/?s={search_term_string}\"},\"query-input\":{\"@type\":\"PropertyValueSpecification\",\"valueRequired\":true,\"valueName\":\"search_term_string\"}}],\"inLanguage\":\"fr-FR\"},{\"@type\":\"Organization\",\"@id\":\"https:\/\/www.slcs.ca\/#organization\",\"name\":\"St. Leonard's Community Services\",\"url\":\"https:\/\/www.slcs.ca\/\",\"logo\":{\"@type\":\"ImageObject\",\"inLanguage\":\"fr-FR\",\"@id\":\"https:\/\/www.slcs.ca\/#\/schema\/logo\/image\/\",\"url\":\"https:\/\/www.slcs.ca\/wp\/wp-admin\/admin-ajax.php?action=resource_download&attachment=979\",\"contentUrl\":\"https:\/\/www.slcs.ca\/wp\/wp-admin\/admin-ajax.php?action=resource_download&attachment=979\",\"width\":1262,\"height\":379,\"caption\":\"St. Leonard's Community Services\"},\"image\":{\"@id\":\"https:\/\/www.slcs.ca\/#\/schema\/logo\/image\/\"},\"sameAs\":[\"https:\/\/www.facebook.com\/SLCSLondon\",\"https:\/\/x.com\/SLCS_London\",\"https:\/\/www.instagram.com\/slcs_london\/\",\"https:\/\/www.linkedin.com\/company\/stleonards\/\",\"https:\/\/www.youtube.com\/channel\/UCt7U9N39GYGV21XP2d9lXUg\"]}]}<\/script>\n<!-- \/ Yoast SEO plugin. -->","yoast_head_json":{"title":"Donateurs et partenaires | St. Leonard&#039;s Community Services London and Region","robots":{"index":"index","follow":"follow","max-snippet":"max-snippet:-1","max-image-preview":"max-image-preview:large","max-video-preview":"max-video-preview:-1"},"canonical":"https:\/\/www.slcs.ca\/fr\/a-propos\/donateurs-et-partenaires\/","og_locale":"fr_FR","og_type":"article","og_title":"Donateurs et partenaires | St. Leonard&#039;s Community Services London and Region","og_url":"https:\/\/www.slcs.ca\/fr\/a-propos\/donateurs-et-partenaires\/","og_site_name":"St. Leonard&#039;s Community Services London and Region","article_publisher":"https:\/\/www.facebook.com\/SLCSLondon","article_modified_time":"2022-10-28T12:34:45+00:00","og_image":[{"width":1262,"height":379,"url":"https:\/\/www.slcs.ca\/app\/uploads\/2019\/07\/SLCS-Logo-from-TIF.png","type":"image\/png"}],"twitter_card":"summary_large_image","twitter_image":"https:\/\/www.slcs.ca\/app\/uploads\/2019\/07\/SLCS-Logo-from-TIF.png","twitter_site":"@SLCS_London","twitter_misc":{"Est. reading time":"1 minute"},"schema":{"@context":"https:\/\/schema.org","@graph":[{"@type":"WebPage","@id":"https:\/\/www.slcs.ca\/fr\/a-propos\/donateurs-et-partenaires\/","url":"https:\/\/www.slcs.ca\/fr\/a-propos\/donateurs-et-partenaires\/","name":"Donateurs et partenaires | St. Leonard&#039;s Community Services London and Region","isPartOf":{"@id":"https:\/\/www.slcs.ca\/#website"},"datePublished":"2019-09-09T13:39:12+00:00","dateModified":"2022-10-28T12:34:45+00:00","breadcrumb":{"@id":"https:\/\/www.slcs.ca\/fr\/a-propos\/donateurs-et-partenaires\/#breadcrumb"},"inLanguage":"fr-FR","potentialAction":[{"@type":"ReadAction","target":["https:\/\/www.slcs.ca\/fr\/a-propos\/donateurs-et-partenaires\/"]}]},{"@type":"BreadcrumbList","@id":"https:\/\/www.slcs.ca\/fr\/a-propos\/donateurs-et-partenaires\/#breadcrumb","itemListElement":[{"@type":"ListItem","position":1,"name":"Accueil","item":"https:\/\/www.slcs.ca\/fr\/"},{"@type":"ListItem","position":2,"name":"\u00c0 propos","item":"https:\/\/www.slcs.ca\/fr\/a-propos\/"},{"@type":"ListItem","position":3,"name":"Donateurs et partenaires"}]},{"@type":"WebSite","@id":"https:\/\/www.slcs.ca\/#website","url":"https:\/\/www.slcs.ca\/","name":"St. Leonard's Community Services - London and Region","description":"","publisher":{"@id":"https:\/\/www.slcs.ca\/#organization"},"potentialAction":[{"@type":"SearchAction","target":{"@type":"EntryPoint","urlTemplate":"https:\/\/www.slcs.ca\/?s={search_term_string}"},"query-input":{"@type":"PropertyValueSpecification","valueRequired":true,"valueName":"search_term_string"}}],"inLanguage":"fr-FR"},{"@type":"Organization","@id":"https:\/\/www.slcs.ca\/#organization","name":"St. Leonard's Community Services","url":"https:\/\/www.slcs.ca\/","logo":{"@type":"ImageObject","inLanguage":"fr-FR","@id":"https:\/\/www.slcs.ca\/#\/schema\/logo\/image\/","url":"https:\/\/www.slcs.ca\/wp\/wp-admin\/admin-ajax.php?action=resource_download&attachment=979","contentUrl":"https:\/\/www.slcs.ca\/wp\/wp-admin\/admin-ajax.php?action=resource_download&attachment=979","width":1262,"height":379,"caption":"St. Leonard's Community Services"},"image":{"@id":"https:\/\/www.slcs.ca\/#\/schema\/logo\/image\/"},"sameAs":["https:\/\/www.facebook.com\/SLCSLondon","https:\/\/x.com\/SLCS_London","https:\/\/www.instagram.com\/slcs_london\/","https:\/\/www.linkedin.com\/company\/stleonards\/","https:\/\/www.youtube.com\/channel\/UCt7U9N39GYGV21XP2d9lXUg"]}]}},"_links":{"self":[{"href":"https:\/\/www.slcs.ca\/fr\/wp-json\/wp\/v2\/pages\/774","targetHints":{"allow":["GET"]}}],"collection":[{"href":"https:\/\/www.slcs.ca\/fr\/wp-json\/wp\/v2\/pages"}],"about":[{"href":"https:\/\/www.slcs.ca\/fr\/wp-json\/wp\/v2\/types\/page"}],"author":[{"embeddable":true,"href":"https:\/\/www.slcs.ca\/fr\/wp-json\/wp\/v2\/users\/1"}],"replies":[{"embeddable":true,"href":"https:\/\/www.slcs.ca\/fr\/wp-json\/wp\/v2\/comments?post=774"}],"version-history":[{"count":4,"href":"https:\/\/www.slcs.ca\/fr\/wp-json\/wp\/v2\/pages\/774\/revisions"}],"predecessor-version":[{"id":3691,"href":"https:\/\/www.slcs.ca\/fr\/wp-json\/wp\/v2\/pages\/774\/revisions\/3691"}],"up":[{"embeddable":true,"href":"https:\/\/www.slcs.ca\/fr\/wp-json\/wp\/v2\/pages\/831"}],"wp:attachment":[{"href":"https:\/\/www.slcs.ca\/fr\/wp-json\/wp\/v2\/media?parent=774"}],"curies":[{"name":"wp","href":"https:\/\/api.w.org\/{rel}","templated":true}]}}