{"id":775,"date":"2019-09-09T13:40:18","date_gmt":"2019-09-09T13:40:18","guid":{"rendered":"https:\/\/www.slcs.ca\/opportunites\/"},"modified":"2019-09-09T21:37:50","modified_gmt":"2019-09-09T21:37:50","slug":"opportunites","status":"publish","type":"page","link":"https:\/\/www.slcs.ca\/fr\/a-propos\/opportunites\/","title":{"rendered":"Opportunit\u00e9s"},"content":{"rendered":"<div class=\"wpb-content-wrapper\"><p>[vc_row][vc_column][basic_container container_size=&#8221;container container-narrow&#8221;][vc_row_inner][vc_column_inner width=&#8221;1\/2&#8243;][vc_column_text]<\/p>\n<h2>Opportunit\u00e9s de carri\u00e8re<\/h2>\n<p>Les employ\u00e9s de Services communautaires de St. Leonard\u2019s (SCSL) soutiennent de nombreux clients dans leur r\u00e9int\u00e9gration dans la communaut\u00e9 en leur aidant \u00e0 obtenir un logement et en r\u00e9duisant la r\u00e9currence du crime, que ce soit dans nos \u00e9tablissements r\u00e9sidentiels ou au sein de la communaut\u00e9 de nos clients.<\/p>\n<p>Le travail est difficile mais tr\u00e8s gratifiant, car nous aidons nos clients \u00e0 surmonter des obstacles et \u00e0 atteindre leurs objectifs \u00e0 court et \u00e0 long terme. Nos membres de l&#8217;\u00e9quipe collaborent avec des partenaires communautaires pour surmonter les d\u00e9fis auxquels nos clients sont confront\u00e9s.<\/p>\n<p>Si vous avez envie de travailler avec une \u00e9quipe qui favorise un changement positif tout en aider les personnes qui sont \u00e0 risque ou qui sont en conflit avec le syst\u00e8me de justice \u00e0 r\u00e9aliser leur plein potentiel, nous voulons vous accueillir dans notre \u00e9quipe ![\/vc_column_text]\t<div class=\"text-center\">\n\t\t<a class=\"general-button btn btn-primary \" href=\"https:\/\/www.slcs.ca\/fr\/carriere\" rel=\"\" target=\"\" title=\"Voir les postes\">\n\t\t\tVoir les postes\t\t<\/a>\n\t<\/div>\n[\/vc_column_inner][vc_column_inner width=&#8221;1\/2&#8243;][vc_column_text]<\/p>\n<h2>Possibilit\u00e9s de b\u00e9n\u00e9volat<\/h2>\n<p>Nos r\u00e9alisations ne seraient pas possibles sans le soutien continu et le d\u00e9vouement de nos b\u00e9n\u00e9voles.<\/p>\n<p>SCSL poss\u00e8de un groupe de b\u00e9n\u00e9voles d\u00e9vou\u00e9s \u00e0 nos comit\u00e9s de justice pour la jeunesse. Ils encouragent les communaut\u00e9s \u00e0 commencer \u00e0 comprendre les causes de la criminalit\u00e9 en utilisant une approche r\u00e9paratrice de pr\u00e9vention.<\/p>\n<p>Les b\u00e9n\u00e9voles sont des membres de la communaut\u00e9 form\u00e9s qui se r\u00e9unissent avec l&#8217;accus\u00e9 et les personnes affect\u00e9es afin de r\u00e9parer les d\u00e9g\u00e2ts caus\u00e9s par les actions de l\u2019accus\u00e9.[\/vc_column_text]\t<div class=\"text-center\">\n\t\t<a class=\"general-button btn btn-primary \" href=\"https:\/\/www.slcs.ca\/fr\/possibilites-de-benevolat\/\" rel=\"\" target=\"\" title=\"Possibilit\u00e9s de b\u00e9n\u00e9volat\">\n\t\t\tPostuler aujourd'hui\t\t<\/a>\n\t<\/div>\n[\/vc_column_inner][\/vc_row_inner][\/basic_container][\/vc_column][\/vc_row]<\/p>\n<\/div>","protected":false},"excerpt":{"rendered":"<p>[vc_row][vc_column][basic_container container_size=&#8221;container container-narrow&#8221;][vc_row_inner][vc_column_inner width=&#8221;1\/2&#8243;][vc_column_text]<\/p>\n<p> Opportunit\u00e9s de carri\u00e8re <\/p>\n<p>Les employ\u00e9s de Services communautaires de St. Leonard\u2019s (SCSL) soutiennent de nombreux clients dans leur r\u00e9int\u00e9gration dans la communaut\u00e9 en leur aidant \u00e0 obtenir un logement et en r\u00e9duisant la r\u00e9currence du crime, &hellip; [&#8230;]<\/p>\n","protected":false},"author":1,"featured_media":0,"parent":831,"menu_order":50,"comment_status":"closed","ping_status":"closed","template":"","meta":{"_acf_changed":false,"footnotes":""},"class_list":["post-775","page","type-page","status-publish","hentry"],"acf":[],"yoast_head":"<!-- This site is optimized with the Yoast SEO plugin v24.9 - https:\/\/yoast.com\/wordpress\/plugins\/seo\/ -->\n<title>Opportunit\u00e9s | St. Leonard&#039;s Community Services London and Region<\/title>\n<meta name=\"robots\" content=\"index, follow, max-snippet:-1, max-image-preview:large, max-video-preview:-1\" \/>\n<link rel=\"canonical\" href=\"https:\/\/www.slcs.ca\/fr\/a-propos\/opportunites\/\" \/>\n<meta property=\"og:locale\" content=\"fr_FR\" \/>\n<meta property=\"og:type\" content=\"article\" \/>\n<meta property=\"og:title\" content=\"Opportunit\u00e9s | St. Leonard&#039;s Community Services London and Region\" \/>\n<meta property=\"og:description\" content=\"[vc_row][vc_column][basic_container container_size=&#8221;container container-narrow&#8221;][vc_row_inner][vc_column_inner width=&#8221;1\/2&#8243;][vc_column_text] Opportunit\u00e9s de carri\u00e8re Les employ\u00e9s de Services communautaires de St. Leonard\u2019s (SCSL) soutiennent de nombreux clients dans leur r\u00e9int\u00e9gration dans la communaut\u00e9 en leur aidant \u00e0 obtenir un logement et en r\u00e9duisant la r\u00e9currence du crime, &hellip; [...]\" \/>\n<meta property=\"og:url\" content=\"https:\/\/www.slcs.ca\/fr\/a-propos\/opportunites\/\" \/>\n<meta property=\"og:site_name\" content=\"St. Leonard&#039;s Community Services London and Region\" \/>\n<meta property=\"article:publisher\" content=\"https:\/\/www.facebook.com\/SLCSLondon\" \/>\n<meta property=\"article:modified_time\" content=\"2019-09-09T21:37:50+00:00\" \/>\n<meta property=\"og:image\" content=\"https:\/\/www.slcs.ca\/app\/uploads\/2019\/07\/SLCS-Logo-from-TIF.png\" \/>\n\t<meta property=\"og:image:width\" content=\"1262\" \/>\n\t<meta property=\"og:image:height\" content=\"379\" \/>\n\t<meta property=\"og:image:type\" content=\"image\/png\" \/>\n<meta name=\"twitter:card\" content=\"summary_large_image\" \/>\n<meta name=\"twitter:image\" content=\"https:\/\/www.slcs.ca\/app\/uploads\/2019\/07\/SLCS-Logo-from-TIF.png\" \/>\n<meta name=\"twitter:site\" content=\"@SLCS_London\" \/>\n<meta name=\"twitter:label1\" content=\"Est. reading time\" \/>\n\t<meta name=\"twitter:data1\" content=\"2 minutes\" \/>\n<script type=\"application\/ld+json\" class=\"yoast-schema-graph\">{\"@context\":\"https:\/\/schema.org\",\"@graph\":[{\"@type\":\"WebPage\",\"@id\":\"https:\/\/www.slcs.ca\/fr\/a-propos\/opportunites\/\",\"url\":\"https:\/\/www.slcs.ca\/fr\/a-propos\/opportunites\/\",\"name\":\"Opportunit\u00e9s | St. Leonard&#039;s Community Services London and Region\",\"isPartOf\":{\"@id\":\"https:\/\/www.slcs.ca\/#website\"},\"datePublished\":\"2019-09-09T13:40:18+00:00\",\"dateModified\":\"2019-09-09T21:37:50+00:00\",\"breadcrumb\":{\"@id\":\"https:\/\/www.slcs.ca\/fr\/a-propos\/opportunites\/#breadcrumb\"},\"inLanguage\":\"fr-FR\",\"potentialAction\":[{\"@type\":\"ReadAction\",\"target\":[\"https:\/\/www.slcs.ca\/fr\/a-propos\/opportunites\/\"]}]},{\"@type\":\"BreadcrumbList\",\"@id\":\"https:\/\/www.slcs.ca\/fr\/a-propos\/opportunites\/#breadcrumb\",\"itemListElement\":[{\"@type\":\"ListItem\",\"position\":1,\"name\":\"Accueil\",\"item\":\"https:\/\/www.slcs.ca\/fr\/\"},{\"@type\":\"ListItem\",\"position\":2,\"name\":\"\u00c0 propos\",\"item\":\"https:\/\/www.slcs.ca\/fr\/a-propos\/\"},{\"@type\":\"ListItem\",\"position\":3,\"name\":\"Opportunit\u00e9s\"}]},{\"@type\":\"WebSite\",\"@id\":\"https:\/\/www.slcs.ca\/#website\",\"url\":\"https:\/\/www.slcs.ca\/\",\"name\":\"St. Leonard's Community Services - London and Region\",\"description\":\"\",\"publisher\":{\"@id\":\"https:\/\/www.slcs.ca\/#organization\"},\"potentialAction\":[{\"@type\":\"SearchAction\",\"target\":{\"@type\":\"EntryPoint\",\"urlTemplate\":\"https:\/\/www.slcs.ca\/?s={search_term_string}\"},\"query-input\":{\"@type\":\"PropertyValueSpecification\",\"valueRequired\":true,\"valueName\":\"search_term_string\"}}],\"inLanguage\":\"fr-FR\"},{\"@type\":\"Organization\",\"@id\":\"https:\/\/www.slcs.ca\/#organization\",\"name\":\"St. Leonard's Community Services\",\"url\":\"https:\/\/www.slcs.ca\/\",\"logo\":{\"@type\":\"ImageObject\",\"inLanguage\":\"fr-FR\",\"@id\":\"https:\/\/www.slcs.ca\/#\/schema\/logo\/image\/\",\"url\":\"https:\/\/www.slcs.ca\/wp\/wp-admin\/admin-ajax.php?action=resource_download&attachment=979\",\"contentUrl\":\"https:\/\/www.slcs.ca\/wp\/wp-admin\/admin-ajax.php?action=resource_download&attachment=979\",\"width\":1262,\"height\":379,\"caption\":\"St. Leonard's Community Services\"},\"image\":{\"@id\":\"https:\/\/www.slcs.ca\/#\/schema\/logo\/image\/\"},\"sameAs\":[\"https:\/\/www.facebook.com\/SLCSLondon\",\"https:\/\/x.com\/SLCS_London\",\"https:\/\/www.instagram.com\/slcs_london\/\",\"https:\/\/www.linkedin.com\/company\/stleonards\/\",\"https:\/\/www.youtube.com\/channel\/UCt7U9N39GYGV21XP2d9lXUg\"]}]}<\/script>\n<!-- \/ Yoast SEO plugin. -->","yoast_head_json":{"title":"Opportunit\u00e9s | St. Leonard&#039;s Community Services London and Region","robots":{"index":"index","follow":"follow","max-snippet":"max-snippet:-1","max-image-preview":"max-image-preview:large","max-video-preview":"max-video-preview:-1"},"canonical":"https:\/\/www.slcs.ca\/fr\/a-propos\/opportunites\/","og_locale":"fr_FR","og_type":"article","og_title":"Opportunit\u00e9s | St. Leonard&#039;s Community Services London and Region","og_description":"[vc_row][vc_column][basic_container container_size=&#8221;container container-narrow&#8221;][vc_row_inner][vc_column_inner width=&#8221;1\/2&#8243;][vc_column_text] Opportunit\u00e9s de carri\u00e8re Les employ\u00e9s de Services communautaires de St. Leonard\u2019s (SCSL) soutiennent de nombreux clients dans leur r\u00e9int\u00e9gration dans la communaut\u00e9 en leur aidant \u00e0 obtenir un logement et en r\u00e9duisant la r\u00e9currence du crime, &hellip; [...]","og_url":"https:\/\/www.slcs.ca\/fr\/a-propos\/opportunites\/","og_site_name":"St. Leonard&#039;s Community Services London and Region","article_publisher":"https:\/\/www.facebook.com\/SLCSLondon","article_modified_time":"2019-09-09T21:37:50+00:00","og_image":[{"width":1262,"height":379,"url":"https:\/\/www.slcs.ca\/app\/uploads\/2019\/07\/SLCS-Logo-from-TIF.png","type":"image\/png"}],"twitter_card":"summary_large_image","twitter_image":"https:\/\/www.slcs.ca\/app\/uploads\/2019\/07\/SLCS-Logo-from-TIF.png","twitter_site":"@SLCS_London","twitter_misc":{"Est. reading time":"2 minutes"},"schema":{"@context":"https:\/\/schema.org","@graph":[{"@type":"WebPage","@id":"https:\/\/www.slcs.ca\/fr\/a-propos\/opportunites\/","url":"https:\/\/www.slcs.ca\/fr\/a-propos\/opportunites\/","name":"Opportunit\u00e9s | St. Leonard&#039;s Community Services London and Region","isPartOf":{"@id":"https:\/\/www.slcs.ca\/#website"},"datePublished":"2019-09-09T13:40:18+00:00","dateModified":"2019-09-09T21:37:50+00:00","breadcrumb":{"@id":"https:\/\/www.slcs.ca\/fr\/a-propos\/opportunites\/#breadcrumb"},"inLanguage":"fr-FR","potentialAction":[{"@type":"ReadAction","target":["https:\/\/www.slcs.ca\/fr\/a-propos\/opportunites\/"]}]},{"@type":"BreadcrumbList","@id":"https:\/\/www.slcs.ca\/fr\/a-propos\/opportunites\/#breadcrumb","itemListElement":[{"@type":"ListItem","position":1,"name":"Accueil","item":"https:\/\/www.slcs.ca\/fr\/"},{"@type":"ListItem","position":2,"name":"\u00c0 propos","item":"https:\/\/www.slcs.ca\/fr\/a-propos\/"},{"@type":"ListItem","position":3,"name":"Opportunit\u00e9s"}]},{"@type":"WebSite","@id":"https:\/\/www.slcs.ca\/#website","url":"https:\/\/www.slcs.ca\/","name":"St. Leonard's Community Services - London and Region","description":"","publisher":{"@id":"https:\/\/www.slcs.ca\/#organization"},"potentialAction":[{"@type":"SearchAction","target":{"@type":"EntryPoint","urlTemplate":"https:\/\/www.slcs.ca\/?s={search_term_string}"},"query-input":{"@type":"PropertyValueSpecification","valueRequired":true,"valueName":"search_term_string"}}],"inLanguage":"fr-FR"},{"@type":"Organization","@id":"https:\/\/www.slcs.ca\/#organization","name":"St. Leonard's Community Services","url":"https:\/\/www.slcs.ca\/","logo":{"@type":"ImageObject","inLanguage":"fr-FR","@id":"https:\/\/www.slcs.ca\/#\/schema\/logo\/image\/","url":"https:\/\/www.slcs.ca\/wp\/wp-admin\/admin-ajax.php?action=resource_download&attachment=979","contentUrl":"https:\/\/www.slcs.ca\/wp\/wp-admin\/admin-ajax.php?action=resource_download&attachment=979","width":1262,"height":379,"caption":"St. Leonard's Community Services"},"image":{"@id":"https:\/\/www.slcs.ca\/#\/schema\/logo\/image\/"},"sameAs":["https:\/\/www.facebook.com\/SLCSLondon","https:\/\/x.com\/SLCS_London","https:\/\/www.instagram.com\/slcs_london\/","https:\/\/www.linkedin.com\/company\/stleonards\/","https:\/\/www.youtube.com\/channel\/UCt7U9N39GYGV21XP2d9lXUg"]}]}},"_links":{"self":[{"href":"https:\/\/www.slcs.ca\/fr\/wp-json\/wp\/v2\/pages\/775","targetHints":{"allow":["GET"]}}],"collection":[{"href":"https:\/\/www.slcs.ca\/fr\/wp-json\/wp\/v2\/pages"}],"about":[{"href":"https:\/\/www.slcs.ca\/fr\/wp-json\/wp\/v2\/types\/page"}],"author":[{"embeddable":true,"href":"https:\/\/www.slcs.ca\/fr\/wp-json\/wp\/v2\/users\/1"}],"replies":[{"embeddable":true,"href":"https:\/\/www.slcs.ca\/fr\/wp-json\/wp\/v2\/comments?post=775"}],"version-history":[{"count":5,"href":"https:\/\/www.slcs.ca\/fr\/wp-json\/wp\/v2\/pages\/775\/revisions"}],"predecessor-version":[{"id":914,"href":"https:\/\/www.slcs.ca\/fr\/wp-json\/wp\/v2\/pages\/775\/revisions\/914"}],"up":[{"embeddable":true,"href":"https:\/\/www.slcs.ca\/fr\/wp-json\/wp\/v2\/pages\/831"}],"wp:attachment":[{"href":"https:\/\/www.slcs.ca\/fr\/wp-json\/wp\/v2\/media?parent=775"}],"curies":[{"name":"wp","href":"https:\/\/api.w.org\/{rel}","templated":true}]}}