{"id":776,"date":"2019-09-09T13:40:49","date_gmt":"2019-09-09T13:40:49","guid":{"rendered":"https:\/\/www.slcs.ca\/programmes-et-services\/"},"modified":"2023-07-19T11:45:56","modified_gmt":"2023-07-19T15:45:56","slug":"programmes-et-services","status":"publish","type":"page","link":"https:\/\/www.slcs.ca\/fr\/programmes-et-services\/","title":{"rendered":"Programmes et services"},"content":{"rendered":"<div class=\"wpb-content-wrapper\"><p>[vc_row][vc_column][basic_container container_size=&#8221;container container-narrow&#8221;][vc_column_text]St. Leonard\u2019s offre une gamme de services \u00e0 ceux qui sont ou pourraient \u00eatre en conflit avec le syst\u00e8me de justice, y compris :<\/p>\n<ul>\n<li><a href=\"https:\/\/www.slcs.ca\/fr\/programmes-et-services\/programmes-communautaires-pour-les-jeunes\/\">Programmes communautaires pour les jeunes<\/a><\/li>\n<li><a href=\"https:\/\/www.slcs.ca\/fr\/programmes-et-services\/programmes-de-dejudiciarisation-scolaires-pour-les-jeunes\/\">Programmes scolaires pour les jeunes<\/a><\/li>\n<li><a href=\"https:\/\/www.slcs.ca\/fr\/programmes-et-services\/programmes-adultes-communautaires\/\">Programmes communautaires pour les adultes<\/a><\/li>\n<li><a href=\"https:\/\/www.slcs.ca\/fr\/programmes-et-services\/programmes-residentiels\/\">Programmes r\u00e9sidentiels pour les adultes<\/a><\/li>\n<\/ul>\n<p>Certains de nos programmes peuvent \u00eatre acc\u00e9d\u00e9s par tous ceux qui veulent un service. Dans d&#8217;autres cas, on peut avoir besoin d&#8217;une recommandation.<a href=\"https:\/\/www.slcs.ca\/fr\/contactez-nous\/\" target=\"_blank\" rel=\"noopener noreferrer\">Contactez-nous pour de plus amples renseignements<\/a>.<\/p>\n<p>Veuillez prendre un moment pour passer en revue notre <a href=\"https:\/\/www.slcs.ca\/app\/uploads\/2023\/07\/BC-111-Statement-of-Rights-and-Responsibilities-FR.pdf\" target=\"_blank\" rel=\"noopener\">\u00c9nonc\u00e9 des droits et responsabilit\u00e9s<\/a> pour les participants \u00e0 nos programmes et services<\/p>\n<p>Vous recherchez des services en francais?\u00a0 <a href=\"https:\/\/www.southwesthealthline.ca\/libraryContent.aspx?id=20443\" target=\"_blank\" rel=\"noopener noreferrer\">Cliquez ici<\/a>.[\/vc_column_text][vc_column_text]<\/p>\n<p style=\"text-align: center;\"><a href=\"https:\/\/www.surveymonkey.com\/r\/SLCSCSATfr\" target=\"_blank\" rel=\"noopener noreferrer\"><img loading=\"lazy\" decoding=\"async\" class=\"size-full wp-image-1748 aligncenter\" src=\"https:\/\/www.slcs.ca\/app\/uploads\/2020\/02\/check-box-sm.png\" alt=\"Checkbox\" width=\"200\" height=\"200\" srcset=\"https:\/\/www.slcs.ca\/app\/uploads\/2020\/02\/check-box-sm.png 200w, https:\/\/www.slcs.ca\/app\/uploads\/2020\/02\/check-box-sm-150x150.png 150w, https:\/\/www.slcs.ca\/app\/uploads\/2020\/02\/check-box-sm-168x168.png 168w, https:\/\/www.slcs.ca\/app\/uploads\/2020\/02\/check-box-sm-100x100.png 100w\" sizes=\"auto, (max-width: 200px) 100vw, 200px\" \/><\/a><\/p>\n<p id=\"tw-target-text\" class=\"tw-data-text tw-text-large tw-ta\" dir=\"ltr\" data-placeholder=\"Translation\"><span lang=\"fr\">Avez-vous re\u00e7u des services de notre part? R\u00e9pondez \u00e0 notre <a href=\"https:\/\/www.surveymonkey.com\/r\/SLCSCSATfr\" target=\"_blank\" rel=\"noopener noreferrer\">sondage sur l&#8217;exp\u00e9rience client<\/a> et dites-nous comment nous l&#8217;avons fait!<\/span><\/p>\n<p>[\/vc_column_text][\/basic_container][\/vc_column][\/vc_row][vc_row][vc_column]<div class=\"templatera_shortcode\"><div class=\"vc_row wpb_row vc_row-fluid\"><div class=\"wpb_column vc_column_container vc_col-sm-12\"><div class=\"vc_column-inner\"><div class=\"wpb_wrapper\"><div class=\"row   solid bg-primary\" >\n\t<div class=\"career-perks career-perks-always-expanded\">\n\t\t\t\t\t<div class=\"container\">\n\t\t\t\t\t\t\t\t\t<h2 class=\"career-perks-heading\">Programmes et services<\/h2>\n\t\t\t\t\t\t\t\t\t\t\t<\/div>\n\t\t\t\t<div class=\"perks-row\">\n\t\t\t<div class=\"perks\">\n\t\t\t\t<ul class=\"perks-list\">\n\t\t\t\t\t<li class=\"perks-item\">\n\t<button class=\"perk-item-button\" >\n\t\t<div class=\"content perk-item-content\">\n\t\t\t\t\t\t\t<span class=\"perk-item-logo\"> <img decoding=\"async\" class=\"img-responsive no-resp-img\" src=\"https:\/\/www.slcs.ca\/app\/uploads\/2019\/05\/Residential-Programs.png\" data-src=\">:https:\/\/www.slcs.ca\/app\/uploads\/2019\/05\/Residential-Programs.png\" alt=\"Residential Programs\"title=\"Residential Programs\"\/>\n\t\t\t\t<div id=\"longdesc-177\" class=\"sr-only\"><\/div><\/span>\n\t\t\t\t\t\t\t\t\t\t<span class=\"perk-item-text text-center\">Programmes r\u00e9sidentiels<\/span>\n\t\t\t\t\t<\/div>\n\t<\/button>\n\t\t\t<div class=\"perk-information\">\n\t\t\t<div class=\"content perk-item-content\">\n\t\t\t\t\t\t\t\t<span class=\"perk-item-text\"><p>\u00c9tablissements r\u00e9sidentiels communautaires pour hommes et femmes adultes<\/p>\n<\/span>\n\t\t\t\t\t\t\t\t\t<div class=\"perk-button\">\n\t\t\t\t\t\t<a href=\"https:\/\/www.slcs.ca\/programs-services\/residential-programs\/\" target=\"\" class=\"btn btn-link \" title=\"Residential Programs\">\n\t\t\t\t\t\t\tvoir les programmes\t\t\t\t\t\t<\/a>\n\t\t\t\t\t<\/div>\n\t\t\t\t\t\t\t<\/div>\n\t\t<\/div>\n\t<\/li>\n<li class=\"perks-item\">\n\t<button class=\"perk-item-button\" >\n\t\t<div class=\"content perk-item-content\">\n\t\t\t\t\t\t\t<span class=\"perk-item-logo\"> <img decoding=\"async\" class=\"img-responsive no-resp-img\" src=\"https:\/\/www.slcs.ca\/app\/uploads\/2019\/05\/Youth-Diversion-Programs.png\" data-src=\">:https:\/\/www.slcs.ca\/app\/uploads\/2019\/05\/Youth-Diversion-Programs.png\" alt=\"Youth Diversion Programs\"title=\"Youth Diversion Programs\"\/>\n\t\t\t\t<div id=\"longdesc-181\" class=\"sr-only\"><\/div><\/span>\n\t\t\t\t\t\t\t\t\t\t<span class=\"perk-item-text text-center\">Programmes de d\u00e9judiciarisation scolaires pour les jeunes<\/span>\n\t\t\t\t\t<\/div>\n\t<\/button>\n\t\t\t<div class=\"perk-information\">\n\t\t\t<div class=\"content perk-item-content\">\n\t\t\t\t\t\t\t\t<span class=\"perk-item-text\"><p>Programmes et services en milieu scolaire pour les \u00e9tudiants bas\u00e9s sur des pratiques r\u00e9paratrices<\/p>\n<\/span>\n\t\t\t\t\t\t\t\t\t<div class=\"perk-button\">\n\t\t\t\t\t\t<a href=\"https:\/\/www.slcs.ca\/programs-services\/school-based-youth-diversion-programs\/\" target=\"\" class=\"btn btn-link \" title=\"Residential Programs\">\n\t\t\t\t\t\t\tvoir les programmes\t\t\t\t\t\t<\/a>\n\t\t\t\t\t<\/div>\n\t\t\t\t\t\t\t<\/div>\n\t\t<\/div>\n\t<\/li>\n<li class=\"perks-item\">\n\t<button class=\"perk-item-button\" >\n\t\t<div class=\"content perk-item-content\">\n\t\t\t\t\t\t\t<span class=\"perk-item-logo\"> <img decoding=\"async\" class=\"img-responsive no-resp-img\" src=\"https:\/\/www.slcs.ca\/app\/uploads\/2019\/05\/Adult-Community-Programs.png\" data-src=\">:https:\/\/www.slcs.ca\/app\/uploads\/2019\/05\/Adult-Community-Programs.png\" alt=\"Adult Community Programs\"title=\"Adult Community Programs\"\/>\n\t\t\t\t<div id=\"longdesc-174\" class=\"sr-only\"><\/div><\/span>\n\t\t\t\t\t\t\t\t\t\t<span class=\"perk-item-text text-center\">Programmes adultes communautaires<\/span>\n\t\t\t\t\t<\/div>\n\t<\/button>\n\t\t\t<div class=\"perk-information\">\n\t\t\t<div class=\"content perk-item-content\">\n\t\t\t\t\t\t\t\t<span class=\"perk-item-text\"><p>Programmes et services communautaires pour adultes<\/p>\n<\/span>\n\t\t\t\t\t\t\t\t\t<div class=\"perk-button\">\n\t\t\t\t\t\t<a href=\"https:\/\/www.slcs.ca\/programs-services\/adult-community-programs\/\" target=\"\" class=\"btn btn-link \" title=\"Residential Programs\">\n\t\t\t\t\t\t\tvoir les programmes\t\t\t\t\t\t<\/a>\n\t\t\t\t\t<\/div>\n\t\t\t\t\t\t\t<\/div>\n\t\t<\/div>\n\t<\/li>\n<li class=\"perks-item\">\n\t<button class=\"perk-item-button\" >\n\t\t<div class=\"content perk-item-content\">\n\t\t\t\t\t\t\t<span class=\"perk-item-logo\"> <img decoding=\"async\" class=\"img-responsive no-resp-img\" src=\"https:\/\/www.slcs.ca\/app\/uploads\/2019\/05\/Youth-Community-Programs.png\" data-src=\">:https:\/\/www.slcs.ca\/app\/uploads\/2019\/05\/Youth-Community-Programs.png\" alt=\"Youth Community Programs\"title=\"Youth Community Programs\"\/>\n\t\t\t\t<div id=\"longdesc-179\" class=\"sr-only\"><\/div><\/span>\n\t\t\t\t\t\t\t\t\t\t<span class=\"perk-item-text text-center\">Programmes communautaires pour les jeunes<\/span>\n\t\t\t\t\t<\/div>\n\t<\/button>\n\t\t\t<div class=\"perk-information\">\n\t\t\t<div class=\"content perk-item-content\">\n\t\t\t\t\t\t\t\t<span class=\"perk-item-text\"><p>Programmes et services communautaires destin\u00e9s aux jeunes<\/p>\n<\/span>\n\t\t\t\t\t\t\t\t\t<div class=\"perk-button\">\n\t\t\t\t\t\t<a href=\"https:\/\/www.slcs.ca\/programs-services\/youth-community-programs\/\" target=\"\" class=\"btn btn-link \" title=\"Youth Community Programs\">\n\t\t\t\t\t\t\tvoir les programmes\t\t\t\t\t\t<\/a>\n\t\t\t\t\t<\/div>\n\t\t\t\t\t\t\t<\/div>\n\t\t<\/div>\n\t<\/li>\n\n\t\t\t\t<\/ul>\n\t\t\t<\/div>\n\t\t<\/div>\n\t<\/div>\n<\/div>\n<div class=\"decorative-illustration \">\n\t<span class=\"decoration brush-and-stroke decoration-hr align-bottom-right bg-green\"><\/span>\n<\/div>\n<\/div><\/div><\/div><\/div><\/div>[\/vc_column][\/vc_row]<\/p>\n<\/div>","protected":false},"excerpt":{"rendered":"St. Leonard\u2019s offre une gamme de services \u00e0 ceux qui sont ou pourraient \u00eatre en conflit avec le syst\u00e8me de justice, y compris : Programmes communautaires pour les jeunes Programmes scolaires pour les jeunes Programmes communautaires pour les adultes Programmes r\u00e9sidentiels pour les adultes Certains de nos programmes peuvent \u00eatre acc\u00e9d\u00e9s par tous ceux qui [...]","protected":false},"author":1,"featured_media":0,"parent":0,"menu_order":60,"comment_status":"closed","ping_status":"closed","template":"","meta":{"_acf_changed":false,"footnotes":""},"class_list":["post-776","page","type-page","status-publish","hentry"],"acf":[],"yoast_head":"<!-- This site is optimized with the Yoast SEO plugin v24.9 - https:\/\/yoast.com\/wordpress\/plugins\/seo\/ -->\n<title>Programmes et services | St. Leonard&#039;s Community Services London and Region<\/title>\n<meta name=\"robots\" content=\"index, follow, max-snippet:-1, max-image-preview:large, max-video-preview:-1\" \/>\n<link rel=\"canonical\" href=\"https:\/\/www.slcs.ca\/fr\/programmes-et-services\/\" \/>\n<meta property=\"og:locale\" content=\"fr_FR\" \/>\n<meta property=\"og:type\" content=\"article\" \/>\n<meta property=\"og:title\" content=\"Programmes et services | St. Leonard&#039;s Community Services London and Region\" \/>\n<meta property=\"og:url\" content=\"https:\/\/www.slcs.ca\/fr\/programmes-et-services\/\" \/>\n<meta property=\"og:site_name\" content=\"St. Leonard&#039;s Community Services London and Region\" \/>\n<meta property=\"article:publisher\" content=\"https:\/\/www.facebook.com\/SLCSLondon\" \/>\n<meta property=\"article:modified_time\" content=\"2023-07-19T15:45:56+00:00\" \/>\n<meta property=\"og:image\" content=\"https:\/\/www.slcs.ca\/app\/uploads\/2019\/07\/SLCS-Logo-from-TIF.png\" \/>\n<meta name=\"twitter:card\" content=\"summary_large_image\" \/>\n<meta name=\"twitter:image\" content=\"https:\/\/www.slcs.ca\/app\/uploads\/2019\/07\/SLCS-Logo-from-TIF.png\" \/>\n<meta name=\"twitter:site\" content=\"@SLCS_London\" \/>\n<meta name=\"twitter:label1\" content=\"Est. reading time\" \/>\n\t<meta name=\"twitter:data1\" content=\"1 minute\" \/>\n<script type=\"application\/ld+json\" class=\"yoast-schema-graph\">{\"@context\":\"https:\/\/schema.org\",\"@graph\":[{\"@type\":\"WebPage\",\"@id\":\"https:\/\/www.slcs.ca\/fr\/programmes-et-services\/\",\"url\":\"https:\/\/www.slcs.ca\/fr\/programmes-et-services\/\",\"name\":\"Programmes et services | St. Leonard&#039;s Community Services London and Region\",\"isPartOf\":{\"@id\":\"https:\/\/www.slcs.ca\/#website\"},\"primaryImageOfPage\":{\"@id\":\"https:\/\/www.slcs.ca\/fr\/programmes-et-services\/#primaryimage\"},\"image\":{\"@id\":\"https:\/\/www.slcs.ca\/fr\/programmes-et-services\/#primaryimage\"},\"thumbnailUrl\":\"https:\/\/www.slcs.ca\/app\/uploads\/2020\/02\/check-box-sm.png\",\"datePublished\":\"2019-09-09T13:40:49+00:00\",\"dateModified\":\"2023-07-19T15:45:56+00:00\",\"breadcrumb\":{\"@id\":\"https:\/\/www.slcs.ca\/fr\/programmes-et-services\/#breadcrumb\"},\"inLanguage\":\"fr-FR\",\"potentialAction\":[{\"@type\":\"ReadAction\",\"target\":[\"https:\/\/www.slcs.ca\/fr\/programmes-et-services\/\"]}]},{\"@type\":\"ImageObject\",\"inLanguage\":\"fr-FR\",\"@id\":\"https:\/\/www.slcs.ca\/fr\/programmes-et-services\/#primaryimage\",\"url\":\"https:\/\/www.slcs.ca\/app\/uploads\/2020\/02\/check-box-sm.png\",\"contentUrl\":\"https:\/\/www.slcs.ca\/app\/uploads\/2020\/02\/check-box-sm.png\"},{\"@type\":\"BreadcrumbList\",\"@id\":\"https:\/\/www.slcs.ca\/fr\/programmes-et-services\/#breadcrumb\",\"itemListElement\":[{\"@type\":\"ListItem\",\"position\":1,\"name\":\"Accueil\",\"item\":\"https:\/\/www.slcs.ca\/fr\/\"},{\"@type\":\"ListItem\",\"position\":2,\"name\":\"Programmes et services\"}]},{\"@type\":\"WebSite\",\"@id\":\"https:\/\/www.slcs.ca\/#website\",\"url\":\"https:\/\/www.slcs.ca\/\",\"name\":\"St. Leonard's Community Services - London and Region\",\"description\":\"\",\"publisher\":{\"@id\":\"https:\/\/www.slcs.ca\/#organization\"},\"potentialAction\":[{\"@type\":\"SearchAction\",\"target\":{\"@type\":\"EntryPoint\",\"urlTemplate\":\"https:\/\/www.slcs.ca\/?s={search_term_string}\"},\"query-input\":{\"@type\":\"PropertyValueSpecification\",\"valueRequired\":true,\"valueName\":\"search_term_string\"}}],\"inLanguage\":\"fr-FR\"},{\"@type\":\"Organization\",\"@id\":\"https:\/\/www.slcs.ca\/#organization\",\"name\":\"St. Leonard's Community Services\",\"url\":\"https:\/\/www.slcs.ca\/\",\"logo\":{\"@type\":\"ImageObject\",\"inLanguage\":\"fr-FR\",\"@id\":\"https:\/\/www.slcs.ca\/#\/schema\/logo\/image\/\",\"url\":\"https:\/\/www.slcs.ca\/wp\/wp-admin\/admin-ajax.php?action=resource_download&attachment=979\",\"contentUrl\":\"https:\/\/www.slcs.ca\/wp\/wp-admin\/admin-ajax.php?action=resource_download&attachment=979\",\"width\":1262,\"height\":379,\"caption\":\"St. Leonard's Community Services\"},\"image\":{\"@id\":\"https:\/\/www.slcs.ca\/#\/schema\/logo\/image\/\"},\"sameAs\":[\"https:\/\/www.facebook.com\/SLCSLondon\",\"https:\/\/x.com\/SLCS_London\",\"https:\/\/www.instagram.com\/slcs_london\/\",\"https:\/\/www.linkedin.com\/company\/stleonards\/\",\"https:\/\/www.youtube.com\/channel\/UCt7U9N39GYGV21XP2d9lXUg\"]}]}<\/script>\n<!-- \/ Yoast SEO plugin. -->","yoast_head_json":{"title":"Programmes et services | St. Leonard&#039;s Community Services London and Region","robots":{"index":"index","follow":"follow","max-snippet":"max-snippet:-1","max-image-preview":"max-image-preview:large","max-video-preview":"max-video-preview:-1"},"canonical":"https:\/\/www.slcs.ca\/fr\/programmes-et-services\/","og_locale":"fr_FR","og_type":"article","og_title":"Programmes et services | St. Leonard&#039;s Community Services London and Region","og_url":"https:\/\/www.slcs.ca\/fr\/programmes-et-services\/","og_site_name":"St. Leonard&#039;s Community Services London and Region","article_publisher":"https:\/\/www.facebook.com\/SLCSLondon","article_modified_time":"2023-07-19T15:45:56+00:00","og_image":[{"url":"https:\/\/www.slcs.ca\/app\/uploads\/2019\/07\/SLCS-Logo-from-TIF.png","type":"","width":"","height":""}],"twitter_card":"summary_large_image","twitter_image":"https:\/\/www.slcs.ca\/app\/uploads\/2019\/07\/SLCS-Logo-from-TIF.png","twitter_site":"@SLCS_London","twitter_misc":{"Est. reading time":"1 minute"},"schema":{"@context":"https:\/\/schema.org","@graph":[{"@type":"WebPage","@id":"https:\/\/www.slcs.ca\/fr\/programmes-et-services\/","url":"https:\/\/www.slcs.ca\/fr\/programmes-et-services\/","name":"Programmes et services | St. Leonard&#039;s Community Services London and Region","isPartOf":{"@id":"https:\/\/www.slcs.ca\/#website"},"primaryImageOfPage":{"@id":"https:\/\/www.slcs.ca\/fr\/programmes-et-services\/#primaryimage"},"image":{"@id":"https:\/\/www.slcs.ca\/fr\/programmes-et-services\/#primaryimage"},"thumbnailUrl":"https:\/\/www.slcs.ca\/app\/uploads\/2020\/02\/check-box-sm.png","datePublished":"2019-09-09T13:40:49+00:00","dateModified":"2023-07-19T15:45:56+00:00","breadcrumb":{"@id":"https:\/\/www.slcs.ca\/fr\/programmes-et-services\/#breadcrumb"},"inLanguage":"fr-FR","potentialAction":[{"@type":"ReadAction","target":["https:\/\/www.slcs.ca\/fr\/programmes-et-services\/"]}]},{"@type":"ImageObject","inLanguage":"fr-FR","@id":"https:\/\/www.slcs.ca\/fr\/programmes-et-services\/#primaryimage","url":"https:\/\/www.slcs.ca\/app\/uploads\/2020\/02\/check-box-sm.png","contentUrl":"https:\/\/www.slcs.ca\/app\/uploads\/2020\/02\/check-box-sm.png"},{"@type":"BreadcrumbList","@id":"https:\/\/www.slcs.ca\/fr\/programmes-et-services\/#breadcrumb","itemListElement":[{"@type":"ListItem","position":1,"name":"Accueil","item":"https:\/\/www.slcs.ca\/fr\/"},{"@type":"ListItem","position":2,"name":"Programmes et services"}]},{"@type":"WebSite","@id":"https:\/\/www.slcs.ca\/#website","url":"https:\/\/www.slcs.ca\/","name":"St. Leonard's Community Services - London and Region","description":"","publisher":{"@id":"https:\/\/www.slcs.ca\/#organization"},"potentialAction":[{"@type":"SearchAction","target":{"@type":"EntryPoint","urlTemplate":"https:\/\/www.slcs.ca\/?s={search_term_string}"},"query-input":{"@type":"PropertyValueSpecification","valueRequired":true,"valueName":"search_term_string"}}],"inLanguage":"fr-FR"},{"@type":"Organization","@id":"https:\/\/www.slcs.ca\/#organization","name":"St. Leonard's Community Services","url":"https:\/\/www.slcs.ca\/","logo":{"@type":"ImageObject","inLanguage":"fr-FR","@id":"https:\/\/www.slcs.ca\/#\/schema\/logo\/image\/","url":"https:\/\/www.slcs.ca\/wp\/wp-admin\/admin-ajax.php?action=resource_download&attachment=979","contentUrl":"https:\/\/www.slcs.ca\/wp\/wp-admin\/admin-ajax.php?action=resource_download&attachment=979","width":1262,"height":379,"caption":"St. Leonard's Community Services"},"image":{"@id":"https:\/\/www.slcs.ca\/#\/schema\/logo\/image\/"},"sameAs":["https:\/\/www.facebook.com\/SLCSLondon","https:\/\/x.com\/SLCS_London","https:\/\/www.instagram.com\/slcs_london\/","https:\/\/www.linkedin.com\/company\/stleonards\/","https:\/\/www.youtube.com\/channel\/UCt7U9N39GYGV21XP2d9lXUg"]}]}},"_links":{"self":[{"href":"https:\/\/www.slcs.ca\/fr\/wp-json\/wp\/v2\/pages\/776","targetHints":{"allow":["GET"]}}],"collection":[{"href":"https:\/\/www.slcs.ca\/fr\/wp-json\/wp\/v2\/pages"}],"about":[{"href":"https:\/\/www.slcs.ca\/fr\/wp-json\/wp\/v2\/types\/page"}],"author":[{"embeddable":true,"href":"https:\/\/www.slcs.ca\/fr\/wp-json\/wp\/v2\/users\/1"}],"replies":[{"embeddable":true,"href":"https:\/\/www.slcs.ca\/fr\/wp-json\/wp\/v2\/comments?post=776"}],"version-history":[{"count":7,"href":"https:\/\/www.slcs.ca\/fr\/wp-json\/wp\/v2\/pages\/776\/revisions"}],"predecessor-version":[{"id":3903,"href":"https:\/\/www.slcs.ca\/fr\/wp-json\/wp\/v2\/pages\/776\/revisions\/3903"}],"wp:attachment":[{"href":"https:\/\/www.slcs.ca\/fr\/wp-json\/wp\/v2\/media?parent=776"}],"curies":[{"name":"wp","href":"https:\/\/api.w.org\/{rel}","templated":true}]}}