{"id":777,"date":"2019-09-09T13:41:31","date_gmt":"2019-09-09T13:41:31","guid":{"rendered":"https:\/\/www.slcs.ca\/etablissement-residentiel-communautaire-maison-louise-arbour-mla\/"},"modified":"2024-10-29T13:02:12","modified_gmt":"2024-10-29T17:02:12","slug":"etablissement-residentiel-communautaire-maison-louise-arbour-mla","status":"publish","type":"page","link":"https:\/\/www.slcs.ca\/fr\/programmes-et-services\/programmes-residentiels\/etablissement-residentiel-communautaire-maison-louise-arbour-mla\/","title":{"rendered":"\u00c9tablissement r\u00e9sidentiel communautaire Maison Louise Arbour (MLA)"},"content":{"rendered":"<div class=\"wpb-content-wrapper\"><p>[vc_row][vc_column][basic_container][alternating_content_container]\t<div class=\"alternating-content-item-wrapper transparent\">\n\t\t\t\t\t<div class=\"alternating-content-item-image start-bg-left\" style=\"background-image: url('https:\/\/www.slcs.ca\/app\/uploads\/2019\/09\/Maison-Louise-Arbour-exterior-1024x768.jpg');\"><\/div>\n\t\t\t\t<div class=\"alternating-content-item-content-container\">\n\t\t\t<div class=\"alternating-content-item-inner\">\n\t\t\t\t\t\t\t\t\t\t\t\t\t\t\t\t\t<div class=\"alternating-content-item-content\">\n\t\t\t\t\t\t<p>Le Centre Maison Louise Arbour (MLA) est une installation de huit lits pour les femmes de plus de 18 ans qui font la transition du syst\u00e8me judiciaire ou qui ont besoin de soutiens en sant\u00e9 mentale. Nous offrons un soutien 24 heures sur 24 et aidons les femmes \u00e0 d\u00e9finir et \u00e0 atteindre des objectifs personnels pour une r\u00e9int\u00e9gration r\u00e9ussie dans la communaut\u00e9. Nos services incluent l\u2019acc\u00e8s \u00e0 des professionnels de la sant\u00e9, des centres de traitement, des services de sant\u00e9 mentale et des opportunit\u00e9s d\u2019emploi.<\/p>\n\t\t\t\t\t<\/div>\n\t\t\t\t\t\t\t\t\t\t\t<\/div>\n\t\t<\/div>\n\t<\/div>\n[\/alternating_content_container][\/basic_container][\/vc_column][\/vc_row][vc_row][vc_column][vc_empty_space height=&#8221;50px&#8221;][basic_container container_size=&#8221;container container-narrow&#8221;][vc_column_text css=&#8221;&#8221;]Le Programme de R\u00e9int\u00e9gration, bas\u00e9 au MLA, soutient \u00e0 la fois les hommes et les femmes ayant des diagnostics de sant\u00e9 mentale et impliqu\u00e9s dans le syst\u00e8me judiciaire. Nous offrons un soutien individuel pour aider les participants \u00e0 rester dans la communaut\u00e9 en les connectant avec des services de sant\u00e9, de logement et des services sociaux. Notre objectif est de r\u00e9pondre \u00e0 leurs pr\u00e9occupations en mati\u00e8re de sant\u00e9 mentale et de justice pour les aider \u00e0 rester stables et connect\u00e9s \u00e0 la communaut\u00e9.[\/vc_column_text][\/basic_container][\/vc_column][\/vc_row]<\/p>\n<\/div>","protected":false},"excerpt":{"rendered":"<p>[vc_row][vc_column][basic_container][alternating_content_container][\/alternating_content_container][\/basic_container][\/vc_column][\/vc_row][vc_row][vc_column][vc_empty_space height=&#8221;50px&#8221;][basic_container container_size=&#8221;container container-narrow&#8221;][vc_column_text css=&#8221;&#8221;]Le Programme de R\u00e9int\u00e9gration, bas\u00e9 au MLA, soutient \u00e0 la fois les hommes et les femmes ayant des diagnostics de sant\u00e9 mentale et impliqu\u00e9s dans le syst\u00e8me judiciaire. Nous offrons un soutien individuel pour aider les &hellip; [&#8230;]<\/p>\n","protected":false},"author":1,"featured_media":0,"parent":787,"menu_order":90,"comment_status":"closed","ping_status":"closed","template":"","meta":{"_acf_changed":false,"footnotes":""},"class_list":["post-777","page","type-page","status-publish","hentry"],"acf":[],"yoast_head":"<!-- This site is optimized with the Yoast SEO plugin v24.9 - https:\/\/yoast.com\/wordpress\/plugins\/seo\/ -->\n<title>\u00c9tablissement r\u00e9sidentiel communautaire Maison Louise Arbour (MLA) | St. Leonard&#039;s Community Services London and Region<\/title>\n<meta name=\"robots\" content=\"index, follow, max-snippet:-1, max-image-preview:large, max-video-preview:-1\" \/>\n<link rel=\"canonical\" href=\"https:\/\/www.slcs.ca\/fr\/programmes-et-services\/programmes-residentiels\/etablissement-residentiel-communautaire-maison-louise-arbour-mla\/\" \/>\n<meta property=\"og:locale\" content=\"fr_FR\" \/>\n<meta property=\"og:type\" content=\"article\" \/>\n<meta property=\"og:title\" content=\"\u00c9tablissement r\u00e9sidentiel communautaire Maison Louise Arbour (MLA) | St. Leonard&#039;s Community Services London and Region\" \/>\n<meta property=\"og:description\" content=\"[vc_row][vc_column][basic_container][alternating_content_container][\/alternating_content_container][\/basic_container][\/vc_column][\/vc_row][vc_row][vc_column][vc_empty_space height=&#8221;50px&#8221;][basic_container container_size=&#8221;container container-narrow&#8221;][vc_column_text css=&#8221;&#8221;]Le Programme de R\u00e9int\u00e9gration, bas\u00e9 au MLA, soutient \u00e0 la fois les hommes et les femmes ayant des diagnostics de sant\u00e9 mentale et impliqu\u00e9s dans le syst\u00e8me judiciaire. Nous offrons un soutien individuel pour aider les &hellip; [...]\" \/>\n<meta property=\"og:url\" content=\"https:\/\/www.slcs.ca\/fr\/programmes-et-services\/programmes-residentiels\/etablissement-residentiel-communautaire-maison-louise-arbour-mla\/\" \/>\n<meta property=\"og:site_name\" content=\"St. Leonard&#039;s Community Services London and Region\" \/>\n<meta property=\"article:publisher\" content=\"https:\/\/www.facebook.com\/SLCSLondon\" \/>\n<meta property=\"article:modified_time\" content=\"2024-10-29T17:02:12+00:00\" \/>\n<meta property=\"og:image\" content=\"https:\/\/www.slcs.ca\/app\/uploads\/2019\/07\/SLCS-Logo-from-TIF.png\" \/>\n\t<meta property=\"og:image:width\" content=\"1262\" \/>\n\t<meta property=\"og:image:height\" content=\"379\" \/>\n\t<meta property=\"og:image:type\" content=\"image\/png\" \/>\n<meta name=\"twitter:card\" content=\"summary_large_image\" \/>\n<meta name=\"twitter:image\" content=\"https:\/\/www.slcs.ca\/app\/uploads\/2019\/07\/SLCS-Logo-from-TIF.png\" \/>\n<meta name=\"twitter:site\" content=\"@SLCS_London\" \/>\n<meta name=\"twitter:label1\" content=\"Est. reading time\" \/>\n\t<meta name=\"twitter:data1\" content=\"1 minute\" \/>\n<script type=\"application\/ld+json\" class=\"yoast-schema-graph\">{\"@context\":\"https:\/\/schema.org\",\"@graph\":[{\"@type\":\"WebPage\",\"@id\":\"https:\/\/www.slcs.ca\/fr\/programmes-et-services\/programmes-residentiels\/etablissement-residentiel-communautaire-maison-louise-arbour-mla\/\",\"url\":\"https:\/\/www.slcs.ca\/fr\/programmes-et-services\/programmes-residentiels\/etablissement-residentiel-communautaire-maison-louise-arbour-mla\/\",\"name\":\"\u00c9tablissement r\u00e9sidentiel communautaire Maison Louise Arbour (MLA) | St. Leonard&#039;s Community Services London and Region\",\"isPartOf\":{\"@id\":\"https:\/\/www.slcs.ca\/#website\"},\"datePublished\":\"2019-09-09T13:41:31+00:00\",\"dateModified\":\"2024-10-29T17:02:12+00:00\",\"breadcrumb\":{\"@id\":\"https:\/\/www.slcs.ca\/fr\/programmes-et-services\/programmes-residentiels\/etablissement-residentiel-communautaire-maison-louise-arbour-mla\/#breadcrumb\"},\"inLanguage\":\"fr-FR\",\"potentialAction\":[{\"@type\":\"ReadAction\",\"target\":[\"https:\/\/www.slcs.ca\/fr\/programmes-et-services\/programmes-residentiels\/etablissement-residentiel-communautaire-maison-louise-arbour-mla\/\"]}]},{\"@type\":\"BreadcrumbList\",\"@id\":\"https:\/\/www.slcs.ca\/fr\/programmes-et-services\/programmes-residentiels\/etablissement-residentiel-communautaire-maison-louise-arbour-mla\/#breadcrumb\",\"itemListElement\":[{\"@type\":\"ListItem\",\"position\":1,\"name\":\"Accueil\",\"item\":\"https:\/\/www.slcs.ca\/fr\/\"},{\"@type\":\"ListItem\",\"position\":2,\"name\":\"Programmes et services\",\"item\":\"https:\/\/www.slcs.ca\/fr\/programmes-et-services\/\"},{\"@type\":\"ListItem\",\"position\":3,\"name\":\"Programmes r\u00e9sidentiels\",\"item\":\"https:\/\/www.slcs.ca\/fr\/programmes-et-services\/programmes-residentiels\/\"},{\"@type\":\"ListItem\",\"position\":4,\"name\":\"\u00c9tablissement r\u00e9sidentiel communautaire Maison Louise Arbour (MLA)\"}]},{\"@type\":\"WebSite\",\"@id\":\"https:\/\/www.slcs.ca\/#website\",\"url\":\"https:\/\/www.slcs.ca\/\",\"name\":\"St. Leonard's Community Services - London and Region\",\"description\":\"\",\"publisher\":{\"@id\":\"https:\/\/www.slcs.ca\/#organization\"},\"potentialAction\":[{\"@type\":\"SearchAction\",\"target\":{\"@type\":\"EntryPoint\",\"urlTemplate\":\"https:\/\/www.slcs.ca\/?s={search_term_string}\"},\"query-input\":{\"@type\":\"PropertyValueSpecification\",\"valueRequired\":true,\"valueName\":\"search_term_string\"}}],\"inLanguage\":\"fr-FR\"},{\"@type\":\"Organization\",\"@id\":\"https:\/\/www.slcs.ca\/#organization\",\"name\":\"St. Leonard's Community Services\",\"url\":\"https:\/\/www.slcs.ca\/\",\"logo\":{\"@type\":\"ImageObject\",\"inLanguage\":\"fr-FR\",\"@id\":\"https:\/\/www.slcs.ca\/#\/schema\/logo\/image\/\",\"url\":\"https:\/\/www.slcs.ca\/wp\/wp-admin\/admin-ajax.php?action=resource_download&attachment=979\",\"contentUrl\":\"https:\/\/www.slcs.ca\/wp\/wp-admin\/admin-ajax.php?action=resource_download&attachment=979\",\"width\":1262,\"height\":379,\"caption\":\"St. Leonard's Community Services\"},\"image\":{\"@id\":\"https:\/\/www.slcs.ca\/#\/schema\/logo\/image\/\"},\"sameAs\":[\"https:\/\/www.facebook.com\/SLCSLondon\",\"https:\/\/x.com\/SLCS_London\",\"https:\/\/www.instagram.com\/slcs_london\/\",\"https:\/\/www.linkedin.com\/company\/stleonards\/\",\"https:\/\/www.youtube.com\/channel\/UCt7U9N39GYGV21XP2d9lXUg\"]}]}<\/script>\n<!-- \/ Yoast SEO plugin. -->","yoast_head_json":{"title":"\u00c9tablissement r\u00e9sidentiel communautaire Maison Louise Arbour (MLA) | St. Leonard&#039;s Community Services London and Region","robots":{"index":"index","follow":"follow","max-snippet":"max-snippet:-1","max-image-preview":"max-image-preview:large","max-video-preview":"max-video-preview:-1"},"canonical":"https:\/\/www.slcs.ca\/fr\/programmes-et-services\/programmes-residentiels\/etablissement-residentiel-communautaire-maison-louise-arbour-mla\/","og_locale":"fr_FR","og_type":"article","og_title":"\u00c9tablissement r\u00e9sidentiel communautaire Maison Louise Arbour (MLA) | St. Leonard&#039;s Community Services London and Region","og_description":"[vc_row][vc_column][basic_container][alternating_content_container][\/alternating_content_container][\/basic_container][\/vc_column][\/vc_row][vc_row][vc_column][vc_empty_space height=&#8221;50px&#8221;][basic_container container_size=&#8221;container container-narrow&#8221;][vc_column_text css=&#8221;&#8221;]Le Programme de R\u00e9int\u00e9gration, bas\u00e9 au MLA, soutient \u00e0 la fois les hommes et les femmes ayant des diagnostics de sant\u00e9 mentale et impliqu\u00e9s dans le syst\u00e8me judiciaire. Nous offrons un soutien individuel pour aider les &hellip; [...]","og_url":"https:\/\/www.slcs.ca\/fr\/programmes-et-services\/programmes-residentiels\/etablissement-residentiel-communautaire-maison-louise-arbour-mla\/","og_site_name":"St. Leonard&#039;s Community Services London and Region","article_publisher":"https:\/\/www.facebook.com\/SLCSLondon","article_modified_time":"2024-10-29T17:02:12+00:00","og_image":[{"width":1262,"height":379,"url":"https:\/\/www.slcs.ca\/app\/uploads\/2019\/07\/SLCS-Logo-from-TIF.png","type":"image\/png"}],"twitter_card":"summary_large_image","twitter_image":"https:\/\/www.slcs.ca\/app\/uploads\/2019\/07\/SLCS-Logo-from-TIF.png","twitter_site":"@SLCS_London","twitter_misc":{"Est. reading time":"1 minute"},"schema":{"@context":"https:\/\/schema.org","@graph":[{"@type":"WebPage","@id":"https:\/\/www.slcs.ca\/fr\/programmes-et-services\/programmes-residentiels\/etablissement-residentiel-communautaire-maison-louise-arbour-mla\/","url":"https:\/\/www.slcs.ca\/fr\/programmes-et-services\/programmes-residentiels\/etablissement-residentiel-communautaire-maison-louise-arbour-mla\/","name":"\u00c9tablissement r\u00e9sidentiel communautaire Maison Louise Arbour (MLA) | St. Leonard&#039;s Community Services London and Region","isPartOf":{"@id":"https:\/\/www.slcs.ca\/#website"},"datePublished":"2019-09-09T13:41:31+00:00","dateModified":"2024-10-29T17:02:12+00:00","breadcrumb":{"@id":"https:\/\/www.slcs.ca\/fr\/programmes-et-services\/programmes-residentiels\/etablissement-residentiel-communautaire-maison-louise-arbour-mla\/#breadcrumb"},"inLanguage":"fr-FR","potentialAction":[{"@type":"ReadAction","target":["https:\/\/www.slcs.ca\/fr\/programmes-et-services\/programmes-residentiels\/etablissement-residentiel-communautaire-maison-louise-arbour-mla\/"]}]},{"@type":"BreadcrumbList","@id":"https:\/\/www.slcs.ca\/fr\/programmes-et-services\/programmes-residentiels\/etablissement-residentiel-communautaire-maison-louise-arbour-mla\/#breadcrumb","itemListElement":[{"@type":"ListItem","position":1,"name":"Accueil","item":"https:\/\/www.slcs.ca\/fr\/"},{"@type":"ListItem","position":2,"name":"Programmes et services","item":"https:\/\/www.slcs.ca\/fr\/programmes-et-services\/"},{"@type":"ListItem","position":3,"name":"Programmes r\u00e9sidentiels","item":"https:\/\/www.slcs.ca\/fr\/programmes-et-services\/programmes-residentiels\/"},{"@type":"ListItem","position":4,"name":"\u00c9tablissement r\u00e9sidentiel communautaire Maison Louise Arbour (MLA)"}]},{"@type":"WebSite","@id":"https:\/\/www.slcs.ca\/#website","url":"https:\/\/www.slcs.ca\/","name":"St. Leonard's Community Services - London and Region","description":"","publisher":{"@id":"https:\/\/www.slcs.ca\/#organization"},"potentialAction":[{"@type":"SearchAction","target":{"@type":"EntryPoint","urlTemplate":"https:\/\/www.slcs.ca\/?s={search_term_string}"},"query-input":{"@type":"PropertyValueSpecification","valueRequired":true,"valueName":"search_term_string"}}],"inLanguage":"fr-FR"},{"@type":"Organization","@id":"https:\/\/www.slcs.ca\/#organization","name":"St. Leonard's Community Services","url":"https:\/\/www.slcs.ca\/","logo":{"@type":"ImageObject","inLanguage":"fr-FR","@id":"https:\/\/www.slcs.ca\/#\/schema\/logo\/image\/","url":"https:\/\/www.slcs.ca\/wp\/wp-admin\/admin-ajax.php?action=resource_download&attachment=979","contentUrl":"https:\/\/www.slcs.ca\/wp\/wp-admin\/admin-ajax.php?action=resource_download&attachment=979","width":1262,"height":379,"caption":"St. Leonard's Community Services"},"image":{"@id":"https:\/\/www.slcs.ca\/#\/schema\/logo\/image\/"},"sameAs":["https:\/\/www.facebook.com\/SLCSLondon","https:\/\/x.com\/SLCS_London","https:\/\/www.instagram.com\/slcs_london\/","https:\/\/www.linkedin.com\/company\/stleonards\/","https:\/\/www.youtube.com\/channel\/UCt7U9N39GYGV21XP2d9lXUg"]}]}},"_links":{"self":[{"href":"https:\/\/www.slcs.ca\/fr\/wp-json\/wp\/v2\/pages\/777","targetHints":{"allow":["GET"]}}],"collection":[{"href":"https:\/\/www.slcs.ca\/fr\/wp-json\/wp\/v2\/pages"}],"about":[{"href":"https:\/\/www.slcs.ca\/fr\/wp-json\/wp\/v2\/types\/page"}],"author":[{"embeddable":true,"href":"https:\/\/www.slcs.ca\/fr\/wp-json\/wp\/v2\/users\/1"}],"replies":[{"embeddable":true,"href":"https:\/\/www.slcs.ca\/fr\/wp-json\/wp\/v2\/comments?post=777"}],"version-history":[{"count":3,"href":"https:\/\/www.slcs.ca\/fr\/wp-json\/wp\/v2\/pages\/777\/revisions"}],"predecessor-version":[{"id":4177,"href":"https:\/\/www.slcs.ca\/fr\/wp-json\/wp\/v2\/pages\/777\/revisions\/4177"}],"up":[{"embeddable":true,"href":"https:\/\/www.slcs.ca\/fr\/wp-json\/wp\/v2\/pages\/787"}],"wp:attachment":[{"href":"https:\/\/www.slcs.ca\/fr\/wp-json\/wp\/v2\/media?parent=777"}],"curies":[{"name":"wp","href":"https:\/\/api.w.org\/{rel}","templated":true}]}}