{"id":778,"date":"2019-09-09T13:42:09","date_gmt":"2019-09-09T13:42:09","guid":{"rendered":"https:\/\/www.slcs.ca\/etablissement-residentiel-du-centre-communautaire-ck-clarke\/"},"modified":"2024-10-29T13:33:28","modified_gmt":"2024-10-29T17:33:28","slug":"etablissement-residentiel-du-centre-communautaire-ck-clarke","status":"publish","type":"page","link":"https:\/\/www.slcs.ca\/fr\/programmes-et-services\/programmes-residentiels\/etablissement-residentiel-du-centre-communautaire-ck-clarke\/","title":{"rendered":"\u00c9tablissement r\u00e9sidentiel du Centre communautaire CK Clarke"},"content":{"rendered":"<div class=\"wpb-content-wrapper\"><p>[vc_row][vc_column][basic_container]\t<div class=\"alternating-content-item-wrapper transparent\">\n\t\t\t\t\t<div class=\"alternating-content-item-image start-bg-left\" style=\"background-image: url('https:\/\/www.slcs.ca\/app\/uploads\/2019\/09\/CK-Clarke-exterior-1024x768.jpg');\"><\/div>\n\t\t\t\t<div class=\"alternating-content-item-content-container\">\n\t\t\t<div class=\"alternating-content-item-inner\">\n\t\t\t\t\t\t\t\t\t\t\t\t\t\t\t\t\t<div class=\"alternating-content-item-content\">\n\t\t\t\t\t\t<p>Le Centre C.K. Clarke est une r\u00e9sidence de six lits pour les hommes ou les femmes adultes dans le syst\u00e8me de soins de sant\u00e9 mentale m\u00e9dico-l\u00e9gale.<\/p>\n<p>Nous offrons un soutien 24 heures sur 24 ax\u00e9 sur la r\u00e9habilitation psychosociale, aidant les r\u00e9sidents \u00e0 d\u00e9velopper des comp\u00e9tences de vie, \u00e0 relever les d\u00e9fis li\u00e9s \u00e0 la d\u00e9pendance et \u00e0 se connecter avec la communaut\u00e9.<\/p>\n<p>Les r\u00e9f\u00e9rences sont faites par le Southwest Centre for Forensic Mental Health Care.<\/p>\n\t\t\t\t\t<\/div>\n\t\t\t\t\t\t\t\t\t\t\t<\/div>\n\t\t<\/div>\n\t<\/div>\n[\/basic_container][\/vc_column][\/vc_row]<\/p>\n<\/div>","protected":false},"excerpt":{"rendered":"<p>[vc_row][vc_column][basic_container][\/basic_container][\/vc_column][\/vc_row]<\/p>\n","protected":false},"author":1,"featured_media":0,"parent":787,"menu_order":110,"comment_status":"closed","ping_status":"closed","template":"","meta":{"_acf_changed":false,"footnotes":""},"class_list":["post-778","page","type-page","status-publish","hentry"],"acf":[],"yoast_head":"<!-- This site is optimized with the Yoast SEO plugin v24.9 - https:\/\/yoast.com\/wordpress\/plugins\/seo\/ -->\n<title>\u00c9tablissement r\u00e9sidentiel du Centre communautaire CK Clarke | St. Leonard&#039;s Community Services London and Region<\/title>\n<meta name=\"robots\" content=\"index, follow, max-snippet:-1, max-image-preview:large, max-video-preview:-1\" \/>\n<link rel=\"canonical\" href=\"https:\/\/www.slcs.ca\/fr\/programmes-et-services\/programmes-residentiels\/etablissement-residentiel-du-centre-communautaire-ck-clarke\/\" \/>\n<meta property=\"og:locale\" content=\"fr_FR\" \/>\n<meta property=\"og:type\" content=\"article\" \/>\n<meta property=\"og:title\" content=\"\u00c9tablissement r\u00e9sidentiel du Centre communautaire CK Clarke | St. Leonard&#039;s Community Services London and Region\" \/>\n<meta property=\"og:description\" content=\"[vc_row][vc_column][basic_container][\/basic_container][\/vc_column][\/vc_row]\" \/>\n<meta property=\"og:url\" content=\"https:\/\/www.slcs.ca\/fr\/programmes-et-services\/programmes-residentiels\/etablissement-residentiel-du-centre-communautaire-ck-clarke\/\" \/>\n<meta property=\"og:site_name\" content=\"St. Leonard&#039;s Community Services London and Region\" \/>\n<meta property=\"article:publisher\" content=\"https:\/\/www.facebook.com\/SLCSLondon\" \/>\n<meta property=\"article:modified_time\" content=\"2024-10-29T17:33:28+00:00\" \/>\n<meta property=\"og:image\" content=\"https:\/\/www.slcs.ca\/app\/uploads\/2019\/07\/SLCS-Logo-from-TIF.png\" \/>\n\t<meta property=\"og:image:width\" content=\"1262\" \/>\n\t<meta property=\"og:image:height\" content=\"379\" \/>\n\t<meta property=\"og:image:type\" content=\"image\/png\" \/>\n<meta name=\"twitter:card\" content=\"summary_large_image\" \/>\n<meta name=\"twitter:image\" content=\"https:\/\/www.slcs.ca\/app\/uploads\/2019\/07\/SLCS-Logo-from-TIF.png\" \/>\n<meta name=\"twitter:site\" content=\"@SLCS_London\" \/>\n<meta name=\"twitter:label1\" content=\"Est. reading time\" \/>\n\t<meta name=\"twitter:data1\" content=\"1 minute\" \/>\n<script type=\"application\/ld+json\" class=\"yoast-schema-graph\">{\"@context\":\"https:\/\/schema.org\",\"@graph\":[{\"@type\":\"WebPage\",\"@id\":\"https:\/\/www.slcs.ca\/fr\/programmes-et-services\/programmes-residentiels\/etablissement-residentiel-du-centre-communautaire-ck-clarke\/\",\"url\":\"https:\/\/www.slcs.ca\/fr\/programmes-et-services\/programmes-residentiels\/etablissement-residentiel-du-centre-communautaire-ck-clarke\/\",\"name\":\"\u00c9tablissement r\u00e9sidentiel du Centre communautaire CK Clarke | St. Leonard&#039;s Community Services London and Region\",\"isPartOf\":{\"@id\":\"https:\/\/www.slcs.ca\/#website\"},\"datePublished\":\"2019-09-09T13:42:09+00:00\",\"dateModified\":\"2024-10-29T17:33:28+00:00\",\"breadcrumb\":{\"@id\":\"https:\/\/www.slcs.ca\/fr\/programmes-et-services\/programmes-residentiels\/etablissement-residentiel-du-centre-communautaire-ck-clarke\/#breadcrumb\"},\"inLanguage\":\"fr-FR\",\"potentialAction\":[{\"@type\":\"ReadAction\",\"target\":[\"https:\/\/www.slcs.ca\/fr\/programmes-et-services\/programmes-residentiels\/etablissement-residentiel-du-centre-communautaire-ck-clarke\/\"]}]},{\"@type\":\"BreadcrumbList\",\"@id\":\"https:\/\/www.slcs.ca\/fr\/programmes-et-services\/programmes-residentiels\/etablissement-residentiel-du-centre-communautaire-ck-clarke\/#breadcrumb\",\"itemListElement\":[{\"@type\":\"ListItem\",\"position\":1,\"name\":\"Accueil\",\"item\":\"https:\/\/www.slcs.ca\/fr\/\"},{\"@type\":\"ListItem\",\"position\":2,\"name\":\"Programmes et services\",\"item\":\"https:\/\/www.slcs.ca\/fr\/programmes-et-services\/\"},{\"@type\":\"ListItem\",\"position\":3,\"name\":\"Programmes r\u00e9sidentiels\",\"item\":\"https:\/\/www.slcs.ca\/fr\/programmes-et-services\/programmes-residentiels\/\"},{\"@type\":\"ListItem\",\"position\":4,\"name\":\"\u00c9tablissement r\u00e9sidentiel du Centre communautaire CK Clarke\"}]},{\"@type\":\"WebSite\",\"@id\":\"https:\/\/www.slcs.ca\/#website\",\"url\":\"https:\/\/www.slcs.ca\/\",\"name\":\"St. Leonard's Community Services - London and Region\",\"description\":\"\",\"publisher\":{\"@id\":\"https:\/\/www.slcs.ca\/#organization\"},\"potentialAction\":[{\"@type\":\"SearchAction\",\"target\":{\"@type\":\"EntryPoint\",\"urlTemplate\":\"https:\/\/www.slcs.ca\/?s={search_term_string}\"},\"query-input\":{\"@type\":\"PropertyValueSpecification\",\"valueRequired\":true,\"valueName\":\"search_term_string\"}}],\"inLanguage\":\"fr-FR\"},{\"@type\":\"Organization\",\"@id\":\"https:\/\/www.slcs.ca\/#organization\",\"name\":\"St. Leonard's Community Services\",\"url\":\"https:\/\/www.slcs.ca\/\",\"logo\":{\"@type\":\"ImageObject\",\"inLanguage\":\"fr-FR\",\"@id\":\"https:\/\/www.slcs.ca\/#\/schema\/logo\/image\/\",\"url\":\"https:\/\/www.slcs.ca\/wp\/wp-admin\/admin-ajax.php?action=resource_download&attachment=979\",\"contentUrl\":\"https:\/\/www.slcs.ca\/wp\/wp-admin\/admin-ajax.php?action=resource_download&attachment=979\",\"width\":1262,\"height\":379,\"caption\":\"St. Leonard's Community Services\"},\"image\":{\"@id\":\"https:\/\/www.slcs.ca\/#\/schema\/logo\/image\/\"},\"sameAs\":[\"https:\/\/www.facebook.com\/SLCSLondon\",\"https:\/\/x.com\/SLCS_London\",\"https:\/\/www.instagram.com\/slcs_london\/\",\"https:\/\/www.linkedin.com\/company\/stleonards\/\",\"https:\/\/www.youtube.com\/channel\/UCt7U9N39GYGV21XP2d9lXUg\"]}]}<\/script>\n<!-- \/ Yoast SEO plugin. -->","yoast_head_json":{"title":"\u00c9tablissement r\u00e9sidentiel du Centre communautaire CK Clarke | St. Leonard&#039;s Community Services London and Region","robots":{"index":"index","follow":"follow","max-snippet":"max-snippet:-1","max-image-preview":"max-image-preview:large","max-video-preview":"max-video-preview:-1"},"canonical":"https:\/\/www.slcs.ca\/fr\/programmes-et-services\/programmes-residentiels\/etablissement-residentiel-du-centre-communautaire-ck-clarke\/","og_locale":"fr_FR","og_type":"article","og_title":"\u00c9tablissement r\u00e9sidentiel du Centre communautaire CK Clarke | St. Leonard&#039;s Community Services London and Region","og_description":"[vc_row][vc_column][basic_container][\/basic_container][\/vc_column][\/vc_row]","og_url":"https:\/\/www.slcs.ca\/fr\/programmes-et-services\/programmes-residentiels\/etablissement-residentiel-du-centre-communautaire-ck-clarke\/","og_site_name":"St. Leonard&#039;s Community Services London and Region","article_publisher":"https:\/\/www.facebook.com\/SLCSLondon","article_modified_time":"2024-10-29T17:33:28+00:00","og_image":[{"width":1262,"height":379,"url":"https:\/\/www.slcs.ca\/app\/uploads\/2019\/07\/SLCS-Logo-from-TIF.png","type":"image\/png"}],"twitter_card":"summary_large_image","twitter_image":"https:\/\/www.slcs.ca\/app\/uploads\/2019\/07\/SLCS-Logo-from-TIF.png","twitter_site":"@SLCS_London","twitter_misc":{"Est. reading time":"1 minute"},"schema":{"@context":"https:\/\/schema.org","@graph":[{"@type":"WebPage","@id":"https:\/\/www.slcs.ca\/fr\/programmes-et-services\/programmes-residentiels\/etablissement-residentiel-du-centre-communautaire-ck-clarke\/","url":"https:\/\/www.slcs.ca\/fr\/programmes-et-services\/programmes-residentiels\/etablissement-residentiel-du-centre-communautaire-ck-clarke\/","name":"\u00c9tablissement r\u00e9sidentiel du Centre communautaire CK Clarke | St. Leonard&#039;s Community Services London and Region","isPartOf":{"@id":"https:\/\/www.slcs.ca\/#website"},"datePublished":"2019-09-09T13:42:09+00:00","dateModified":"2024-10-29T17:33:28+00:00","breadcrumb":{"@id":"https:\/\/www.slcs.ca\/fr\/programmes-et-services\/programmes-residentiels\/etablissement-residentiel-du-centre-communautaire-ck-clarke\/#breadcrumb"},"inLanguage":"fr-FR","potentialAction":[{"@type":"ReadAction","target":["https:\/\/www.slcs.ca\/fr\/programmes-et-services\/programmes-residentiels\/etablissement-residentiel-du-centre-communautaire-ck-clarke\/"]}]},{"@type":"BreadcrumbList","@id":"https:\/\/www.slcs.ca\/fr\/programmes-et-services\/programmes-residentiels\/etablissement-residentiel-du-centre-communautaire-ck-clarke\/#breadcrumb","itemListElement":[{"@type":"ListItem","position":1,"name":"Accueil","item":"https:\/\/www.slcs.ca\/fr\/"},{"@type":"ListItem","position":2,"name":"Programmes et services","item":"https:\/\/www.slcs.ca\/fr\/programmes-et-services\/"},{"@type":"ListItem","position":3,"name":"Programmes r\u00e9sidentiels","item":"https:\/\/www.slcs.ca\/fr\/programmes-et-services\/programmes-residentiels\/"},{"@type":"ListItem","position":4,"name":"\u00c9tablissement r\u00e9sidentiel du Centre communautaire CK Clarke"}]},{"@type":"WebSite","@id":"https:\/\/www.slcs.ca\/#website","url":"https:\/\/www.slcs.ca\/","name":"St. Leonard's Community Services - London and Region","description":"","publisher":{"@id":"https:\/\/www.slcs.ca\/#organization"},"potentialAction":[{"@type":"SearchAction","target":{"@type":"EntryPoint","urlTemplate":"https:\/\/www.slcs.ca\/?s={search_term_string}"},"query-input":{"@type":"PropertyValueSpecification","valueRequired":true,"valueName":"search_term_string"}}],"inLanguage":"fr-FR"},{"@type":"Organization","@id":"https:\/\/www.slcs.ca\/#organization","name":"St. Leonard's Community Services","url":"https:\/\/www.slcs.ca\/","logo":{"@type":"ImageObject","inLanguage":"fr-FR","@id":"https:\/\/www.slcs.ca\/#\/schema\/logo\/image\/","url":"https:\/\/www.slcs.ca\/wp\/wp-admin\/admin-ajax.php?action=resource_download&attachment=979","contentUrl":"https:\/\/www.slcs.ca\/wp\/wp-admin\/admin-ajax.php?action=resource_download&attachment=979","width":1262,"height":379,"caption":"St. Leonard's Community Services"},"image":{"@id":"https:\/\/www.slcs.ca\/#\/schema\/logo\/image\/"},"sameAs":["https:\/\/www.facebook.com\/SLCSLondon","https:\/\/x.com\/SLCS_London","https:\/\/www.instagram.com\/slcs_london\/","https:\/\/www.linkedin.com\/company\/stleonards\/","https:\/\/www.youtube.com\/channel\/UCt7U9N39GYGV21XP2d9lXUg"]}]}},"_links":{"self":[{"href":"https:\/\/www.slcs.ca\/fr\/wp-json\/wp\/v2\/pages\/778","targetHints":{"allow":["GET"]}}],"collection":[{"href":"https:\/\/www.slcs.ca\/fr\/wp-json\/wp\/v2\/pages"}],"about":[{"href":"https:\/\/www.slcs.ca\/fr\/wp-json\/wp\/v2\/types\/page"}],"author":[{"embeddable":true,"href":"https:\/\/www.slcs.ca\/fr\/wp-json\/wp\/v2\/users\/1"}],"replies":[{"embeddable":true,"href":"https:\/\/www.slcs.ca\/fr\/wp-json\/wp\/v2\/comments?post=778"}],"version-history":[{"count":2,"href":"https:\/\/www.slcs.ca\/fr\/wp-json\/wp\/v2\/pages\/778\/revisions"}],"predecessor-version":[{"id":4185,"href":"https:\/\/www.slcs.ca\/fr\/wp-json\/wp\/v2\/pages\/778\/revisions\/4185"}],"up":[{"embeddable":true,"href":"https:\/\/www.slcs.ca\/fr\/wp-json\/wp\/v2\/pages\/787"}],"wp:attachment":[{"href":"https:\/\/www.slcs.ca\/fr\/wp-json\/wp\/v2\/media?parent=778"}],"curies":[{"name":"wp","href":"https:\/\/api.w.org\/{rel}","templated":true}]}}