{"id":779,"date":"2019-09-09T13:42:36","date_gmt":"2019-09-09T13:42:36","guid":{"rendered":"https:\/\/www.slcs.ca\/les-programmes-de-responsabilite-directe-et-de-dejudiciarisation\/"},"modified":"2024-10-29T13:50:06","modified_gmt":"2024-10-29T17:50:06","slug":"les-programmes-de-responsabilite-directe-et-de-dejudiciarisation","status":"publish","type":"page","link":"https:\/\/www.slcs.ca\/fr\/les-programmes-de-responsabilite-directe-et-de-dejudiciarisation\/","title":{"rendered":"Les programmes de responsabilit\u00e9 directe et de d\u00e9judiciarisation"},"content":{"rendered":"<div class=\"wpb-content-wrapper\"><p>[vc_row][vc_column][basic_container container_size=&#8221;container container-narrow&#8221;][vc_column_text css=&#8221;&#8221;]<\/p>\n<h3><strong>D\u00e9judiciarisation pr\u00e9-tribunal pour adultes (DAP)<br \/>\n<\/strong><\/h3>\n<p>DAP est une alternative aux poursuites judiciaires formelles pour les adultes accus\u00e9s de crimes admissibles.<\/p>\n<p>La participation au DAP est volontaire. Les participants accomplissent des sanctions communautaires telles que des travaux communautaires, la participation \u00e0 des programmes, la r\u00e9daction de lettres d\u2019excuses ou d\u2019autres formes de restitution. Une fois ces t\u00e2ches accomplies, les accusations sont retir\u00e9es.<\/p>\n<p>Ce programme aide \u00e0 r\u00e9duire les d\u00e9lais judiciaires tout en tenant les individus responsables de mani\u00e8re constructive.<\/p>\n<h3><strong>Programme de responsabilisation directe (PRD)<\/strong><\/h3>\n<p>Ce programme offre une alternative aux accusations formelles pour les adultes qui ont commis une infraction.<\/p>\n<p>Les agents de police peuvent r\u00e9f\u00e9rer des individus \u00e0 ce programme au lieu de porter des accusations. Les participants accomplissent des sanctions communautaires pour aborder l\u2019impact de leurs actions sur eux-m\u00eames, leurs familles, la victime et la communaut\u00e9.<\/p>\n<p>L\u2019objectif est de r\u00e9duire les incidents mineurs de criminalit\u00e9 et de fournir des interventions plus soutenantes tout en tenant les individus responsables.[\/vc_column_text][vc_toggle title=&#8221;Vais-je me retrouver avec un casier judiciaire et ces accusations appara\u00eetront-elles sur les v\u00e9rifications d\u2019ant\u00e9c\u00e9dents\/CPIC ?&#8221;]<\/p>\n<ul>\n<li>Bien qu\u2019il s\u2019agisse d\u2019une accusation charge, elle appara\u00eetra sur une v\u00e9rification CPIC; une fois le programme termin\u00e9 avec succ\u00e8s, elle appara\u00eetra comme ayant \u00e9t\u00e9 retir\u00e9e \/ d\u00e9tourn\u00e9e<\/li>\n<li>Une fois le programme PRD ou de d\u00e9judiciarisation compl\u00e9t\u00e9 avec succ\u00e8s, les accusations n\u2019appara\u00eetra pas dans votre casier judiciaire.<\/li>\n<\/ul>\n<p>[\/vc_toggle][vc_toggle title=&#8221;Combien de temps ai-je pour compl\u00e9ter le programme ?&#8221;]<\/p>\n<ul>\n<li>Ceux qui participent au programme de d\u00e9judiciarisation pr\u00e9-tribunal l&#8217;accusation ont trois mois pour compl\u00e9ter les sanctions attribu\u00e9es<\/li>\n<li>Les participants au programme de responsabilisation directe ont six semaines pour compl\u00e9ter leurs sanctions<\/li>\n<\/ul>\n<p>[\/vc_toggle][vc_toggle title=&#8221;Comment puis-je recevoir un renvoi pour moi-m\u00eame ou quelqu\u2019un d\u2019autre ?&#8221;]<\/p>\n<ul>\n<li> Les renvois au Programme de d\u00e9judiciarisation pr\u00e9-tribunal pour adultes sont re\u00e7us directement du service de police de London<\/li>\n<li> Les renvois pour le PRD sont re\u00e7ues directement du bureau du procureur de la Couronne<\/li>\n<li> L\u2019admissibilit\u00e9 aux programmes est d\u00e9termin\u00e9e \u00e0 la discr\u00e9tion de l&#8217;agent de police ou le procureur de la Couronne ayant fait le renvoi<\/li>\n<li> Si vous ou quelqu&#8217;un que vous connaissez est en conflit avec la loi, parlez \u00e0 un agent ou demander des conseils juridiques pour vous renseigner sur l&#8217;admissibilit\u00e9 \u00e0 ces programmes de d\u00e9judiciarisation pour adultes<\/li>\n<\/ul>\n<p>[\/vc_toggle]\t<div class=\"simple-image-bar count-1\">\n\t\t<ul class=\"simple-image-bar-list\">\n\t\t\t\t\t\t\t<li>\n\t\t\t\t\t\t\t\t\t\t<img decoding=\"async\" src=\"https:\/\/www.slcs.ca\/app\/uploads\/2019\/08\/DAP-Diversion-Programs-3864x1287.jpg\" alt=\"\"\/>\n\t\t\t\t<\/li>\n\t\t\t\t\t<\/ul>\n\t<\/div>\n[vc_separator][\/basic_container][\/vc_column][\/vc_row]<\/p>\n<\/div>","protected":false},"excerpt":{"rendered":"<p>[vc_row][vc_column][basic_container container_size=&#8221;container container-narrow&#8221;][vc_column_text css=&#8221;&#8221;]<\/p>\n<p> D\u00e9judiciarisation pr\u00e9-tribunal pour adultes (DAP) <\/p>\n<p>DAP est une alternative aux poursuites judiciaires formelles pour les adultes accus\u00e9s de crimes admissibles.<\/p>\n<p>La participation au DAP est volontaire. Les participants accomplissent des sanctions communautaires telles que des &hellip; [&#8230;]<\/p>\n","protected":false},"author":1,"featured_media":0,"parent":0,"menu_order":140,"comment_status":"closed","ping_status":"closed","template":"","meta":{"_acf_changed":false,"footnotes":""},"class_list":["post-779","page","type-page","status-publish","hentry"],"acf":[],"yoast_head":"<!-- This site is optimized with the Yoast SEO plugin v24.9 - https:\/\/yoast.com\/wordpress\/plugins\/seo\/ -->\n<title>Les programmes de responsabilit\u00e9 directe et de d\u00e9judiciarisation | St. Leonard&#039;s Community Services London and Region<\/title>\n<meta name=\"robots\" content=\"index, follow, max-snippet:-1, max-image-preview:large, max-video-preview:-1\" \/>\n<link rel=\"canonical\" href=\"https:\/\/www.slcs.ca\/fr\/les-programmes-de-responsabilite-directe-et-de-dejudiciarisation\/\" \/>\n<meta property=\"og:locale\" content=\"fr_FR\" \/>\n<meta property=\"og:type\" content=\"article\" \/>\n<meta property=\"og:title\" content=\"Les programmes de responsabilit\u00e9 directe et de d\u00e9judiciarisation | St. Leonard&#039;s Community Services London and Region\" \/>\n<meta property=\"og:description\" content=\"[vc_row][vc_column][basic_container container_size=&#8221;container container-narrow&#8221;][vc_column_text css=&#8221;&#8221;] D\u00e9judiciarisation pr\u00e9-tribunal pour adultes (DAP) DAP est une alternative aux poursuites judiciaires formelles pour les adultes accus\u00e9s de crimes admissibles. La participation au DAP est volontaire. Les participants accomplissent des sanctions communautaires telles que des &hellip; [...]\" \/>\n<meta property=\"og:url\" content=\"https:\/\/www.slcs.ca\/fr\/les-programmes-de-responsabilite-directe-et-de-dejudiciarisation\/\" \/>\n<meta property=\"og:site_name\" content=\"St. Leonard&#039;s Community Services London and Region\" \/>\n<meta property=\"article:publisher\" content=\"https:\/\/www.facebook.com\/SLCSLondon\" \/>\n<meta property=\"article:modified_time\" content=\"2024-10-29T17:50:06+00:00\" \/>\n<meta property=\"og:image\" content=\"https:\/\/www.slcs.ca\/app\/uploads\/2019\/07\/SLCS-Logo-from-TIF.png\" \/>\n\t<meta property=\"og:image:width\" content=\"1262\" \/>\n\t<meta property=\"og:image:height\" content=\"379\" \/>\n\t<meta property=\"og:image:type\" content=\"image\/png\" \/>\n<meta name=\"twitter:card\" content=\"summary_large_image\" \/>\n<meta name=\"twitter:image\" content=\"https:\/\/www.slcs.ca\/app\/uploads\/2019\/07\/SLCS-Logo-from-TIF.png\" \/>\n<meta name=\"twitter:site\" content=\"@SLCS_London\" \/>\n<meta name=\"twitter:label1\" content=\"Est. reading time\" \/>\n\t<meta name=\"twitter:data1\" content=\"2 minutes\" \/>\n<script type=\"application\/ld+json\" class=\"yoast-schema-graph\">{\"@context\":\"https:\/\/schema.org\",\"@graph\":[{\"@type\":\"WebPage\",\"@id\":\"https:\/\/www.slcs.ca\/fr\/les-programmes-de-responsabilite-directe-et-de-dejudiciarisation\/\",\"url\":\"https:\/\/www.slcs.ca\/fr\/les-programmes-de-responsabilite-directe-et-de-dejudiciarisation\/\",\"name\":\"Les programmes de responsabilit\u00e9 directe et de d\u00e9judiciarisation | St. Leonard&#039;s Community Services London and Region\",\"isPartOf\":{\"@id\":\"https:\/\/www.slcs.ca\/#website\"},\"datePublished\":\"2019-09-09T13:42:36+00:00\",\"dateModified\":\"2024-10-29T17:50:06+00:00\",\"breadcrumb\":{\"@id\":\"https:\/\/www.slcs.ca\/fr\/les-programmes-de-responsabilite-directe-et-de-dejudiciarisation\/#breadcrumb\"},\"inLanguage\":\"fr-FR\",\"potentialAction\":[{\"@type\":\"ReadAction\",\"target\":[\"https:\/\/www.slcs.ca\/fr\/les-programmes-de-responsabilite-directe-et-de-dejudiciarisation\/\"]}]},{\"@type\":\"BreadcrumbList\",\"@id\":\"https:\/\/www.slcs.ca\/fr\/les-programmes-de-responsabilite-directe-et-de-dejudiciarisation\/#breadcrumb\",\"itemListElement\":[{\"@type\":\"ListItem\",\"position\":1,\"name\":\"Accueil\",\"item\":\"https:\/\/www.slcs.ca\/fr\/\"},{\"@type\":\"ListItem\",\"position\":2,\"name\":\"Les programmes de responsabilit\u00e9 directe et de d\u00e9judiciarisation\"}]},{\"@type\":\"WebSite\",\"@id\":\"https:\/\/www.slcs.ca\/#website\",\"url\":\"https:\/\/www.slcs.ca\/\",\"name\":\"St. Leonard's Community Services - London and Region\",\"description\":\"\",\"publisher\":{\"@id\":\"https:\/\/www.slcs.ca\/#organization\"},\"potentialAction\":[{\"@type\":\"SearchAction\",\"target\":{\"@type\":\"EntryPoint\",\"urlTemplate\":\"https:\/\/www.slcs.ca\/?s={search_term_string}\"},\"query-input\":{\"@type\":\"PropertyValueSpecification\",\"valueRequired\":true,\"valueName\":\"search_term_string\"}}],\"inLanguage\":\"fr-FR\"},{\"@type\":\"Organization\",\"@id\":\"https:\/\/www.slcs.ca\/#organization\",\"name\":\"St. Leonard's Community Services\",\"url\":\"https:\/\/www.slcs.ca\/\",\"logo\":{\"@type\":\"ImageObject\",\"inLanguage\":\"fr-FR\",\"@id\":\"https:\/\/www.slcs.ca\/#\/schema\/logo\/image\/\",\"url\":\"https:\/\/www.slcs.ca\/wp\/wp-admin\/admin-ajax.php?action=resource_download&attachment=979\",\"contentUrl\":\"https:\/\/www.slcs.ca\/wp\/wp-admin\/admin-ajax.php?action=resource_download&attachment=979\",\"width\":1262,\"height\":379,\"caption\":\"St. Leonard's Community Services\"},\"image\":{\"@id\":\"https:\/\/www.slcs.ca\/#\/schema\/logo\/image\/\"},\"sameAs\":[\"https:\/\/www.facebook.com\/SLCSLondon\",\"https:\/\/x.com\/SLCS_London\",\"https:\/\/www.instagram.com\/slcs_london\/\",\"https:\/\/www.linkedin.com\/company\/stleonards\/\",\"https:\/\/www.youtube.com\/channel\/UCt7U9N39GYGV21XP2d9lXUg\"]}]}<\/script>\n<!-- \/ Yoast SEO plugin. -->","yoast_head_json":{"title":"Les programmes de responsabilit\u00e9 directe et de d\u00e9judiciarisation | St. Leonard&#039;s Community Services London and Region","robots":{"index":"index","follow":"follow","max-snippet":"max-snippet:-1","max-image-preview":"max-image-preview:large","max-video-preview":"max-video-preview:-1"},"canonical":"https:\/\/www.slcs.ca\/fr\/les-programmes-de-responsabilite-directe-et-de-dejudiciarisation\/","og_locale":"fr_FR","og_type":"article","og_title":"Les programmes de responsabilit\u00e9 directe et de d\u00e9judiciarisation | St. Leonard&#039;s Community Services London and Region","og_description":"[vc_row][vc_column][basic_container container_size=&#8221;container container-narrow&#8221;][vc_column_text css=&#8221;&#8221;] D\u00e9judiciarisation pr\u00e9-tribunal pour adultes (DAP) DAP est une alternative aux poursuites judiciaires formelles pour les adultes accus\u00e9s de crimes admissibles. La participation au DAP est volontaire. Les participants accomplissent des sanctions communautaires telles que des &hellip; [...]","og_url":"https:\/\/www.slcs.ca\/fr\/les-programmes-de-responsabilite-directe-et-de-dejudiciarisation\/","og_site_name":"St. Leonard&#039;s Community Services London and Region","article_publisher":"https:\/\/www.facebook.com\/SLCSLondon","article_modified_time":"2024-10-29T17:50:06+00:00","og_image":[{"width":1262,"height":379,"url":"https:\/\/www.slcs.ca\/app\/uploads\/2019\/07\/SLCS-Logo-from-TIF.png","type":"image\/png"}],"twitter_card":"summary_large_image","twitter_image":"https:\/\/www.slcs.ca\/app\/uploads\/2019\/07\/SLCS-Logo-from-TIF.png","twitter_site":"@SLCS_London","twitter_misc":{"Est. reading time":"2 minutes"},"schema":{"@context":"https:\/\/schema.org","@graph":[{"@type":"WebPage","@id":"https:\/\/www.slcs.ca\/fr\/les-programmes-de-responsabilite-directe-et-de-dejudiciarisation\/","url":"https:\/\/www.slcs.ca\/fr\/les-programmes-de-responsabilite-directe-et-de-dejudiciarisation\/","name":"Les programmes de responsabilit\u00e9 directe et de d\u00e9judiciarisation | St. Leonard&#039;s Community Services London and Region","isPartOf":{"@id":"https:\/\/www.slcs.ca\/#website"},"datePublished":"2019-09-09T13:42:36+00:00","dateModified":"2024-10-29T17:50:06+00:00","breadcrumb":{"@id":"https:\/\/www.slcs.ca\/fr\/les-programmes-de-responsabilite-directe-et-de-dejudiciarisation\/#breadcrumb"},"inLanguage":"fr-FR","potentialAction":[{"@type":"ReadAction","target":["https:\/\/www.slcs.ca\/fr\/les-programmes-de-responsabilite-directe-et-de-dejudiciarisation\/"]}]},{"@type":"BreadcrumbList","@id":"https:\/\/www.slcs.ca\/fr\/les-programmes-de-responsabilite-directe-et-de-dejudiciarisation\/#breadcrumb","itemListElement":[{"@type":"ListItem","position":1,"name":"Accueil","item":"https:\/\/www.slcs.ca\/fr\/"},{"@type":"ListItem","position":2,"name":"Les programmes de responsabilit\u00e9 directe et de d\u00e9judiciarisation"}]},{"@type":"WebSite","@id":"https:\/\/www.slcs.ca\/#website","url":"https:\/\/www.slcs.ca\/","name":"St. Leonard's Community Services - London and Region","description":"","publisher":{"@id":"https:\/\/www.slcs.ca\/#organization"},"potentialAction":[{"@type":"SearchAction","target":{"@type":"EntryPoint","urlTemplate":"https:\/\/www.slcs.ca\/?s={search_term_string}"},"query-input":{"@type":"PropertyValueSpecification","valueRequired":true,"valueName":"search_term_string"}}],"inLanguage":"fr-FR"},{"@type":"Organization","@id":"https:\/\/www.slcs.ca\/#organization","name":"St. Leonard's Community Services","url":"https:\/\/www.slcs.ca\/","logo":{"@type":"ImageObject","inLanguage":"fr-FR","@id":"https:\/\/www.slcs.ca\/#\/schema\/logo\/image\/","url":"https:\/\/www.slcs.ca\/wp\/wp-admin\/admin-ajax.php?action=resource_download&attachment=979","contentUrl":"https:\/\/www.slcs.ca\/wp\/wp-admin\/admin-ajax.php?action=resource_download&attachment=979","width":1262,"height":379,"caption":"St. Leonard's Community Services"},"image":{"@id":"https:\/\/www.slcs.ca\/#\/schema\/logo\/image\/"},"sameAs":["https:\/\/www.facebook.com\/SLCSLondon","https:\/\/x.com\/SLCS_London","https:\/\/www.instagram.com\/slcs_london\/","https:\/\/www.linkedin.com\/company\/stleonards\/","https:\/\/www.youtube.com\/channel\/UCt7U9N39GYGV21XP2d9lXUg"]}]}},"_links":{"self":[{"href":"https:\/\/www.slcs.ca\/fr\/wp-json\/wp\/v2\/pages\/779","targetHints":{"allow":["GET"]}}],"collection":[{"href":"https:\/\/www.slcs.ca\/fr\/wp-json\/wp\/v2\/pages"}],"about":[{"href":"https:\/\/www.slcs.ca\/fr\/wp-json\/wp\/v2\/types\/page"}],"author":[{"embeddable":true,"href":"https:\/\/www.slcs.ca\/fr\/wp-json\/wp\/v2\/users\/1"}],"replies":[{"embeddable":true,"href":"https:\/\/www.slcs.ca\/fr\/wp-json\/wp\/v2\/comments?post=779"}],"version-history":[{"count":3,"href":"https:\/\/www.slcs.ca\/fr\/wp-json\/wp\/v2\/pages\/779\/revisions"}],"predecessor-version":[{"id":4191,"href":"https:\/\/www.slcs.ca\/fr\/wp-json\/wp\/v2\/pages\/779\/revisions\/4191"}],"wp:attachment":[{"href":"https:\/\/www.slcs.ca\/fr\/wp-json\/wp\/v2\/media?parent=779"}],"curies":[{"name":"wp","href":"https:\/\/api.w.org\/{rel}","templated":true}]}}