{"id":780,"date":"2019-09-09T13:43:16","date_gmt":"2019-09-09T13:43:16","guid":{"rendered":"https:\/\/www.slcs.ca\/programmes-de-dejudiciarisation-scolaires-pour-les-jeunes\/comite-de-la-justice-de-la-jeunesse\/"},"modified":"2024-10-29T14:48:17","modified_gmt":"2024-10-29T18:48:17","slug":"comite-de-la-justice-de-la-jeunesse","status":"publish","type":"page","link":"https:\/\/www.slcs.ca\/fr\/programmes-et-services\/programmes-de-dejudiciarisation-scolaires-pour-les-jeunes\/comite-de-la-justice-de-la-jeunesse\/","title":{"rendered":"Comit\u00e9 de la justice de la jeunesse"},"content":{"rendered":"<div class=\"wpb-content-wrapper\"><p>[vc_row][vc_column][basic_container container_size=&#8221;container container-narrow&#8221;][vc_column_text css=&#8221;&#8221;]Le programme du Comit\u00e9 de la justice de la jeunesse est une alternative \u00e0 la proc\u00e9dure judiciaire formelle pour les jeunes de 12-17 ans.<\/p>\n<p>Un jeune et ses parents ou tuteurs rencontreront un groupe de b\u00e9n\u00e9voles de la communaut\u00e9 ainsi que les victimes (si elles choisissent de participer). Ensemble, ils trouveront des moyens significatifs pour que le jeune r\u00e9pare le tort caus\u00e9. Tant le jeune que les victimes peuvent amener des personnes pour les soutenir. Le groupe discutera du tort caus\u00e9, de son impact sur la victime et la communaut\u00e9, et des moyens de rectifier la situation. Tout le monde doit \u00eatre d\u2019accord sur les t\u00e2ches que le jeune accomplira, qui peuvent inclure des excuses, un remboursement \u00e0 la victime, du b\u00e9n\u00e9volat, un don \u00e0 une \u0153uvre de charit\u00e9, ou la participation \u00e0 un programme ou une pr\u00e9sentation. Une fois les t\u00e2ches accomplies, la police ne portera pas d\u2019accusations, ou les accusations seront retir\u00e9es par le tribunal.<\/p>\n<p>Les Comit\u00e9s de justice pour les jeunes offrent :<\/p>\n<ul>\n<li>Une chance pour la victime de partager comment l\u2019infraction les a affect\u00e9s et ce dont ils ont besoin pour rectifier la situation.<\/li>\n<li>Une opportunit\u00e9 pour les jeunes de comprendre leurs actions et leur impact sur les personnes qu\u2019ils ont bless\u00e9es, leurs parents et la communaut\u00e9.<\/li>\n<li>Un moyen pour les communaut\u00e9s de participer directement \u00e0 la justice pour les jeunes.<\/li>\n<li>Une r\u00e9solution rapide et significative de l\u2019infraction qui \u00e9vite aux victimes et aux t\u00e9moins de devoir aller au tribunal.<\/li>\n<\/ul>\n<p>[\/vc_column_text][vc_toggle title=&#8221;Combien de temps faut-il ?&#8221;]Les cas du programme de justice de la jeunesse sont g\u00e9n\u00e9ralement compl\u00e9t\u00e9s dans les trois mois qui suivent la r\u00e9f\u00e9rence. Cela peut d\u00e9pendre de combien de temps les jeunes ont besoin pour compl\u00e9ter les sanctions.[\/vc_toggle][vc_toggle title=&#8221;Est-ce obligatoire de participer ?&#8221;]Le programme est enti\u00e8rement volontaire pour les jeunes et les victimes. Si vous n&#8217;\u00eates pas accept\u00e9 dans le programme ou ne compl\u00e9tez pas le programme, votre dossier sera renvoy\u00e9 au tribunal ou au service de police ayant fait le renvoi.[\/vc_toggle][vc_toggle title=&#8221;Y a-t-il des frais pour participer ?&#8221;]Non, c\u2019est gratuit. On peut s\u2019attendre \u00e0 ce que les jeunes remboursent \u00e0 la victime la valeur des biens endommag\u00e9s ou vol\u00e9s ou font un don \u00e0 la charit\u00e9.[\/vc_toggle][vc_toggle title=&#8221;Les infractions apparaissent-elles sur vos ant\u00e9c\u00e9dents criminels ?&#8221;]Bien qu&#8217;il n&#8217;y ait pas de conviction, l\u2019infraction appara\u00eet sur les ant\u00e9c\u00e9dents criminels pendant deux ans. Elle peut \u00eatre pr\u00e9sent\u00e9e si l&#8217;adolescent commet une nouvelle infraction dans les deux ans, m\u00eame apr\u00e8s avoir 18 ans.[\/vc_toggle][\/basic_container][\/vc_column][\/vc_row]<\/p>\n<\/div>","protected":false},"excerpt":{"rendered":"<p>[vc_row][vc_column][basic_container container_size=&#8221;container container-narrow&#8221;][vc_column_text css=&#8221;&#8221;]Le programme du Comit\u00e9 de la justice de la jeunesse est une alternative \u00e0 la proc\u00e9dure judiciaire formelle pour les jeunes de 12-17 ans.<\/p>\n<p>Un jeune et ses parents ou tuteurs rencontreront un groupe de b\u00e9n\u00e9voles de &hellip; [&#8230;]<\/p>\n","protected":false},"author":1,"featured_media":0,"parent":758,"menu_order":300,"comment_status":"closed","ping_status":"closed","template":"","meta":{"_acf_changed":false,"footnotes":""},"class_list":["post-780","page","type-page","status-publish","hentry"],"acf":[],"yoast_head":"<!-- This site is optimized with the Yoast SEO plugin v24.9 - https:\/\/yoast.com\/wordpress\/plugins\/seo\/ -->\n<title>Comit\u00e9 de la justice de la jeunesse | St. Leonard&#039;s Community Services London and Region<\/title>\n<meta name=\"robots\" content=\"index, follow, max-snippet:-1, max-image-preview:large, max-video-preview:-1\" \/>\n<link rel=\"canonical\" href=\"https:\/\/www.slcs.ca\/fr\/programmes-et-services\/programmes-de-dejudiciarisation-scolaires-pour-les-jeunes\/comite-de-la-justice-de-la-jeunesse\/\" \/>\n<meta property=\"og:locale\" content=\"fr_FR\" \/>\n<meta property=\"og:type\" content=\"article\" \/>\n<meta property=\"og:title\" content=\"Comit\u00e9 de la justice de la jeunesse | St. Leonard&#039;s Community Services London and Region\" \/>\n<meta property=\"og:description\" content=\"[vc_row][vc_column][basic_container container_size=&#8221;container container-narrow&#8221;][vc_column_text css=&#8221;&#8221;]Le programme du Comit\u00e9 de la justice de la jeunesse est une alternative \u00e0 la proc\u00e9dure judiciaire formelle pour les jeunes de 12-17 ans. Un jeune et ses parents ou tuteurs rencontreront un groupe de b\u00e9n\u00e9voles de &hellip; [...]\" \/>\n<meta property=\"og:url\" content=\"https:\/\/www.slcs.ca\/fr\/programmes-et-services\/programmes-de-dejudiciarisation-scolaires-pour-les-jeunes\/comite-de-la-justice-de-la-jeunesse\/\" \/>\n<meta property=\"og:site_name\" content=\"St. Leonard&#039;s Community Services London and Region\" \/>\n<meta property=\"article:publisher\" content=\"https:\/\/www.facebook.com\/SLCSLondon\" \/>\n<meta property=\"article:modified_time\" content=\"2024-10-29T18:48:17+00:00\" \/>\n<meta property=\"og:image\" content=\"https:\/\/www.slcs.ca\/app\/uploads\/2019\/07\/SLCS-Logo-from-TIF.png\" \/>\n\t<meta property=\"og:image:width\" content=\"1262\" \/>\n\t<meta property=\"og:image:height\" content=\"379\" \/>\n\t<meta property=\"og:image:type\" content=\"image\/png\" \/>\n<meta name=\"twitter:card\" content=\"summary_large_image\" \/>\n<meta name=\"twitter:image\" content=\"https:\/\/www.slcs.ca\/app\/uploads\/2019\/07\/SLCS-Logo-from-TIF.png\" \/>\n<meta name=\"twitter:site\" content=\"@SLCS_London\" \/>\n<meta name=\"twitter:label1\" content=\"Est. reading time\" \/>\n\t<meta name=\"twitter:data1\" content=\"2 minutes\" \/>\n<script type=\"application\/ld+json\" class=\"yoast-schema-graph\">{\"@context\":\"https:\/\/schema.org\",\"@graph\":[{\"@type\":\"WebPage\",\"@id\":\"https:\/\/www.slcs.ca\/fr\/programmes-et-services\/programmes-de-dejudiciarisation-scolaires-pour-les-jeunes\/comite-de-la-justice-de-la-jeunesse\/\",\"url\":\"https:\/\/www.slcs.ca\/fr\/programmes-et-services\/programmes-de-dejudiciarisation-scolaires-pour-les-jeunes\/comite-de-la-justice-de-la-jeunesse\/\",\"name\":\"Comit\u00e9 de la justice de la jeunesse | St. Leonard&#039;s Community Services London and Region\",\"isPartOf\":{\"@id\":\"https:\/\/www.slcs.ca\/#website\"},\"datePublished\":\"2019-09-09T13:43:16+00:00\",\"dateModified\":\"2024-10-29T18:48:17+00:00\",\"breadcrumb\":{\"@id\":\"https:\/\/www.slcs.ca\/fr\/programmes-et-services\/programmes-de-dejudiciarisation-scolaires-pour-les-jeunes\/comite-de-la-justice-de-la-jeunesse\/#breadcrumb\"},\"inLanguage\":\"fr-FR\",\"potentialAction\":[{\"@type\":\"ReadAction\",\"target\":[\"https:\/\/www.slcs.ca\/fr\/programmes-et-services\/programmes-de-dejudiciarisation-scolaires-pour-les-jeunes\/comite-de-la-justice-de-la-jeunesse\/\"]}]},{\"@type\":\"BreadcrumbList\",\"@id\":\"https:\/\/www.slcs.ca\/fr\/programmes-et-services\/programmes-de-dejudiciarisation-scolaires-pour-les-jeunes\/comite-de-la-justice-de-la-jeunesse\/#breadcrumb\",\"itemListElement\":[{\"@type\":\"ListItem\",\"position\":1,\"name\":\"Accueil\",\"item\":\"https:\/\/www.slcs.ca\/fr\/\"},{\"@type\":\"ListItem\",\"position\":2,\"name\":\"Programmes et services\",\"item\":\"https:\/\/www.slcs.ca\/fr\/programmes-et-services\/\"},{\"@type\":\"ListItem\",\"position\":3,\"name\":\"Programmes de d\u00e9judiciarisation scolaires pour les jeunes\",\"item\":\"https:\/\/www.slcs.ca\/fr\/programmes-et-services\/programmes-de-dejudiciarisation-scolaires-pour-les-jeunes\/\"},{\"@type\":\"ListItem\",\"position\":4,\"name\":\"Comit\u00e9 de la justice de la jeunesse\"}]},{\"@type\":\"WebSite\",\"@id\":\"https:\/\/www.slcs.ca\/#website\",\"url\":\"https:\/\/www.slcs.ca\/\",\"name\":\"St. Leonard's Community Services - London and Region\",\"description\":\"\",\"publisher\":{\"@id\":\"https:\/\/www.slcs.ca\/#organization\"},\"potentialAction\":[{\"@type\":\"SearchAction\",\"target\":{\"@type\":\"EntryPoint\",\"urlTemplate\":\"https:\/\/www.slcs.ca\/?s={search_term_string}\"},\"query-input\":{\"@type\":\"PropertyValueSpecification\",\"valueRequired\":true,\"valueName\":\"search_term_string\"}}],\"inLanguage\":\"fr-FR\"},{\"@type\":\"Organization\",\"@id\":\"https:\/\/www.slcs.ca\/#organization\",\"name\":\"St. Leonard's Community Services\",\"url\":\"https:\/\/www.slcs.ca\/\",\"logo\":{\"@type\":\"ImageObject\",\"inLanguage\":\"fr-FR\",\"@id\":\"https:\/\/www.slcs.ca\/#\/schema\/logo\/image\/\",\"url\":\"https:\/\/www.slcs.ca\/wp\/wp-admin\/admin-ajax.php?action=resource_download&attachment=979\",\"contentUrl\":\"https:\/\/www.slcs.ca\/wp\/wp-admin\/admin-ajax.php?action=resource_download&attachment=979\",\"width\":1262,\"height\":379,\"caption\":\"St. Leonard's Community Services\"},\"image\":{\"@id\":\"https:\/\/www.slcs.ca\/#\/schema\/logo\/image\/\"},\"sameAs\":[\"https:\/\/www.facebook.com\/SLCSLondon\",\"https:\/\/x.com\/SLCS_London\",\"https:\/\/www.instagram.com\/slcs_london\/\",\"https:\/\/www.linkedin.com\/company\/stleonards\/\",\"https:\/\/www.youtube.com\/channel\/UCt7U9N39GYGV21XP2d9lXUg\"]}]}<\/script>\n<!-- \/ Yoast SEO plugin. -->","yoast_head_json":{"title":"Comit\u00e9 de la justice de la jeunesse | St. Leonard&#039;s Community Services London and Region","robots":{"index":"index","follow":"follow","max-snippet":"max-snippet:-1","max-image-preview":"max-image-preview:large","max-video-preview":"max-video-preview:-1"},"canonical":"https:\/\/www.slcs.ca\/fr\/programmes-et-services\/programmes-de-dejudiciarisation-scolaires-pour-les-jeunes\/comite-de-la-justice-de-la-jeunesse\/","og_locale":"fr_FR","og_type":"article","og_title":"Comit\u00e9 de la justice de la jeunesse | St. Leonard&#039;s Community Services London and Region","og_description":"[vc_row][vc_column][basic_container container_size=&#8221;container container-narrow&#8221;][vc_column_text css=&#8221;&#8221;]Le programme du Comit\u00e9 de la justice de la jeunesse est une alternative \u00e0 la proc\u00e9dure judiciaire formelle pour les jeunes de 12-17 ans. Un jeune et ses parents ou tuteurs rencontreront un groupe de b\u00e9n\u00e9voles de &hellip; [...]","og_url":"https:\/\/www.slcs.ca\/fr\/programmes-et-services\/programmes-de-dejudiciarisation-scolaires-pour-les-jeunes\/comite-de-la-justice-de-la-jeunesse\/","og_site_name":"St. Leonard&#039;s Community Services London and Region","article_publisher":"https:\/\/www.facebook.com\/SLCSLondon","article_modified_time":"2024-10-29T18:48:17+00:00","og_image":[{"width":1262,"height":379,"url":"https:\/\/www.slcs.ca\/app\/uploads\/2019\/07\/SLCS-Logo-from-TIF.png","type":"image\/png"}],"twitter_card":"summary_large_image","twitter_image":"https:\/\/www.slcs.ca\/app\/uploads\/2019\/07\/SLCS-Logo-from-TIF.png","twitter_site":"@SLCS_London","twitter_misc":{"Est. reading time":"2 minutes"},"schema":{"@context":"https:\/\/schema.org","@graph":[{"@type":"WebPage","@id":"https:\/\/www.slcs.ca\/fr\/programmes-et-services\/programmes-de-dejudiciarisation-scolaires-pour-les-jeunes\/comite-de-la-justice-de-la-jeunesse\/","url":"https:\/\/www.slcs.ca\/fr\/programmes-et-services\/programmes-de-dejudiciarisation-scolaires-pour-les-jeunes\/comite-de-la-justice-de-la-jeunesse\/","name":"Comit\u00e9 de la justice de la jeunesse | St. Leonard&#039;s Community Services London and Region","isPartOf":{"@id":"https:\/\/www.slcs.ca\/#website"},"datePublished":"2019-09-09T13:43:16+00:00","dateModified":"2024-10-29T18:48:17+00:00","breadcrumb":{"@id":"https:\/\/www.slcs.ca\/fr\/programmes-et-services\/programmes-de-dejudiciarisation-scolaires-pour-les-jeunes\/comite-de-la-justice-de-la-jeunesse\/#breadcrumb"},"inLanguage":"fr-FR","potentialAction":[{"@type":"ReadAction","target":["https:\/\/www.slcs.ca\/fr\/programmes-et-services\/programmes-de-dejudiciarisation-scolaires-pour-les-jeunes\/comite-de-la-justice-de-la-jeunesse\/"]}]},{"@type":"BreadcrumbList","@id":"https:\/\/www.slcs.ca\/fr\/programmes-et-services\/programmes-de-dejudiciarisation-scolaires-pour-les-jeunes\/comite-de-la-justice-de-la-jeunesse\/#breadcrumb","itemListElement":[{"@type":"ListItem","position":1,"name":"Accueil","item":"https:\/\/www.slcs.ca\/fr\/"},{"@type":"ListItem","position":2,"name":"Programmes et services","item":"https:\/\/www.slcs.ca\/fr\/programmes-et-services\/"},{"@type":"ListItem","position":3,"name":"Programmes de d\u00e9judiciarisation scolaires pour les jeunes","item":"https:\/\/www.slcs.ca\/fr\/programmes-et-services\/programmes-de-dejudiciarisation-scolaires-pour-les-jeunes\/"},{"@type":"ListItem","position":4,"name":"Comit\u00e9 de la justice de la jeunesse"}]},{"@type":"WebSite","@id":"https:\/\/www.slcs.ca\/#website","url":"https:\/\/www.slcs.ca\/","name":"St. Leonard's Community Services - London and Region","description":"","publisher":{"@id":"https:\/\/www.slcs.ca\/#organization"},"potentialAction":[{"@type":"SearchAction","target":{"@type":"EntryPoint","urlTemplate":"https:\/\/www.slcs.ca\/?s={search_term_string}"},"query-input":{"@type":"PropertyValueSpecification","valueRequired":true,"valueName":"search_term_string"}}],"inLanguage":"fr-FR"},{"@type":"Organization","@id":"https:\/\/www.slcs.ca\/#organization","name":"St. Leonard's Community Services","url":"https:\/\/www.slcs.ca\/","logo":{"@type":"ImageObject","inLanguage":"fr-FR","@id":"https:\/\/www.slcs.ca\/#\/schema\/logo\/image\/","url":"https:\/\/www.slcs.ca\/wp\/wp-admin\/admin-ajax.php?action=resource_download&attachment=979","contentUrl":"https:\/\/www.slcs.ca\/wp\/wp-admin\/admin-ajax.php?action=resource_download&attachment=979","width":1262,"height":379,"caption":"St. Leonard's Community Services"},"image":{"@id":"https:\/\/www.slcs.ca\/#\/schema\/logo\/image\/"},"sameAs":["https:\/\/www.facebook.com\/SLCSLondon","https:\/\/x.com\/SLCS_London","https:\/\/www.instagram.com\/slcs_london\/","https:\/\/www.linkedin.com\/company\/stleonards\/","https:\/\/www.youtube.com\/channel\/UCt7U9N39GYGV21XP2d9lXUg"]}]}},"_links":{"self":[{"href":"https:\/\/www.slcs.ca\/fr\/wp-json\/wp\/v2\/pages\/780","targetHints":{"allow":["GET"]}}],"collection":[{"href":"https:\/\/www.slcs.ca\/fr\/wp-json\/wp\/v2\/pages"}],"about":[{"href":"https:\/\/www.slcs.ca\/fr\/wp-json\/wp\/v2\/types\/page"}],"author":[{"embeddable":true,"href":"https:\/\/www.slcs.ca\/fr\/wp-json\/wp\/v2\/users\/1"}],"replies":[{"embeddable":true,"href":"https:\/\/www.slcs.ca\/fr\/wp-json\/wp\/v2\/comments?post=780"}],"version-history":[{"count":2,"href":"https:\/\/www.slcs.ca\/fr\/wp-json\/wp\/v2\/pages\/780\/revisions"}],"predecessor-version":[{"id":4203,"href":"https:\/\/www.slcs.ca\/fr\/wp-json\/wp\/v2\/pages\/780\/revisions\/4203"}],"up":[{"embeddable":true,"href":"https:\/\/www.slcs.ca\/fr\/wp-json\/wp\/v2\/pages\/758"}],"wp:attachment":[{"href":"https:\/\/www.slcs.ca\/fr\/wp-json\/wp\/v2\/media?parent=780"}],"curies":[{"name":"wp","href":"https:\/\/api.w.org\/{rel}","templated":true}]}}