{"id":785,"date":"2019-09-09T14:38:02","date_gmt":"2019-09-09T14:38:02","guid":{"rendered":"https:\/\/www.slcs.ca\/etablissement-residentiel-communautaire-centre-cody\/"},"modified":"2024-10-29T12:53:40","modified_gmt":"2024-10-29T16:53:40","slug":"etablissement-residentiel-communautaire-centre-cody","status":"publish","type":"page","link":"https:\/\/www.slcs.ca\/fr\/programmes-et-services\/programmes-residentiels\/etablissement-residentiel-communautaire-centre-cody\/","title":{"rendered":"\u00c9tablissement r\u00e9sidentiel communautaire Centre Cody"},"content":{"rendered":"<div class=\"wpb-content-wrapper\"><p>[vc_row][vc_column][basic_container][alternating_content_container]\t<div class=\"alternating-content-item-wrapper transparent\">\n\t\t\t\t\t<div class=\"alternating-content-item-image start-bg-center\" style=\"background-image: url('https:\/\/www.slcs.ca\/app\/uploads\/2019\/09\/Cody-Centre-1024x768.jpg');\"><\/div>\n\t\t\t\t<div class=\"alternating-content-item-content-container\">\n\t\t\t<div class=\"alternating-content-item-inner\">\n\t\t\t\t\t\t\t\t\t\t\t\t\t\t\t\t\t<div class=\"alternating-content-item-content\">\n\t\t\t\t\t\t<h2 style=\"margin-top: 0;\"><strong>Aper\u00e7u du programme<\/strong><\/h2>\n<p>Le Centre Cody est une installation de 20 lits pour les hommes adultes purgeant une peine f\u00e9d\u00e9rale dans la communaut\u00e9. Nos travailleurs de justice aident les r\u00e9sidents \u00e0 se pr\u00e9parer \u00e0 la vie en communaut\u00e9 en cr\u00e9ant des plans de soutien et de sortie personnalis\u00e9s. Ces plans peuvent inclure des r\u00e9f\u00e9rences \u00e0 des m\u00e9decins, des services de sant\u00e9 mentale, des soutiens communautaires autochtones ou des services de traitement des d\u00e9pendances. Nous aidons \u00e9galement les r\u00e9sidents \u00e0 obtenir des pi\u00e8ces d\u2019identit\u00e9 gouvernementales, \u00e0 trouver un emploi, \u00e0 poursuivre des opportunit\u00e9s \u00e9ducatives et \u00e0 acc\u00e9der \u00e0 des soutiens communautaires et \u00e0 des interventions en cas de crise.<\/p>\n\t\t\t\t\t<\/div>\n\t\t\t\t\t\t\t\t\t\t\t<\/div>\n\t\t<\/div>\n\t<\/div>\n[\/alternating_content_container][vc_empty_space height=&#8221;50px&#8221;][\/basic_container][\/vc_column][\/vc_row][vc_row][vc_column][basic_container][vc_column_text]<\/p>\n<h2 style=\"text-align: center;\">FAQ<\/h2>\n<p>[\/vc_column_text][vc_toggle title=&#8221;Comment puis-je r\u00e9sider au Centre cody ?&#8221;]Ceux qui sont int\u00e9ress\u00e9s \u00e0 assister au Centre Cody comme destination de lib\u00e9ration devrait parler \u00e0 leur agent de lib\u00e9ration conditionnelle institutionnel, qui initiera une demande d&#8217;\u00e9valuation communautaire \u00e0 l&#8217;office de lib\u00e9ration conditionnelle de London.[\/vc_toggle][vc_toggle title=&#8221;Qu\u2019est-ce que l\u2019\u00e9quipe d\u2019\u00e9valuation communautaire ?&#8221;]L&#8217;\u00e9quipe d&#8217;\u00e9valuation communautaire (\u00c9\u00c9C) se compose de repr\u00e9sentants de Services communautaires St. Leonard\u2019s &#8211; London &amp; r\u00e9gion, Services correctionnels du Canada, le Service de police de London, et des membres de la communaut\u00e9. Cette \u00e9quipe examine et \u00e9value les renvois sur une base bi-hebdomadaire.[\/vc_toggle][vc_toggle title=&#8221;Comment puis-je contacter le Centre Cody ?&#8221;]Services communautaires St. Leonard\u2019s &#8211; London &amp; r\u00e9gion participe \u00e0 des salons pr\u00e9-lib\u00e9ratoires annuels et peut \u00e9galement \u00eatre contact\u00e9 directement par correspondance \u00e9crite. Si vous habitez \u00e0 London et \/ ou envisagez London comme destination de lib\u00e9ration, nous vous encourageons \u00e0 correspondre avec nous par lettre \u00e9crite. Pr\u00e9sentez-vous, expliquez vos intentions, informez-nous de vos progr\u00e8s pendant votre peine et envoyez-nous une demande formelle. Les lettres \u00e9crites doivent \u00eatre envoy\u00e9es par courrier \u00e0 :<strong>Attention: Program Manager<br \/>\nCody Centre<br \/>\n108 King Edward Avenue<br \/>\nLondon, ON N5Z 3T1<\/strong><\/p>\n<p><a href=\"https:\/\/www.slcs.ca\/app\/uploads\/2019\/07\/Federal-Application-Package.pdf\" target=\"_blank\" rel=\"noopener noreferrer\">Cliquez ici pour ouvrir notre dossier de demande<\/a>.[\/vc_toggle][\/basic_container][vc_empty_space height=&#8221;100px&#8221;][\/vc_column][\/vc_row][vc_row][vc_column]<div class=\"templatera_shortcode\"><div class=\"vc_row wpb_row vc_row-fluid\"><div class=\"wpb_column vc_column_container vc_col-sm-12\"><div class=\"vc_column-inner\"><div class=\"wpb_wrapper\">\t<div class=\"general-cta background-image-loading    image  text-white\" style=\"background-image: url('https:\/\/www.slcs.ca\/app\/uploads\/2019\/06\/Banner-5-blue-1440x479.jpg');\">\n\t\t\t\t<div class=\"general-cta-overlay none\"><\/div>\n\t\t<div class=\"container\">\n\t\t\t<div class=\"row\">\n\t\t\t\t<div class=\"general-cta-box\">\n\t\t\t\t\t\t\t\t\t\t\t\t\t\t\t\t\t\t\t\t\t<div class=\"general-cta-content\">\n\t\t\t\t\t\t\t<h2 style=\"text-align: center;\">Learn More About St. Leonard's<\/h2>\n\t\t\t\t\t\t<\/div>\n\t\t\t\t\t\t\t\t\t\t\t\t\t\t\t\t<div class=\"general-cta-button\">\n\t\t\t\t\t\t\t<a href=\"https:\/\/www.slcs.ca\/contact\/\" target=\"\" class=\"btn btn-info btn-solid\" title=\"Contact us to find out more\">\n\t\t\t\t\t\t\t\tContact Us\t\t\t\t\t\t\t<\/a>\n\t\t\t\t\t\t<\/div>\n\t\t\t\t    \t\t\t\t<\/div>\n\t\t\t<\/div>\n\t\t<\/div>\n\t<\/div>\n<\/div><\/div><\/div><\/div><\/div>[\/vc_column][\/vc_row]<\/p>\n<\/div>","protected":false},"excerpt":{"rendered":"Aper\u00e7u du programme Le Centre Cody est une installation de 20 lits pour les hommes adultes purgeant une peine f\u00e9d\u00e9rale dans la communaut\u00e9. Nos travailleurs de justice aident les r\u00e9sidents \u00e0 se pr\u00e9parer \u00e0 la vie en communaut\u00e9 en cr\u00e9ant des plans de soutien et de sortie personnalis\u00e9s. Ces plans peuvent inclure des r\u00e9f\u00e9rences \u00e0 [...]","protected":false},"author":1,"featured_media":0,"parent":787,"menu_order":80,"comment_status":"closed","ping_status":"closed","template":"","meta":{"_acf_changed":false,"footnotes":""},"class_list":["post-785","page","type-page","status-publish","hentry"],"acf":[],"yoast_head":"<!-- This site is optimized with the Yoast SEO plugin v24.9 - https:\/\/yoast.com\/wordpress\/plugins\/seo\/ -->\n<title>\u00c9tablissement r\u00e9sidentiel communautaire Centre Cody | St. Leonard&#039;s Community Services London and Region<\/title>\n<meta name=\"robots\" content=\"index, follow, max-snippet:-1, max-image-preview:large, max-video-preview:-1\" \/>\n<link rel=\"canonical\" href=\"https:\/\/www.slcs.ca\/fr\/programmes-et-services\/programmes-residentiels\/etablissement-residentiel-communautaire-centre-cody\/\" \/>\n<meta property=\"og:locale\" content=\"fr_FR\" \/>\n<meta property=\"og:type\" content=\"article\" \/>\n<meta property=\"og:title\" content=\"\u00c9tablissement r\u00e9sidentiel communautaire Centre Cody | St. Leonard&#039;s Community Services London and Region\" \/>\n<meta property=\"og:url\" content=\"https:\/\/www.slcs.ca\/fr\/programmes-et-services\/programmes-residentiels\/etablissement-residentiel-communautaire-centre-cody\/\" \/>\n<meta property=\"og:site_name\" content=\"St. Leonard&#039;s Community Services London and Region\" \/>\n<meta property=\"article:publisher\" content=\"https:\/\/www.facebook.com\/SLCSLondon\" \/>\n<meta property=\"article:modified_time\" content=\"2024-10-29T16:53:40+00:00\" \/>\n<meta property=\"og:image\" content=\"https:\/\/www.slcs.ca\/app\/uploads\/2019\/07\/SLCS-Logo-from-TIF.png\" \/>\n\t<meta property=\"og:image:width\" content=\"1262\" \/>\n\t<meta property=\"og:image:height\" content=\"379\" \/>\n\t<meta property=\"og:image:type\" content=\"image\/png\" \/>\n<meta name=\"twitter:card\" content=\"summary_large_image\" \/>\n<meta name=\"twitter:image\" content=\"https:\/\/www.slcs.ca\/app\/uploads\/2019\/07\/SLCS-Logo-from-TIF.png\" \/>\n<meta name=\"twitter:site\" content=\"@SLCS_London\" \/>\n<meta name=\"twitter:label1\" content=\"Est. reading time\" \/>\n\t<meta name=\"twitter:data1\" content=\"2 minutes\" \/>\n<script type=\"application\/ld+json\" class=\"yoast-schema-graph\">{\"@context\":\"https:\/\/schema.org\",\"@graph\":[{\"@type\":\"WebPage\",\"@id\":\"https:\/\/www.slcs.ca\/fr\/programmes-et-services\/programmes-residentiels\/etablissement-residentiel-communautaire-centre-cody\/\",\"url\":\"https:\/\/www.slcs.ca\/fr\/programmes-et-services\/programmes-residentiels\/etablissement-residentiel-communautaire-centre-cody\/\",\"name\":\"\u00c9tablissement r\u00e9sidentiel communautaire Centre Cody | St. Leonard&#039;s Community Services London and Region\",\"isPartOf\":{\"@id\":\"https:\/\/www.slcs.ca\/#website\"},\"datePublished\":\"2019-09-09T14:38:02+00:00\",\"dateModified\":\"2024-10-29T16:53:40+00:00\",\"breadcrumb\":{\"@id\":\"https:\/\/www.slcs.ca\/fr\/programmes-et-services\/programmes-residentiels\/etablissement-residentiel-communautaire-centre-cody\/#breadcrumb\"},\"inLanguage\":\"fr-FR\",\"potentialAction\":[{\"@type\":\"ReadAction\",\"target\":[\"https:\/\/www.slcs.ca\/fr\/programmes-et-services\/programmes-residentiels\/etablissement-residentiel-communautaire-centre-cody\/\"]}]},{\"@type\":\"BreadcrumbList\",\"@id\":\"https:\/\/www.slcs.ca\/fr\/programmes-et-services\/programmes-residentiels\/etablissement-residentiel-communautaire-centre-cody\/#breadcrumb\",\"itemListElement\":[{\"@type\":\"ListItem\",\"position\":1,\"name\":\"Accueil\",\"item\":\"https:\/\/www.slcs.ca\/fr\/\"},{\"@type\":\"ListItem\",\"position\":2,\"name\":\"Programmes et services\",\"item\":\"https:\/\/www.slcs.ca\/fr\/programmes-et-services\/\"},{\"@type\":\"ListItem\",\"position\":3,\"name\":\"Programmes r\u00e9sidentiels\",\"item\":\"https:\/\/www.slcs.ca\/fr\/programmes-et-services\/programmes-residentiels\/\"},{\"@type\":\"ListItem\",\"position\":4,\"name\":\"\u00c9tablissement r\u00e9sidentiel communautaire Centre Cody\"}]},{\"@type\":\"WebSite\",\"@id\":\"https:\/\/www.slcs.ca\/#website\",\"url\":\"https:\/\/www.slcs.ca\/\",\"name\":\"St. Leonard's Community Services - London and Region\",\"description\":\"\",\"publisher\":{\"@id\":\"https:\/\/www.slcs.ca\/#organization\"},\"potentialAction\":[{\"@type\":\"SearchAction\",\"target\":{\"@type\":\"EntryPoint\",\"urlTemplate\":\"https:\/\/www.slcs.ca\/?s={search_term_string}\"},\"query-input\":{\"@type\":\"PropertyValueSpecification\",\"valueRequired\":true,\"valueName\":\"search_term_string\"}}],\"inLanguage\":\"fr-FR\"},{\"@type\":\"Organization\",\"@id\":\"https:\/\/www.slcs.ca\/#organization\",\"name\":\"St. Leonard's Community Services\",\"url\":\"https:\/\/www.slcs.ca\/\",\"logo\":{\"@type\":\"ImageObject\",\"inLanguage\":\"fr-FR\",\"@id\":\"https:\/\/www.slcs.ca\/#\/schema\/logo\/image\/\",\"url\":\"https:\/\/www.slcs.ca\/wp\/wp-admin\/admin-ajax.php?action=resource_download&attachment=979\",\"contentUrl\":\"https:\/\/www.slcs.ca\/wp\/wp-admin\/admin-ajax.php?action=resource_download&attachment=979\",\"width\":1262,\"height\":379,\"caption\":\"St. Leonard's Community Services\"},\"image\":{\"@id\":\"https:\/\/www.slcs.ca\/#\/schema\/logo\/image\/\"},\"sameAs\":[\"https:\/\/www.facebook.com\/SLCSLondon\",\"https:\/\/x.com\/SLCS_London\",\"https:\/\/www.instagram.com\/slcs_london\/\",\"https:\/\/www.linkedin.com\/company\/stleonards\/\",\"https:\/\/www.youtube.com\/channel\/UCt7U9N39GYGV21XP2d9lXUg\"]}]}<\/script>\n<!-- \/ Yoast SEO plugin. -->","yoast_head_json":{"title":"\u00c9tablissement r\u00e9sidentiel communautaire Centre Cody | St. Leonard&#039;s Community Services London and Region","robots":{"index":"index","follow":"follow","max-snippet":"max-snippet:-1","max-image-preview":"max-image-preview:large","max-video-preview":"max-video-preview:-1"},"canonical":"https:\/\/www.slcs.ca\/fr\/programmes-et-services\/programmes-residentiels\/etablissement-residentiel-communautaire-centre-cody\/","og_locale":"fr_FR","og_type":"article","og_title":"\u00c9tablissement r\u00e9sidentiel communautaire Centre Cody | St. Leonard&#039;s Community Services London and Region","og_url":"https:\/\/www.slcs.ca\/fr\/programmes-et-services\/programmes-residentiels\/etablissement-residentiel-communautaire-centre-cody\/","og_site_name":"St. Leonard&#039;s Community Services London and Region","article_publisher":"https:\/\/www.facebook.com\/SLCSLondon","article_modified_time":"2024-10-29T16:53:40+00:00","og_image":[{"width":1262,"height":379,"url":"https:\/\/www.slcs.ca\/app\/uploads\/2019\/07\/SLCS-Logo-from-TIF.png","type":"image\/png"}],"twitter_card":"summary_large_image","twitter_image":"https:\/\/www.slcs.ca\/app\/uploads\/2019\/07\/SLCS-Logo-from-TIF.png","twitter_site":"@SLCS_London","twitter_misc":{"Est. reading time":"2 minutes"},"schema":{"@context":"https:\/\/schema.org","@graph":[{"@type":"WebPage","@id":"https:\/\/www.slcs.ca\/fr\/programmes-et-services\/programmes-residentiels\/etablissement-residentiel-communautaire-centre-cody\/","url":"https:\/\/www.slcs.ca\/fr\/programmes-et-services\/programmes-residentiels\/etablissement-residentiel-communautaire-centre-cody\/","name":"\u00c9tablissement r\u00e9sidentiel communautaire Centre Cody | St. Leonard&#039;s Community Services London and Region","isPartOf":{"@id":"https:\/\/www.slcs.ca\/#website"},"datePublished":"2019-09-09T14:38:02+00:00","dateModified":"2024-10-29T16:53:40+00:00","breadcrumb":{"@id":"https:\/\/www.slcs.ca\/fr\/programmes-et-services\/programmes-residentiels\/etablissement-residentiel-communautaire-centre-cody\/#breadcrumb"},"inLanguage":"fr-FR","potentialAction":[{"@type":"ReadAction","target":["https:\/\/www.slcs.ca\/fr\/programmes-et-services\/programmes-residentiels\/etablissement-residentiel-communautaire-centre-cody\/"]}]},{"@type":"BreadcrumbList","@id":"https:\/\/www.slcs.ca\/fr\/programmes-et-services\/programmes-residentiels\/etablissement-residentiel-communautaire-centre-cody\/#breadcrumb","itemListElement":[{"@type":"ListItem","position":1,"name":"Accueil","item":"https:\/\/www.slcs.ca\/fr\/"},{"@type":"ListItem","position":2,"name":"Programmes et services","item":"https:\/\/www.slcs.ca\/fr\/programmes-et-services\/"},{"@type":"ListItem","position":3,"name":"Programmes r\u00e9sidentiels","item":"https:\/\/www.slcs.ca\/fr\/programmes-et-services\/programmes-residentiels\/"},{"@type":"ListItem","position":4,"name":"\u00c9tablissement r\u00e9sidentiel communautaire Centre Cody"}]},{"@type":"WebSite","@id":"https:\/\/www.slcs.ca\/#website","url":"https:\/\/www.slcs.ca\/","name":"St. Leonard's Community Services - London and Region","description":"","publisher":{"@id":"https:\/\/www.slcs.ca\/#organization"},"potentialAction":[{"@type":"SearchAction","target":{"@type":"EntryPoint","urlTemplate":"https:\/\/www.slcs.ca\/?s={search_term_string}"},"query-input":{"@type":"PropertyValueSpecification","valueRequired":true,"valueName":"search_term_string"}}],"inLanguage":"fr-FR"},{"@type":"Organization","@id":"https:\/\/www.slcs.ca\/#organization","name":"St. Leonard's Community Services","url":"https:\/\/www.slcs.ca\/","logo":{"@type":"ImageObject","inLanguage":"fr-FR","@id":"https:\/\/www.slcs.ca\/#\/schema\/logo\/image\/","url":"https:\/\/www.slcs.ca\/wp\/wp-admin\/admin-ajax.php?action=resource_download&attachment=979","contentUrl":"https:\/\/www.slcs.ca\/wp\/wp-admin\/admin-ajax.php?action=resource_download&attachment=979","width":1262,"height":379,"caption":"St. Leonard's Community Services"},"image":{"@id":"https:\/\/www.slcs.ca\/#\/schema\/logo\/image\/"},"sameAs":["https:\/\/www.facebook.com\/SLCSLondon","https:\/\/x.com\/SLCS_London","https:\/\/www.instagram.com\/slcs_london\/","https:\/\/www.linkedin.com\/company\/stleonards\/","https:\/\/www.youtube.com\/channel\/UCt7U9N39GYGV21XP2d9lXUg"]}]}},"_links":{"self":[{"href":"https:\/\/www.slcs.ca\/fr\/wp-json\/wp\/v2\/pages\/785","targetHints":{"allow":["GET"]}}],"collection":[{"href":"https:\/\/www.slcs.ca\/fr\/wp-json\/wp\/v2\/pages"}],"about":[{"href":"https:\/\/www.slcs.ca\/fr\/wp-json\/wp\/v2\/types\/page"}],"author":[{"embeddable":true,"href":"https:\/\/www.slcs.ca\/fr\/wp-json\/wp\/v2\/users\/1"}],"replies":[{"embeddable":true,"href":"https:\/\/www.slcs.ca\/fr\/wp-json\/wp\/v2\/comments?post=785"}],"version-history":[{"count":2,"href":"https:\/\/www.slcs.ca\/fr\/wp-json\/wp\/v2\/pages\/785\/revisions"}],"predecessor-version":[{"id":4174,"href":"https:\/\/www.slcs.ca\/fr\/wp-json\/wp\/v2\/pages\/785\/revisions\/4174"}],"up":[{"embeddable":true,"href":"https:\/\/www.slcs.ca\/fr\/wp-json\/wp\/v2\/pages\/787"}],"wp:attachment":[{"href":"https:\/\/www.slcs.ca\/fr\/wp-json\/wp\/v2\/media?parent=785"}],"curies":[{"name":"wp","href":"https:\/\/api.w.org\/{rel}","templated":true}]}}