{"id":787,"date":"2019-09-09T14:41:53","date_gmt":"2019-09-09T14:41:53","guid":{"rendered":"https:\/\/www.slcs.ca\/programmes-et-services\/programmes-residentiels\/"},"modified":"2024-10-29T12:42:53","modified_gmt":"2024-10-29T16:42:53","slug":"programmes-residentiels","status":"publish","type":"page","link":"https:\/\/www.slcs.ca\/fr\/programmes-et-services\/programmes-residentiels\/","title":{"rendered":"Programmes r\u00e9sidentiels"},"content":{"rendered":"<div class=\"wpb-content-wrapper\"><p>[vc_row][vc_column][basic_container container_size=&#8221;container container-narrow&#8221;][vc_column_text css=&#8221;&#8221;]St. Leonard\u2019s offre des programmes r\u00e9sidentiels \u00e0 court et \u00e0 long terme pour les hommes et les femmes. Trois de nos maisons r\u00e9sidentielles (connues sous le nom d\u2019\u00c9tablissements R\u00e9sidentiels Communautaires (ERC) ou, plus commun\u00e9ment, maisons de transition) aident les personnes \u00e0 passer des \u00e9tablissements correctionnels \u00e0 la communaut\u00e9. Nous avons \u00e9galement un Programme de R\u00e9habilitation R\u00e9sidentielle Transitoire (PRRT) pour ceux qui sont dans le syst\u00e8me de soins de sant\u00e9 mentale m\u00e9dico-l\u00e9gale. Certaines de nos installations soutiennent \u00e9galement les personnes ayant des probl\u00e8mes de sant\u00e9 mentale ou celles en probation avec des besoins plus complexes. Nous avons des r\u00e8gles claires pour assurer la s\u00e9curit\u00e9 et le respect de nos participants et de notre communaut\u00e9.[\/vc_column_text][\/basic_container][\/vc_column][\/vc_row][vc_row][vc_column][basic_container][alternating_content_container]\t<div class=\"alternating-content-item-wrapper transparent\">\n\t\t\t\t\t<div class=\"alternating-content-item-image start-bg-center\" style=\"background-image: url('https:\/\/www.slcs.ca\/app\/uploads\/2019\/09\/Cody-Centre-1024x768.jpg');\"><\/div>\n\t\t\t\t<div class=\"alternating-content-item-content-container\">\n\t\t\t<div class=\"alternating-content-item-inner\">\n\t\t\t\t\t\t\t\t\t<h2 class=\"alternating-content-item-heading\">\n\t\t\t\t\t\t\u00c9tablissement communautaire r\u00e9sidentiel Centre Cody\t\t\t\t\t<\/h2>\n\t\t\t\t\t\t\t\t\t\t\t\t\t\t\t\t\t<div class=\"alternating-content-item-content\">\n\t\t\t\t\t\t<p>Le Centre Cody est un \u00e9tablissement r\u00e9sidentiel communautaire de 21 lits qui offre une surveillance de 24 heures et le soutien aux r\u00e9sidents adultes de sexe masculin purgeant une peine f\u00e9d\u00e9rale dans la communaut\u00e9.<\/p>\n\t\t\t\t\t<\/div>\n\t\t\t\t\t\t\t\t\t\t\t\t\t<a href=\"https:\/\/www.slcs.ca\/programs-services\/residential-programs\/cody-centre\/\" target=\"\" class=\"alternating-content-item-button btn btn-primary \" title=\"CODY CENTRE COMMUNITY RESIDENTIAL FACILITY\">\n\t\t\t\t\t\tApprendre Plus\t\t\t\t\t<\/a>\n\t\t\t\t\t\t\t<\/div>\n\t\t<\/div>\n\t<\/div>\n\t<div class=\"alternating-content-item-wrapper transparent\">\n\t\t\t\t\t<div class=\"alternating-content-item-image start-bg-center\" style=\"background-image: url('https:\/\/www.slcs.ca\/app\/uploads\/2019\/09\/Maison-Louise-Arbour-1024x768.jpg');\"><\/div>\n\t\t\t\t<div class=\"alternating-content-item-content-container\">\n\t\t\t<div class=\"alternating-content-item-inner\">\n\t\t\t\t\t\t\t\t\t<h2 class=\"alternating-content-item-heading\">\n\t\t\t\t\t\t\u00c9tablissement communautaire r\u00e9sidentiel Maison Louise Arbour (MLA)\t\t\t\t\t<\/h2>\n\t\t\t\t\t\t\t\t\t\t\t\t\t\t\t\t\t<div class=\"alternating-content-item-content\">\n\t\t\t\t\t\t<p>Le Centre Maison Louise Arbor est un \u00e9tablissement communautaire r\u00e9sidentiel pour femmes de huit lits qui soutient les femmes de plus de 18 ans qui font la transition entre les syst\u00e8mes de justice p\u00e9nale f\u00e9d\u00e9ral et provincial et \/ ou qui ont des besoin de soutien de la sant\u00e9 mentale pendant jusqu&#8217;\u00e0 30 jours dans l\u2019un de nos lits de crise.<\/p>\n\t\t\t\t\t<\/div>\n\t\t\t\t\t\t\t\t\t\t\t\t\t<a href=\"https:\/\/www.slcs.ca\/programs-services\/residential-programs\/mla-centre\/\" target=\"\" class=\"alternating-content-item-button btn btn-primary \" title=\"MAISON LOUISE ARBOUR (MLA) COMMUNITY RESIDENTIAL FACILITY\">\n\t\t\t\t\t\tApprendre Plus\t\t\t\t\t<\/a>\n\t\t\t\t\t\t\t<\/div>\n\t\t<\/div>\n\t<\/div>\n\t<div class=\"alternating-content-item-wrapper transparent\">\n\t\t\t\t\t<div class=\"alternating-content-item-image start-bg-center\" style=\"background-image: url('https:\/\/www.slcs.ca\/app\/uploads\/2019\/06\/Gallagher-Centre-900x675.jpg');\"><\/div>\n\t\t\t\t<div class=\"alternating-content-item-content-container\">\n\t\t\t<div class=\"alternating-content-item-inner\">\n\t\t\t\t\t\t\t\t\t<h2 class=\"alternating-content-item-heading\">\n\t\t\t\t\t\t\u00c9tablissement r\u00e9sidentiel communautaire Centre Gallagher\t\t\t\t\t<\/h2>\n\t\t\t\t\t\t\t\t\t\t\t\t\t\t\t\t\t<div class=\"alternating-content-item-content\">\n\t\t\t\t\t\t<p>Le Centre Gallagher est une r\u00e9sidence de 16 lits qui fournit des services centr\u00e9s sur le client aux personnes qui sont actuellement impliqu\u00e9es ou \u00e0 risque d&#8217;\u00eatre impliqu\u00e9es dans le syst\u00e8me de justice p\u00e9nale.<\/p>\n\t\t\t\t\t<\/div>\n\t\t\t\t\t\t\t\t\t\t\t\t\t<a href=\"https:\/\/www.slcs.ca\/programs-services\/residential-programs\/gallagher-centre\/\" target=\"\" class=\"alternating-content-item-button btn btn-primary \" title=\"GALLAGHER CENTRE COMMUNITY RESIDENTIAL FACILITY\">\n\t\t\t\t\t\tApprendre Plus\t\t\t\t\t<\/a>\n\t\t\t\t\t\t\t<\/div>\n\t\t<\/div>\n\t<\/div>\n\t<div class=\"alternating-content-item-wrapper transparent\">\n\t\t\t\t\t<div class=\"alternating-content-item-image start-bg-center\" style=\"background-image: url('https:\/\/www.slcs.ca\/app\/uploads\/2019\/09\/CK-Clarke-1024x768.jpg');\"><\/div>\n\t\t\t\t<div class=\"alternating-content-item-content-container\">\n\t\t\t<div class=\"alternating-content-item-inner\">\n\t\t\t\t\t\t\t\t\t<h2 class=\"alternating-content-item-heading\">\n\t\t\t\t\t\t\u00c9tablissement r\u00e9sidentiel communautaire CK Clarke Centre\t\t\t\t\t<\/h2>\n\t\t\t\t\t\t\t\t\t\t\t\t\t\t\t\t\t<div class=\"alternating-content-item-content\">\n\t\t\t\t\t\t<p>Le centre CK Clarke est une r\u00e9sidence de six lits qui offre un soutien aux adultes qui participent ou ont particip\u00e9 au syst\u00e8me de sant\u00e9 mentale m\u00e9dico-l\u00e9gal.<\/p>\n\t\t\t\t\t<\/div>\n\t\t\t\t\t\t\t\t\t\t\t\t\t<a href=\"https:\/\/www.slcs.ca\/fr\/programmes-et-services\/programmes-residentiels\/etablissement-residentiel-du-centre-communautaire-ck-clarke\/\" target=\"\" class=\"alternating-content-item-button btn btn-primary \" title=\"\u00c9tablissement r\u00e9sidentiel du Centre communautaire CK Clarke\">\n\t\t\t\t\t\tApprendre Plus\t\t\t\t\t<\/a>\n\t\t\t\t\t\t\t<\/div>\n\t\t<\/div>\n\t<\/div>\n\t<div class=\"alternating-content-item-wrapper transparent\">\n\t\t\t\t\t<div class=\"alternating-content-item-image start-bg-center\" style=\"background-image: url('https:\/\/www.slcs.ca\/app\/uploads\/2019\/06\/405-966x725.jpg');\"><\/div>\n\t\t\t\t<div class=\"alternating-content-item-content-container\">\n\t\t\t<div class=\"alternating-content-item-inner\">\n\t\t\t\t\t\t\t\t\t<h2 class=\"alternating-content-item-heading\">\n\t\t\t\t\t\tCentre de rapports de London\t\t\t\t\t<\/h2>\n\t\t\t\t\t\t\t\t\t\t\t\t\t\t\t\t\t<div class=\"alternating-content-item-content\">\n\t\t\t\t\t\t<p>Le Centre de rapports de London (CRL) exerce ses actitiv\u00e9s depuis le Centre Cody Centre et la Maison Louise Arbor afin de fournir un soutien accru et une supervision aux d\u00e9linquants (hommes et femmes) avec besoins \u00e9lev\u00e9s ou \u00e0 risque \u00e9lev\u00e9 qui ne sont pas tenus de vivre dans un \u00e9tablissement r\u00e9sidentiel communautaire.<\/p>\n\t\t\t\t\t<\/div>\n\t\t\t\t\t\t\t\t\t\t\t\t\t<a href=\"https:\/\/www.slcs.ca\/fr\/programmes-et-services\/programmes-residentiels\/centre-de-rapports-de-london\/\" target=\"\" class=\"alternating-content-item-button btn btn-primary \" title=\"Centre de rapports de London\">\n\t\t\t\t\t\tApprendre Plus\t\t\t\t\t<\/a>\n\t\t\t\t\t\t\t<\/div>\n\t\t<\/div>\n\t<\/div>\n\t<div class=\"alternating-content-item-wrapper transparent\">\n\t\t\t\t\t<div class=\"alternating-content-item-image start-bg-center\" style=\"background-image: url('https:\/\/www.slcs.ca\/app\/uploads\/2019\/06\/MLA-Exterior-639x479.jpg');\"><\/div>\n\t\t\t\t<div class=\"alternating-content-item-content-container\">\n\t\t\t<div class=\"alternating-content-item-inner\">\n\t\t\t\t\t\t\t\t\t<h2 class=\"alternating-content-item-heading\">\n\t\t\t\t\t\tProgramme de r\u00e9int\u00e9gration\t\t\t\t\t<\/h2>\n\t\t\t\t\t\t\t\t\t\t\t\t\t\t\t\t\t<div class=\"alternating-content-item-content\">\n\t\t\t\t\t\t<p>Le programme de r\u00e9int\u00e9gration aide les adultes qui ont un diagnostic confirm\u00e9 ou potentiel de maladie de sant\u00e9 mentale et qui sont impliqu\u00e9s dans le syst\u00e8me de justice.<\/p>\n\t\t\t\t\t<\/div>\n\t\t\t\t\t\t\t\t\t\t\t\t\t<a href=\"https:\/\/www.slcs.ca\/reintegration-program\/\" target=\"\" class=\"alternating-content-item-button btn btn-primary \" title=\"GALLAGHER CENTRE COMMUNITY RESIDENTIAL FACILITY\">\n\t\t\t\t\t\tApprendre Plus\t\t\t\t\t<\/a>\n\t\t\t\t\t\t\t<\/div>\n\t\t<\/div>\n\t<\/div>\n[\/alternating_content_container][\/basic_container][\/vc_column][\/vc_row][vc_row][vc_column]<div class=\"templatera_shortcode\"><div class=\"vc_row wpb_row vc_row-fluid\"><div class=\"wpb_column vc_column_container vc_col-sm-12\"><div class=\"vc_column-inner\"><div class=\"wpb_wrapper\">\t<div class=\"general-cta background-image-loading    image  text-white\" style=\"background-image: url('https:\/\/www.slcs.ca\/app\/uploads\/2019\/06\/Banner_1_-_blue-1440x479.jpg');\">\n\t\t\t\t<div class=\"general-cta-overlay none\"><\/div>\n\t\t<div class=\"container\">\n\t\t\t<div class=\"row\">\n\t\t\t\t<div class=\"general-cta-box\">\n\t\t\t\t\t\t\t\t\t\t\t\t\t\t\t\t\t\t\t\t\t<div class=\"general-cta-content\">\n\t\t\t\t\t\t\t<div id=\"tw-target-text-container\" class=\"tw-ta-container tw-nfl\">\n<h2 id=\"tw-target-text\" class=\"tw-data-text tw-text-large tw-ta\" dir=\"ltr\" data-placeholder=\"Translation\"><span lang=\"fr\" tabindex=\"0\">En savoir plus sur les services communautaires de St. Leonard<\/span><\/h2>\n<\/div>\n\t\t\t\t\t\t<\/div>\n\t\t\t\t\t\t\t\t\t\t\t\t\t\t\t\t<div class=\"general-cta-button\">\n\t\t\t\t\t\t\t<a href=\"https:\/\/www.slcs.ca\/fr\/programmes-et-services\/\" target=\"\" class=\"btn btn-info \" title=\"Programmes et services\">\n\t\t\t\t\t\t\t\t Trouver un programme\t\t\t\t\t\t\t<\/a>\n\t\t\t\t\t\t<\/div>\n\t\t\t\t    \t\t\t\t<\/div>\n\t\t\t<\/div>\n\t\t<\/div>\n\t<\/div>\n<\/div><\/div><\/div><\/div><\/div>[\/vc_column][\/vc_row]<\/p>\n<\/div>","protected":false},"excerpt":{"rendered":"St. Leonard\u2019s offre des programmes r\u00e9sidentiels \u00e0 court et \u00e0 long terme pour les hommes et les femmes. Trois de nos maisons r\u00e9sidentielles (connues sous le nom d\u2019\u00c9tablissements R\u00e9sidentiels Communautaires (ERC) ou, plus commun\u00e9ment, maisons de transition) aident les personnes \u00e0 passer des \u00e9tablissements correctionnels \u00e0 la communaut\u00e9. Nous avons \u00e9galement un Programme de R\u00e9habilitation [...]","protected":false},"author":1,"featured_media":0,"parent":776,"menu_order":70,"comment_status":"closed","ping_status":"closed","template":"","meta":{"_acf_changed":false,"footnotes":""},"class_list":["post-787","page","type-page","status-publish","hentry"],"acf":[],"yoast_head":"<!-- This site is optimized with the Yoast SEO plugin v24.9 - https:\/\/yoast.com\/wordpress\/plugins\/seo\/ -->\n<title>Programmes r\u00e9sidentiels | St. Leonard&#039;s Community Services London and Region<\/title>\n<meta name=\"robots\" content=\"index, follow, max-snippet:-1, max-image-preview:large, max-video-preview:-1\" \/>\n<link rel=\"canonical\" href=\"https:\/\/www.slcs.ca\/fr\/programmes-et-services\/programmes-residentiels\/\" \/>\n<meta property=\"og:locale\" content=\"fr_FR\" \/>\n<meta property=\"og:type\" content=\"article\" \/>\n<meta property=\"og:title\" content=\"Programmes r\u00e9sidentiels | St. Leonard&#039;s Community Services London and Region\" \/>\n<meta property=\"og:url\" content=\"https:\/\/www.slcs.ca\/fr\/programmes-et-services\/programmes-residentiels\/\" \/>\n<meta property=\"og:site_name\" content=\"St. Leonard&#039;s Community Services London and Region\" \/>\n<meta property=\"article:publisher\" content=\"https:\/\/www.facebook.com\/SLCSLondon\" \/>\n<meta property=\"article:modified_time\" content=\"2024-10-29T16:42:53+00:00\" \/>\n<meta property=\"og:image\" content=\"https:\/\/www.slcs.ca\/app\/uploads\/2019\/07\/SLCS-Logo-from-TIF.png\" \/>\n\t<meta property=\"og:image:width\" content=\"1262\" \/>\n\t<meta property=\"og:image:height\" content=\"379\" \/>\n\t<meta property=\"og:image:type\" content=\"image\/png\" \/>\n<meta name=\"twitter:card\" content=\"summary_large_image\" \/>\n<meta name=\"twitter:image\" content=\"https:\/\/www.slcs.ca\/app\/uploads\/2019\/07\/SLCS-Logo-from-TIF.png\" \/>\n<meta name=\"twitter:site\" content=\"@SLCS_London\" \/>\n<meta name=\"twitter:label1\" content=\"Est. reading time\" \/>\n\t<meta name=\"twitter:data1\" content=\"3 minutes\" \/>\n<script type=\"application\/ld+json\" class=\"yoast-schema-graph\">{\"@context\":\"https:\/\/schema.org\",\"@graph\":[{\"@type\":\"WebPage\",\"@id\":\"https:\/\/www.slcs.ca\/fr\/programmes-et-services\/programmes-residentiels\/\",\"url\":\"https:\/\/www.slcs.ca\/fr\/programmes-et-services\/programmes-residentiels\/\",\"name\":\"Programmes r\u00e9sidentiels | St. Leonard&#039;s Community Services London and Region\",\"isPartOf\":{\"@id\":\"https:\/\/www.slcs.ca\/#website\"},\"datePublished\":\"2019-09-09T14:41:53+00:00\",\"dateModified\":\"2024-10-29T16:42:53+00:00\",\"breadcrumb\":{\"@id\":\"https:\/\/www.slcs.ca\/fr\/programmes-et-services\/programmes-residentiels\/#breadcrumb\"},\"inLanguage\":\"fr-FR\",\"potentialAction\":[{\"@type\":\"ReadAction\",\"target\":[\"https:\/\/www.slcs.ca\/fr\/programmes-et-services\/programmes-residentiels\/\"]}]},{\"@type\":\"BreadcrumbList\",\"@id\":\"https:\/\/www.slcs.ca\/fr\/programmes-et-services\/programmes-residentiels\/#breadcrumb\",\"itemListElement\":[{\"@type\":\"ListItem\",\"position\":1,\"name\":\"Accueil\",\"item\":\"https:\/\/www.slcs.ca\/fr\/\"},{\"@type\":\"ListItem\",\"position\":2,\"name\":\"Programmes et services\",\"item\":\"https:\/\/www.slcs.ca\/fr\/programmes-et-services\/\"},{\"@type\":\"ListItem\",\"position\":3,\"name\":\"Programmes r\u00e9sidentiels\"}]},{\"@type\":\"WebSite\",\"@id\":\"https:\/\/www.slcs.ca\/#website\",\"url\":\"https:\/\/www.slcs.ca\/\",\"name\":\"St. Leonard's Community Services - London and Region\",\"description\":\"\",\"publisher\":{\"@id\":\"https:\/\/www.slcs.ca\/#organization\"},\"potentialAction\":[{\"@type\":\"SearchAction\",\"target\":{\"@type\":\"EntryPoint\",\"urlTemplate\":\"https:\/\/www.slcs.ca\/?s={search_term_string}\"},\"query-input\":{\"@type\":\"PropertyValueSpecification\",\"valueRequired\":true,\"valueName\":\"search_term_string\"}}],\"inLanguage\":\"fr-FR\"},{\"@type\":\"Organization\",\"@id\":\"https:\/\/www.slcs.ca\/#organization\",\"name\":\"St. Leonard's Community Services\",\"url\":\"https:\/\/www.slcs.ca\/\",\"logo\":{\"@type\":\"ImageObject\",\"inLanguage\":\"fr-FR\",\"@id\":\"https:\/\/www.slcs.ca\/#\/schema\/logo\/image\/\",\"url\":\"https:\/\/www.slcs.ca\/wp\/wp-admin\/admin-ajax.php?action=resource_download&attachment=979\",\"contentUrl\":\"https:\/\/www.slcs.ca\/wp\/wp-admin\/admin-ajax.php?action=resource_download&attachment=979\",\"width\":1262,\"height\":379,\"caption\":\"St. Leonard's Community Services\"},\"image\":{\"@id\":\"https:\/\/www.slcs.ca\/#\/schema\/logo\/image\/\"},\"sameAs\":[\"https:\/\/www.facebook.com\/SLCSLondon\",\"https:\/\/x.com\/SLCS_London\",\"https:\/\/www.instagram.com\/slcs_london\/\",\"https:\/\/www.linkedin.com\/company\/stleonards\/\",\"https:\/\/www.youtube.com\/channel\/UCt7U9N39GYGV21XP2d9lXUg\"]}]}<\/script>\n<!-- \/ Yoast SEO plugin. -->","yoast_head_json":{"title":"Programmes r\u00e9sidentiels | St. Leonard&#039;s Community Services London and Region","robots":{"index":"index","follow":"follow","max-snippet":"max-snippet:-1","max-image-preview":"max-image-preview:large","max-video-preview":"max-video-preview:-1"},"canonical":"https:\/\/www.slcs.ca\/fr\/programmes-et-services\/programmes-residentiels\/","og_locale":"fr_FR","og_type":"article","og_title":"Programmes r\u00e9sidentiels | St. Leonard&#039;s Community Services London and Region","og_url":"https:\/\/www.slcs.ca\/fr\/programmes-et-services\/programmes-residentiels\/","og_site_name":"St. Leonard&#039;s Community Services London and Region","article_publisher":"https:\/\/www.facebook.com\/SLCSLondon","article_modified_time":"2024-10-29T16:42:53+00:00","og_image":[{"width":1262,"height":379,"url":"https:\/\/www.slcs.ca\/app\/uploads\/2019\/07\/SLCS-Logo-from-TIF.png","type":"image\/png"}],"twitter_card":"summary_large_image","twitter_image":"https:\/\/www.slcs.ca\/app\/uploads\/2019\/07\/SLCS-Logo-from-TIF.png","twitter_site":"@SLCS_London","twitter_misc":{"Est. reading time":"3 minutes"},"schema":{"@context":"https:\/\/schema.org","@graph":[{"@type":"WebPage","@id":"https:\/\/www.slcs.ca\/fr\/programmes-et-services\/programmes-residentiels\/","url":"https:\/\/www.slcs.ca\/fr\/programmes-et-services\/programmes-residentiels\/","name":"Programmes r\u00e9sidentiels | St. Leonard&#039;s Community Services London and Region","isPartOf":{"@id":"https:\/\/www.slcs.ca\/#website"},"datePublished":"2019-09-09T14:41:53+00:00","dateModified":"2024-10-29T16:42:53+00:00","breadcrumb":{"@id":"https:\/\/www.slcs.ca\/fr\/programmes-et-services\/programmes-residentiels\/#breadcrumb"},"inLanguage":"fr-FR","potentialAction":[{"@type":"ReadAction","target":["https:\/\/www.slcs.ca\/fr\/programmes-et-services\/programmes-residentiels\/"]}]},{"@type":"BreadcrumbList","@id":"https:\/\/www.slcs.ca\/fr\/programmes-et-services\/programmes-residentiels\/#breadcrumb","itemListElement":[{"@type":"ListItem","position":1,"name":"Accueil","item":"https:\/\/www.slcs.ca\/fr\/"},{"@type":"ListItem","position":2,"name":"Programmes et services","item":"https:\/\/www.slcs.ca\/fr\/programmes-et-services\/"},{"@type":"ListItem","position":3,"name":"Programmes r\u00e9sidentiels"}]},{"@type":"WebSite","@id":"https:\/\/www.slcs.ca\/#website","url":"https:\/\/www.slcs.ca\/","name":"St. Leonard's Community Services - London and Region","description":"","publisher":{"@id":"https:\/\/www.slcs.ca\/#organization"},"potentialAction":[{"@type":"SearchAction","target":{"@type":"EntryPoint","urlTemplate":"https:\/\/www.slcs.ca\/?s={search_term_string}"},"query-input":{"@type":"PropertyValueSpecification","valueRequired":true,"valueName":"search_term_string"}}],"inLanguage":"fr-FR"},{"@type":"Organization","@id":"https:\/\/www.slcs.ca\/#organization","name":"St. Leonard's Community Services","url":"https:\/\/www.slcs.ca\/","logo":{"@type":"ImageObject","inLanguage":"fr-FR","@id":"https:\/\/www.slcs.ca\/#\/schema\/logo\/image\/","url":"https:\/\/www.slcs.ca\/wp\/wp-admin\/admin-ajax.php?action=resource_download&attachment=979","contentUrl":"https:\/\/www.slcs.ca\/wp\/wp-admin\/admin-ajax.php?action=resource_download&attachment=979","width":1262,"height":379,"caption":"St. Leonard's Community Services"},"image":{"@id":"https:\/\/www.slcs.ca\/#\/schema\/logo\/image\/"},"sameAs":["https:\/\/www.facebook.com\/SLCSLondon","https:\/\/x.com\/SLCS_London","https:\/\/www.instagram.com\/slcs_london\/","https:\/\/www.linkedin.com\/company\/stleonards\/","https:\/\/www.youtube.com\/channel\/UCt7U9N39GYGV21XP2d9lXUg"]}]}},"_links":{"self":[{"href":"https:\/\/www.slcs.ca\/fr\/wp-json\/wp\/v2\/pages\/787","targetHints":{"allow":["GET"]}}],"collection":[{"href":"https:\/\/www.slcs.ca\/fr\/wp-json\/wp\/v2\/pages"}],"about":[{"href":"https:\/\/www.slcs.ca\/fr\/wp-json\/wp\/v2\/types\/page"}],"author":[{"embeddable":true,"href":"https:\/\/www.slcs.ca\/fr\/wp-json\/wp\/v2\/users\/1"}],"replies":[{"embeddable":true,"href":"https:\/\/www.slcs.ca\/fr\/wp-json\/wp\/v2\/comments?post=787"}],"version-history":[{"count":10,"href":"https:\/\/www.slcs.ca\/fr\/wp-json\/wp\/v2\/pages\/787\/revisions"}],"predecessor-version":[{"id":4171,"href":"https:\/\/www.slcs.ca\/fr\/wp-json\/wp\/v2\/pages\/787\/revisions\/4171"}],"up":[{"embeddable":true,"href":"https:\/\/www.slcs.ca\/fr\/wp-json\/wp\/v2\/pages\/776"}],"wp:attachment":[{"href":"https:\/\/www.slcs.ca\/fr\/wp-json\/wp\/v2\/media?parent=787"}],"curies":[{"name":"wp","href":"https:\/\/api.w.org\/{rel}","templated":true}]}}