{"id":823,"date":"2019-09-09T15:37:13","date_gmt":"2019-09-09T15:37:13","guid":{"rendered":"https:\/\/www.slcs.ca\/confidentialite\/"},"modified":"2019-09-09T15:37:13","modified_gmt":"2019-09-09T15:37:13","slug":"confidentialite","status":"publish","type":"page","link":"https:\/\/www.slcs.ca\/fr\/confidentialite\/","title":{"rendered":"Confidentialit\u00e9"},"content":{"rendered":"<div class=\"wpb-content-wrapper\"><p>[vc_row][vc_column][basic_container container_size=&#8221;container container-narrow&#8221;][vc_column_text]<\/p>\n<h2>D\u00e9claration de confidentialit\u00e9<\/h2>\n<p> Services communautaires St. Leonard\u2019s est d\u00e9termin\u00e9 \u00e0 prot\u00e9ger la confidentialit\u00e9 des renseignements personnels que vous fournissez lorsque vous visitez notre site Internet. Une partie de cet engagement est d&#8217;expliquer quelles informations peuvent \u00eatre recueillies et pourquoi, comment celles-ci seront utilis\u00e9es et qui peut y avoir acc\u00e8s. Nos pratiques ont \u00e9t\u00e9 con\u00e7ues pour assurer le respect des dispositions relatives \u00e0 la vie priv\u00e9e de la <em>Loi sur l&#8217;acc\u00e8s \u00e0 l&#8217;information municipale et la protection de la vie priv\u00e9e<\/em>(LAIMPVP), et la <em> Loi de 2004 sur la protection des renseignements personnels sur la sant\u00e9<\/ em> (LPRPS). Cette d\u00e9claration de confidentialit\u00e9 s&#8217;applique aux interactions avec le serveur Web de Services communautaires St. Leonard\u2019s. Il ne s&#8217;applique pas \u00e0 tout autre site Web. <H3>Notre engagement envers la s\u00e9curit\u00e9<\/h3>\n<p> Services communautaires St. Leonard\u2019s a mis en place des proc\u00e9dures physiques, \u00e9lectroniques et de gestion pour sauvegarder et emp\u00eacher l&#8217;acc\u00e8s non autoris\u00e9 aux renseignements personnels et veiller \u00e0 ce que les informations recueillies sont utilis\u00e9es uniquement pour les fins demand\u00e9es. Services communautaires St. Leonard\u2019s utilise le chiffrement, la protection par mot de passe et d&#8217;autres technologies pour prot\u00e9ger les renseignements personnels contre l&#8217;acc\u00e8s des tiers non autoris\u00e9s, l&#8217;alt\u00e9ration, le vol ou la mauvaise utilisation. <H3>Informations personnelles<\/h3>\n<p> Lorsque vous visitez le site Web de Services communautaires St. Leonard\u2019s, vous le faites de mani\u00e8re anonyme, et il n\u2019est pas n\u00e9cessaire de r\u00e9v\u00e9ler votre identit\u00e9. Si vous dirigez une demande \u00e0 un service sp\u00e9cifique ou un membre du personnel de Services communautaires de St. Leonard\u2019s nous pouvons vous demander de fournir votre nom et votre adresse postale ou adresse courriel dans le but de r\u00e9pondre \u00e0 votre demande. Seuls ceux qui sont tenus d&#8217;\u00eatre inform\u00e9s pour la prestation du service auront acc\u00e8s \u00e0 des informations personnelles fournies. Services communautaires St. Leonard\u2019s n&#8217;a pas l&#8217;intention d&#8217;utiliser les informations fournies par les visiteurs \u00e0 des fins qui sont incompatibles avec le but pour lesquels les informations ont \u00e9t\u00e9 fournies, comme indiqu\u00e9 sur la page Web. Un visiteur du site Web de Services communautaires St. Leonard\u2019s ne recevra pas de correspondance ni de courriels de l&#8217;Agence sur un sujet autre que celui pour lequel le visiteur nous a autoris\u00e9 \u00e0 le contacter. <\/p>\n<h3>Pratiques d\u2019enregistrement de donn\u00e9es<\/h3>\n<p> Services communautaires St. Leonard\u2019s enregistre les demandes HTTP au serveur Web des Services communautaires St. Leonard\u2019s. Ces journaux enregistrent l&#8217;adresse IP des visiteurs du site. Une adresse IP est le num\u00e9ro attribu\u00e9 automatiquement \u00e0 l&#8217;ordinateur ou au FAI (fournisseur d&#8217;acc\u00e8s Internet) demandant une URL. Les fichiers sont archiv\u00e9s et utilis\u00e9s pour l&#8217;analyse des syst\u00e8mes, l\u2019entretien et l&#8217;\u00e9valuation du site. <H3>Utilisation des cookies<\/h3>\n<p> Au cours de l&#8217;interaction de l\u2019utilisateur avec notre site Internet, nous pouvons utiliser une fonction de navigateur appeler un \u00ab cookie \u00bb pour stocker des informations de fa\u00e7on anonyme. Un cookie est un petit fichier texte qui contient un num\u00e9ro d&#8217;identification unique qui identifie votre navigateur, mais ne permet pas d&#8217;identifier l&#8217;utilisateur \u00e0 nos ordinateurs chaque fois que vous visitez les pages Web. \u00c0 moins que vous nous en avisez pr\u00e9cis\u00e9ment, nous ne saurons pas qui vous \u00eates, m\u00eame si nous pouvons assigner \u00e0 votre ordinateur un cookie. Nous ne pouvons pas utiliser les cookies, par eux-m\u00eames, afin de divulguer l&#8217;identit\u00e9 d&#8217;un utilisateur du site, et nous ne combinons jamais les informations recueillies par un cookie avec des informations personnelles, telles que votre nom, num\u00e9ro de t\u00e9l\u00e9phone ou votre adresse de courriel. <H3>Google Analytics<\/h3>\n<p> Google Analytics, un service d&#8217;analyse de site internet fourni par Google Inc., aide \u00e0 mesurer les tendances du trafic vers, depuis et dans les sites. Cet outil de mesure d&#8217;analyse utilise des cookies de session et persistants et le code JavaScript afin de recueillir des informations standard et pour suivre les informations de comportement des visiteurs de fa\u00e7on anonyme. Les informations g\u00e9n\u00e9r\u00e9es sur votre utilisation des sites sont transmises \u00e0 Google. Aucune information personnelle n\u2019est utilis\u00e9e ni stock\u00e9e par Google. Cette information anonyme est utilis\u00e9e pour \u00e9valuer l&#8217;utilisation des visiteurs des sites Web et pour compiler des rapports statistiques sur l&#8217;activit\u00e9 du site. Les donn\u00e9es agr\u00e9g\u00e9es et des rapports statistiques sont utilis\u00e9s pour nous aider \u00e0 rendre nos sites plus utiles pour les visiteurs. Si vous le souhaitez, vous pouvez refuser d&#8217;\u00eatre suivi par Google Analytics en d\u00e9sactivant ou en refusant les cookies; en d\u00e9sactivant JavaScript de votre navigateur; ou en utilisant <a href=\"http:\/\/tools.google.com\/dlpage\/gaoptout?hl=en\">l\u2019add-on de d\u00e9sabonnement de navigateur Google Analytics<\/a>. Vous avez la possibilit\u00e9 de refuser la fourniture des informations par les cookies en refusant dans votre navigateur. Toutefois, cela peut emp\u00eacher les services personnalis\u00e9s d&#8217;\u00eatre fournis et pouvez ne pas \u00eatre en mesure de profiter pleinement de toutes les fonctionnalit\u00e9s disponibles. <H3>Comment nous contacter<\/h3>\n<p> Si vous avez des questions concernant cette politique de confidentialit\u00e9 ou vous croyez que vos renseignements personnels ont \u00e9t\u00e9 mal g\u00e9r\u00e9s, ou vous avez besoin d&#8217;une copie de toute politique de Services communautaires St. Leonard\u2019s, veuillez contacter l\u2019agent de protection de la vie priv\u00e9e de l\u2019Agence au 519-850-3777 x 225.[\/vc_column_text][\/basic_container][\/vc_column][\/vc_row]<\/p>\n<\/div>","protected":false},"excerpt":{"rendered":"<p>[vc_row][vc_column][basic_container container_size=&#8221;container container-narrow&#8221;][vc_column_text]<\/p>\n<p> D\u00e9claration de confidentialit\u00e9 <\/p>\n<p> Services communautaires St. Leonard\u2019s est d\u00e9termin\u00e9 \u00e0 prot\u00e9ger la confidentialit\u00e9 des renseignements personnels que vous fournissez lorsque vous visitez notre site Internet. Une partie de cet engagement est d&#8217;expliquer quelles informations peuvent \u00eatre &hellip; [&#8230;]<\/p>\n","protected":false},"author":1,"featured_media":0,"parent":0,"menu_order":470,"comment_status":"closed","ping_status":"closed","template":"","meta":{"_acf_changed":false,"footnotes":""},"class_list":["post-823","page","type-page","status-publish","hentry"],"acf":[],"yoast_head":"<!-- This site is optimized with the Yoast SEO plugin v24.9 - https:\/\/yoast.com\/wordpress\/plugins\/seo\/ -->\n<title>Confidentialit\u00e9 | St. Leonard&#039;s Community Services London and Region<\/title>\n<meta name=\"robots\" content=\"index, follow, max-snippet:-1, max-image-preview:large, max-video-preview:-1\" \/>\n<link rel=\"canonical\" href=\"https:\/\/www.slcs.ca\/privacy\/\" \/>\n<meta property=\"og:locale\" content=\"fr_FR\" \/>\n<meta property=\"og:type\" content=\"article\" \/>\n<meta property=\"og:title\" content=\"Confidentialit\u00e9 | St. Leonard&#039;s Community Services London and Region\" \/>\n<meta property=\"og:description\" content=\"[vc_row][vc_column][basic_container container_size=&#8221;container container-narrow&#8221;][vc_column_text] D\u00e9claration de confidentialit\u00e9 Services communautaires St. Leonard\u2019s est d\u00e9termin\u00e9 \u00e0 prot\u00e9ger la confidentialit\u00e9 des renseignements personnels que vous fournissez lorsque vous visitez notre site Internet. Une partie de cet engagement est d&#8217;expliquer quelles informations peuvent \u00eatre &hellip; [...]\" \/>\n<meta property=\"og:url\" content=\"https:\/\/www.slcs.ca\/privacy\/\" \/>\n<meta property=\"og:site_name\" content=\"St. Leonard&#039;s Community Services London and Region\" \/>\n<meta property=\"article:publisher\" content=\"https:\/\/www.facebook.com\/SLCSLondon\" \/>\n<meta property=\"og:image\" content=\"https:\/\/www.slcs.ca\/app\/uploads\/2019\/07\/SLCS-Logo-from-TIF.png\" \/>\n\t<meta property=\"og:image:width\" content=\"1262\" \/>\n\t<meta property=\"og:image:height\" content=\"379\" \/>\n\t<meta property=\"og:image:type\" content=\"image\/png\" \/>\n<meta name=\"twitter:card\" content=\"summary_large_image\" \/>\n<meta name=\"twitter:image\" content=\"https:\/\/www.slcs.ca\/app\/uploads\/2019\/07\/SLCS-Logo-from-TIF.png\" \/>\n<meta name=\"twitter:site\" content=\"@SLCS_London\" \/>\n<meta name=\"twitter:label1\" content=\"Est. reading time\" \/>\n\t<meta name=\"twitter:data1\" content=\"5 minutes\" \/>\n<script type=\"application\/ld+json\" class=\"yoast-schema-graph\">{\"@context\":\"https:\/\/schema.org\",\"@graph\":[{\"@type\":\"WebPage\",\"@id\":\"https:\/\/www.slcs.ca\/privacy\/\",\"url\":\"https:\/\/www.slcs.ca\/privacy\/\",\"name\":\"Confidentialit\u00e9 | St. Leonard&#039;s Community Services London and Region\",\"isPartOf\":{\"@id\":\"https:\/\/www.slcs.ca\/#website\"},\"datePublished\":\"2019-09-09T15:37:13+00:00\",\"breadcrumb\":{\"@id\":\"https:\/\/www.slcs.ca\/privacy\/#breadcrumb\"},\"inLanguage\":\"fr-FR\",\"potentialAction\":[{\"@type\":\"ReadAction\",\"target\":[\"https:\/\/www.slcs.ca\/privacy\/\"]}]},{\"@type\":\"BreadcrumbList\",\"@id\":\"https:\/\/www.slcs.ca\/privacy\/#breadcrumb\",\"itemListElement\":[{\"@type\":\"ListItem\",\"position\":1,\"name\":\"Accueil\",\"item\":\"https:\/\/www.slcs.ca\/fr\/\"},{\"@type\":\"ListItem\",\"position\":2,\"name\":\"Confidentialit\u00e9\"}]},{\"@type\":\"WebSite\",\"@id\":\"https:\/\/www.slcs.ca\/#website\",\"url\":\"https:\/\/www.slcs.ca\/\",\"name\":\"St. Leonard's Community Services - London and Region\",\"description\":\"\",\"publisher\":{\"@id\":\"https:\/\/www.slcs.ca\/#organization\"},\"potentialAction\":[{\"@type\":\"SearchAction\",\"target\":{\"@type\":\"EntryPoint\",\"urlTemplate\":\"https:\/\/www.slcs.ca\/?s={search_term_string}\"},\"query-input\":{\"@type\":\"PropertyValueSpecification\",\"valueRequired\":true,\"valueName\":\"search_term_string\"}}],\"inLanguage\":\"fr-FR\"},{\"@type\":\"Organization\",\"@id\":\"https:\/\/www.slcs.ca\/#organization\",\"name\":\"St. Leonard's Community Services\",\"url\":\"https:\/\/www.slcs.ca\/\",\"logo\":{\"@type\":\"ImageObject\",\"inLanguage\":\"fr-FR\",\"@id\":\"https:\/\/www.slcs.ca\/#\/schema\/logo\/image\/\",\"url\":\"https:\/\/www.slcs.ca\/wp\/wp-admin\/admin-ajax.php?action=resource_download&attachment=979\",\"contentUrl\":\"https:\/\/www.slcs.ca\/wp\/wp-admin\/admin-ajax.php?action=resource_download&attachment=979\",\"width\":1262,\"height\":379,\"caption\":\"St. Leonard's Community Services\"},\"image\":{\"@id\":\"https:\/\/www.slcs.ca\/#\/schema\/logo\/image\/\"},\"sameAs\":[\"https:\/\/www.facebook.com\/SLCSLondon\",\"https:\/\/x.com\/SLCS_London\",\"https:\/\/www.instagram.com\/slcs_london\/\",\"https:\/\/www.linkedin.com\/company\/stleonards\/\",\"https:\/\/www.youtube.com\/channel\/UCt7U9N39GYGV21XP2d9lXUg\"]}]}<\/script>\n<!-- \/ Yoast SEO plugin. -->","yoast_head_json":{"title":"Confidentialit\u00e9 | St. Leonard&#039;s Community Services London and Region","robots":{"index":"index","follow":"follow","max-snippet":"max-snippet:-1","max-image-preview":"max-image-preview:large","max-video-preview":"max-video-preview:-1"},"canonical":"https:\/\/www.slcs.ca\/privacy\/","og_locale":"fr_FR","og_type":"article","og_title":"Confidentialit\u00e9 | St. Leonard&#039;s Community Services London and Region","og_description":"[vc_row][vc_column][basic_container container_size=&#8221;container container-narrow&#8221;][vc_column_text] D\u00e9claration de confidentialit\u00e9 Services communautaires St. Leonard\u2019s est d\u00e9termin\u00e9 \u00e0 prot\u00e9ger la confidentialit\u00e9 des renseignements personnels que vous fournissez lorsque vous visitez notre site Internet. Une partie de cet engagement est d&#8217;expliquer quelles informations peuvent \u00eatre &hellip; [...]","og_url":"https:\/\/www.slcs.ca\/privacy\/","og_site_name":"St. Leonard&#039;s Community Services London and Region","article_publisher":"https:\/\/www.facebook.com\/SLCSLondon","og_image":[{"width":1262,"height":379,"url":"https:\/\/www.slcs.ca\/app\/uploads\/2019\/07\/SLCS-Logo-from-TIF.png","type":"image\/png"}],"twitter_card":"summary_large_image","twitter_image":"https:\/\/www.slcs.ca\/app\/uploads\/2019\/07\/SLCS-Logo-from-TIF.png","twitter_site":"@SLCS_London","twitter_misc":{"Est. reading time":"5 minutes"},"schema":{"@context":"https:\/\/schema.org","@graph":[{"@type":"WebPage","@id":"https:\/\/www.slcs.ca\/privacy\/","url":"https:\/\/www.slcs.ca\/privacy\/","name":"Confidentialit\u00e9 | St. Leonard&#039;s Community Services London and Region","isPartOf":{"@id":"https:\/\/www.slcs.ca\/#website"},"datePublished":"2019-09-09T15:37:13+00:00","breadcrumb":{"@id":"https:\/\/www.slcs.ca\/privacy\/#breadcrumb"},"inLanguage":"fr-FR","potentialAction":[{"@type":"ReadAction","target":["https:\/\/www.slcs.ca\/privacy\/"]}]},{"@type":"BreadcrumbList","@id":"https:\/\/www.slcs.ca\/privacy\/#breadcrumb","itemListElement":[{"@type":"ListItem","position":1,"name":"Accueil","item":"https:\/\/www.slcs.ca\/fr\/"},{"@type":"ListItem","position":2,"name":"Confidentialit\u00e9"}]},{"@type":"WebSite","@id":"https:\/\/www.slcs.ca\/#website","url":"https:\/\/www.slcs.ca\/","name":"St. Leonard's Community Services - London and Region","description":"","publisher":{"@id":"https:\/\/www.slcs.ca\/#organization"},"potentialAction":[{"@type":"SearchAction","target":{"@type":"EntryPoint","urlTemplate":"https:\/\/www.slcs.ca\/?s={search_term_string}"},"query-input":{"@type":"PropertyValueSpecification","valueRequired":true,"valueName":"search_term_string"}}],"inLanguage":"fr-FR"},{"@type":"Organization","@id":"https:\/\/www.slcs.ca\/#organization","name":"St. Leonard's Community Services","url":"https:\/\/www.slcs.ca\/","logo":{"@type":"ImageObject","inLanguage":"fr-FR","@id":"https:\/\/www.slcs.ca\/#\/schema\/logo\/image\/","url":"https:\/\/www.slcs.ca\/wp\/wp-admin\/admin-ajax.php?action=resource_download&attachment=979","contentUrl":"https:\/\/www.slcs.ca\/wp\/wp-admin\/admin-ajax.php?action=resource_download&attachment=979","width":1262,"height":379,"caption":"St. Leonard's Community Services"},"image":{"@id":"https:\/\/www.slcs.ca\/#\/schema\/logo\/image\/"},"sameAs":["https:\/\/www.facebook.com\/SLCSLondon","https:\/\/x.com\/SLCS_London","https:\/\/www.instagram.com\/slcs_london\/","https:\/\/www.linkedin.com\/company\/stleonards\/","https:\/\/www.youtube.com\/channel\/UCt7U9N39GYGV21XP2d9lXUg"]}]}},"_links":{"self":[{"href":"https:\/\/www.slcs.ca\/fr\/wp-json\/wp\/v2\/pages\/823","targetHints":{"allow":["GET"]}}],"collection":[{"href":"https:\/\/www.slcs.ca\/fr\/wp-json\/wp\/v2\/pages"}],"about":[{"href":"https:\/\/www.slcs.ca\/fr\/wp-json\/wp\/v2\/types\/page"}],"author":[{"embeddable":true,"href":"https:\/\/www.slcs.ca\/fr\/wp-json\/wp\/v2\/users\/1"}],"replies":[{"embeddable":true,"href":"https:\/\/www.slcs.ca\/fr\/wp-json\/wp\/v2\/comments?post=823"}],"version-history":[{"count":0,"href":"https:\/\/www.slcs.ca\/fr\/wp-json\/wp\/v2\/pages\/823\/revisions"}],"wp:attachment":[{"href":"https:\/\/www.slcs.ca\/fr\/wp-json\/wp\/v2\/media?parent=823"}],"curies":[{"name":"wp","href":"https:\/\/api.w.org\/{rel}","templated":true}]}}