{"id":824,"date":"2019-09-09T16:13:50","date_gmt":"2019-09-09T16:13:50","guid":{"rendered":"https:\/\/www.slcs.ca\/programmes-de-travail-communautaire-et-dabus-des-substances\/"},"modified":"2021-09-01T12:13:27","modified_gmt":"2021-09-01T16:13:27","slug":"programmes-de-travail-communautaire-et-dabus-des-substances","status":"publish","type":"page","link":"https:\/\/www.slcs.ca\/fr\/programmes-de-travail-communautaire-et-dabus-des-substances\/","title":{"rendered":"Programmes de travail communautaire et d\u2019abus des substances"},"content":{"rendered":"<div class=\"wpb-content-wrapper\"><p>[vc_row][vc_column][basic_container container_size=&#8221;container container-narrow&#8221;][vc_column_text]<\/p>\n<h3><strong>Notification<br \/>\n<\/strong><\/h3>\n<p>\u00c0 partir de juin 2021, le programme de travail communautaire intermittent et le programme d\u2019abus de substances sont, malheureusement, abandonn\u00e9. Le financement de ces programmes, fourni par la province \u00e0 travers du minist\u00e8re du solliciteur g\u00e9n\u00e9ral, n\u2019est plus disponible.[\/vc_column_text][vc_column_text]<\/p>\n<h3><strong>Programme de travail communautaire intermittent (PTCI)<br \/>\n<\/strong><\/h3>\n<p>Le programme PTCI embrasse les principes de la justice r\u00e9paratrice en donnant aux hommes adultes purgeant des peines intermittentes l&#8217;occasion de redonner \u00e0 la communaut\u00e9 par moyen de b\u00e9n\u00e9volat au lieu de passer la fin de semaine en prison. Ce programme de r\u00e9int\u00e9gration \u00e0 l&#8217;\u00e9chelle provinciale est financ\u00e9 par le minist\u00e8re du solliciteur g\u00e9n\u00e9ral. Les participants au PTCI sont plac\u00e9s dans divers organismes pour compl\u00e9ter des travaux de service communautaire au lieu de purger une peine de prison. Ce programme offre aux participants la possibilit\u00e9 de conserver leur emploi, leur famille et des liens communautaires tout en purgeant leur peine.[\/vc_column_text]<div class=\"quoteblock\">\n\t<div class=\"container container-narrow\">\n\t\t<div class=\"blockquote-container\">\n\t\t\t<blockquote class=\"text-left \">\n\t\t\t\t<div class=\"blockquote-content\">\n\t\t\t\t\t<p><em>\u201cMerci de nous avoir donn\u00e9 l&#8217;occasion de participer \u00e0 ce programme.\u201d<\/em><\/p>\n<p><em>\u201c90% des b\u00e9n\u00e9voles sont ponctuels, pr\u00e9sents, font un bon travail et ont une bonne attitude. C&#8217;est une exp\u00e9rience positive!\u201d<\/em><\/p>\n\t\t\t\t<\/div>\n\t\t\t\t<cite class=\"blockquote-cite\">\n\t\t\t\t\tFournisseurs de placement<div class=\"blockquote-author-title\"><\/div>\n\t\t\t\t<\/cite>\n\t\t\t<\/blockquote>\n\t\t<\/div>\n\t<\/div>\n<\/div>\n[vc_column_text]<\/p>\n<h3><strong>Programme d\u2019abus des substances (PAS)<\/strong><\/h3>\n<p>Le programme PAS offre une occasion de participer \u00e0 un groupe psycho-\u00e9ducatif pour les adultes qui connaissent des probl\u00e8mes de toxicomanie. Le programme est pour les personnes reconnues coupables d\u2019accusations li\u00e9es \u00e0 la conduite avec facult\u00e9s affaiblies et purgeant des peines intermittentes. Ce programme met l&#8217;accent sur l&#8217;utilisation de substances, les effets de la conduite avec facult\u00e9s affaiblies sur soi-m\u00eame, les victimes et la soci\u00e9t\u00e9, ainsi que l&#8217;\u00e9ducation et la capacit\u00e9 d&#8217;adaptation. L&#8217;une des sept s\u00e9ances comprend un groupe de victimes, dirig\u00e9 par un repr\u00e9sentant de MADD Canada qui a \u00e9t\u00e9 touch\u00e9 directement par les actions d&#8217;un conducteur aux facult\u00e9s affaiblies.[\/vc_column_text]<div class=\"quoteblock\">\n\t<div class=\"container container-narrow\">\n\t\t<div class=\"blockquote-container\">\n\t\t\t<blockquote class=\"text-left \">\n\t\t\t\t<div class=\"blockquote-content\">\n\t\t\t\t\t<p>\u201c<em>Entendre le repr\u00e9sentant de MADD parler de sa perte m&#8217;a fait r\u00e9aliser beaucoup. La personne qui a \u00e9t\u00e9 victime de conduite avec facult\u00e9s affaiblies aurait pu \u00eatre l&#8217;un des membres de ma famille. Buvez de fa\u00e7on responsable.\u201d<\/em><\/p>\n\t\t\t\t<\/div>\n\t\t\t\t<cite class=\"blockquote-cite\">\n\t\t\t\t\tParticipant du programme d\u2019abus des substances<div class=\"blockquote-author-title\"><\/div>\n\t\t\t\t<\/cite>\n\t\t\t<\/blockquote>\n\t\t<\/div>\n\t<\/div>\n<\/div>\n[vc_toggle title=&#8221;Qu&#8217;est-ce qu&#8217;une peine intermittente ?&#8221;]Pour les peines de 90 jours ou moins, un juge peut ordonner une peine intermittente. Cela signifie que vous ne purgez pas tous les jours de votre peine en m\u00eame temps, mais que vous purgez habituellement une peine intermittente en passant les fins de semaine en prison, souvent dans un centre correctionnel provincial.[\/vc_toggle][vc_toggle title=&#8221;Comment puis-je \u00eatre renvoy\u00e9 \u00e0 un programme de travail communautaire intermittent (PTCI) ?&#8221;]Les personnes condamn\u00e9es \u00e0 des peines intermittentes passent habituellement la premi\u00e8re fin de semaine en prison. Dans l&#8217;\u00e9tablissement, vous aurez acc\u00e8s \u00e0 l&#8217;information sur le PTCI et comment faire demande, car il y a certains crit\u00e8res auxquels vous devez satisfaire pour \u00eatre admissible. La d\u00e9cision d&#8217;admissibilit\u00e9 et d&#8217;acceptation dans le programme est laiss\u00e9e uniquement \u00e0 l&#8217;institution.[\/vc_toggle][vc_toggle title=&#8221;Quelle est la philosophie g\u00e9n\u00e9rale \/ l\u2019approche du Programme d\u2019abus des susbtances (PAS) ?&#8221;]Le programme PAS et les animateurs ne portent aucun justement et adoptent une approche r\u00e9paratrice envers tous les participants. L&#8217;intention du programme est d&#8217;enseigner aux individus sur la fa\u00e7on dont leur prise de d\u00e9cision les a conduit \u00e0 la situation dans laquelle ils se retrouvent. Il y a sept s\u00e9ances portant sur des sujets tels que la r\u00e9solution de probl\u00e8mes, l&#8217;\u00e9tablissement d&#8217;objectifs, les relations de soutien, la gestion du stress et la gestion de la col\u00e8re. Les participants sont encourag\u00e9s \u00e0 apprendre, r\u00e9fl\u00e9chir et examiner comment leurs sch\u00e9mas de pens\u00e9e influencent les comportements.[\/vc_toggle][\/basic_container][\/vc_column][\/vc_row]<\/p>\n<\/div>","protected":false},"excerpt":{"rendered":"<p>[vc_row][vc_column][basic_container container_size=&#8221;container container-narrow&#8221;][vc_column_text]<\/p>\n<p> Notification <\/p>\n<p>\u00c0 partir de juin 2021, le programme de travail communautaire intermittent et le programme d\u2019abus de substances sont, malheureusement, abandonn\u00e9. Le financement de ces programmes, fourni par la province \u00e0 travers du minist\u00e8re du solliciteur &hellip; [&#8230;]<\/p>\n","protected":false},"author":1,"featured_media":0,"parent":0,"menu_order":170,"comment_status":"closed","ping_status":"closed","template":"","meta":{"_acf_changed":false,"footnotes":""},"class_list":["post-824","page","type-page","status-publish","hentry"],"acf":[],"yoast_head":"<!-- This site is optimized with the Yoast SEO plugin v24.9 - https:\/\/yoast.com\/wordpress\/plugins\/seo\/ -->\n<title>Programmes de travail communautaire et d\u2019abus des substances | St. Leonard&#039;s Community Services London and Region<\/title>\n<meta name=\"robots\" content=\"index, follow, max-snippet:-1, max-image-preview:large, max-video-preview:-1\" \/>\n<link rel=\"canonical\" href=\"https:\/\/www.slcs.ca\/community-work-substance-use-program\/\" \/>\n<meta property=\"og:locale\" content=\"fr_FR\" \/>\n<meta property=\"og:type\" content=\"article\" \/>\n<meta property=\"og:title\" content=\"Programmes de travail communautaire et d\u2019abus des substances | St. Leonard&#039;s Community Services London and Region\" \/>\n<meta property=\"og:description\" content=\"[vc_row][vc_column][basic_container container_size=&#8221;container container-narrow&#8221;][vc_column_text] Notification \u00c0 partir de juin 2021, le programme de travail communautaire intermittent et le programme d\u2019abus de substances sont, malheureusement, abandonn\u00e9. Le financement de ces programmes, fourni par la province \u00e0 travers du minist\u00e8re du solliciteur &hellip; [...]\" \/>\n<meta property=\"og:url\" content=\"https:\/\/www.slcs.ca\/community-work-substance-use-program\/\" \/>\n<meta property=\"og:site_name\" content=\"St. Leonard&#039;s Community Services London and Region\" \/>\n<meta property=\"article:publisher\" content=\"https:\/\/www.facebook.com\/SLCSLondon\" \/>\n<meta property=\"article:modified_time\" content=\"2021-09-01T16:13:27+00:00\" \/>\n<meta property=\"og:image\" content=\"https:\/\/www.slcs.ca\/app\/uploads\/2019\/07\/SLCS-Logo-from-TIF.png\" \/>\n\t<meta property=\"og:image:width\" content=\"1262\" \/>\n\t<meta property=\"og:image:height\" content=\"379\" \/>\n\t<meta property=\"og:image:type\" content=\"image\/png\" \/>\n<meta name=\"twitter:card\" content=\"summary_large_image\" \/>\n<meta name=\"twitter:image\" content=\"https:\/\/www.slcs.ca\/app\/uploads\/2019\/07\/SLCS-Logo-from-TIF.png\" \/>\n<meta name=\"twitter:site\" content=\"@SLCS_London\" \/>\n<meta name=\"twitter:label1\" content=\"Est. reading time\" \/>\n\t<meta name=\"twitter:data1\" content=\"3 minutes\" \/>\n<script type=\"application\/ld+json\" class=\"yoast-schema-graph\">{\"@context\":\"https:\/\/schema.org\",\"@graph\":[{\"@type\":\"WebPage\",\"@id\":\"https:\/\/www.slcs.ca\/community-work-substance-use-program\/\",\"url\":\"https:\/\/www.slcs.ca\/community-work-substance-use-program\/\",\"name\":\"Programmes de travail communautaire et d\u2019abus des substances | St. Leonard&#039;s Community Services London and Region\",\"isPartOf\":{\"@id\":\"https:\/\/www.slcs.ca\/#website\"},\"datePublished\":\"2019-09-09T16:13:50+00:00\",\"dateModified\":\"2021-09-01T16:13:27+00:00\",\"breadcrumb\":{\"@id\":\"https:\/\/www.slcs.ca\/community-work-substance-use-program\/#breadcrumb\"},\"inLanguage\":\"fr-FR\",\"potentialAction\":[{\"@type\":\"ReadAction\",\"target\":[\"https:\/\/www.slcs.ca\/community-work-substance-use-program\/\"]}]},{\"@type\":\"BreadcrumbList\",\"@id\":\"https:\/\/www.slcs.ca\/community-work-substance-use-program\/#breadcrumb\",\"itemListElement\":[{\"@type\":\"ListItem\",\"position\":1,\"name\":\"Accueil\",\"item\":\"https:\/\/www.slcs.ca\/fr\/\"},{\"@type\":\"ListItem\",\"position\":2,\"name\":\"Programmes de travail communautaire et d\u2019abus des substances\"}]},{\"@type\":\"WebSite\",\"@id\":\"https:\/\/www.slcs.ca\/#website\",\"url\":\"https:\/\/www.slcs.ca\/\",\"name\":\"St. Leonard's Community Services - London and Region\",\"description\":\"\",\"publisher\":{\"@id\":\"https:\/\/www.slcs.ca\/#organization\"},\"potentialAction\":[{\"@type\":\"SearchAction\",\"target\":{\"@type\":\"EntryPoint\",\"urlTemplate\":\"https:\/\/www.slcs.ca\/?s={search_term_string}\"},\"query-input\":{\"@type\":\"PropertyValueSpecification\",\"valueRequired\":true,\"valueName\":\"search_term_string\"}}],\"inLanguage\":\"fr-FR\"},{\"@type\":\"Organization\",\"@id\":\"https:\/\/www.slcs.ca\/#organization\",\"name\":\"St. Leonard's Community Services\",\"url\":\"https:\/\/www.slcs.ca\/\",\"logo\":{\"@type\":\"ImageObject\",\"inLanguage\":\"fr-FR\",\"@id\":\"https:\/\/www.slcs.ca\/#\/schema\/logo\/image\/\",\"url\":\"https:\/\/www.slcs.ca\/wp\/wp-admin\/admin-ajax.php?action=resource_download&attachment=979\",\"contentUrl\":\"https:\/\/www.slcs.ca\/wp\/wp-admin\/admin-ajax.php?action=resource_download&attachment=979\",\"width\":1262,\"height\":379,\"caption\":\"St. Leonard's Community Services\"},\"image\":{\"@id\":\"https:\/\/www.slcs.ca\/#\/schema\/logo\/image\/\"},\"sameAs\":[\"https:\/\/www.facebook.com\/SLCSLondon\",\"https:\/\/x.com\/SLCS_London\",\"https:\/\/www.instagram.com\/slcs_london\/\",\"https:\/\/www.linkedin.com\/company\/stleonards\/\",\"https:\/\/www.youtube.com\/channel\/UCt7U9N39GYGV21XP2d9lXUg\"]}]}<\/script>\n<!-- \/ Yoast SEO plugin. -->","yoast_head_json":{"title":"Programmes de travail communautaire et d\u2019abus des substances | St. Leonard&#039;s Community Services London and Region","robots":{"index":"index","follow":"follow","max-snippet":"max-snippet:-1","max-image-preview":"max-image-preview:large","max-video-preview":"max-video-preview:-1"},"canonical":"https:\/\/www.slcs.ca\/community-work-substance-use-program\/","og_locale":"fr_FR","og_type":"article","og_title":"Programmes de travail communautaire et d\u2019abus des substances | St. Leonard&#039;s Community Services London and Region","og_description":"[vc_row][vc_column][basic_container container_size=&#8221;container container-narrow&#8221;][vc_column_text] Notification \u00c0 partir de juin 2021, le programme de travail communautaire intermittent et le programme d\u2019abus de substances sont, malheureusement, abandonn\u00e9. Le financement de ces programmes, fourni par la province \u00e0 travers du minist\u00e8re du solliciteur &hellip; [...]","og_url":"https:\/\/www.slcs.ca\/community-work-substance-use-program\/","og_site_name":"St. Leonard&#039;s Community Services London and Region","article_publisher":"https:\/\/www.facebook.com\/SLCSLondon","article_modified_time":"2021-09-01T16:13:27+00:00","og_image":[{"width":1262,"height":379,"url":"https:\/\/www.slcs.ca\/app\/uploads\/2019\/07\/SLCS-Logo-from-TIF.png","type":"image\/png"}],"twitter_card":"summary_large_image","twitter_image":"https:\/\/www.slcs.ca\/app\/uploads\/2019\/07\/SLCS-Logo-from-TIF.png","twitter_site":"@SLCS_London","twitter_misc":{"Est. reading time":"3 minutes"},"schema":{"@context":"https:\/\/schema.org","@graph":[{"@type":"WebPage","@id":"https:\/\/www.slcs.ca\/community-work-substance-use-program\/","url":"https:\/\/www.slcs.ca\/community-work-substance-use-program\/","name":"Programmes de travail communautaire et d\u2019abus des substances | St. Leonard&#039;s Community Services London and Region","isPartOf":{"@id":"https:\/\/www.slcs.ca\/#website"},"datePublished":"2019-09-09T16:13:50+00:00","dateModified":"2021-09-01T16:13:27+00:00","breadcrumb":{"@id":"https:\/\/www.slcs.ca\/community-work-substance-use-program\/#breadcrumb"},"inLanguage":"fr-FR","potentialAction":[{"@type":"ReadAction","target":["https:\/\/www.slcs.ca\/community-work-substance-use-program\/"]}]},{"@type":"BreadcrumbList","@id":"https:\/\/www.slcs.ca\/community-work-substance-use-program\/#breadcrumb","itemListElement":[{"@type":"ListItem","position":1,"name":"Accueil","item":"https:\/\/www.slcs.ca\/fr\/"},{"@type":"ListItem","position":2,"name":"Programmes de travail communautaire et d\u2019abus des substances"}]},{"@type":"WebSite","@id":"https:\/\/www.slcs.ca\/#website","url":"https:\/\/www.slcs.ca\/","name":"St. Leonard's Community Services - London and Region","description":"","publisher":{"@id":"https:\/\/www.slcs.ca\/#organization"},"potentialAction":[{"@type":"SearchAction","target":{"@type":"EntryPoint","urlTemplate":"https:\/\/www.slcs.ca\/?s={search_term_string}"},"query-input":{"@type":"PropertyValueSpecification","valueRequired":true,"valueName":"search_term_string"}}],"inLanguage":"fr-FR"},{"@type":"Organization","@id":"https:\/\/www.slcs.ca\/#organization","name":"St. Leonard's Community Services","url":"https:\/\/www.slcs.ca\/","logo":{"@type":"ImageObject","inLanguage":"fr-FR","@id":"https:\/\/www.slcs.ca\/#\/schema\/logo\/image\/","url":"https:\/\/www.slcs.ca\/wp\/wp-admin\/admin-ajax.php?action=resource_download&attachment=979","contentUrl":"https:\/\/www.slcs.ca\/wp\/wp-admin\/admin-ajax.php?action=resource_download&attachment=979","width":1262,"height":379,"caption":"St. Leonard's Community Services"},"image":{"@id":"https:\/\/www.slcs.ca\/#\/schema\/logo\/image\/"},"sameAs":["https:\/\/www.facebook.com\/SLCSLondon","https:\/\/x.com\/SLCS_London","https:\/\/www.instagram.com\/slcs_london\/","https:\/\/www.linkedin.com\/company\/stleonards\/","https:\/\/www.youtube.com\/channel\/UCt7U9N39GYGV21XP2d9lXUg"]}]}},"_links":{"self":[{"href":"https:\/\/www.slcs.ca\/fr\/wp-json\/wp\/v2\/pages\/824","targetHints":{"allow":["GET"]}}],"collection":[{"href":"https:\/\/www.slcs.ca\/fr\/wp-json\/wp\/v2\/pages"}],"about":[{"href":"https:\/\/www.slcs.ca\/fr\/wp-json\/wp\/v2\/types\/page"}],"author":[{"embeddable":true,"href":"https:\/\/www.slcs.ca\/fr\/wp-json\/wp\/v2\/users\/1"}],"replies":[{"embeddable":true,"href":"https:\/\/www.slcs.ca\/fr\/wp-json\/wp\/v2\/comments?post=824"}],"version-history":[{"count":3,"href":"https:\/\/www.slcs.ca\/fr\/wp-json\/wp\/v2\/pages\/824\/revisions"}],"predecessor-version":[{"id":2867,"href":"https:\/\/www.slcs.ca\/fr\/wp-json\/wp\/v2\/pages\/824\/revisions\/2867"}],"wp:attachment":[{"href":"https:\/\/www.slcs.ca\/fr\/wp-json\/wp\/v2\/media?parent=824"}],"curies":[{"name":"wp","href":"https:\/\/api.w.org\/{rel}","templated":true}]}}