{"id":826,"date":"2019-09-09T16:14:41","date_gmt":"2019-09-09T16:14:41","guid":{"rendered":"https:\/\/www.slcs.ca\/ordonnances-de-service-communautaire-osc\/"},"modified":"2019-09-09T16:14:41","modified_gmt":"2019-09-09T16:14:41","slug":"ordonnances-de-service-communautaire-osc","status":"publish","type":"page","link":"https:\/\/www.slcs.ca\/fr\/ordonnances-de-service-communautaire-osc\/","title":{"rendered":"Ordonnances de service communautaire (OSC)"},"content":{"rendered":"<div class=\"wpb-content-wrapper\"><p>[vc_row][vc_column][basic_container container_size=&#8221;container container-narrow&#8221;][vc_column_text]Le programme OSC pour adultes dessert les personnes de 18 ans et plus qui sont sous probation et ont \u00e9t\u00e9 ordonn\u00e9es par les tribunaux de faire un certain nombre d\u2019heures de service communautaire. Les agents de probation recommande se service \u00e0 ceux qui n\u00e9cessitent des heures de service communautaire, et l&#8217;individu assiste ensuite \u00e0 un rendez-vous d&#8217;admission et des rendez-vous de suivi mensuels jusqu&#8217;\u00e0 ce que ses heures de service communautaire ont \u00e9t\u00e9 compl\u00e9t\u00e9es. Des options pour faire des heures de service communautaire, compris des supervisions de site lors d\u2019\u00e9v\u00e9nements communautaires et des placements \u00e0 des organismes sans but lucratif tels que les friperies, les refuges pour animaux, les centres communautaires et les \u00e9glises.[\/vc_column_text][vc_toggle title=&#8221;Pourquoi il m\u2019a \u00e9t\u00e9 ordonn\u00e9 de faire du service communautaire ?&#8221;]Le service communautaire consiste \u00e0 fournir du travail sans frais qui est b\u00e9n\u00e9fique pour le public ou la communaut\u00e9. Certains avantages du service communautaire sont :<\/p>\n<ul>\n<li>Redonner \u00e0 la communaut\u00e9 d&#8217;une mani\u00e8re constructive<\/li>\n<li>Le d\u00e9veloppement d&#8217;un plus grand sens de la responsabilit\u00e9 sociale<\/li>\n<li>L&#8217;\u00e9tablissement de relations et de liens sociaux avec les autres<\/li>\n<li>Am\u00e9liore la communication \u00e0 vie, les relations interpersonnelles et la pens\u00e9e critique<\/li>\n<li>Aide les gens \u00e0 trouver leurs int\u00e9r\u00eats et passions<\/li>\n<\/ul>\n<p>[\/vc_toggle][vc_toggle title=&#8221;Comment puis-je commencer mon ordonnance de service communautaire ?&#8221;]Contactez un travailleur de justice de St. Leonard\u2019s dans le programme des ordonnances de service communautaire pour adultes pour planifier le premier rendez-vous d&#8217;admission au 519-850-3777 x 222. Ce rendez-vous prend environ 30 \u00e0 60 minutes.[\/vc_toggle][vc_toggle title=&#8221;Combien de temps ai-je pour compl\u00e9ter mes heures de service communautaire?&#8221;] le nombre d&#8217;heures et la dur\u00e9e de temps pour terminer les heures sont d\u00e9termin\u00e9s par les tribunaux. Toutefois, les personnes ont le choix de compl\u00e9ter leurs heures le plus t\u00f4t possible. \u00c0 la fin de ces heures, le dossier est ferm\u00e9 et retourn\u00e9 \u00e0 la probation..[\/vc_toggle]<div class=\"quoteblock\">\n\t<div class=\"container container-narrow\">\n\t\t<div class=\"blockquote-container\">\n\t\t\t<blockquote class=\"text-left \">\n\t\t\t\t<div class=\"blockquote-content\">\n\t\t\t\t\t<p>En g\u00e9n\u00e9ral, mon exp\u00e9rience a \u00e9t\u00e9 positive, fructueuse et gratifiante.<\/p>\n\t\t\t\t<\/div>\n\t\t\t\t<cite class=\"blockquote-cite\">\n\t\t\t\t\tCSO Participant<div class=\"blockquote-author-title\"><\/div>\n\t\t\t\t<\/cite>\n\t\t\t<\/blockquote>\n\t\t<\/div>\n\t<\/div>\n<\/div>\n[\/basic_container][\/vc_column][\/vc_row]<\/p>\n<\/div>","protected":false},"excerpt":{"rendered":"<p>[vc_row][vc_column][basic_container container_size=&#8221;container container-narrow&#8221;][vc_column_text]Le programme OSC pour adultes dessert les personnes de 18 ans et plus qui sont sous probation et ont \u00e9t\u00e9 ordonn\u00e9es par les tribunaux de faire un certain nombre d\u2019heures de service communautaire. Les agents de probation recommande &hellip; [&#8230;]<\/p>\n","protected":false},"author":1,"featured_media":0,"parent":0,"menu_order":190,"comment_status":"closed","ping_status":"closed","template":"","meta":{"_acf_changed":false,"footnotes":""},"class_list":["post-826","page","type-page","status-publish","hentry"],"acf":[],"yoast_head":"<!-- This site is optimized with the Yoast SEO plugin v24.9 - https:\/\/yoast.com\/wordpress\/plugins\/seo\/ -->\n<title>Ordonnances de service communautaire (OSC) | St. Leonard&#039;s Community Services London and Region<\/title>\n<meta name=\"robots\" content=\"index, follow, max-snippet:-1, max-image-preview:large, max-video-preview:-1\" \/>\n<link rel=\"canonical\" href=\"https:\/\/www.slcs.ca\/adult-community-service-orders-cso\/\" \/>\n<meta property=\"og:locale\" content=\"fr_FR\" \/>\n<meta property=\"og:type\" content=\"article\" \/>\n<meta property=\"og:title\" content=\"Ordonnances de service communautaire (OSC) | St. Leonard&#039;s Community Services London and Region\" \/>\n<meta property=\"og:description\" content=\"[vc_row][vc_column][basic_container container_size=&#8221;container container-narrow&#8221;][vc_column_text]Le programme OSC pour adultes dessert les personnes de 18 ans et plus qui sont sous probation et ont \u00e9t\u00e9 ordonn\u00e9es par les tribunaux de faire un certain nombre d\u2019heures de service communautaire. Les agents de probation recommande &hellip; [...]\" \/>\n<meta property=\"og:url\" content=\"https:\/\/www.slcs.ca\/adult-community-service-orders-cso\/\" \/>\n<meta property=\"og:site_name\" content=\"St. Leonard&#039;s Community Services London and Region\" \/>\n<meta property=\"article:publisher\" content=\"https:\/\/www.facebook.com\/SLCSLondon\" \/>\n<meta property=\"og:image\" content=\"https:\/\/www.slcs.ca\/app\/uploads\/2019\/07\/SLCS-Logo-from-TIF.png\" \/>\n\t<meta property=\"og:image:width\" content=\"1262\" \/>\n\t<meta property=\"og:image:height\" content=\"379\" \/>\n\t<meta property=\"og:image:type\" content=\"image\/png\" \/>\n<meta name=\"twitter:card\" content=\"summary_large_image\" \/>\n<meta name=\"twitter:image\" content=\"https:\/\/www.slcs.ca\/app\/uploads\/2019\/07\/SLCS-Logo-from-TIF.png\" \/>\n<meta name=\"twitter:site\" content=\"@SLCS_London\" \/>\n<meta name=\"twitter:label1\" content=\"Est. reading time\" \/>\n\t<meta name=\"twitter:data1\" content=\"2 minutes\" \/>\n<script type=\"application\/ld+json\" class=\"yoast-schema-graph\">{\"@context\":\"https:\/\/schema.org\",\"@graph\":[{\"@type\":\"WebPage\",\"@id\":\"https:\/\/www.slcs.ca\/adult-community-service-orders-cso\/\",\"url\":\"https:\/\/www.slcs.ca\/adult-community-service-orders-cso\/\",\"name\":\"Ordonnances de service communautaire (OSC) | St. Leonard&#039;s Community Services London and Region\",\"isPartOf\":{\"@id\":\"https:\/\/www.slcs.ca\/#website\"},\"datePublished\":\"2019-09-09T16:14:41+00:00\",\"breadcrumb\":{\"@id\":\"https:\/\/www.slcs.ca\/adult-community-service-orders-cso\/#breadcrumb\"},\"inLanguage\":\"fr-FR\",\"potentialAction\":[{\"@type\":\"ReadAction\",\"target\":[\"https:\/\/www.slcs.ca\/adult-community-service-orders-cso\/\"]}]},{\"@type\":\"BreadcrumbList\",\"@id\":\"https:\/\/www.slcs.ca\/adult-community-service-orders-cso\/#breadcrumb\",\"itemListElement\":[{\"@type\":\"ListItem\",\"position\":1,\"name\":\"Accueil\",\"item\":\"https:\/\/www.slcs.ca\/fr\/\"},{\"@type\":\"ListItem\",\"position\":2,\"name\":\"Ordonnances de service communautaire (OSC)\"}]},{\"@type\":\"WebSite\",\"@id\":\"https:\/\/www.slcs.ca\/#website\",\"url\":\"https:\/\/www.slcs.ca\/\",\"name\":\"St. Leonard's Community Services - London and Region\",\"description\":\"\",\"publisher\":{\"@id\":\"https:\/\/www.slcs.ca\/#organization\"},\"potentialAction\":[{\"@type\":\"SearchAction\",\"target\":{\"@type\":\"EntryPoint\",\"urlTemplate\":\"https:\/\/www.slcs.ca\/?s={search_term_string}\"},\"query-input\":{\"@type\":\"PropertyValueSpecification\",\"valueRequired\":true,\"valueName\":\"search_term_string\"}}],\"inLanguage\":\"fr-FR\"},{\"@type\":\"Organization\",\"@id\":\"https:\/\/www.slcs.ca\/#organization\",\"name\":\"St. Leonard's Community Services\",\"url\":\"https:\/\/www.slcs.ca\/\",\"logo\":{\"@type\":\"ImageObject\",\"inLanguage\":\"fr-FR\",\"@id\":\"https:\/\/www.slcs.ca\/#\/schema\/logo\/image\/\",\"url\":\"https:\/\/www.slcs.ca\/wp\/wp-admin\/admin-ajax.php?action=resource_download&attachment=979\",\"contentUrl\":\"https:\/\/www.slcs.ca\/wp\/wp-admin\/admin-ajax.php?action=resource_download&attachment=979\",\"width\":1262,\"height\":379,\"caption\":\"St. Leonard's Community Services\"},\"image\":{\"@id\":\"https:\/\/www.slcs.ca\/#\/schema\/logo\/image\/\"},\"sameAs\":[\"https:\/\/www.facebook.com\/SLCSLondon\",\"https:\/\/x.com\/SLCS_London\",\"https:\/\/www.instagram.com\/slcs_london\/\",\"https:\/\/www.linkedin.com\/company\/stleonards\/\",\"https:\/\/www.youtube.com\/channel\/UCt7U9N39GYGV21XP2d9lXUg\"]}]}<\/script>\n<!-- \/ Yoast SEO plugin. -->","yoast_head_json":{"title":"Ordonnances de service communautaire (OSC) | St. Leonard&#039;s Community Services London and Region","robots":{"index":"index","follow":"follow","max-snippet":"max-snippet:-1","max-image-preview":"max-image-preview:large","max-video-preview":"max-video-preview:-1"},"canonical":"https:\/\/www.slcs.ca\/adult-community-service-orders-cso\/","og_locale":"fr_FR","og_type":"article","og_title":"Ordonnances de service communautaire (OSC) | St. Leonard&#039;s Community Services London and Region","og_description":"[vc_row][vc_column][basic_container container_size=&#8221;container container-narrow&#8221;][vc_column_text]Le programme OSC pour adultes dessert les personnes de 18 ans et plus qui sont sous probation et ont \u00e9t\u00e9 ordonn\u00e9es par les tribunaux de faire un certain nombre d\u2019heures de service communautaire. Les agents de probation recommande &hellip; [...]","og_url":"https:\/\/www.slcs.ca\/adult-community-service-orders-cso\/","og_site_name":"St. Leonard&#039;s Community Services London and Region","article_publisher":"https:\/\/www.facebook.com\/SLCSLondon","og_image":[{"width":1262,"height":379,"url":"https:\/\/www.slcs.ca\/app\/uploads\/2019\/07\/SLCS-Logo-from-TIF.png","type":"image\/png"}],"twitter_card":"summary_large_image","twitter_image":"https:\/\/www.slcs.ca\/app\/uploads\/2019\/07\/SLCS-Logo-from-TIF.png","twitter_site":"@SLCS_London","twitter_misc":{"Est. reading time":"2 minutes"},"schema":{"@context":"https:\/\/schema.org","@graph":[{"@type":"WebPage","@id":"https:\/\/www.slcs.ca\/adult-community-service-orders-cso\/","url":"https:\/\/www.slcs.ca\/adult-community-service-orders-cso\/","name":"Ordonnances de service communautaire (OSC) | St. Leonard&#039;s Community Services London and Region","isPartOf":{"@id":"https:\/\/www.slcs.ca\/#website"},"datePublished":"2019-09-09T16:14:41+00:00","breadcrumb":{"@id":"https:\/\/www.slcs.ca\/adult-community-service-orders-cso\/#breadcrumb"},"inLanguage":"fr-FR","potentialAction":[{"@type":"ReadAction","target":["https:\/\/www.slcs.ca\/adult-community-service-orders-cso\/"]}]},{"@type":"BreadcrumbList","@id":"https:\/\/www.slcs.ca\/adult-community-service-orders-cso\/#breadcrumb","itemListElement":[{"@type":"ListItem","position":1,"name":"Accueil","item":"https:\/\/www.slcs.ca\/fr\/"},{"@type":"ListItem","position":2,"name":"Ordonnances de service communautaire (OSC)"}]},{"@type":"WebSite","@id":"https:\/\/www.slcs.ca\/#website","url":"https:\/\/www.slcs.ca\/","name":"St. Leonard's Community Services - London and Region","description":"","publisher":{"@id":"https:\/\/www.slcs.ca\/#organization"},"potentialAction":[{"@type":"SearchAction","target":{"@type":"EntryPoint","urlTemplate":"https:\/\/www.slcs.ca\/?s={search_term_string}"},"query-input":{"@type":"PropertyValueSpecification","valueRequired":true,"valueName":"search_term_string"}}],"inLanguage":"fr-FR"},{"@type":"Organization","@id":"https:\/\/www.slcs.ca\/#organization","name":"St. Leonard's Community Services","url":"https:\/\/www.slcs.ca\/","logo":{"@type":"ImageObject","inLanguage":"fr-FR","@id":"https:\/\/www.slcs.ca\/#\/schema\/logo\/image\/","url":"https:\/\/www.slcs.ca\/wp\/wp-admin\/admin-ajax.php?action=resource_download&attachment=979","contentUrl":"https:\/\/www.slcs.ca\/wp\/wp-admin\/admin-ajax.php?action=resource_download&attachment=979","width":1262,"height":379,"caption":"St. Leonard's Community Services"},"image":{"@id":"https:\/\/www.slcs.ca\/#\/schema\/logo\/image\/"},"sameAs":["https:\/\/www.facebook.com\/SLCSLondon","https:\/\/x.com\/SLCS_London","https:\/\/www.instagram.com\/slcs_london\/","https:\/\/www.linkedin.com\/company\/stleonards\/","https:\/\/www.youtube.com\/channel\/UCt7U9N39GYGV21XP2d9lXUg"]}]}},"_links":{"self":[{"href":"https:\/\/www.slcs.ca\/fr\/wp-json\/wp\/v2\/pages\/826","targetHints":{"allow":["GET"]}}],"collection":[{"href":"https:\/\/www.slcs.ca\/fr\/wp-json\/wp\/v2\/pages"}],"about":[{"href":"https:\/\/www.slcs.ca\/fr\/wp-json\/wp\/v2\/types\/page"}],"author":[{"embeddable":true,"href":"https:\/\/www.slcs.ca\/fr\/wp-json\/wp\/v2\/users\/1"}],"replies":[{"embeddable":true,"href":"https:\/\/www.slcs.ca\/fr\/wp-json\/wp\/v2\/comments?post=826"}],"version-history":[{"count":0,"href":"https:\/\/www.slcs.ca\/fr\/wp-json\/wp\/v2\/pages\/826\/revisions"}],"wp:attachment":[{"href":"https:\/\/www.slcs.ca\/fr\/wp-json\/wp\/v2\/media?parent=826"}],"curies":[{"name":"wp","href":"https:\/\/api.w.org\/{rel}","templated":true}]}}