{"id":828,"date":"2019-09-09T16:56:29","date_gmt":"2019-09-09T16:56:29","guid":{"rendered":"https:\/\/www.slcs.ca\/programmes-communautaires-pour-les-jeunes\/programme-de-centres-de-frequentation-obligatoire\/"},"modified":"2024-10-29T15:05:08","modified_gmt":"2024-10-29T19:05:08","slug":"programme-de-centres-de-frequentation-obligatoire","status":"publish","type":"page","link":"https:\/\/www.slcs.ca\/fr\/programmes-et-services\/programmes-communautaires-pour-les-jeunes\/programme-de-centres-de-frequentation-obligatoire\/","title":{"rendered":"Programme de Centres de fr\u00e9quentation obligatoire"},"content":{"rendered":"<div class=\"wpb-content-wrapper\"><p>[vc_row][vc_column][basic_container container_size=&#8221;container container-narrow&#8221;][vc_column_text css=&#8221;&#8221;]Le Programme de centres de fr\u00e9quentation obligatoire (PCFO) est un programme communautaire pour les jeunes qui ont \u00e9t\u00e9 reconnus coupables d\u2019une infraction en vertu de la Loi sur le syst\u00e8me de justice p\u00e9nale pour les adolescents. Dans le cadre de leur probation, ils doivent assister et participer au programme pendant un maximum de 240 heures sur 6 mois.<\/p>\n<p>Le PCFO examine les raisons pour lesquelles le jeune s\u2019est impliqu\u00e9 dans le syst\u00e8me de justice. Le programme se fait g\u00e9n\u00e9ralement en groupe, mais peut \u00eatre individuel si n\u00e9cessaire. Il se concentre sur les forces, les besoins et les objectifs du jeune. Les sujets incluent : la pens\u00e9e antisociale, la gestion des \u00e9motions, les comp\u00e9tences sociales, l\u2019\u00e9ducation, l\u2019emploi et les loisirs. St. Leonard\u2019s offre un environnement s\u00fbr, amusant et social pour que les jeunes puissent apprendre et grandir.<\/p>\n<p>Les jeunes qui ont besoin de plus de soutien apr\u00e8s avoir termin\u00e9 leur probation ou d\u2019autres programmes peuvent encore obtenir de l\u2019aide du PCFO pendant un an de plus.<\/p>\n<p>Le Programme de centres de fr\u00e9quentation obligatoire aide \u00e9galement les jeunes dans le syst\u00e8me de justice pour les jeunes gr\u00e2ce au Programme de D\u00e9judiciarisation du Tribunal Th\u00e9rapeutique pour les Jeunes. Ce programme pilote est un effort local pour soutenir les besoins en sant\u00e9 mentale des jeunes et les \u00e9loigner du syst\u00e8me de justice.[\/vc_column_text][vc_toggle title=&#8221;Comment puis-je participer au programme ?&#8221;]Vous aurez besoin d\u2019une recommandation de votre agent de probation.[\/vc_toggle][vc_toggle title=&#8221;Combien co\u00fbte le programme ?&#8221;]Il est gratuit pour les participants au programme.[\/vc_toggle][vc_toggle title=&#8221;Et si j&#8217;ai du mal \u00e0 me rendre tous les jours aux activit\u00e9s du programme ?&#8221;]Nous pouvons \u00eatre en mesure d&#8217;offrir le transport vers et depuis les activit\u00e9s du programme ![\/vc_toggle][\/basic_container][\/vc_column][\/vc_row]<\/p>\n<\/div>","protected":false},"excerpt":{"rendered":"<p>[vc_row][vc_column][basic_container container_size=&#8221;container container-narrow&#8221;][vc_column_text css=&#8221;&#8221;]Le Programme de centres de fr\u00e9quentation obligatoire (PCFO) est un programme communautaire pour les jeunes qui ont \u00e9t\u00e9 reconnus coupables d\u2019une infraction en vertu de la Loi sur le syst\u00e8me de justice p\u00e9nale pour les adolescents. Dans &hellip; [&#8230;]<\/p>\n","protected":false},"author":1,"featured_media":0,"parent":767,"menu_order":350,"comment_status":"closed","ping_status":"closed","template":"","meta":{"_acf_changed":false,"footnotes":""},"class_list":["post-828","page","type-page","status-publish","hentry"],"acf":[],"yoast_head":"<!-- This site is optimized with the Yoast SEO plugin v24.9 - https:\/\/yoast.com\/wordpress\/plugins\/seo\/ -->\n<title>Programme de Centres de fr\u00e9quentation obligatoire | St. Leonard&#039;s Community Services London and Region<\/title>\n<meta name=\"robots\" content=\"index, follow, max-snippet:-1, max-image-preview:large, max-video-preview:-1\" \/>\n<link rel=\"canonical\" href=\"https:\/\/www.slcs.ca\/fr\/programmes-et-services\/programmes-communautaires-pour-les-jeunes\/programme-de-centres-de-frequentation-obligatoire\/\" \/>\n<meta property=\"og:locale\" content=\"fr_FR\" \/>\n<meta property=\"og:type\" content=\"article\" \/>\n<meta property=\"og:title\" content=\"Programme de Centres de fr\u00e9quentation obligatoire | St. Leonard&#039;s Community Services London and Region\" \/>\n<meta property=\"og:description\" content=\"[vc_row][vc_column][basic_container container_size=&#8221;container container-narrow&#8221;][vc_column_text css=&#8221;&#8221;]Le Programme de centres de fr\u00e9quentation obligatoire (PCFO) est un programme communautaire pour les jeunes qui ont \u00e9t\u00e9 reconnus coupables d\u2019une infraction en vertu de la Loi sur le syst\u00e8me de justice p\u00e9nale pour les adolescents. Dans &hellip; [...]\" \/>\n<meta property=\"og:url\" content=\"https:\/\/www.slcs.ca\/fr\/programmes-et-services\/programmes-communautaires-pour-les-jeunes\/programme-de-centres-de-frequentation-obligatoire\/\" \/>\n<meta property=\"og:site_name\" content=\"St. Leonard&#039;s Community Services London and Region\" \/>\n<meta property=\"article:publisher\" content=\"https:\/\/www.facebook.com\/SLCSLondon\" \/>\n<meta property=\"article:modified_time\" content=\"2024-10-29T19:05:08+00:00\" \/>\n<meta property=\"og:image\" content=\"https:\/\/www.slcs.ca\/app\/uploads\/2019\/07\/SLCS-Logo-from-TIF.png\" \/>\n\t<meta property=\"og:image:width\" content=\"1262\" \/>\n\t<meta property=\"og:image:height\" content=\"379\" \/>\n\t<meta property=\"og:image:type\" content=\"image\/png\" \/>\n<meta name=\"twitter:card\" content=\"summary_large_image\" \/>\n<meta name=\"twitter:image\" content=\"https:\/\/www.slcs.ca\/app\/uploads\/2019\/07\/SLCS-Logo-from-TIF.png\" \/>\n<meta name=\"twitter:site\" content=\"@SLCS_London\" \/>\n<meta name=\"twitter:label1\" content=\"Est. reading time\" \/>\n\t<meta name=\"twitter:data1\" content=\"2 minutes\" \/>\n<script type=\"application\/ld+json\" class=\"yoast-schema-graph\">{\"@context\":\"https:\/\/schema.org\",\"@graph\":[{\"@type\":\"WebPage\",\"@id\":\"https:\/\/www.slcs.ca\/fr\/programmes-et-services\/programmes-communautaires-pour-les-jeunes\/programme-de-centres-de-frequentation-obligatoire\/\",\"url\":\"https:\/\/www.slcs.ca\/fr\/programmes-et-services\/programmes-communautaires-pour-les-jeunes\/programme-de-centres-de-frequentation-obligatoire\/\",\"name\":\"Programme de Centres de fr\u00e9quentation obligatoire | St. Leonard&#039;s Community Services London and Region\",\"isPartOf\":{\"@id\":\"https:\/\/www.slcs.ca\/#website\"},\"datePublished\":\"2019-09-09T16:56:29+00:00\",\"dateModified\":\"2024-10-29T19:05:08+00:00\",\"breadcrumb\":{\"@id\":\"https:\/\/www.slcs.ca\/fr\/programmes-et-services\/programmes-communautaires-pour-les-jeunes\/programme-de-centres-de-frequentation-obligatoire\/#breadcrumb\"},\"inLanguage\":\"fr-FR\",\"potentialAction\":[{\"@type\":\"ReadAction\",\"target\":[\"https:\/\/www.slcs.ca\/fr\/programmes-et-services\/programmes-communautaires-pour-les-jeunes\/programme-de-centres-de-frequentation-obligatoire\/\"]}]},{\"@type\":\"BreadcrumbList\",\"@id\":\"https:\/\/www.slcs.ca\/fr\/programmes-et-services\/programmes-communautaires-pour-les-jeunes\/programme-de-centres-de-frequentation-obligatoire\/#breadcrumb\",\"itemListElement\":[{\"@type\":\"ListItem\",\"position\":1,\"name\":\"Accueil\",\"item\":\"https:\/\/www.slcs.ca\/fr\/\"},{\"@type\":\"ListItem\",\"position\":2,\"name\":\"Programmes et services\",\"item\":\"https:\/\/www.slcs.ca\/fr\/programmes-et-services\/\"},{\"@type\":\"ListItem\",\"position\":3,\"name\":\"Programmes communautaires pour les jeunes\",\"item\":\"https:\/\/www.slcs.ca\/programs-services\/youth-community-programs\/\"},{\"@type\":\"ListItem\",\"position\":4,\"name\":\"Programme de Centres de fr\u00e9quentation obligatoire\"}]},{\"@type\":\"WebSite\",\"@id\":\"https:\/\/www.slcs.ca\/#website\",\"url\":\"https:\/\/www.slcs.ca\/\",\"name\":\"St. Leonard's Community Services - London and Region\",\"description\":\"\",\"publisher\":{\"@id\":\"https:\/\/www.slcs.ca\/#organization\"},\"potentialAction\":[{\"@type\":\"SearchAction\",\"target\":{\"@type\":\"EntryPoint\",\"urlTemplate\":\"https:\/\/www.slcs.ca\/?s={search_term_string}\"},\"query-input\":{\"@type\":\"PropertyValueSpecification\",\"valueRequired\":true,\"valueName\":\"search_term_string\"}}],\"inLanguage\":\"fr-FR\"},{\"@type\":\"Organization\",\"@id\":\"https:\/\/www.slcs.ca\/#organization\",\"name\":\"St. Leonard's Community Services\",\"url\":\"https:\/\/www.slcs.ca\/\",\"logo\":{\"@type\":\"ImageObject\",\"inLanguage\":\"fr-FR\",\"@id\":\"https:\/\/www.slcs.ca\/#\/schema\/logo\/image\/\",\"url\":\"https:\/\/www.slcs.ca\/wp\/wp-admin\/admin-ajax.php?action=resource_download&attachment=979\",\"contentUrl\":\"https:\/\/www.slcs.ca\/wp\/wp-admin\/admin-ajax.php?action=resource_download&attachment=979\",\"width\":1262,\"height\":379,\"caption\":\"St. Leonard's Community Services\"},\"image\":{\"@id\":\"https:\/\/www.slcs.ca\/#\/schema\/logo\/image\/\"},\"sameAs\":[\"https:\/\/www.facebook.com\/SLCSLondon\",\"https:\/\/x.com\/SLCS_London\",\"https:\/\/www.instagram.com\/slcs_london\/\",\"https:\/\/www.linkedin.com\/company\/stleonards\/\",\"https:\/\/www.youtube.com\/channel\/UCt7U9N39GYGV21XP2d9lXUg\"]}]}<\/script>\n<!-- \/ Yoast SEO plugin. -->","yoast_head_json":{"title":"Programme de Centres de fr\u00e9quentation obligatoire | St. Leonard&#039;s Community Services London and Region","robots":{"index":"index","follow":"follow","max-snippet":"max-snippet:-1","max-image-preview":"max-image-preview:large","max-video-preview":"max-video-preview:-1"},"canonical":"https:\/\/www.slcs.ca\/fr\/programmes-et-services\/programmes-communautaires-pour-les-jeunes\/programme-de-centres-de-frequentation-obligatoire\/","og_locale":"fr_FR","og_type":"article","og_title":"Programme de Centres de fr\u00e9quentation obligatoire | St. Leonard&#039;s Community Services London and Region","og_description":"[vc_row][vc_column][basic_container container_size=&#8221;container container-narrow&#8221;][vc_column_text css=&#8221;&#8221;]Le Programme de centres de fr\u00e9quentation obligatoire (PCFO) est un programme communautaire pour les jeunes qui ont \u00e9t\u00e9 reconnus coupables d\u2019une infraction en vertu de la Loi sur le syst\u00e8me de justice p\u00e9nale pour les adolescents. Dans &hellip; [...]","og_url":"https:\/\/www.slcs.ca\/fr\/programmes-et-services\/programmes-communautaires-pour-les-jeunes\/programme-de-centres-de-frequentation-obligatoire\/","og_site_name":"St. Leonard&#039;s Community Services London and Region","article_publisher":"https:\/\/www.facebook.com\/SLCSLondon","article_modified_time":"2024-10-29T19:05:08+00:00","og_image":[{"width":1262,"height":379,"url":"https:\/\/www.slcs.ca\/app\/uploads\/2019\/07\/SLCS-Logo-from-TIF.png","type":"image\/png"}],"twitter_card":"summary_large_image","twitter_image":"https:\/\/www.slcs.ca\/app\/uploads\/2019\/07\/SLCS-Logo-from-TIF.png","twitter_site":"@SLCS_London","twitter_misc":{"Est. reading time":"2 minutes"},"schema":{"@context":"https:\/\/schema.org","@graph":[{"@type":"WebPage","@id":"https:\/\/www.slcs.ca\/fr\/programmes-et-services\/programmes-communautaires-pour-les-jeunes\/programme-de-centres-de-frequentation-obligatoire\/","url":"https:\/\/www.slcs.ca\/fr\/programmes-et-services\/programmes-communautaires-pour-les-jeunes\/programme-de-centres-de-frequentation-obligatoire\/","name":"Programme de Centres de fr\u00e9quentation obligatoire | St. Leonard&#039;s Community Services London and Region","isPartOf":{"@id":"https:\/\/www.slcs.ca\/#website"},"datePublished":"2019-09-09T16:56:29+00:00","dateModified":"2024-10-29T19:05:08+00:00","breadcrumb":{"@id":"https:\/\/www.slcs.ca\/fr\/programmes-et-services\/programmes-communautaires-pour-les-jeunes\/programme-de-centres-de-frequentation-obligatoire\/#breadcrumb"},"inLanguage":"fr-FR","potentialAction":[{"@type":"ReadAction","target":["https:\/\/www.slcs.ca\/fr\/programmes-et-services\/programmes-communautaires-pour-les-jeunes\/programme-de-centres-de-frequentation-obligatoire\/"]}]},{"@type":"BreadcrumbList","@id":"https:\/\/www.slcs.ca\/fr\/programmes-et-services\/programmes-communautaires-pour-les-jeunes\/programme-de-centres-de-frequentation-obligatoire\/#breadcrumb","itemListElement":[{"@type":"ListItem","position":1,"name":"Accueil","item":"https:\/\/www.slcs.ca\/fr\/"},{"@type":"ListItem","position":2,"name":"Programmes et services","item":"https:\/\/www.slcs.ca\/fr\/programmes-et-services\/"},{"@type":"ListItem","position":3,"name":"Programmes communautaires pour les jeunes","item":"https:\/\/www.slcs.ca\/programs-services\/youth-community-programs\/"},{"@type":"ListItem","position":4,"name":"Programme de Centres de fr\u00e9quentation obligatoire"}]},{"@type":"WebSite","@id":"https:\/\/www.slcs.ca\/#website","url":"https:\/\/www.slcs.ca\/","name":"St. Leonard's Community Services - London and Region","description":"","publisher":{"@id":"https:\/\/www.slcs.ca\/#organization"},"potentialAction":[{"@type":"SearchAction","target":{"@type":"EntryPoint","urlTemplate":"https:\/\/www.slcs.ca\/?s={search_term_string}"},"query-input":{"@type":"PropertyValueSpecification","valueRequired":true,"valueName":"search_term_string"}}],"inLanguage":"fr-FR"},{"@type":"Organization","@id":"https:\/\/www.slcs.ca\/#organization","name":"St. Leonard's Community Services","url":"https:\/\/www.slcs.ca\/","logo":{"@type":"ImageObject","inLanguage":"fr-FR","@id":"https:\/\/www.slcs.ca\/#\/schema\/logo\/image\/","url":"https:\/\/www.slcs.ca\/wp\/wp-admin\/admin-ajax.php?action=resource_download&attachment=979","contentUrl":"https:\/\/www.slcs.ca\/wp\/wp-admin\/admin-ajax.php?action=resource_download&attachment=979","width":1262,"height":379,"caption":"St. Leonard's Community Services"},"image":{"@id":"https:\/\/www.slcs.ca\/#\/schema\/logo\/image\/"},"sameAs":["https:\/\/www.facebook.com\/SLCSLondon","https:\/\/x.com\/SLCS_London","https:\/\/www.instagram.com\/slcs_london\/","https:\/\/www.linkedin.com\/company\/stleonards\/","https:\/\/www.youtube.com\/channel\/UCt7U9N39GYGV21XP2d9lXUg"]}]}},"_links":{"self":[{"href":"https:\/\/www.slcs.ca\/fr\/wp-json\/wp\/v2\/pages\/828","targetHints":{"allow":["GET"]}}],"collection":[{"href":"https:\/\/www.slcs.ca\/fr\/wp-json\/wp\/v2\/pages"}],"about":[{"href":"https:\/\/www.slcs.ca\/fr\/wp-json\/wp\/v2\/types\/page"}],"author":[{"embeddable":true,"href":"https:\/\/www.slcs.ca\/fr\/wp-json\/wp\/v2\/users\/1"}],"replies":[{"embeddable":true,"href":"https:\/\/www.slcs.ca\/fr\/wp-json\/wp\/v2\/comments?post=828"}],"version-history":[{"count":3,"href":"https:\/\/www.slcs.ca\/fr\/wp-json\/wp\/v2\/pages\/828\/revisions"}],"predecessor-version":[{"id":4209,"href":"https:\/\/www.slcs.ca\/fr\/wp-json\/wp\/v2\/pages\/828\/revisions\/4209"}],"up":[{"embeddable":true,"href":"https:\/\/www.slcs.ca\/fr\/wp-json\/wp\/v2\/pages\/767"}],"wp:attachment":[{"href":"https:\/\/www.slcs.ca\/fr\/wp-json\/wp\/v2\/media?parent=828"}],"curies":[{"name":"wp","href":"https:\/\/api.w.org\/{rel}","templated":true}]}}