{"id":830,"date":"2019-09-09T17:37:06","date_gmt":"2019-09-09T17:37:06","guid":{"rendered":"https:\/\/www.slcs.ca\/vie-independante-supervisee-vis\/"},"modified":"2024-10-29T14:04:58","modified_gmt":"2024-10-29T18:04:58","slug":"vie-independante-supervisee-vis","status":"publish","type":"page","link":"https:\/\/www.slcs.ca\/fr\/vie-independante-supervisee-vis\/","title":{"rendered":"Vie ind\u00e9pendante assist\u00e9e (VIA)"},"content":{"rendered":"<div class=\"wpb-content-wrapper\"><p>[vc_row][vc_column][basic_container container_size=&#8221;container container-narrow&#8221;][vc_column_text css=&#8221;&#8221;]The <strong>Le programme de Vie ind\u00e9pendante assist\u00e9e<\/strong> (VIA) fournit des soutiens et des services communautaires aux adultes \u00e0 risque ou potentiellement \u00e0 risque d\u2019implication dans le syst\u00e8me judiciaire.<\/p>\n<p>Nous offrons des programmes personnalis\u00e9s avec un soutien quotidien pour aider les clients \u00e0 d\u00e9velopper des comp\u00e9tences de vie et \u00e0 se connecter avec la communaut\u00e9, visant un d\u00e9veloppement personnel positif bas\u00e9 sur leurs propres objectifs.<\/p>\n<p>Nous croyons que la croissance personnelle dans ce programme construit une estime de soi durable et un d\u00e9veloppement individuel. Cela aide \u00e0 garder nos participants hors du syst\u00e8me judiciaire et en fait des membres confiants de notre communaut\u00e9 de London.<\/p>\n<p>Nos participants peuvent venir de Brantford ou de St. Thomas, mais la plupart vivent dans notre belle ville de London, en Ontario! Ils re\u00e7oivent une gamme de soutiens pour r\u00e9pondre \u00e0 leurs besoins dans tous les domaines de la vie adulte, y compris :<\/p>\n<ul>\n<li>la gestion des m\u00e9nages<\/li>\n<li>l\u2019hygi\u00e8ne et les routines quotidiennes<\/li>\n<li>l&#8217;\u00e9picerie et la pr\u00e9paration des repas<\/li>\n<li>la planification et les rendez-vous<\/li>\n<li>le budget<\/li>\n<li>l&#8217;emploi et les objectifs \u00e9ducatifs<\/li>\n<li>la planification et la participation \u00e0 des activit\u00e9s r\u00e9cr\u00e9atives ou de loisirs qui promeuvent un mode de vie s\u00fbr et sain<\/li>\n<\/ul>\n<p>En plus de soutenir l\u2019ind\u00e9pendance, nous nous concentrons sur la d\u00e9fense des droits, la pr\u00e9vention et la r\u00e9solution des crises, les relations familiales, le counseling et les partenariats th\u00e9rapeutiques. Nous connectons nos clients \u00e0 divers services communautaires pour nous assurer qu\u2019ils disposent du soutien et des ressources qui r\u00e9pondent \u00e0 leurs besoins uniques.[\/vc_column_text][vc_toggle title=&#8221;\u00c0 quoi ressemble une journ\u00e9e de soutien typique du programme VIA?&#8221;]Une journ\u00e9e de soutien typique peut aller de l&#8217;achat de produits d&#8217;\u00e9picerie, l&#8217;acc\u00e8s aux ressources communautaires, faire la lessive ou cuisiner, ou assister \u00e0 des rendez-vous et des activit\u00e9s. Les clients travaillent avec un membre de l&#8217;\u00e9quipe de VIS quotidiennement pour cr\u00e9er une structure pour leur temps de soutien qui r\u00e9pond \u00e0 leurs besoins actuels. \u00c0 mesure que les objectifs sont \u00e9tablis ou accomplis, le client et le personnel \u00e9laborent souvent un plan pour le prochain service de soutien pr\u00e9vu.[\/vc_toggle][vc_toggle title=&#8221;Comment se d\u00e9roule une journ\u00e9e avec un membre du personnel de l&#8217;\u00e9quipe VIA&#8221;]Bien que le soutien est souvent fourni en personne, il peut aussi \u00eatre offert sous forme de recherche de ressources, de plaidoyer, de recherche d&#8217;activit\u00e9s r\u00e9cr\u00e9atives potentielles, et le contact avec les services communautaires et les partenariats qui b\u00e9n\u00e9ficieront \u00e0 nos clients.[\/vc_toggle][vc_toggle title=&#8221;\u00c0 quelle fr\u00e9quence serai-je en contact avec le personnel de VIA?&#8221;]L&#8217;\u00e9quipe comprend que nos clients ont souvent une vie personnelle charg\u00e9e, donc nous travaillons avec chaque client individuellement pour planifier un soutien qui r\u00e9pondra \u00e0 leurs besoins uniques et qui sera adapt\u00e9 \u00e0 leur style de communication pr\u00e9f\u00e9r\u00e9. Les horaires de soutien sont mises en place pour assurer que nos clients re\u00e7oivent le soutien qu&#8217;ils d\u00e9sirent, de la fa\u00e7on qui leur convient le mieux.[\/vc_toggle][vc_toggle title=&#8221;Comment une personne peut-elle obtenir un renvoi au programme VIA?&#8221;]Tous les renvois sont trait\u00e9es par <a href=\"https:\/\/www.dsontario.ca\/\">Services de l\u2019Ontario pour les personnes ayant une d\u00e9ficience intellectuelle (SOPDI)<\/a>. Une demande de services de soutien (DSS), ainsi qu&#8217;une \u00e9valuation de l\u2019\u00e9chelle d&#8217;intensit\u00e9 de soutien (\u00c9IS) sont obligatoires avant de pouvoir \u00eatre plac\u00e9 sur la liste d&#8217;attente pour les services. Veuillez contacter votre bureau de SOPDI local pour de plus amples renseignements.[\/vc_toggle]\t<div class=\"simple-image-bar count-1\">\n\t\t<ul class=\"simple-image-bar-list\">\n\t\t\t\t\t\t\t<li>\n\t\t\t\t\t\t\t\t\t\t<img decoding=\"async\" src=\"https:\/\/www.slcs.ca\/app\/uploads\/2019\/08\/SIL-Program-4802x1600.jpg\" alt=\"\"\/>\n\t\t\t\t<\/li>\n\t\t\t\t\t<\/ul>\n\t<\/div>\n[\/basic_container][\/vc_column][\/vc_row]<\/p>\n<\/div>","protected":false},"excerpt":{"rendered":"<p>[vc_row][vc_column][basic_container container_size=&#8221;container container-narrow&#8221;][vc_column_text css=&#8221;&#8221;]The Le programme de Vie ind\u00e9pendante assist\u00e9e (VIA) fournit des soutiens et des services communautaires aux adultes \u00e0 risque ou potentiellement \u00e0 risque d\u2019implication dans le syst\u00e8me judiciaire.<\/p>\n<p>Nous offrons des programmes personnalis\u00e9s avec un soutien quotidien &hellip; [&#8230;]<\/p>\n","protected":false},"author":1,"featured_media":0,"parent":0,"menu_order":200,"comment_status":"closed","ping_status":"closed","template":"","meta":{"_acf_changed":false,"footnotes":""},"class_list":["post-830","page","type-page","status-publish","hentry"],"acf":[],"yoast_head":"<!-- This site is optimized with the Yoast SEO plugin v24.9 - https:\/\/yoast.com\/wordpress\/plugins\/seo\/ -->\n<title>Vie ind\u00e9pendante assist\u00e9e (VIA) | St. Leonard&#039;s Community Services London and Region<\/title>\n<meta name=\"robots\" content=\"index, follow, max-snippet:-1, max-image-preview:large, max-video-preview:-1\" \/>\n<link rel=\"canonical\" href=\"https:\/\/www.slcs.ca\/fr\/vie-independante-supervisee-vis\/\" \/>\n<meta property=\"og:locale\" content=\"fr_FR\" \/>\n<meta property=\"og:type\" content=\"article\" \/>\n<meta property=\"og:title\" content=\"Vie ind\u00e9pendante assist\u00e9e (VIA) | St. Leonard&#039;s Community Services London and Region\" \/>\n<meta property=\"og:description\" content=\"[vc_row][vc_column][basic_container container_size=&#8221;container container-narrow&#8221;][vc_column_text css=&#8221;&#8221;]The Le programme de Vie ind\u00e9pendante assist\u00e9e (VIA) fournit des soutiens et des services communautaires aux adultes \u00e0 risque ou potentiellement \u00e0 risque d\u2019implication dans le syst\u00e8me judiciaire. Nous offrons des programmes personnalis\u00e9s avec un soutien quotidien &hellip; [...]\" \/>\n<meta property=\"og:url\" content=\"https:\/\/www.slcs.ca\/fr\/vie-independante-supervisee-vis\/\" \/>\n<meta property=\"og:site_name\" content=\"St. Leonard&#039;s Community Services London and Region\" \/>\n<meta property=\"article:publisher\" content=\"https:\/\/www.facebook.com\/SLCSLondon\" \/>\n<meta property=\"article:modified_time\" content=\"2024-10-29T18:04:58+00:00\" \/>\n<meta property=\"og:image\" content=\"https:\/\/www.slcs.ca\/app\/uploads\/2019\/07\/SLCS-Logo-from-TIF.png\" \/>\n\t<meta property=\"og:image:width\" content=\"1262\" \/>\n\t<meta property=\"og:image:height\" content=\"379\" \/>\n\t<meta property=\"og:image:type\" content=\"image\/png\" \/>\n<meta name=\"twitter:card\" content=\"summary_large_image\" \/>\n<meta name=\"twitter:image\" content=\"https:\/\/www.slcs.ca\/app\/uploads\/2019\/07\/SLCS-Logo-from-TIF.png\" \/>\n<meta name=\"twitter:site\" content=\"@SLCS_London\" \/>\n<meta name=\"twitter:label1\" content=\"Est. reading time\" \/>\n\t<meta name=\"twitter:data1\" content=\"3 minutes\" \/>\n<script type=\"application\/ld+json\" class=\"yoast-schema-graph\">{\"@context\":\"https:\/\/schema.org\",\"@graph\":[{\"@type\":\"WebPage\",\"@id\":\"https:\/\/www.slcs.ca\/fr\/vie-independante-supervisee-vis\/\",\"url\":\"https:\/\/www.slcs.ca\/fr\/vie-independante-supervisee-vis\/\",\"name\":\"Vie ind\u00e9pendante assist\u00e9e (VIA) | St. Leonard&#039;s Community Services London and Region\",\"isPartOf\":{\"@id\":\"https:\/\/www.slcs.ca\/#website\"},\"datePublished\":\"2019-09-09T17:37:06+00:00\",\"dateModified\":\"2024-10-29T18:04:58+00:00\",\"breadcrumb\":{\"@id\":\"https:\/\/www.slcs.ca\/fr\/vie-independante-supervisee-vis\/#breadcrumb\"},\"inLanguage\":\"fr-FR\",\"potentialAction\":[{\"@type\":\"ReadAction\",\"target\":[\"https:\/\/www.slcs.ca\/fr\/vie-independante-supervisee-vis\/\"]}]},{\"@type\":\"BreadcrumbList\",\"@id\":\"https:\/\/www.slcs.ca\/fr\/vie-independante-supervisee-vis\/#breadcrumb\",\"itemListElement\":[{\"@type\":\"ListItem\",\"position\":1,\"name\":\"Accueil\",\"item\":\"https:\/\/www.slcs.ca\/fr\/\"},{\"@type\":\"ListItem\",\"position\":2,\"name\":\"Vie ind\u00e9pendante assist\u00e9e (VIA)\"}]},{\"@type\":\"WebSite\",\"@id\":\"https:\/\/www.slcs.ca\/#website\",\"url\":\"https:\/\/www.slcs.ca\/\",\"name\":\"St. Leonard's Community Services - London and Region\",\"description\":\"\",\"publisher\":{\"@id\":\"https:\/\/www.slcs.ca\/#organization\"},\"potentialAction\":[{\"@type\":\"SearchAction\",\"target\":{\"@type\":\"EntryPoint\",\"urlTemplate\":\"https:\/\/www.slcs.ca\/?s={search_term_string}\"},\"query-input\":{\"@type\":\"PropertyValueSpecification\",\"valueRequired\":true,\"valueName\":\"search_term_string\"}}],\"inLanguage\":\"fr-FR\"},{\"@type\":\"Organization\",\"@id\":\"https:\/\/www.slcs.ca\/#organization\",\"name\":\"St. Leonard's Community Services\",\"url\":\"https:\/\/www.slcs.ca\/\",\"logo\":{\"@type\":\"ImageObject\",\"inLanguage\":\"fr-FR\",\"@id\":\"https:\/\/www.slcs.ca\/#\/schema\/logo\/image\/\",\"url\":\"https:\/\/www.slcs.ca\/wp\/wp-admin\/admin-ajax.php?action=resource_download&attachment=979\",\"contentUrl\":\"https:\/\/www.slcs.ca\/wp\/wp-admin\/admin-ajax.php?action=resource_download&attachment=979\",\"width\":1262,\"height\":379,\"caption\":\"St. Leonard's Community Services\"},\"image\":{\"@id\":\"https:\/\/www.slcs.ca\/#\/schema\/logo\/image\/\"},\"sameAs\":[\"https:\/\/www.facebook.com\/SLCSLondon\",\"https:\/\/x.com\/SLCS_London\",\"https:\/\/www.instagram.com\/slcs_london\/\",\"https:\/\/www.linkedin.com\/company\/stleonards\/\",\"https:\/\/www.youtube.com\/channel\/UCt7U9N39GYGV21XP2d9lXUg\"]}]}<\/script>\n<!-- \/ Yoast SEO plugin. -->","yoast_head_json":{"title":"Vie ind\u00e9pendante assist\u00e9e (VIA) | St. Leonard&#039;s Community Services London and Region","robots":{"index":"index","follow":"follow","max-snippet":"max-snippet:-1","max-image-preview":"max-image-preview:large","max-video-preview":"max-video-preview:-1"},"canonical":"https:\/\/www.slcs.ca\/fr\/vie-independante-supervisee-vis\/","og_locale":"fr_FR","og_type":"article","og_title":"Vie ind\u00e9pendante assist\u00e9e (VIA) | St. Leonard&#039;s Community Services London and Region","og_description":"[vc_row][vc_column][basic_container container_size=&#8221;container container-narrow&#8221;][vc_column_text css=&#8221;&#8221;]The Le programme de Vie ind\u00e9pendante assist\u00e9e (VIA) fournit des soutiens et des services communautaires aux adultes \u00e0 risque ou potentiellement \u00e0 risque d\u2019implication dans le syst\u00e8me judiciaire. Nous offrons des programmes personnalis\u00e9s avec un soutien quotidien &hellip; [...]","og_url":"https:\/\/www.slcs.ca\/fr\/vie-independante-supervisee-vis\/","og_site_name":"St. Leonard&#039;s Community Services London and Region","article_publisher":"https:\/\/www.facebook.com\/SLCSLondon","article_modified_time":"2024-10-29T18:04:58+00:00","og_image":[{"width":1262,"height":379,"url":"https:\/\/www.slcs.ca\/app\/uploads\/2019\/07\/SLCS-Logo-from-TIF.png","type":"image\/png"}],"twitter_card":"summary_large_image","twitter_image":"https:\/\/www.slcs.ca\/app\/uploads\/2019\/07\/SLCS-Logo-from-TIF.png","twitter_site":"@SLCS_London","twitter_misc":{"Est. reading time":"3 minutes"},"schema":{"@context":"https:\/\/schema.org","@graph":[{"@type":"WebPage","@id":"https:\/\/www.slcs.ca\/fr\/vie-independante-supervisee-vis\/","url":"https:\/\/www.slcs.ca\/fr\/vie-independante-supervisee-vis\/","name":"Vie ind\u00e9pendante assist\u00e9e (VIA) | St. Leonard&#039;s Community Services London and Region","isPartOf":{"@id":"https:\/\/www.slcs.ca\/#website"},"datePublished":"2019-09-09T17:37:06+00:00","dateModified":"2024-10-29T18:04:58+00:00","breadcrumb":{"@id":"https:\/\/www.slcs.ca\/fr\/vie-independante-supervisee-vis\/#breadcrumb"},"inLanguage":"fr-FR","potentialAction":[{"@type":"ReadAction","target":["https:\/\/www.slcs.ca\/fr\/vie-independante-supervisee-vis\/"]}]},{"@type":"BreadcrumbList","@id":"https:\/\/www.slcs.ca\/fr\/vie-independante-supervisee-vis\/#breadcrumb","itemListElement":[{"@type":"ListItem","position":1,"name":"Accueil","item":"https:\/\/www.slcs.ca\/fr\/"},{"@type":"ListItem","position":2,"name":"Vie ind\u00e9pendante assist\u00e9e (VIA)"}]},{"@type":"WebSite","@id":"https:\/\/www.slcs.ca\/#website","url":"https:\/\/www.slcs.ca\/","name":"St. Leonard's Community Services - London and Region","description":"","publisher":{"@id":"https:\/\/www.slcs.ca\/#organization"},"potentialAction":[{"@type":"SearchAction","target":{"@type":"EntryPoint","urlTemplate":"https:\/\/www.slcs.ca\/?s={search_term_string}"},"query-input":{"@type":"PropertyValueSpecification","valueRequired":true,"valueName":"search_term_string"}}],"inLanguage":"fr-FR"},{"@type":"Organization","@id":"https:\/\/www.slcs.ca\/#organization","name":"St. Leonard's Community Services","url":"https:\/\/www.slcs.ca\/","logo":{"@type":"ImageObject","inLanguage":"fr-FR","@id":"https:\/\/www.slcs.ca\/#\/schema\/logo\/image\/","url":"https:\/\/www.slcs.ca\/wp\/wp-admin\/admin-ajax.php?action=resource_download&attachment=979","contentUrl":"https:\/\/www.slcs.ca\/wp\/wp-admin\/admin-ajax.php?action=resource_download&attachment=979","width":1262,"height":379,"caption":"St. Leonard's Community Services"},"image":{"@id":"https:\/\/www.slcs.ca\/#\/schema\/logo\/image\/"},"sameAs":["https:\/\/www.facebook.com\/SLCSLondon","https:\/\/x.com\/SLCS_London","https:\/\/www.instagram.com\/slcs_london\/","https:\/\/www.linkedin.com\/company\/stleonards\/","https:\/\/www.youtube.com\/channel\/UCt7U9N39GYGV21XP2d9lXUg"]}]}},"_links":{"self":[{"href":"https:\/\/www.slcs.ca\/fr\/wp-json\/wp\/v2\/pages\/830","targetHints":{"allow":["GET"]}}],"collection":[{"href":"https:\/\/www.slcs.ca\/fr\/wp-json\/wp\/v2\/pages"}],"about":[{"href":"https:\/\/www.slcs.ca\/fr\/wp-json\/wp\/v2\/types\/page"}],"author":[{"embeddable":true,"href":"https:\/\/www.slcs.ca\/fr\/wp-json\/wp\/v2\/users\/1"}],"replies":[{"embeddable":true,"href":"https:\/\/www.slcs.ca\/fr\/wp-json\/wp\/v2\/comments?post=830"}],"version-history":[{"count":6,"href":"https:\/\/www.slcs.ca\/fr\/wp-json\/wp\/v2\/pages\/830\/revisions"}],"predecessor-version":[{"id":4193,"href":"https:\/\/www.slcs.ca\/fr\/wp-json\/wp\/v2\/pages\/830\/revisions\/4193"}],"wp:attachment":[{"href":"https:\/\/www.slcs.ca\/fr\/wp-json\/wp\/v2\/media?parent=830"}],"curies":[{"name":"wp","href":"https:\/\/api.w.org\/{rel}","templated":true}]}}