{"id":831,"date":"2019-09-09T18:13:06","date_gmt":"2019-09-09T18:13:06","guid":{"rendered":"https:\/\/www.slcs.ca\/?page_id=831"},"modified":"2024-11-06T13:39:53","modified_gmt":"2024-11-06T18:39:53","slug":"a-propos","status":"publish","type":"page","link":"https:\/\/www.slcs.ca\/fr\/a-propos\/","title":{"rendered":"\u00c0 propos"},"content":{"rendered":"<div class=\"wpb-content-wrapper\"><p>[vc_row][vc_column][basic_container container_size=&#8221;container container-narrow&#8221;][vc_column_text css=&#8221;&#8221;]Depuis plus de 55 ans, les Services communautaires St. Leonard\u2019s de London et de la r\u00e9gion se consacrent \u00e0 une communaut\u00e9 o\u00f9 chacun se sent en s\u00e9curit\u00e9, valoris\u00e9 et soutenu. St. Leonard\u2019s offre une gamme de services, y compris des programmes communautaires pour les jeunes et les adultes, des programmes scolaires pour les jeunes et des programmes r\u00e9sidentiels pour les adultes.<\/p>\n<p>Aux Services communautaires St. Leonard\u2019s, nous nous engageons \u00e0 fournir des services inclusifs, respectueux et de soutien \u00e0 tous. Bien que notre organisation ait \u00e9t\u00e9 fond\u00e9e en 1969 avec l\u2019aide d\u2019institutions et de figures religieuses locales, nous ne sommes pas une organisation confessionnelle aujourd\u2019hui. Nous nous engageons \u00e0 offrir un espace non-jugeant o\u00f9 les personnes de tous horizons se sentent vues, entendues et respect\u00e9es.<\/p>\n<p>Nous reconnaissons nos liens historiques avec les institutions religieuses et comprenons les impacts significatifs que cette histoire a eus, en particulier sur les communaut\u00e9s autochtones. L\u2019h\u00e9ritage douloureux des pensionnats et d\u2019autres formes d\u2019oppression syst\u00e9mique est une r\u00e9alit\u00e9 que nous devons aborder. Nous nous effor\u00e7ons de cr\u00e9er un environnement s\u00fbr, accueillant et culturellement sensible, en particulier pour ceux affect\u00e9s par cette histoire.<\/p>\n<p>Notre engagement envers la V\u00e9rit\u00e9 et la R\u00e9conciliation doit \u00eatre plus que des mots : il y a un effort continu pour int\u00e9grer des principes r\u00e9parateurs dans nos pratiques, guid\u00e9s par nos valeurs d\u2019inclusion, de compassion, de collaboration et de responsabilit\u00e9.<\/p>\n<p>Nous visons \u00e0 \u00e9tablir des connexions bas\u00e9es sur la confiance mutuelle, le respect et un engagement partag\u00e9 envers la gu\u00e9rison et la justice. Notre objectif est de vous soutenir et de plaider avec vous, et nous accueillons l\u2019opportunit\u00e9 de participer \u00e0 des conversations significatives sur la mani\u00e8re dont nous servons notre communaut\u00e9.[\/vc_column_text][\/basic_container][basic_container][vc_empty_space][\/basic_container][\/vc_column][\/vc_row][vc_row][vc_column]<div class=\"templatera_shortcode\"><div class=\"vc_row wpb_row vc_row-fluid\"><div class=\"wpb_column vc_column_container vc_col-sm-12\"><div class=\"vc_column-inner\"><div class=\"wpb_wrapper\"><div class=\"row   solid bg-primary\" >\n\t<div class=\"career-perks career-perks-always-expanded\">\n\t\t\t\t\t<div class=\"container\">\n\t\t\t\t\t\t\t\t\t<h2 class=\"career-perks-heading\">Programmes et services<\/h2>\n\t\t\t\t\t\t\t\t\t\t\t<\/div>\n\t\t\t\t<div class=\"perks-row\">\n\t\t\t<div class=\"perks\">\n\t\t\t\t<ul class=\"perks-list\">\n\t\t\t\t\t<li class=\"perks-item\">\n\t<button class=\"perk-item-button\" >\n\t\t<div class=\"content perk-item-content\">\n\t\t\t\t\t\t\t<span class=\"perk-item-logo\"> <img decoding=\"async\" class=\"img-responsive no-resp-img\" src=\"https:\/\/www.slcs.ca\/app\/uploads\/2019\/05\/Residential-Programs.png\" data-src=\">:https:\/\/www.slcs.ca\/app\/uploads\/2019\/05\/Residential-Programs.png\" alt=\"Residential Programs\"title=\"Residential Programs\"\/>\n\t\t\t\t<div id=\"longdesc-177\" class=\"sr-only\"><\/div><\/span>\n\t\t\t\t\t\t\t\t\t\t<span class=\"perk-item-text text-center\">Programmes r\u00e9sidentiels<\/span>\n\t\t\t\t\t<\/div>\n\t<\/button>\n\t\t\t<div class=\"perk-information\">\n\t\t\t<div class=\"content perk-item-content\">\n\t\t\t\t\t\t\t\t<span class=\"perk-item-text\"><p>\u00c9tablissements r\u00e9sidentiels communautaires pour hommes et femmes adultes<\/p>\n<\/span>\n\t\t\t\t\t\t\t\t\t<div class=\"perk-button\">\n\t\t\t\t\t\t<a href=\"https:\/\/www.slcs.ca\/programs-services\/residential-programs\/\" target=\"\" class=\"btn btn-link \" title=\"Residential Programs\">\n\t\t\t\t\t\t\tvoir les programmes\t\t\t\t\t\t<\/a>\n\t\t\t\t\t<\/div>\n\t\t\t\t\t\t\t<\/div>\n\t\t<\/div>\n\t<\/li>\n<li class=\"perks-item\">\n\t<button class=\"perk-item-button\" >\n\t\t<div class=\"content perk-item-content\">\n\t\t\t\t\t\t\t<span class=\"perk-item-logo\"> <img decoding=\"async\" class=\"img-responsive no-resp-img\" src=\"https:\/\/www.slcs.ca\/app\/uploads\/2019\/05\/Youth-Diversion-Programs.png\" data-src=\">:https:\/\/www.slcs.ca\/app\/uploads\/2019\/05\/Youth-Diversion-Programs.png\" alt=\"Youth Diversion Programs\"title=\"Youth Diversion Programs\"\/>\n\t\t\t\t<div id=\"longdesc-181\" class=\"sr-only\"><\/div><\/span>\n\t\t\t\t\t\t\t\t\t\t<span class=\"perk-item-text text-center\">Programmes de d\u00e9judiciarisation scolaires pour les jeunes<\/span>\n\t\t\t\t\t<\/div>\n\t<\/button>\n\t\t\t<div class=\"perk-information\">\n\t\t\t<div class=\"content perk-item-content\">\n\t\t\t\t\t\t\t\t<span class=\"perk-item-text\"><p>Programmes et services en milieu scolaire pour les \u00e9tudiants bas\u00e9s sur des pratiques r\u00e9paratrices<\/p>\n<\/span>\n\t\t\t\t\t\t\t\t\t<div class=\"perk-button\">\n\t\t\t\t\t\t<a href=\"https:\/\/www.slcs.ca\/programs-services\/school-based-youth-diversion-programs\/\" target=\"\" class=\"btn btn-link \" title=\"Residential Programs\">\n\t\t\t\t\t\t\tvoir les programmes\t\t\t\t\t\t<\/a>\n\t\t\t\t\t<\/div>\n\t\t\t\t\t\t\t<\/div>\n\t\t<\/div>\n\t<\/li>\n<li class=\"perks-item\">\n\t<button class=\"perk-item-button\" >\n\t\t<div class=\"content perk-item-content\">\n\t\t\t\t\t\t\t<span class=\"perk-item-logo\"> <img decoding=\"async\" class=\"img-responsive no-resp-img\" src=\"https:\/\/www.slcs.ca\/app\/uploads\/2019\/05\/Adult-Community-Programs.png\" data-src=\">:https:\/\/www.slcs.ca\/app\/uploads\/2019\/05\/Adult-Community-Programs.png\" alt=\"Adult Community Programs\"title=\"Adult Community Programs\"\/>\n\t\t\t\t<div id=\"longdesc-174\" class=\"sr-only\"><\/div><\/span>\n\t\t\t\t\t\t\t\t\t\t<span class=\"perk-item-text text-center\">Programmes adultes communautaires<\/span>\n\t\t\t\t\t<\/div>\n\t<\/button>\n\t\t\t<div class=\"perk-information\">\n\t\t\t<div class=\"content perk-item-content\">\n\t\t\t\t\t\t\t\t<span class=\"perk-item-text\"><p>Programmes et services communautaires pour adultes<\/p>\n<\/span>\n\t\t\t\t\t\t\t\t\t<div class=\"perk-button\">\n\t\t\t\t\t\t<a href=\"https:\/\/www.slcs.ca\/programs-services\/adult-community-programs\/\" target=\"\" class=\"btn btn-link \" title=\"Residential Programs\">\n\t\t\t\t\t\t\tvoir les programmes\t\t\t\t\t\t<\/a>\n\t\t\t\t\t<\/div>\n\t\t\t\t\t\t\t<\/div>\n\t\t<\/div>\n\t<\/li>\n<li class=\"perks-item\">\n\t<button class=\"perk-item-button\" >\n\t\t<div class=\"content perk-item-content\">\n\t\t\t\t\t\t\t<span class=\"perk-item-logo\"> <img decoding=\"async\" class=\"img-responsive no-resp-img\" src=\"https:\/\/www.slcs.ca\/app\/uploads\/2019\/05\/Youth-Community-Programs.png\" data-src=\">:https:\/\/www.slcs.ca\/app\/uploads\/2019\/05\/Youth-Community-Programs.png\" alt=\"Youth Community Programs\"title=\"Youth Community Programs\"\/>\n\t\t\t\t<div id=\"longdesc-179\" class=\"sr-only\"><\/div><\/span>\n\t\t\t\t\t\t\t\t\t\t<span class=\"perk-item-text text-center\">Programmes communautaires pour les jeunes<\/span>\n\t\t\t\t\t<\/div>\n\t<\/button>\n\t\t\t<div class=\"perk-information\">\n\t\t\t<div class=\"content perk-item-content\">\n\t\t\t\t\t\t\t\t<span class=\"perk-item-text\"><p>Programmes et services communautaires destin\u00e9s aux jeunes<\/p>\n<\/span>\n\t\t\t\t\t\t\t\t\t<div class=\"perk-button\">\n\t\t\t\t\t\t<a href=\"https:\/\/www.slcs.ca\/programs-services\/youth-community-programs\/\" target=\"\" class=\"btn btn-link \" title=\"Youth Community Programs\">\n\t\t\t\t\t\t\tvoir les programmes\t\t\t\t\t\t<\/a>\n\t\t\t\t\t<\/div>\n\t\t\t\t\t\t\t<\/div>\n\t\t<\/div>\n\t<\/li>\n\n\t\t\t\t<\/ul>\n\t\t\t<\/div>\n\t\t<\/div>\n\t<\/div>\n<\/div>\n<div class=\"decorative-illustration \">\n\t<span class=\"decoration brush-and-stroke decoration-hr align-bottom-right bg-green\"><\/span>\n<\/div>\n<\/div><\/div><\/div><\/div><\/div><div class=\"templatera_shortcode\"><div class=\"vc_row wpb_row vc_row-fluid\"><div class=\"wpb_column vc_column_container vc_col-sm-12\"><div class=\"vc_column-inner\"><div class=\"wpb_wrapper\">\t<div class=\"general-cta background-image-loading    image  text-white\" style=\"background-image: url('https:\/\/www.slcs.ca\/app\/uploads\/2019\/06\/Banner-5-blue-1440x479.jpg');\">\n\t\t\t\t<div class=\"general-cta-overlay none\"><\/div>\n\t\t<div class=\"container\">\n\t\t\t<div class=\"row\">\n\t\t\t\t<div class=\"general-cta-box\">\n\t\t\t\t\t\t\t\t\t\t\t\t\t\t\t\t\t\t\t\t\t<div class=\"general-cta-content\">\n\t\t\t\t\t\t\t<h2 id=\"KnM9nf\">En savoir plus sur Saint-L\u00e9onard<\/h2>\n\t\t\t\t\t\t<\/div>\n\t\t\t\t\t\t\t\t\t\t\t\t\t\t\t\t<div class=\"general-cta-button\">\n\t\t\t\t\t\t\t<a href=\"https:\/\/www.slcs.ca\/fr\/contactez-nous\/\" target=\"\" class=\"btn btn-info btn-solid\" title=\"Contactez-nous\">\n\t\t\t\t\t\t\t\tContactez-nous\t\t\t\t\t\t\t<\/a>\n\t\t\t\t\t\t<\/div>\n\t\t\t\t    \t\t\t\t<\/div>\n\t\t\t<\/div>\n\t\t<\/div>\n\t<\/div>\n<\/div><\/div><\/div><\/div><\/div>[\/vc_column][\/vc_row]<\/p>\n<\/div>","protected":false},"excerpt":{"rendered":"Depuis plus de 55 ans, les Services communautaires St. Leonard\u2019s de London et de la r\u00e9gion se consacrent \u00e0 une communaut\u00e9 o\u00f9 chacun se sent en s\u00e9curit\u00e9, valoris\u00e9 et soutenu. St. Leonard\u2019s offre une gamme de services, y compris des programmes communautaires pour les jeunes et les adultes, des programmes scolaires pour les jeunes et [...]","protected":false},"author":1,"featured_media":0,"parent":0,"menu_order":20,"comment_status":"closed","ping_status":"closed","template":"","meta":{"_acf_changed":false,"footnotes":""},"class_list":["post-831","page","type-page","status-publish","hentry"],"acf":[],"yoast_head":"<!-- This site is optimized with the Yoast SEO plugin v24.9 - https:\/\/yoast.com\/wordpress\/plugins\/seo\/ -->\n<title>\u00c0 propos | St. Leonard&#039;s Community Services London and Region<\/title>\n<meta name=\"robots\" content=\"index, follow, max-snippet:-1, max-image-preview:large, max-video-preview:-1\" \/>\n<link rel=\"canonical\" href=\"https:\/\/www.slcs.ca\/fr\/a-propos\/\" \/>\n<meta property=\"og:locale\" content=\"fr_FR\" \/>\n<meta property=\"og:type\" content=\"article\" \/>\n<meta property=\"og:title\" content=\"\u00c0 propos | St. Leonard&#039;s Community Services London and Region\" \/>\n<meta property=\"og:url\" content=\"https:\/\/www.slcs.ca\/fr\/a-propos\/\" \/>\n<meta property=\"og:site_name\" content=\"St. Leonard&#039;s Community Services London and Region\" \/>\n<meta property=\"article:publisher\" content=\"https:\/\/www.facebook.com\/SLCSLondon\" \/>\n<meta property=\"article:modified_time\" content=\"2024-11-06T18:39:53+00:00\" \/>\n<meta property=\"og:image\" content=\"https:\/\/www.slcs.ca\/app\/uploads\/2019\/07\/SLCS-Logo-from-TIF.png\" \/>\n\t<meta property=\"og:image:width\" content=\"1262\" \/>\n\t<meta property=\"og:image:height\" content=\"379\" \/>\n\t<meta property=\"og:image:type\" content=\"image\/png\" \/>\n<meta name=\"twitter:card\" content=\"summary_large_image\" \/>\n<meta name=\"twitter:image\" content=\"https:\/\/www.slcs.ca\/app\/uploads\/2019\/07\/SLCS-Logo-from-TIF.png\" \/>\n<meta name=\"twitter:site\" content=\"@SLCS_London\" \/>\n<meta name=\"twitter:label1\" content=\"Est. reading time\" \/>\n\t<meta name=\"twitter:data1\" content=\"2 minutes\" \/>\n<script type=\"application\/ld+json\" class=\"yoast-schema-graph\">{\"@context\":\"https:\/\/schema.org\",\"@graph\":[{\"@type\":\"WebPage\",\"@id\":\"https:\/\/www.slcs.ca\/fr\/a-propos\/\",\"url\":\"https:\/\/www.slcs.ca\/fr\/a-propos\/\",\"name\":\"\u00c0 propos | St. Leonard&#039;s Community Services London and Region\",\"isPartOf\":{\"@id\":\"https:\/\/www.slcs.ca\/#website\"},\"datePublished\":\"2019-09-09T18:13:06+00:00\",\"dateModified\":\"2024-11-06T18:39:53+00:00\",\"breadcrumb\":{\"@id\":\"https:\/\/www.slcs.ca\/fr\/a-propos\/#breadcrumb\"},\"inLanguage\":\"fr-FR\",\"potentialAction\":[{\"@type\":\"ReadAction\",\"target\":[\"https:\/\/www.slcs.ca\/fr\/a-propos\/\"]}]},{\"@type\":\"BreadcrumbList\",\"@id\":\"https:\/\/www.slcs.ca\/fr\/a-propos\/#breadcrumb\",\"itemListElement\":[{\"@type\":\"ListItem\",\"position\":1,\"name\":\"Accueil\",\"item\":\"https:\/\/www.slcs.ca\/fr\/\"},{\"@type\":\"ListItem\",\"position\":2,\"name\":\"\u00c0 propos\"}]},{\"@type\":\"WebSite\",\"@id\":\"https:\/\/www.slcs.ca\/#website\",\"url\":\"https:\/\/www.slcs.ca\/\",\"name\":\"St. Leonard's Community Services - London and Region\",\"description\":\"\",\"publisher\":{\"@id\":\"https:\/\/www.slcs.ca\/#organization\"},\"potentialAction\":[{\"@type\":\"SearchAction\",\"target\":{\"@type\":\"EntryPoint\",\"urlTemplate\":\"https:\/\/www.slcs.ca\/?s={search_term_string}\"},\"query-input\":{\"@type\":\"PropertyValueSpecification\",\"valueRequired\":true,\"valueName\":\"search_term_string\"}}],\"inLanguage\":\"fr-FR\"},{\"@type\":\"Organization\",\"@id\":\"https:\/\/www.slcs.ca\/#organization\",\"name\":\"St. Leonard's Community Services\",\"url\":\"https:\/\/www.slcs.ca\/\",\"logo\":{\"@type\":\"ImageObject\",\"inLanguage\":\"fr-FR\",\"@id\":\"https:\/\/www.slcs.ca\/#\/schema\/logo\/image\/\",\"url\":\"https:\/\/www.slcs.ca\/wp\/wp-admin\/admin-ajax.php?action=resource_download&attachment=979\",\"contentUrl\":\"https:\/\/www.slcs.ca\/wp\/wp-admin\/admin-ajax.php?action=resource_download&attachment=979\",\"width\":1262,\"height\":379,\"caption\":\"St. Leonard's Community Services\"},\"image\":{\"@id\":\"https:\/\/www.slcs.ca\/#\/schema\/logo\/image\/\"},\"sameAs\":[\"https:\/\/www.facebook.com\/SLCSLondon\",\"https:\/\/x.com\/SLCS_London\",\"https:\/\/www.instagram.com\/slcs_london\/\",\"https:\/\/www.linkedin.com\/company\/stleonards\/\",\"https:\/\/www.youtube.com\/channel\/UCt7U9N39GYGV21XP2d9lXUg\"]}]}<\/script>\n<!-- \/ Yoast SEO plugin. -->","yoast_head_json":{"title":"\u00c0 propos | St. Leonard&#039;s Community Services London and Region","robots":{"index":"index","follow":"follow","max-snippet":"max-snippet:-1","max-image-preview":"max-image-preview:large","max-video-preview":"max-video-preview:-1"},"canonical":"https:\/\/www.slcs.ca\/fr\/a-propos\/","og_locale":"fr_FR","og_type":"article","og_title":"\u00c0 propos | St. Leonard&#039;s Community Services London and Region","og_url":"https:\/\/www.slcs.ca\/fr\/a-propos\/","og_site_name":"St. Leonard&#039;s Community Services London and Region","article_publisher":"https:\/\/www.facebook.com\/SLCSLondon","article_modified_time":"2024-11-06T18:39:53+00:00","og_image":[{"width":1262,"height":379,"url":"https:\/\/www.slcs.ca\/app\/uploads\/2019\/07\/SLCS-Logo-from-TIF.png","type":"image\/png"}],"twitter_card":"summary_large_image","twitter_image":"https:\/\/www.slcs.ca\/app\/uploads\/2019\/07\/SLCS-Logo-from-TIF.png","twitter_site":"@SLCS_London","twitter_misc":{"Est. reading time":"2 minutes"},"schema":{"@context":"https:\/\/schema.org","@graph":[{"@type":"WebPage","@id":"https:\/\/www.slcs.ca\/fr\/a-propos\/","url":"https:\/\/www.slcs.ca\/fr\/a-propos\/","name":"\u00c0 propos | St. Leonard&#039;s Community Services London and Region","isPartOf":{"@id":"https:\/\/www.slcs.ca\/#website"},"datePublished":"2019-09-09T18:13:06+00:00","dateModified":"2024-11-06T18:39:53+00:00","breadcrumb":{"@id":"https:\/\/www.slcs.ca\/fr\/a-propos\/#breadcrumb"},"inLanguage":"fr-FR","potentialAction":[{"@type":"ReadAction","target":["https:\/\/www.slcs.ca\/fr\/a-propos\/"]}]},{"@type":"BreadcrumbList","@id":"https:\/\/www.slcs.ca\/fr\/a-propos\/#breadcrumb","itemListElement":[{"@type":"ListItem","position":1,"name":"Accueil","item":"https:\/\/www.slcs.ca\/fr\/"},{"@type":"ListItem","position":2,"name":"\u00c0 propos"}]},{"@type":"WebSite","@id":"https:\/\/www.slcs.ca\/#website","url":"https:\/\/www.slcs.ca\/","name":"St. Leonard's Community Services - London and Region","description":"","publisher":{"@id":"https:\/\/www.slcs.ca\/#organization"},"potentialAction":[{"@type":"SearchAction","target":{"@type":"EntryPoint","urlTemplate":"https:\/\/www.slcs.ca\/?s={search_term_string}"},"query-input":{"@type":"PropertyValueSpecification","valueRequired":true,"valueName":"search_term_string"}}],"inLanguage":"fr-FR"},{"@type":"Organization","@id":"https:\/\/www.slcs.ca\/#organization","name":"St. Leonard's Community Services","url":"https:\/\/www.slcs.ca\/","logo":{"@type":"ImageObject","inLanguage":"fr-FR","@id":"https:\/\/www.slcs.ca\/#\/schema\/logo\/image\/","url":"https:\/\/www.slcs.ca\/wp\/wp-admin\/admin-ajax.php?action=resource_download&attachment=979","contentUrl":"https:\/\/www.slcs.ca\/wp\/wp-admin\/admin-ajax.php?action=resource_download&attachment=979","width":1262,"height":379,"caption":"St. Leonard's Community Services"},"image":{"@id":"https:\/\/www.slcs.ca\/#\/schema\/logo\/image\/"},"sameAs":["https:\/\/www.facebook.com\/SLCSLondon","https:\/\/x.com\/SLCS_London","https:\/\/www.instagram.com\/slcs_london\/","https:\/\/www.linkedin.com\/company\/stleonards\/","https:\/\/www.youtube.com\/channel\/UCt7U9N39GYGV21XP2d9lXUg"]}]}},"_links":{"self":[{"href":"https:\/\/www.slcs.ca\/fr\/wp-json\/wp\/v2\/pages\/831","targetHints":{"allow":["GET"]}}],"collection":[{"href":"https:\/\/www.slcs.ca\/fr\/wp-json\/wp\/v2\/pages"}],"about":[{"href":"https:\/\/www.slcs.ca\/fr\/wp-json\/wp\/v2\/types\/page"}],"author":[{"embeddable":true,"href":"https:\/\/www.slcs.ca\/fr\/wp-json\/wp\/v2\/users\/1"}],"replies":[{"embeddable":true,"href":"https:\/\/www.slcs.ca\/fr\/wp-json\/wp\/v2\/comments?post=831"}],"version-history":[{"count":5,"href":"https:\/\/www.slcs.ca\/fr\/wp-json\/wp\/v2\/pages\/831\/revisions"}],"predecessor-version":[{"id":4249,"href":"https:\/\/www.slcs.ca\/fr\/wp-json\/wp\/v2\/pages\/831\/revisions\/4249"}],"wp:attachment":[{"href":"https:\/\/www.slcs.ca\/fr\/wp-json\/wp\/v2\/media?parent=831"}],"curies":[{"name":"wp","href":"https:\/\/api.w.org\/{rel}","templated":true}]}}